{"id":13497,"date":"2024-09-13T02:56:51","date_gmt":"2024-09-13T00:56:51","guid":{"rendered":"https:\/\/www.mio.osupytheas.fr\/?page_id=13497"},"modified":"2024-11-05T13:36:11","modified_gmt":"2024-11-05T12:36:11","slug":"seas-and-oceans-global-change","status":"publish","type":"page","link":"https:\/\/www.mio.osupytheas.fr\/en\/production\/nos-projets\/mers-et-oceans-changement-global\/","title":{"rendered":"Seas and oceans - Global change"},"content":{"rendered":"\t\t<div data-elementor-type=\"wp-page\" data-elementor-id=\"13497\" class=\"elementor elementor-13497\" data-elementor-post-type=\"page\">\n\t\t\t\t<div class=\"elementor-element elementor-element-6c2c04fb e-flex e-con-boxed e-con e-parent\" data-id=\"6c2c04fb\" data-element_type=\"container\" data-e-type=\"container\" data-settings=\"{&quot;background_background&quot;:&quot;classic&quot;}\">\n\t\t\t\t\t<div class=\"e-con-inner\">\n\t\t<div class=\"elementor-element elementor-element-371079ac e-flex e-con-boxed e-con e-child\" data-id=\"371079ac\" data-element_type=\"container\" data-e-type=\"container\">\n\t\t\t\t\t<div class=\"e-con-inner\">\n\t\t\t\t<div class=\"elementor-element elementor-element-54087835 elementor-widget__width-initial elementor-widget elementor-widget-theme-post-title elementor-page-title elementor-widget-heading\" data-id=\"54087835\" data-element_type=\"widget\" data-e-type=\"widget\" data-widget_type=\"theme-post-title.default\">\n\t\t\t\t<div class=\"elementor-widget-container\">\n\t\t\t\t\t<h1 class=\"elementor-heading-title elementor-size-default\">Mers et oc\u00e9ans \u2013 Changement global<\/h1>\t\t\t\t<\/div>\n\t\t\t\t<\/div>\n\t\t\t\t<div class=\"elementor-element elementor-element-30f0fa16 elementor-widget__width-initial breadcrumb elementor-widget elementor-widget-shortcode\" data-id=\"30f0fa16\" data-element_type=\"widget\" data-e-type=\"widget\" data-widget_type=\"shortcode.default\">\n\t\t\t\t<div class=\"elementor-widget-container\">\n\t\t\t\t\t\t\t<div class=\"elementor-shortcode\"><nav aria-label=\"breadcrumbs\">\n            <div class=\"breadcrumb-container theme1\">\n                <ol>\n                                    <\/ol>\n            <\/div>\n        <\/nav>    <script type=\"application\/ld+json\">\n        {\n            \"@context\": \"http:\/\/schema.org\",\n            \"@type\": \"BreadcrumbList\",\n            \"itemListElement\": [\n                            ]\n        }\n    <\/script>\n   \n    <script>\n            <\/script>\n <\/div>\n\t\t\t\t\t\t<\/div>\n\t\t\t\t<\/div>\n\t\t\t\t\t<\/div>\n\t\t\t\t<\/div>\n\t\t\t\t\t<\/div>\n\t\t\t\t<\/div>\n\t\t<div class=\"elementor-element elementor-element-78129ccc e-con-full e-flex e-con e-parent\" data-id=\"78129ccc\" data-element_type=\"container\" data-e-type=\"container\" data-settings=\"{&quot;background_background&quot;:&quot;classic&quot;}\">\n\t\t<div class=\"elementor-element elementor-element-7229b877 e-con-full e-flex e-con e-child\" data-id=\"7229b877\" data-element_type=\"container\" data-e-type=\"container\">\n\t\t<div class=\"elementor-element elementor-element-284ea4e e-con-full e-flex e-con e-child\" data-id=\"284ea4e\" data-element_type=\"container\" data-e-type=\"container\" data-settings=\"{&quot;background_background&quot;:&quot;classic&quot;}\">\n\t\t\t\t<div class=\"elementor-element elementor-element-667cd84e elementor-widget-mobile__width-initial elementor-widget elementor-widget-text-editor\" data-id=\"667cd84e\" data-element_type=\"widget\" data-e-type=\"widget\" data-widget_type=\"text-editor.default\">\n\t\t\t\t<div class=\"elementor-widget-container\">\n\t\t\t\t\t\t\t\t\t<h4 class=\"rtejustify\" style=\"text-align: justify;\"><a href=\"https:\/\/www.mio.osupytheas.fr\/production\/nos-projets\/mers-et-oceans-changement-global\/plume-transport-des-particules-le-long-des-cours-deau-et-impact-sur-les-ecosystemes-cotiers-au-vietnam\/\" target=\"_blank\" rel=\"noopener\">PLUME &#8211; Transport des particulesle long des cours d&#8217;eau et impact sur les \u00e9cosyst\u00e8mes c\u00f4tiers au Vietnam<\/a><\/h4>\n<h4>&nbsp;<\/h4>\n<h4 class=\"rtejustify\"><a href=\"https:\/\/www.mio.osupytheas.fr\/fr\/production\/nos-projets\/mers-et-oceans-changement-global\/hope\/\" target=\"_blank\" rel=\"noopener\">HOPE \u2013 Comment les diazotrophes fa\u00e7onnent-ils la pompe \u00e0 carbone biologique de l\u2019oc\u00e9an ?<\/a><\/h4>\n<h4>&nbsp;<\/h4><h4 class=\"rtejustify\"><a href=\"https:\/\/www.mio.osupytheas.fr\/production\/nos-projets\/mers-et-oceans-changement-global\/apero-la-sequestration-du-carbone-dans-locean\/\" target=\"_blank\" rel=\"noopener\">APERO &#8211; La s\u00e9questration du carbone dans l&#8217;oc\u00e9an<\/a><\/h4>\n<h4>&nbsp;<\/h4><h4 class=\"rtejustify\"><a href=\"\/fr\/mers-et-oceans-changement-global\/emso-lo-un-observatoire-sous-marin-dans-le-prolongement-du#BATHYBOT\" target=\"_blank\" rel=\"noopener\">BathyBot &#8211; Un robot benthique pour voir l\u2019invisible dans les profondeurs de la mer M\u00e9diterran\u00e9e (EMSO-LO)<\/a><\/h4>\n<h4>&nbsp;<\/h4><h4 class=\"rtejustify\"><a href=\"https:\/\/www.mio.osupytheas.fr\/boum-production-primaire-et-pompe-biologique-en-mediterranee\/\" target=\"_blank\" rel=\"noopener\">BOUM &#8211; Production primaire et pompe biologique en M\u00e9diterran\u00e9e<\/a><\/h4>\n<h4>&nbsp;<\/h4><h4 class=\"rtejustify\"><a href=\"https:\/\/www.mio.osupytheas.fr\/drops-dissolved-organic-matter-dissolved-organic-carbon-around-pacific-by-satellite\/\">DROPS &#8211; Dissolved oRganic matter Dissolved oRganic carbOn around Pacific by Satellite<\/a><\/h4>\n<h4>&nbsp;<\/h4><h4 class=\"rtejustify\"><a href=\"https:\/\/www.mio.osupytheas.fr\/emso-lo-un-observatoire-sous-marin-dans-le-prolongement-du-telescope-antares\/\">EMSO-LO &#8211; Un observatoire sous-marin dans le prolongement du t\u00e9lescope ANTARES<\/a><\/h4>\n<h4>&nbsp;<\/h4><h4><a href=\"https:\/\/www.mio.osupytheas.fr\/emso-lo-bathycruise\/\" target=\"_blank\" rel=\"noopener\">EMSO-LO\/BathyCruise<\/a><\/h4>\n<h4>&nbsp;<\/h4><h4><a href=\"https:\/\/www.mio.osupytheas.fr\/firetrac\/\" target=\"_blank\" rel=\"noopener\">FIRETRAC &#8211; Impact and fate of Biomass burning-particles in the Mediterranean seawater using carbon stable isotopes, radiocarbon dating, and modeling<\/a><\/h4>\n<h4>&nbsp;<\/h4><h4><a href=\"https:\/\/www.mio.osupytheas.fr\/green-edge-the-dynamics-of-the-phytoplankton-spring-bloom-in-the-arctic-ocean\/\" target=\"_blank\" rel=\"noopener\">GREEN EDGE &#8211; The dynamics of the phytoplankton spring bloom in the Arctic Ocean<\/a><\/h4>\t\t\t\t\t\t\t\t<\/div>\n\t\t\t\t<\/div>\n\t\t\t\t<\/div>\n\t\t<div class=\"elementor-element elementor-element-ad5bfeb e-con-full e-flex e-con e-child\" data-id=\"ad5bfeb\" data-element_type=\"container\" data-e-type=\"container\" data-settings=\"{&quot;background_background&quot;:&quot;classic&quot;}\">\n\t\t\t\t<div class=\"elementor-element elementor-element-87cdf5a elementor-widget-mobile__width-initial elementor-widget elementor-widget-text-editor\" data-id=\"87cdf5a\" data-element_type=\"widget\" data-e-type=\"widget\" data-widget_type=\"text-editor.default\">\n\t\t\t\t<div class=\"elementor-widget-container\">\n\t\t\t\t\t\t\t\t\t<h4 class=\"rtejustify\"><a href=\"\/fr\/laser-med-ecosystemes-marins-et-modele-integre\" target=\"_blank\" rel=\"noopener\">LaSeR-Med &#8211; Ecosyst\u00e8mes marins et mod\u00e8le int\u00e9gr\u00e9<\/a><\/h4>\n<h4>&nbsp;<\/h4><h4 class=\"rtejustify\"><a href=\"\/fr\/mobydick-plongee-dans-locean-austral\" target=\"_blank\" rel=\"noopener\">MOBYDICK &#8211; Plong\u00e9e dans l&#8217;oc\u00e9an austral<\/a><\/h4>\n<h4>&nbsp;<\/h4><h4 class=\"rtejustify\"><a href=\"\/fr\/mers-et-oceans-changement-global\/moise-mouillage-lagonaire-instrumente-suivi-biogeochimique\" target=\"_blank\" rel=\"noopener\">MOISE &#8211; Mouillage lagOnaire Instrument\u00e9 Suivi biogEochimique<\/a><\/h4>\n<h4>&nbsp;<\/h4><h4 class=\"rtejustify\"><a href=\"\/fr\/mers-et-oceans-changement-global\/notion-fixateurs-dazote-biodiversite-du-phytoplancton\" target=\"_blank\" rel=\"noopener\">NOTION &#8211; Fixateurs d&#8217;azote &amp; biodiversit\u00e9 du phytoplancton<\/a><\/h4>\n<h4>&nbsp;<\/h4><h4 class=\"rtejustify\"><a href=\"\/fr\/mers-et-oceans-changement-global\/oceanfrontchange\" target=\"_blank\" rel=\"noopener\">OceanFrontCHANGE &#8211; Gestion des \u00e9cosyst\u00e8mes du front de mer pour le changement climatique<\/a><\/h4>\n<h4>&nbsp;<\/h4><h4 class=\"rtejustify\"><a href=\"\/fr\/outpace-production-biologique-et-fixation-dazote-dans-le-pacifique\" target=\"_blank\" rel=\"noopener\">OUTPACE &#8211; Production biologique et fixation d&#8217;azote dans le Pacifique<\/a><\/h4>\n<h4>&nbsp;<\/h4><h4 class=\"rtejustify\"><a href=\"\/fr\/peacetime-de-la-poussiere-saharienne-la-teledetection-satellitaire\" target=\"_blank\" rel=\"noopener\">PEACETIME &#8211; De la poussi\u00e8re saharienne \u00e0 la t\u00e9l\u00e9d\u00e9tection satellitaire<\/a><\/h4>\n<h4>&nbsp;<\/h4><h4><a href=\"\/fr\/phosphotrac-what-happens-atmospheric-organic-phosphorus\" target=\"_blank\" rel=\"noopener\">PHOSPHOTRAC &#8211; What happens to atmospheric organic phosphorus?<\/a><\/h4>\n<h4>&nbsp;<\/h4>\n<h4 class=\"rtejustify\"><a href=\"\/fr\/robin-interaction-entre-le-carbone-mineral-et-le-carbone-organique\" target=\"_blank\" rel=\"noopener\">ROBIN &#8211; Interaction entre le carbone min\u00e9ral et le carbone organique<\/a><\/h4>\n<h4>&nbsp;<\/h4><h4><a href=\"\/fr\/impact-societal-et-technologie\/sharemed-faire-face-aux-menaces-environnementales-coexistantes-en-mer\" target=\"_blank\" rel=\"noopener\">SHAREMED &#8211; Faire face aux menaces environnementales coexistantes en mer M\u00e9diterran\u00e9e<\/a><\/h4>\n<h4>&nbsp;<\/h4>\n<h4 class=\"rtejustify\"><a href=\"\/fr\/tonga-productivite-oceanique-et-exportation-du-carbone\" target=\"_blank\" rel=\"noopener\">TONGA &#8211; Productivit\u00e9 oc\u00e9anique et exportation du carbone<\/a><\/h4>\n<h4>&nbsp;<\/h4><h4><a href=\"https:\/\/www.mio.osupytheas.fr\/vahine-devenir-de-la-fixation-dazote-dans-locean\/\" target=\"_blank\" rel=\"noopener\">VAHINE &#8211; Comprendre le cycle de l&#8217;azote dans l&#8217;oc\u00e9an Pacifique<\/a><\/h4>\t\t\t\t\t\t\t\t<\/div>\n\t\t\t\t<\/div>\n\t\t\t\t<\/div>\n\t\t\t\t<\/div>\n\t\t\t\t<\/div>\n\t\t<div class=\"elementor-element elementor-element-6f8c1163 e-flex e-con-boxed e-con e-parent\" data-id=\"6f8c1163\" data-element_type=\"container\" data-e-type=\"container\">\n\t\t\t\t\t<div class=\"e-con-inner\">\n\t\t\t\t<div class=\"elementor-element elementor-element-2edf4d4d elementor-widget elementor-widget-heading\" data-id=\"2edf4d4d\" data-element_type=\"widget\" data-e-type=\"widget\" data-widget_type=\"heading.default\">\n\t\t\t\t<div class=\"elementor-widget-container\">\n\t\t\t\t\t<span class=\"elementor-heading-title elementor-size-default\">Partager sur :<\/span>\t\t\t\t<\/div>\n\t\t\t\t<\/div>\n\t\t\t\t<div class=\"elementor-element elementor-element-211a2c99 elementor-share-buttons--view-icon elementor-share-buttons--shape-circle elementor-widget__width-auto elementor-share-buttons--skin-gradient elementor-grid-0 elementor-share-buttons--color-official elementor-widget elementor-widget-share-buttons\" data-id=\"211a2c99\" data-element_type=\"widget\" data-e-type=\"widget\" data-settings=\"{&quot;share_url&quot;:{&quot;url&quot;:&quot;&quot;,&quot;is_external&quot;:&quot;&quot;,&quot;nofollow&quot;:&quot;&quot;,&quot;custom_attributes&quot;:&quot;&quot;}}\" data-widget_type=\"share-buttons.default\">\n\t\t\t\t<div class=\"elementor-widget-container\">\n\t\t\t\t\t\t\t<div class=\"elementor-grid\" role=\"list\">\n\t\t\t\t\t\t\t\t<div class=\"elementor-grid-item\" role=\"listitem\">\n\t\t\t\t\t\t<div class=\"elementor-share-btn elementor-share-btn_facebook\" role=\"button\" tabindex=\"0\" aria-label=\"Share on facebook\">\n\t\t\t\t\t\t\t\t\t\t\t\t\t\t\t<span class=\"elementor-share-btn__icon\">\n\t\t\t\t\t\t\t\t<svg aria-hidden=\"true\" class=\"e-font-icon-svg e-fab-facebook\" viewBox=\"0 0 512 512\" xmlns=\"http:\/\/www.w3.org\/2000\/svg\"><path d=\"M504 256C504 119 393 8 256 8S8 119 8 256c0 123.78 90.69 226.38 209.25 245V327.69h-63V256h63v-54.64c0-62.15 37-96.48 93.67-96.48 27.14 0 55.52 4.84 55.52 4.84v61h-31.28c-30.8 0-40.41 19.12-40.41 38.73V256h68.78l-11 71.69h-57.78V501C413.31 482.38 504 379.78 504 256z\"><\/path><\/svg>\t\t\t\t\t\t\t<\/span>\n\t\t\t\t\t\t\t\t\t\t\t\t\t\t\t\t\t\t\t\t<\/div>\n\t\t\t\t\t<\/div>\n\t\t\t\t\t\t\t\t\t<div class=\"elementor-grid-item\" role=\"listitem\">\n\t\t\t\t\t\t<div class=\"elementor-share-btn elementor-share-btn_twitter\" role=\"button\" tabindex=\"0\" aria-label=\"Share on twitter\">\n\t\t\t\t\t\t\t\t\t\t\t\t\t\t\t<span class=\"elementor-share-btn__icon\">\n\t\t\t\t\t\t\t\t<svg aria-hidden=\"true\" class=\"e-font-icon-svg e-fab-twitter\" viewBox=\"0 0 512 512\" xmlns=\"http:\/\/www.w3.org\/2000\/svg\"><path d=\"M459.37 151.716c.325 4.548.325 9.097.325 13.645 0 138.72-105.583 298.558-298.558 298.558-59.452 0-114.68-17.219-161.137-47.106 8.447.974 16.568 1.299 25.34 1.299 49.055 0 94.213-16.568 130.274-44.832-46.132-.975-84.792-31.188-98.112-72.772 6.498.974 12.995 1.624 19.818 1.624 9.421 0 18.843-1.3 27.614-3.573-48.081-9.747-84.143-51.98-84.143-102.985v-1.299c13.969 7.797 30.214 12.67 47.431 13.319-28.264-18.843-46.781-51.005-46.781-87.391 0-19.492 5.197-37.36 14.294-52.954 51.655 63.675 129.3 105.258 216.365 109.807-1.624-7.797-2.599-15.918-2.599-24.04 0-57.828 46.782-104.934 104.934-104.934 30.213 0 57.502 12.67 76.67 33.137 23.715-4.548 46.456-13.32 66.599-25.34-7.798 24.366-24.366 44.833-46.132 57.827 21.117-2.273 41.584-8.122 60.426-16.243-14.292 20.791-32.161 39.308-52.628 54.253z\"><\/path><\/svg>\t\t\t\t\t\t\t<\/span>\n\t\t\t\t\t\t\t\t\t\t\t\t\t\t\t\t\t\t\t\t<\/div>\n\t\t\t\t\t<\/div>\n\t\t\t\t\t\t\t\t\t<div class=\"elementor-grid-item\" role=\"listitem\">\n\t\t\t\t\t\t<div class=\"elementor-share-btn elementor-share-btn_linkedin\" role=\"button\" tabindex=\"0\" aria-label=\"Share on linkedin\">\n\t\t\t\t\t\t\t\t\t\t\t\t\t\t\t<span class=\"elementor-share-btn__icon\">\n\t\t\t\t\t\t\t\t<svg aria-hidden=\"true\" class=\"e-font-icon-svg e-fab-linkedin\" viewBox=\"0 0 448 512\" xmlns=\"http:\/\/www.w3.org\/2000\/svg\"><path d=\"M416 32H31.9C14.3 32 0 46.5 0 64.3v383.4C0 465.5 14.3 480 31.9 480H416c17.6 0 32-14.5 32-32.3V64.3c0-17.8-14.4-32.3-32-32.3zM135.4 416H69V202.2h66.5V416zm-33.2-243c-21.3 0-38.5-17.3-38.5-38.5S80.9 96 102.2 96c21.2 0 38.5 17.3 38.5 38.5 0 21.3-17.2 38.5-38.5 38.5zm282.1 243h-66.4V312c0-24.8-.5-56.7-34.5-56.7-34.6 0-39.9 27-39.9 54.9V416h-66.4V202.2h63.7v29.2h.9c8.9-16.8 30.6-34.5 62.9-34.5 67.2 0 79.7 44.3 79.7 101.9V416z\"><\/path><\/svg>\t\t\t\t\t\t\t<\/span>\n\t\t\t\t\t\t\t\t\t\t\t\t\t\t\t\t\t\t\t\t<\/div>\n\t\t\t\t\t<\/div>\n\t\t\t\t\t\t\t\t\t<div class=\"elementor-grid-item\" role=\"listitem\">\n\t\t\t\t\t\t<div class=\"elementor-share-btn elementor-share-btn_whatsapp\" role=\"button\" tabindex=\"0\" aria-label=\"Share on whatsapp\">\n\t\t\t\t\t\t\t\t\t\t\t\t\t\t\t<span class=\"elementor-share-btn__icon\">\n\t\t\t\t\t\t\t\t<svg aria-hidden=\"true\" class=\"e-font-icon-svg e-fab-whatsapp\" viewBox=\"0 0 448 512\" xmlns=\"http:\/\/www.w3.org\/2000\/svg\"><path d=\"M380.9 97.1C339 55.1 283.2 32 223.9 32c-122.4 0-222 99.6-222 222 0 39.1 10.2 77.3 29.6 111L0 480l117.7-30.9c32.4 17.7 68.9 27 106.1 27h.1c122.3 0 224.1-99.6 224.1-222 0-59.3-25.2-115-67.1-157zm-157 341.6c-33.2 0-65.7-8.9-94-25.7l-6.7-4-69.8 18.3L72 359.2l-4.4-7c-18.5-29.4-28.2-63.3-28.2-98.2 0-101.7 82.8-184.5 184.6-184.5 49.3 0 95.6 19.2 130.4 54.1 34.8 34.9 56.2 81.2 56.1 130.5 0 101.8-84.9 184.6-186.6 184.6zm101.2-138.2c-5.5-2.8-32.8-16.2-37.9-18-5.1-1.9-8.8-2.8-12.5 2.8-3.7 5.6-14.3 18-17.6 21.8-3.2 3.7-6.5 4.2-12 1.4-32.6-16.3-54-29.1-75.5-66-5.7-9.8 5.7-9.1 16.3-30.3 1.8-3.7.9-6.9-.5-9.7-1.4-2.8-12.5-30.1-17.1-41.2-4.5-10.8-9.1-9.3-12.5-9.5-3.2-.2-6.9-.2-10.6-.2-3.7 0-9.7 1.4-14.8 6.9-5.1 5.6-19.4 19-19.4 46.3 0 27.3 19.9 53.7 22.6 57.4 2.8 3.7 39.1 59.7 94.8 83.8 35.2 15.2 49 16.5 66.6 13.9 10.7-1.6 32.8-13.4 37.4-26.4 4.6-13 4.6-24.1 3.2-26.4-1.3-2.5-5-3.9-10.5-6.6z\"><\/path><\/svg>\t\t\t\t\t\t\t<\/span>\n\t\t\t\t\t\t\t\t\t\t\t\t\t\t\t\t\t\t\t\t<\/div>\n\t\t\t\t\t<\/div>\n\t\t\t\t\t\t<\/div>\n\t\t\t\t\t\t<\/div>\n\t\t\t\t<\/div>\n\t\t\t\t\t<\/div>\n\t\t\t\t<\/div>\n\t\t\t\t<\/div>\n\t\t","protected":false},"excerpt":{"rendered":"<p>PLUME &#8211; Transport des particulesle long des cours d&#8217;eau et impact sur les \u00e9cosyst\u00e8mes c\u00f4tiers au Vietnam &nbsp; HOPE \u2013 Comment les diazotrophes fa\u00e7onnent-ils la pompe \u00e0 carbone biologique de [&hellip;]<\/p>\n","protected":false},"author":319,"featured_media":4489,"parent":13412,"menu_order":1,"comment_status":"closed","ping_status":"closed","template":"","meta":{"_acf_changed":false,"footnotes":""},"class_list":["post-13497","page","type-page","status-publish","has-post-thumbnail","hentry"],"acf":[],"_links":{"self":[{"href":"https:\/\/www.mio.osupytheas.fr\/en\/wp-json\/wp\/v2\/pages\/13497","targetHints":{"allow":["GET"]}}],"collection":[{"href":"https:\/\/www.mio.osupytheas.fr\/en\/wp-json\/wp\/v2\/pages"}],"about":[{"href":"https:\/\/www.mio.osupytheas.fr\/en\/wp-json\/wp\/v2\/types\/page"}],"author":[{"embeddable":true,"href":"https:\/\/www.mio.osupytheas.fr\/en\/wp-json\/wp\/v2\/users\/319"}],"replies":[{"embeddable":true,"href":"https:\/\/www.mio.osupytheas.fr\/en\/wp-json\/wp\/v2\/comments?post=13497"}],"version-history":[{"count":39,"href":"https:\/\/www.mio.osupytheas.fr\/en\/wp-json\/wp\/v2\/pages\/13497\/revisions"}],"predecessor-version":[{"id":16741,"href":"https:\/\/www.mio.osupytheas.fr\/en\/wp-json\/wp\/v2\/pages\/13497\/revisions\/16741"}],"up":[{"embeddable":true,"href":"https:\/\/www.mio.osupytheas.fr\/en\/wp-json\/wp\/v2\/pages\/13412"}],"wp:featuredmedia":[{"embeddable":true,"href":"https:\/\/www.mio.osupytheas.fr\/en\/wp-json\/wp\/v2\/media\/4489"}],"wp:attachment":[{"href":"https:\/\/www.mio.osupytheas.fr\/en\/wp-json\/wp\/v2\/media?parent=13497"}],"curies":[{"name":"wp","href":"https:\/\/api.w.org\/{rel}","templated":true}]}}