{"id":14399,"date":"2024-10-14T09:26:46","date_gmt":"2024-10-14T07:26:46","guid":{"rendered":"https:\/\/www.mio.osupytheas.fr\/?page_id=14399"},"modified":"2024-10-16T14:33:11","modified_gmt":"2024-10-16T12:33:11","slug":"the-ecomad-team-in-brief","status":"publish","type":"page","link":"https:\/\/www.mio.osupytheas.fr\/en\/trombinoscope-de-lequipe-ecomad\/","title":{"rendered":"Trombinoscope of the ECOMAD team"},"content":{"rendered":"\t\t<div data-elementor-type=\"wp-page\" data-elementor-id=\"14399\" class=\"elementor elementor-14399\" data-elementor-post-type=\"page\">\n\t\t\t\t<div class=\"elementor-element elementor-element-3fcdb168 e-flex e-con-boxed e-con e-parent\" data-id=\"3fcdb168\" data-element_type=\"container\" data-e-type=\"container\" data-settings=\"{&quot;background_background&quot;:&quot;classic&quot;}\">\n\t\t\t\t\t<div class=\"e-con-inner\">\n\t\t<div class=\"elementor-element elementor-element-36a2f655 e-flex e-con-boxed e-con e-child\" data-id=\"36a2f655\" data-element_type=\"container\" data-e-type=\"container\">\n\t\t\t\t\t<div class=\"e-con-inner\">\n\t\t\t\t<div class=\"elementor-element elementor-element-7cf02c12 elementor-widget__width-initial elementor-widget elementor-widget-theme-post-title elementor-page-title elementor-widget-heading\" data-id=\"7cf02c12\" data-element_type=\"widget\" data-e-type=\"widget\" data-widget_type=\"theme-post-title.default\">\n\t\t\t\t<div class=\"elementor-widget-container\">\n\t\t\t\t\t<h1 class=\"elementor-heading-title elementor-size-default\">Trombinoscope de l&#8217;\u00e9quipe  ECOMAD<\/h1>\t\t\t\t<\/div>\n\t\t\t\t<\/div>\n\t\t\t\t<div class=\"elementor-element elementor-element-34bbcce3 elementor-widget__width-initial breadcrumb elementor-widget elementor-widget-shortcode\" data-id=\"34bbcce3\" data-element_type=\"widget\" data-e-type=\"widget\" data-widget_type=\"shortcode.default\">\n\t\t\t\t<div class=\"elementor-widget-container\">\n\t\t\t\t\t\t\t<div class=\"elementor-shortcode\"><nav aria-label=\"breadcrumbs\">\n            <div class=\"breadcrumb-container theme1\">\n                <ol>\n                                    <\/ol>\n            <\/div>\n        <\/nav>    <script type=\"application\/ld+json\">\n        {\n            \"@context\": \"http:\/\/schema.org\",\n            \"@type\": \"BreadcrumbList\",\n            \"itemListElement\": [\n                            ]\n        }\n    <\/script>\n   \n    <script>\n            <\/script>\n <\/div>\n\t\t\t\t\t\t<\/div>\n\t\t\t\t<\/div>\n\t\t\t\t\t<\/div>\n\t\t\t\t<\/div>\n\t\t\t\t\t<\/div>\n\t\t\t\t<\/div>\n\t\t<div class=\"elementor-element elementor-element-9e9388d e-flex e-con-boxed e-con e-parent\" data-id=\"9e9388d\" data-element_type=\"container\" data-e-type=\"container\">\n\t\t\t\t\t<div class=\"e-con-inner\">\n\t\t\t\t<div class=\"elementor-element elementor-element-347d77a elementor-widget__width-auto elementor-widget elementor-widget-pymac-userslist\" data-id=\"347d77a\" data-element_type=\"widget\" data-e-type=\"widget\" data-widget_type=\"pymac-userslist.default\">\n\t\t\t\t<div class=\"elementor-widget-container\">\n\t\t\t\t\t<div class=\"mio-filters\"><div class=\"mio-filters_header\"><div class=\"mio-filters_header_title\">Rechercher un membre du mio<\/div><\/div><div class=\"mio-filters_content\"><div class=\"mio_filter mio-filters_nom\"><input name=\"mio_users_nom\" type=\"text\" placeholder=\"Nom ou pr\u00e9nom...\" id=\"mio_users_nom\"><\/div><div class=\"mio_filter mio-filters_title\"><select name=\"mio_users_title\" id=\"mio_users_title\"><option value=\"\">Choisissez un titre<\/option><\/select><\/div><\/div><\/div><div class=\"mio-users\"><div class=\"mio-user\" data-title=\"MCF\" data-business-category=\"ECOMAD\" data-nom=\"leo berline\"><div class=\"mio-user_photo\"><a href=\"https:\/\/www.mio.osupytheas.fr\/en\/annuaire\/leo-berline\/\"><img decoding=\"async\" src=\"https:\/\/www.mio.osupytheas.fr\/wp-content\/uploads\/annuaire\/4395.jpg\" alt=\"Leo Berline\"><\/a><\/div><div class=\"mio-user_content\"><div class=\"mio-user_name\"><a href=\"https:\/\/www.mio.osupytheas.fr\/en\/annuaire\/leo-berline\/\">Leo Berline<\/a><\/div><div class=\"mio-user_title\">MCF-Maitre de Conferences<\/div><div class=\"mio-user_business_category\">ECOMAD-ECOlogie th\u00e9orique, Mod\u00e9lisation et Analyse de Donn\u00e9es<\/div><\/div><\/div><div class=\"mio-user\" data-title=\"DC\" data-business-category=\"ECOMAD\" data-nom=\"atlantine boggio-pasqua\"><div class=\"mio-user_photo\"><a href=\"https:\/\/www.mio.osupytheas.fr\/en\/annuaire\/atlantine-boggio-pasqua\/\"><img decoding=\"async\" src=\"https:\/\/www.mio.osupytheas.fr\/wp-content\/uploads\/annuaire\/12528.jpg\" alt=\"Atlantine Boggio-Pasqua\"><\/a><\/div><div class=\"mio-user_content\"><div class=\"mio-user_name\"><a href=\"https:\/\/www.mio.osupytheas.fr\/en\/annuaire\/atlantine-boggio-pasqua\/\">Atlantine Boggio-Pasqua<\/a><\/div><div class=\"mio-user_title\">DC-Doctorant<\/div><div class=\"mio-user_business_category\">ECOMAD-ECOlogie th\u00e9orique, Mod\u00e9lisation et Analyse de Donn\u00e9es<\/div><\/div><\/div><div class=\"mio-user\" data-title=\"CR\" data-business-category=\"ECOMAD\" data-nom=\"cristele chevalier\"><div class=\"mio-user_photo\"><a href=\"https:\/\/www.mio.osupytheas.fr\/en\/annuaire\/cristele-chevalier\/\"><img decoding=\"async\" src=\"https:\/\/www.mio.osupytheas.fr\/wp-content\/uploads\/annuaire\/4050.jpg\" alt=\"Cristele Chevalier\"><\/a><\/div><div class=\"mio-user_content\"><div class=\"mio-user_name\"><a href=\"https:\/\/www.mio.osupytheas.fr\/en\/annuaire\/cristele-chevalier\/\">Cristele Chevalier<\/a><\/div><div class=\"mio-user_title\">CR-Charge de Recherche<\/div><div class=\"mio-user_business_category\">ECOMAD-ECOlogie th\u00e9orique, Mod\u00e9lisation et Analyse de Donn\u00e9es<\/div><\/div><\/div><div class=\"mio-user\" data-title=\"DC\" data-business-category=\"ECOMAD\" data-nom=\"mathilde couteyen\"><div class=\"mio-user_photo\"><a href=\"https:\/\/www.mio.osupytheas.fr\/en\/annuaire\/mathilde-couteyen\/\"><img decoding=\"async\" src=\"https:\/\/www.mio.osupytheas.fr\/wp-content\/themes\/pymac\/assets\/img\/default-user.png\" alt=\"Mathilde Couteyen\"><\/a><\/div><div class=\"mio-user_content\"><div class=\"mio-user_name\"><a href=\"https:\/\/www.mio.osupytheas.fr\/en\/annuaire\/mathilde-couteyen\/\">Mathilde Couteyen<\/a><\/div><div class=\"mio-user_title\">DC-Doctorant<\/div><div class=\"mio-user_business_category\">ECOMAD-ECOlogie th\u00e9orique, Mod\u00e9lisation et Analyse de Donn\u00e9es<\/div><\/div><\/div><div class=\"mio-user\" data-title=\"MCF\" data-business-category=\"ECOMAD\" data-nom=\"andrea doglioli\"><div class=\"mio-user_photo\"><a href=\"https:\/\/www.mio.osupytheas.fr\/en\/annuaire\/andrea-doglioli\/\"><img decoding=\"async\" src=\"https:\/\/www.mio.osupytheas.fr\/wp-content\/uploads\/annuaire\/4102.jpg\" alt=\"Andrea Doglioli\"><\/a><\/div><div class=\"mio-user_content\"><div class=\"mio-user_name\"><a href=\"https:\/\/www.mio.osupytheas.fr\/en\/annuaire\/andrea-doglioli\/\">Andrea Doglioli<\/a><\/div><div class=\"mio-user_title\">MCF-Maitre de Conferences<\/div><div class=\"mio-user_business_category\">ECOMAD-ECOlogie th\u00e9orique, Mod\u00e9lisation et Analyse de Donn\u00e9es<\/div><\/div><\/div><div class=\"mio-user\" data-title=\"MCF\" data-business-category=\"ECOMAD\" data-nom=\"mathias gauduchon\"><div class=\"mio-user_photo\"><a href=\"https:\/\/www.mio.osupytheas.fr\/en\/annuaire\/mathias-gauduchon\/\"><img decoding=\"async\" src=\"https:\/\/www.mio.osupytheas.fr\/wp-content\/uploads\/annuaire\/4116.jpg\" alt=\"Mathias Gauduchon\"><\/a><\/div><div class=\"mio-user_content\"><div class=\"mio-user_name\"><a href=\"https:\/\/www.mio.osupytheas.fr\/en\/annuaire\/mathias-gauduchon\/\">Mathias Gauduchon<\/a><\/div><div class=\"mio-user_title\">MCF-Maitre de Conferences<\/div><div class=\"mio-user_business_category\">ECOMAD-ECOlogie th\u00e9orique, Mod\u00e9lisation et Analyse de Donn\u00e9es<\/div><\/div><\/div><div class=\"mio-user\" data-title=\"DC\" data-business-category=\"ECOMAD\" data-nom=\"camila gonzalez\"><div class=\"mio-user_photo\"><a href=\"https:\/\/www.mio.osupytheas.fr\/en\/annuaire\/camila-gonzalez\/\"><img decoding=\"async\" src=\"https:\/\/www.mio.osupytheas.fr\/wp-content\/themes\/pymac\/assets\/img\/default-user.png\" alt=\"Camila Gonzalez\"><\/a><\/div><div class=\"mio-user_content\"><div class=\"mio-user_name\"><a href=\"https:\/\/www.mio.osupytheas.fr\/en\/annuaire\/camila-gonzalez\/\">Camila Gonzalez<\/a><\/div><div class=\"mio-user_title\">DC-Doctorant<\/div><div class=\"mio-user_business_category\">ECOMAD-ECOlogie th\u00e9orique, Mod\u00e9lisation et Analyse de Donn\u00e9es<\/div><\/div><\/div><div class=\"mio-user\" data-title=\"DC\" data-business-category=\"ECOMAD\" data-nom=\"hugo julia\"><div class=\"mio-user_photo\"><a href=\"https:\/\/www.mio.osupytheas.fr\/en\/annuaire\/hugo-julia\/\"><img decoding=\"async\" src=\"https:\/\/www.mio.osupytheas.fr\/wp-content\/themes\/pymac\/assets\/img\/default-user.png\" alt=\"Hugo Julia\"><\/a><\/div><div class=\"mio-user_content\"><div class=\"mio-user_name\"><a href=\"https:\/\/www.mio.osupytheas.fr\/en\/annuaire\/hugo-julia\/\">Hugo Julia<\/a><\/div><div class=\"mio-user_title\">DC-Doctorant<\/div><div class=\"mio-user_business_category\">ECOMAD-ECOlogie th\u00e9orique, Mod\u00e9lisation et Analyse de Donn\u00e9es<\/div><\/div><\/div><div class=\"mio-user\" data-title=\"MCF\" data-business-category=\"ECOMAD\" data-nom=\"guillaume le gland\"><div class=\"mio-user_photo\"><a href=\"https:\/\/www.mio.osupytheas.fr\/en\/annuaire\/guillaume-le-gland\/\"><img decoding=\"async\" src=\"https:\/\/www.mio.osupytheas.fr\/wp-content\/uploads\/annuaire\/12571.jpg\" alt=\"Guillaume Le Gland\"><\/a><\/div><div class=\"mio-user_content\"><div class=\"mio-user_name\"><a href=\"https:\/\/www.mio.osupytheas.fr\/en\/annuaire\/guillaume-le-gland\/\">Guillaume Le Gland<\/a><\/div><div class=\"mio-user_title\">MCF-Maitre de Conferences<\/div><div class=\"mio-user_business_category\">ECOMAD-ECOlogie th\u00e9orique, Mod\u00e9lisation et Analyse de Donn\u00e9es<\/div><\/div><\/div><div class=\"mio-user\" data-title=\"DC\" data-business-category=\"ECOMAD\" data-nom=\"jeanne maingot-lepee\"><div class=\"mio-user_photo\"><a href=\"https:\/\/www.mio.osupytheas.fr\/en\/annuaire\/jeanne-maingot-lepee\/\"><img decoding=\"async\" src=\"https:\/\/www.mio.osupytheas.fr\/wp-content\/themes\/pymac\/assets\/img\/default-user.png\" alt=\"Jeanne Maingot-Lepee\"><\/a><\/div><div class=\"mio-user_content\"><div class=\"mio-user_name\"><a href=\"https:\/\/www.mio.osupytheas.fr\/en\/annuaire\/jeanne-maingot-lepee\/\">Jeanne Maingot-Lepee<\/a><\/div><div class=\"mio-user_title\">DC-Doctorant<\/div><div class=\"mio-user_business_category\">ECOMAD-ECOlogie th\u00e9orique, Mod\u00e9lisation et Analyse de Donn\u00e9es<\/div><\/div><\/div><div class=\"mio-user\" data-title=\"CR\" data-business-category=\"ECOMAD\" data-nom=\"severine martini\"><div class=\"mio-user_photo\"><a href=\"https:\/\/www.mio.osupytheas.fr\/en\/annuaire\/severine-martini\/\"><img decoding=\"async\" src=\"https:\/\/www.mio.osupytheas.fr\/wp-content\/uploads\/annuaire\/2230.jpg\" alt=\"Severine Martini\"><\/a><\/div><div class=\"mio-user_content\"><div class=\"mio-user_name\"><a href=\"https:\/\/www.mio.osupytheas.fr\/en\/annuaire\/severine-martini\/\">Severine Martini<\/a><\/div><div class=\"mio-user_title\">CR-Charge de Recherche<\/div><div class=\"mio-user_business_category\">ECOMAD-ECOlogie th\u00e9orique, Mod\u00e9lisation et Analyse de Donn\u00e9es<\/div><\/div><\/div><div class=\"mio-user\" data-title=\"ITA\" data-business-category=\"ECOMAD\" data-nom=\"camille mazoyer\"><div class=\"mio-user_photo\"><a href=\"https:\/\/www.mio.osupytheas.fr\/en\/annuaire\/camille-mazoyer\/\"><img decoding=\"async\" src=\"https:\/\/www.mio.osupytheas.fr\/wp-content\/uploads\/annuaire\/4424.jpg\" alt=\"Camille Mazoyer\"><\/a><\/div><div class=\"mio-user_content\"><div class=\"mio-user_name\"><a href=\"https:\/\/www.mio.osupytheas.fr\/en\/annuaire\/camille-mazoyer\/\">Camille Mazoyer<\/a><\/div><div class=\"mio-user_title\">ITA-Ingenieur Technicien Administratif<\/div><div class=\"mio-user_business_category\">ECOMAD-ECOlogie th\u00e9orique, Mod\u00e9lisation et Analyse de Donn\u00e9es<\/div><\/div><\/div><div class=\"mio-user\" data-title=\"DR\" data-business-category=\"ECOMAD\" data-nom=\"frederic menard\"><div class=\"mio-user_photo\"><a href=\"https:\/\/www.mio.osupytheas.fr\/en\/annuaire\/frederic-menard\/\"><img decoding=\"async\" src=\"https:\/\/www.mio.osupytheas.fr\/wp-content\/uploads\/annuaire\/12146.jpg\" alt=\"Frederic Menard\"><\/a><\/div><div class=\"mio-user_content\"><div class=\"mio-user_name\"><a href=\"https:\/\/www.mio.osupytheas.fr\/en\/annuaire\/frederic-menard\/\">Frederic Menard<\/a><\/div><div class=\"mio-user_title\">DR-Directeur de Recherche<\/div><div class=\"mio-user_business_category\">ECOMAD-ECOlogie th\u00e9orique, Mod\u00e9lisation et Analyse de Donn\u00e9es<\/div><\/div><\/div><div class=\"mio-user\" data-title=\"DC\" data-business-category=\"ECOMAD\" data-nom=\"marius molinet\"><div class=\"mio-user_photo\"><a href=\"https:\/\/www.mio.osupytheas.fr\/en\/annuaire\/marius-molinet\/\"><img decoding=\"async\" src=\"https:\/\/www.mio.osupytheas.fr\/wp-content\/themes\/pymac\/assets\/img\/default-user.png\" alt=\"Marius Molinet\"><\/a><\/div><div class=\"mio-user_content\"><div class=\"mio-user_name\"><a href=\"https:\/\/www.mio.osupytheas.fr\/en\/annuaire\/marius-molinet\/\">Marius Molinet<\/a><\/div><div class=\"mio-user_title\">DC-Doctorant<\/div><div class=\"mio-user_business_category\">ECOMAD-ECOlogie th\u00e9orique, Mod\u00e9lisation et Analyse de Donn\u00e9es<\/div><\/div><\/div><div class=\"mio-user\" data-title=\"MCF\" data-business-category=\"ECOMAD\" data-nom=\"david nerini\"><div class=\"mio-user_photo\"><a href=\"https:\/\/www.mio.osupytheas.fr\/en\/annuaire\/david-nerini\/\"><img decoding=\"async\" src=\"https:\/\/www.mio.osupytheas.fr\/wp-content\/uploads\/annuaire\/4046.jpg\" alt=\"David Nerini\"><\/a><\/div><div class=\"mio-user_content\"><div class=\"mio-user_name\"><a href=\"https:\/\/www.mio.osupytheas.fr\/en\/annuaire\/david-nerini\/\">David Nerini<\/a><\/div><div class=\"mio-user_title\">MCF-Maitre de Conferences<\/div><div class=\"mio-user_business_category\">ECOMAD-ECOlogie th\u00e9orique, Mod\u00e9lisation et Analyse de Donn\u00e9es<\/div><\/div><\/div><div class=\"mio-user\" data-title=\"PR\" data-business-category=\"ECOMAD\" data-nom=\"jean-christophe poggiale\"><div class=\"mio-user_photo\"><a href=\"https:\/\/www.mio.osupytheas.fr\/en\/annuaire\/jean-christophe-poggiale\/\"><img decoding=\"async\" src=\"https:\/\/www.mio.osupytheas.fr\/wp-content\/uploads\/annuaire\/4087.jpg\" alt=\"Jean-christophe Poggiale\"><\/a><\/div><div class=\"mio-user_content\"><div class=\"mio-user_name\"><a href=\"https:\/\/www.mio.osupytheas.fr\/en\/annuaire\/jean-christophe-poggiale\/\">Jean-christophe Poggiale<\/a><\/div><div class=\"mio-user_title\">PR-Professeur<\/div><div class=\"mio-user_business_category\">ECOMAD-ECOlogie th\u00e9orique, Mod\u00e9lisation et Analyse de Donn\u00e9es<\/div><\/div><\/div><div class=\"mio-user\" data-title=\"ATER\" data-business-category=\"ECOMAD\" data-nom=\"antoine ricouard\"><div class=\"mio-user_photo\"><a href=\"https:\/\/www.mio.osupytheas.fr\/en\/annuaire\/antoine-ricouard\/\"><img decoding=\"async\" src=\"https:\/\/www.mio.osupytheas.fr\/wp-content\/themes\/pymac\/assets\/img\/default-user.png\" alt=\"Antoine Ricouard\"><\/a><\/div><div class=\"mio-user_content\"><div class=\"mio-user_name\"><a href=\"https:\/\/www.mio.osupytheas.fr\/en\/annuaire\/antoine-ricouard\/\">Antoine Ricouard<\/a><\/div><div class=\"mio-user_title\">ATER-Attache Temporaire Enseignement Recherche<\/div><div class=\"mio-user_business_category\">ECOMAD-ECOlogie th\u00e9orique, Mod\u00e9lisation et Analyse de Donn\u00e9es<\/div><\/div><\/div><div class=\"mio-user\" data-title=\"CR\" data-business-category=\"ECOMAD\" data-nom=\"vincent rossi\"><div class=\"mio-user_photo\"><a href=\"https:\/\/www.mio.osupytheas.fr\/en\/annuaire\/vincent-rossi\/\"><img decoding=\"async\" src=\"https:\/\/www.mio.osupytheas.fr\/wp-content\/uploads\/annuaire\/2139.jpg\" alt=\"Vincent Rossi\"><\/a><\/div><div class=\"mio-user_content\"><div class=\"mio-user_name\"><a href=\"https:\/\/www.mio.osupytheas.fr\/en\/annuaire\/vincent-rossi\/\">Vincent Rossi<\/a><\/div><div class=\"mio-user_title\">CR-Charge de Recherche<\/div><div class=\"mio-user_business_category\">ECOMAD-ECOlogie th\u00e9orique, Mod\u00e9lisation et Analyse de Donn\u00e9es<\/div><\/div><\/div><div class=\"mio-user\" data-title=\"DC\" data-business-category=\"ECOMAD\" data-nom=\"ghjuvan santoni-guichard\"><div class=\"mio-user_photo\"><a href=\"https:\/\/www.mio.osupytheas.fr\/en\/annuaire\/ghjuvan-santoni-guichard\/\"><img decoding=\"async\" src=\"https:\/\/www.mio.osupytheas.fr\/wp-content\/themes\/pymac\/assets\/img\/default-user.png\" alt=\"Ghjuvan Santoni-Guichard\"><\/a><\/div><div class=\"mio-user_content\"><div class=\"mio-user_name\"><a href=\"https:\/\/www.mio.osupytheas.fr\/en\/annuaire\/ghjuvan-santoni-guichard\/\">Ghjuvan Santoni-Guichard<\/a><\/div><div class=\"mio-user_title\">DC-Doctorant<\/div><div class=\"mio-user_business_category\">ECOMAD-ECOlogie th\u00e9orique, Mod\u00e9lisation et Analyse de Donn\u00e9es<\/div><\/div><\/div><\/div><\/div>\t\t\t\t<\/div>\n\t\t\t\t<\/div>\n\t\t\t\t\t<\/div>\n\t\t\t\t<\/div>\n\t\t\t\t<\/div>\n\t\t","protected":false},"excerpt":{"rendered":"<p>Rechercher un membre du mio Choisissez un titre Lucille BarreDC-DoctorantECOMAD-ECOlogie th\u00e9orique, Mod\u00e9lisation et Analyse de Donn\u00e9esLeo BerlineMCF-Maitre de ConferencesECOMAD-ECOlogie th\u00e9orique, Mod\u00e9lisation et Analyse de Donn\u00e9esAtlantine Boggio-PasquaDC-DoctorantECOMAD-ECOlogie th\u00e9orique, Mod\u00e9lisation et Analyse [&hellip;]<\/p>\n","protected":false},"author":1,"featured_media":4489,"parent":0,"menu_order":0,"comment_status":"closed","ping_status":"closed","template":"","meta":{"_acf_changed":false,"footnotes":""},"class_list":["post-14399","page","type-page","status-publish","has-post-thumbnail","hentry"],"acf":[],"_links":{"self":[{"href":"https:\/\/www.mio.osupytheas.fr\/en\/wp-json\/wp\/v2\/pages\/14399","targetHints":{"allow":["GET"]}}],"collection":[{"href":"https:\/\/www.mio.osupytheas.fr\/en\/wp-json\/wp\/v2\/pages"}],"about":[{"href":"https:\/\/www.mio.osupytheas.fr\/en\/wp-json\/wp\/v2\/types\/page"}],"author":[{"embeddable":true,"href":"https:\/\/www.mio.osupytheas.fr\/en\/wp-json\/wp\/v2\/users\/1"}],"replies":[{"embeddable":true,"href":"https:\/\/www.mio.osupytheas.fr\/en\/wp-json\/wp\/v2\/comments?post=14399"}],"version-history":[{"count":15,"href":"https:\/\/www.mio.osupytheas.fr\/en\/wp-json\/wp\/v2\/pages\/14399\/revisions"}],"predecessor-version":[{"id":14766,"href":"https:\/\/www.mio.osupytheas.fr\/en\/wp-json\/wp\/v2\/pages\/14399\/revisions\/14766"}],"wp:featuredmedia":[{"embeddable":true,"href":"https:\/\/www.mio.osupytheas.fr\/en\/wp-json\/wp\/v2\/media\/4489"}],"wp:attachment":[{"href":"https:\/\/www.mio.osupytheas.fr\/en\/wp-json\/wp\/v2\/media?parent=14399"}],"curies":[{"name":"wp","href":"https:\/\/api.w.org\/{rel}","templated":true}]}}