{"id":15491,"date":"2024-10-24T11:27:45","date_gmt":"2024-10-24T09:27:45","guid":{"rendered":"https:\/\/www.mio.osupytheas.fr\/?page_id=15491"},"modified":"2025-01-15T15:45:22","modified_gmt":"2025-01-15T14:45:22","slug":"hope","status":"publish","type":"page","link":"https:\/\/www.mio.osupytheas.fr\/en\/production\/nos-projets\/mers-et-oceans-changement-global\/hope\/","title":{"rendered":"HOPE - How do diazotrophs shape the ocean's biological carbon pump?"},"content":{"rendered":"\t\t<div data-elementor-type=\"wp-page\" data-elementor-id=\"15491\" class=\"elementor elementor-15491\" data-elementor-post-type=\"page\">\n\t\t\t\t<div class=\"elementor-element elementor-element-63298c08 e-flex e-con-boxed e-con e-parent\" data-id=\"63298c08\" data-element_type=\"container\" data-e-type=\"container\" data-settings=\"{&quot;background_background&quot;:&quot;classic&quot;}\">\n\t\t\t\t\t<div class=\"e-con-inner\">\n\t\t<div class=\"elementor-element elementor-element-795a0e6f e-flex e-con-boxed e-con e-child\" data-id=\"795a0e6f\" data-element_type=\"container\" data-e-type=\"container\">\n\t\t\t\t\t<div class=\"e-con-inner\">\n\t\t\t\t<div class=\"elementor-element elementor-element-5f0d366a elementor-widget__width-initial elementor-widget elementor-widget-theme-post-title elementor-page-title elementor-widget-heading\" data-id=\"5f0d366a\" data-element_type=\"widget\" data-e-type=\"widget\" data-widget_type=\"theme-post-title.default\">\n\t\t\t\t<div class=\"elementor-widget-container\">\n\t\t\t\t\t<h1 class=\"elementor-heading-title elementor-size-default\">HOPE &#8211; Comment les diazotrophes fa\u00e7onnent-ils la pompe \u00e0 carbone biologique de l\u2019oc\u00e9an ?<\/h1>\t\t\t\t<\/div>\n\t\t\t\t<\/div>\n\t\t\t\t<div class=\"elementor-element elementor-element-339ac382 elementor-widget__width-initial breadcrumb elementor-widget elementor-widget-shortcode\" data-id=\"339ac382\" data-element_type=\"widget\" data-e-type=\"widget\" data-widget_type=\"shortcode.default\">\n\t\t\t\t<div class=\"elementor-widget-container\">\n\t\t\t\t\t\t\t<div class=\"elementor-shortcode\"><nav aria-label=\"breadcrumbs\">\n            <div class=\"breadcrumb-container theme1\">\n                <ol>\n                                    <\/ol>\n            <\/div>\n        <\/nav>    <script type=\"application\/ld+json\">\n        {\n            \"@context\": \"http:\/\/schema.org\",\n            \"@type\": \"BreadcrumbList\",\n            \"itemListElement\": [\n                            ]\n        }\n    <\/script>\n   \n    <script>\n            <\/script>\n <\/div>\n\t\t\t\t\t\t<\/div>\n\t\t\t\t<\/div>\n\t\t\t\t\t<\/div>\n\t\t\t\t<\/div>\n\t\t\t\t\t<\/div>\n\t\t\t\t<\/div>\n\t\t<div class=\"elementor-element elementor-element-9e0e53a e-flex e-con-boxed e-con e-parent\" data-id=\"9e0e53a\" data-element_type=\"container\" data-e-type=\"container\" data-settings=\"{&quot;background_background&quot;:&quot;classic&quot;}\">\n\t\t\t\t\t<div class=\"e-con-inner\">\n\t\t\t\t<div class=\"elementor-element elementor-element-4cead8c elementor-widget elementor-widget-text-editor\" data-id=\"4cead8c\" data-element_type=\"widget\" data-e-type=\"widget\" data-widget_type=\"text-editor.default\">\n\t\t\t\t<div class=\"elementor-widget-container\">\n\t\t\t\t\t\t\t\t\t<h3><strong><span class=\" --l alignedSentenceHighlight-module--alignedSentenceHighlight--e599c alignedSentenceHighlight-module--partialHighlightAnimationWeb--324f1 bg-[#E1F0F5] text-[#25282D] sentence_highlight\">De la cellule unique \u00e0 l&#8217;\u00e9cosyst\u00e8me<\/span><\/strong><\/h3>\t\t\t\t\t\t\t\t<\/div>\n\t\t\t\t<\/div>\n\t\t\t\t<div class=\"elementor-element elementor-element-fe32a65 elementor-widget elementor-widget-text-editor\" data-id=\"fe32a65\" data-element_type=\"widget\" data-e-type=\"widget\" data-widget_type=\"text-editor.default\">\n\t\t\t\t<div class=\"elementor-widget-container\">\n\t\t\t\t\t\t\t\t\t<p><span style=\"color: #184772;\"><strong>PI <\/strong>: <a href=\"mailto:sophie.bonnet@mio.osupytheas.fr\" target=\"_blank\" rel=\"noopener\"><em>Sophie Bonnet<\/em><\/a><\/span><\/p>\t\t\t\t\t\t\t\t<\/div>\n\t\t\t\t<\/div>\n\t\t\t\t<div class=\"elementor-element elementor-element-250fb5b elementor-widget elementor-widget-image\" data-id=\"250fb5b\" data-element_type=\"widget\" data-e-type=\"widget\" data-widget_type=\"image.default\">\n\t\t\t\t<div class=\"elementor-widget-container\">\n\t\t\t\t\t\t\t\t\t\t\t\t\t\t\t<img fetchpriority=\"high\" decoding=\"async\" width=\"369\" height=\"376\" src=\"https:\/\/www.mio.osupytheas.fr\/wp-content\/uploads\/2024\/10\/LogoHope2.webp\" class=\"attachment-1536x1536 size-1536x1536 wp-image-15496\" alt=\"Logo Projet HOPE\" srcset=\"https:\/\/www.mio.osupytheas.fr\/wp-content\/uploads\/2024\/10\/LogoHope2.webp 369w, https:\/\/www.mio.osupytheas.fr\/wp-content\/uploads\/2024\/10\/LogoHope2-294x300.webp 294w, https:\/\/www.mio.osupytheas.fr\/wp-content\/uploads\/2024\/10\/LogoHope2-12x12.webp 12w\" sizes=\"(max-width: 369px) 100vw, 369px\" \/>\t\t\t\t\t\t\t\t\t\t\t\t\t\t\t<\/div>\n\t\t\t\t<\/div>\n\t\t\t\t<div class=\"elementor-element elementor-element-43c9748 elementor-widget elementor-widget-text-editor\" data-id=\"43c9748\" data-element_type=\"widget\" data-e-type=\"widget\" data-widget_type=\"text-editor.default\">\n\t\t\t\t<div class=\"elementor-widget-container\">\n\t\t\t\t\t\t\t\t\t<h4 style=\"text-align: justify;\"><span class=\" --l alignedSentenceHighlight-module--alignedSentenceHighlight--e599c alignedSentenceHighlight-module--partialHighlightAnimationWeb--324f1 bg-[#E1F0F5] text-[#25282D] sentence_highlight\" style=\"color: #184772;\">L&#8217;ambition de HOPE est d&#8217;\u00e9tudier le r\u00f4le de nos oc\u00e9ans tropicaux et subtropicaux dans la s\u00e9questration du carbone, en utilisant des approches innovantes examinant les processus se produisant \u00e0 diff\u00e9rentes \u00e9chelles spatio-temporelles.<\/span><\/h4><p>\u00a0<\/p><h3><a href=\"https:\/\/hope-erc-158395.webflow.io\/\" target=\"_blank\" rel=\"noopener\"><strong>Le Site web<\/strong><\/a><\/h3>\t\t\t\t\t\t\t\t<\/div>\n\t\t\t\t<\/div>\n\t\t\t\t\t<\/div>\n\t\t\t\t<\/div>\n\t\t<div class=\"elementor-element elementor-element-fc2a808 e-flex e-con-boxed e-con e-parent\" data-id=\"fc2a808\" data-element_type=\"container\" data-e-type=\"container\" data-settings=\"{&quot;background_background&quot;:&quot;classic&quot;}\">\n\t\t\t\t\t<div class=\"e-con-inner\">\n\t\t<div class=\"elementor-element elementor-element-16e1120 e-con-full e-flex e-con e-child\" data-id=\"16e1120\" data-element_type=\"container\" data-e-type=\"container\">\n\t\t\t\t<div class=\"elementor-element elementor-element-21ba9ad elementor-widget elementor-widget-heading\" data-id=\"21ba9ad\" data-element_type=\"widget\" data-e-type=\"widget\" data-widget_type=\"heading.default\">\n\t\t\t\t<div class=\"elementor-widget-container\">\n\t\t\t\t\t<h2 class=\"elementor-heading-title elementor-size-default\">Nos Objectifs<\/h2>\t\t\t\t<\/div>\n\t\t\t\t<\/div>\n\t\t\t\t<\/div>\n\t\t\t\t<div class=\"elementor-element elementor-element-0e0adee elementor-widget elementor-widget-text-editor\" data-id=\"0e0adee\" data-element_type=\"widget\" data-e-type=\"widget\" data-widget_type=\"text-editor.default\">\n\t\t\t\t<div class=\"elementor-widget-container\">\n\t\t\t\t\t\t\t\t\t<p style=\"text-align: justify;\">Nos 3 objectifs sp\u00e9cifiques sont les suivants :<\/p><ul><li style=\"text-align: justify;\">D\u00e9terminer comment divers diazotrophes s&#8217;agr\u00e8gent, coulent et sont remin\u00e9ralis\u00e9s en utilisant la colonne d&#8217;eau exp\u00e9rimentale automatis\u00e9e SOCRATE con\u00e7ue pour ce projet,<\/li><li style=\"text-align: justify;\">D\u00e9terminer par quelles voies le C organique d\u00e9riv\u00e9 des diazotrophes est export\u00e9 vers l&#8217;oc\u00e9an profond gr\u00e2ce \u00e0 une approche pionni\u00e8re combinant des analyses isotopiques unicellulaires, une caract\u00e9risation microbiologique approfondie des particules qui coulent et des bilans g\u00e9ochimiques lors de campagnes oc\u00e9anographiques saisonni\u00e8res,<\/li><li style=\"text-align: justify;\">\u00c9tudier comment les facteurs environnementaux contr\u00f4lent l&#8217;ensemble du processus, depuis la communaut\u00e9 de diazotrophes de surface jusqu&#8217;\u00e0 leur exportation finale vers l&#8217;oc\u00e9an profond, en d\u00e9ployant une plateforme autonome de pointe, unique car elle effectue des mesures synoptiques \u00e0 la fois dans et sous la zone euphotique \u00e0 haute r\u00e9solution (horaire\/quotidienne).<\/li><\/ul><p>\u00a0<\/p>\t\t\t\t\t\t\t\t<\/div>\n\t\t\t\t<\/div>\n\t\t\t\t\t<\/div>\n\t\t\t\t<\/div>\n\t\t<div class=\"elementor-element elementor-element-588183c e-grid e-con-boxed e-con e-parent\" data-id=\"588183c\" data-element_type=\"container\" data-e-type=\"container\" data-settings=\"{&quot;background_background&quot;:&quot;classic&quot;}\">\n\t\t\t\t\t<div class=\"e-con-inner\">\n\t\t\t\t<div class=\"elementor-element elementor-element-6327719 elementor-widget elementor-widget-image\" data-id=\"6327719\" data-element_type=\"widget\" data-e-type=\"widget\" data-widget_type=\"image.default\">\n\t\t\t\t<div class=\"elementor-widget-container\">\n\t\t\t\t\t\t\t\t\t\t\t\t\t\t\t<img decoding=\"async\" width=\"800\" height=\"534\" src=\"https:\/\/www.mio.osupytheas.fr\/wp-content\/uploads\/2024\/10\/HopeColonneSocrate.png\" class=\"attachment-large size-large wp-image-15568\" alt=\"Hope Project - Colonne Socrate\" srcset=\"https:\/\/www.mio.osupytheas.fr\/wp-content\/uploads\/2024\/10\/HopeColonneSocrate.png 884w, https:\/\/www.mio.osupytheas.fr\/wp-content\/uploads\/2024\/10\/HopeColonneSocrate-300x200.png 300w, https:\/\/www.mio.osupytheas.fr\/wp-content\/uploads\/2024\/10\/HopeColonneSocrate-768x513.png 768w, https:\/\/www.mio.osupytheas.fr\/wp-content\/uploads\/2024\/10\/HopeColonneSocrate-18x12.png 18w\" sizes=\"(max-width: 800px) 100vw, 800px\" \/>\t\t\t\t\t\t\t\t\t\t\t\t\t\t\t<\/div>\n\t\t\t\t<\/div>\n\t\t\t\t<div class=\"elementor-element elementor-element-5ce2bcf elementor-widget elementor-widget-image\" data-id=\"5ce2bcf\" data-element_type=\"widget\" data-e-type=\"widget\" data-widget_type=\"image.default\">\n\t\t\t\t<div class=\"elementor-widget-container\">\n\t\t\t\t\t\t\t\t\t\t\t\t\t\t\t<img decoding=\"async\" width=\"500\" height=\"336\" src=\"https:\/\/www.mio.osupytheas.fr\/wp-content\/uploads\/2024\/10\/HopeCDT.png\" class=\"attachment-large size-large wp-image-15567\" alt=\"Hope Project - CTD\" srcset=\"https:\/\/www.mio.osupytheas.fr\/wp-content\/uploads\/2024\/10\/HopeCDT.png 500w, https:\/\/www.mio.osupytheas.fr\/wp-content\/uploads\/2024\/10\/HopeCDT-300x202.png 300w, https:\/\/www.mio.osupytheas.fr\/wp-content\/uploads\/2024\/10\/HopeCDT-18x12.png 18w\" sizes=\"(max-width: 500px) 100vw, 500px\" \/>\t\t\t\t\t\t\t\t\t\t\t\t\t\t\t<\/div>\n\t\t\t\t<\/div>\n\t\t\t\t<div class=\"elementor-element elementor-element-0aa5ad8 elementor-widget elementor-widget-image\" data-id=\"0aa5ad8\" data-element_type=\"widget\" data-e-type=\"widget\" data-widget_type=\"image.default\">\n\t\t\t\t<div class=\"elementor-widget-container\">\n\t\t\t\t\t\t\t\t\t\t\t\t\t\t\t<img loading=\"lazy\" decoding=\"async\" width=\"500\" height=\"336\" src=\"https:\/\/www.mio.osupytheas.fr\/wp-content\/uploads\/2024\/10\/HopeBoueeAutonomeSmart.png\" class=\"attachment-large size-large wp-image-15566\" alt=\"Projet Hope - Bou\u00e9e Autonome Smart\" srcset=\"https:\/\/www.mio.osupytheas.fr\/wp-content\/uploads\/2024\/10\/HopeBoueeAutonomeSmart.png 500w, https:\/\/www.mio.osupytheas.fr\/wp-content\/uploads\/2024\/10\/HopeBoueeAutonomeSmart-300x202.png 300w, https:\/\/www.mio.osupytheas.fr\/wp-content\/uploads\/2024\/10\/HopeBoueeAutonomeSmart-18x12.png 18w\" sizes=\"(max-width: 500px) 100vw, 500px\" \/>\t\t\t\t\t\t\t\t\t\t\t\t\t\t\t<\/div>\n\t\t\t\t<\/div>\n\t\t\t\t\t<\/div>\n\t\t\t\t<\/div>\n\t\t<div class=\"elementor-element elementor-element-581d94a e-flex e-con-boxed e-con e-parent\" data-id=\"581d94a\" data-element_type=\"container\" data-e-type=\"container\" data-settings=\"{&quot;background_background&quot;:&quot;classic&quot;}\">\n\t\t\t\t\t<div class=\"e-con-inner\">\n\t\t\t\t<div class=\"elementor-element elementor-element-2b33528 elementor-widget elementor-widget-heading\" data-id=\"2b33528\" data-element_type=\"widget\" data-e-type=\"widget\" data-widget_type=\"heading.default\">\n\t\t\t\t<div class=\"elementor-widget-container\">\n\t\t\t\t\t<h3 class=\"elementor-heading-title elementor-size-default\">HOPE-VV : Les processus physiques contribuent \u00e9galement au stockage du carbone<\/h3>\t\t\t\t<\/div>\n\t\t\t\t<\/div>\n\t\t\t\t\t<\/div>\n\t\t\t\t<\/div>\n\t\t<div class=\"elementor-element elementor-element-80c6090 e-flex e-con-boxed e-con e-parent\" data-id=\"80c6090\" data-element_type=\"container\" data-e-type=\"container\" data-settings=\"{&quot;background_background&quot;:&quot;classic&quot;}\">\n\t\t\t\t\t<div class=\"e-con-inner\">\n\t\t\t\t<div class=\"elementor-element elementor-element-77a5a41 elementor-widget elementor-widget-text-editor\" data-id=\"77a5a41\" data-element_type=\"widget\" data-e-type=\"widget\" data-widget_type=\"text-editor.default\">\n\t\t\t\t<div class=\"elementor-widget-container\">\n\t\t\t\t\t\t\t\t\t<p style=\"text-align: justify;\">En plus de la s\u00e9dimentation gravitationnelle du CO, des m\u00e9canismes physiques transportent \u00e9galement les particules en suspension et les particules qui coulent en profondeur. Ils comprennent plusieurs processus agissant \u00e0 diff\u00e9rentes \u00e9chelles spatiales et temporelles.<\/p><p>\u00a0<\/p><h4><a href=\"https:\/\/www.mio.osupytheas.fr\/production\/nos-projets\/dynamique-oceanique\/hope-vv-une-composante-physique-au-projet-hope\/\" target=\"_blank\" rel=\"noopener\"><strong>D\u00e9couvrez la page projet HOPE-VV<\/strong><\/a><\/h4>\t\t\t\t\t\t\t\t<\/div>\n\t\t\t\t<\/div>\n\t\t\t\t\t<\/div>\n\t\t\t\t<\/div>\n\t\t<div class=\"elementor-element elementor-element-1940545 e-flex e-con-boxed e-con e-parent\" data-id=\"1940545\" data-element_type=\"container\" data-e-type=\"container\" data-settings=\"{&quot;background_background&quot;:&quot;classic&quot;}\">\n\t\t\t\t\t<div class=\"e-con-inner\">\n\t\t\t\t<div class=\"elementor-element elementor-element-ce90b36 elementor-widget elementor-widget-heading\" data-id=\"ce90b36\" data-element_type=\"widget\" data-e-type=\"widget\" data-widget_type=\"heading.default\">\n\t\t\t\t<div class=\"elementor-widget-container\">\n\t\t\t\t\t<h2 class=\"elementor-heading-title elementor-size-default\">Notre site d'\u00e9tude<\/h2>\t\t\t\t<\/div>\n\t\t\t\t<\/div>\n\t\t\t\t<div class=\"elementor-element elementor-element-7640017 elementor-widget elementor-widget-image\" data-id=\"7640017\" data-element_type=\"widget\" data-e-type=\"widget\" data-widget_type=\"image.default\">\n\t\t\t\t<div class=\"elementor-widget-container\">\n\t\t\t\t\t\t\t\t\t\t\t\t\t\t\t<img loading=\"lazy\" decoding=\"async\" width=\"500\" height=\"500\" src=\"https:\/\/www.mio.osupytheas.fr\/wp-content\/uploads\/2024\/10\/SiteHope.png\" class=\"attachment-large size-large wp-image-15581\" alt=\"Hope Project : Le site d&#039;\u00e9tude\" srcset=\"https:\/\/www.mio.osupytheas.fr\/wp-content\/uploads\/2024\/10\/SiteHope.png 500w, https:\/\/www.mio.osupytheas.fr\/wp-content\/uploads\/2024\/10\/SiteHope-300x300.png 300w, https:\/\/www.mio.osupytheas.fr\/wp-content\/uploads\/2024\/10\/SiteHope-150x150.png 150w, https:\/\/www.mio.osupytheas.fr\/wp-content\/uploads\/2024\/10\/SiteHope-12x12.png 12w\" sizes=\"(max-width: 500px) 100vw, 500px\" \/>\t\t\t\t\t\t\t\t\t\t\t\t\t\t\t<\/div>\n\t\t\t\t<\/div>\n\t\t\t\t<div class=\"elementor-element elementor-element-88a776f elementor-widget elementor-widget-text-editor\" data-id=\"88a776f\" data-element_type=\"widget\" data-e-type=\"widget\" data-widget_type=\"text-editor.default\">\n\t\t\t\t<div class=\"elementor-widget-container\">\n\t\t\t\t\t\t\t\t\t<p style=\"text-align: justify;\"><span class=\"--l --r sentence_highlight\">Les projets HOPE et HOPE-VV se d\u00e9rouleront sur deux sites d&#8217;\u00e9tude soigneusement s\u00e9lectionn\u00e9s, qui se distinguent par la diversit\u00e9 de leurs communaut\u00e9s de diazotrophes, de leurs r\u00e9gimes trophiques et de leurs conditions physiques.<\/span><\/p>\t\t\t\t\t\t\t\t<\/div>\n\t\t\t\t<\/div>\n\t\t\t\t\t<\/div>\n\t\t\t\t<\/div>\n\t\t<div class=\"elementor-element elementor-element-ff7c581 e-con-full e-flex e-con e-parent\" data-id=\"ff7c581\" data-element_type=\"container\" data-e-type=\"container\" data-settings=\"{&quot;background_background&quot;:&quot;classic&quot;}\">\n\t\t<div class=\"elementor-element elementor-element-ce5f024 e-con-full e-flex e-con e-child\" data-id=\"ce5f024\" data-element_type=\"container\" data-e-type=\"container\">\n\t\t\t\t<div class=\"elementor-element elementor-element-f8ec9a7 elementor-widget elementor-widget-image\" data-id=\"f8ec9a7\" data-element_type=\"widget\" data-e-type=\"widget\" data-widget_type=\"image.default\">\n\t\t\t\t<div class=\"elementor-widget-container\">\n\t\t\t\t\t\t\t\t\t\t\t\t\t\t\t<img loading=\"lazy\" decoding=\"async\" width=\"300\" height=\"116\" src=\"https:\/\/www.mio.osupytheas.fr\/wp-content\/uploads\/2024\/10\/LOGO_ERC-FLAG_EU_-300x116.jpg\" class=\"attachment-medium size-medium wp-image-15510\" alt=\"Logo Union Europ\u00e9enne ERC\" srcset=\"https:\/\/www.mio.osupytheas.fr\/wp-content\/uploads\/2024\/10\/LOGO_ERC-FLAG_EU_-300x116.jpg 300w, https:\/\/www.mio.osupytheas.fr\/wp-content\/uploads\/2024\/10\/LOGO_ERC-FLAG_EU_-1024x396.jpg 1024w, https:\/\/www.mio.osupytheas.fr\/wp-content\/uploads\/2024\/10\/LOGO_ERC-FLAG_EU_-768x297.jpg 768w, https:\/\/www.mio.osupytheas.fr\/wp-content\/uploads\/2024\/10\/LOGO_ERC-FLAG_EU_-18x7.jpg 18w, https:\/\/www.mio.osupytheas.fr\/wp-content\/uploads\/2024\/10\/LOGO_ERC-FLAG_EU_.jpg 1200w\" sizes=\"(max-width: 300px) 100vw, 300px\" \/>\t\t\t\t\t\t\t\t\t\t\t\t\t\t\t<\/div>\n\t\t\t\t<\/div>\n\t\t\t\t<\/div>\n\t\t<div class=\"elementor-element elementor-element-c86e07a e-con-full e-flex e-con e-child\" data-id=\"c86e07a\" data-element_type=\"container\" data-e-type=\"container\">\n\t\t\t\t<div class=\"elementor-element elementor-element-19ab6a0 elementor-widget elementor-widget-text-editor\" data-id=\"19ab6a0\" data-element_type=\"widget\" data-e-type=\"widget\" data-widget_type=\"text-editor.default\">\n\t\t\t\t<div class=\"elementor-widget-container\">\n\t\t\t\t\t\t\t\t\t<h4 style=\"text-align: left;\">\u00a0<\/h4><h3 style=\"text-align: left;\"><strong><span style=\"color: #184772;\">Le projet HOPE est financ\u00e9 par l&#8217;Union Europ\u00e9enne<\/span><\/strong><\/h3>\t\t\t\t\t\t\t\t<\/div>\n\t\t\t\t<\/div>\n\t\t\t\t<\/div>\n\t\t\t\t<\/div>\n\t\t<div class=\"elementor-element elementor-element-6baf158b e-flex e-con-boxed e-con e-parent\" data-id=\"6baf158b\" data-element_type=\"container\" data-e-type=\"container\">\n\t\t\t\t\t<div class=\"e-con-inner\">\n\t\t\t\t<div class=\"elementor-element elementor-element-1da87d89 elementor-widget elementor-widget-heading\" data-id=\"1da87d89\" data-element_type=\"widget\" data-e-type=\"widget\" data-widget_type=\"heading.default\">\n\t\t\t\t<div class=\"elementor-widget-container\">\n\t\t\t\t\t<span class=\"elementor-heading-title elementor-size-default\">Partager sur :<\/span>\t\t\t\t<\/div>\n\t\t\t\t<\/div>\n\t\t\t\t<div class=\"elementor-element elementor-element-3ec165e5 elementor-share-buttons--view-icon elementor-share-buttons--shape-circle elementor-widget__width-auto elementor-share-buttons--skin-gradient elementor-grid-0 elementor-share-buttons--color-official elementor-widget elementor-widget-share-buttons\" data-id=\"3ec165e5\" data-element_type=\"widget\" data-e-type=\"widget\" data-settings=\"{&quot;share_url&quot;:{&quot;url&quot;:&quot;&quot;,&quot;is_external&quot;:&quot;&quot;,&quot;nofollow&quot;:&quot;&quot;,&quot;custom_attributes&quot;:&quot;&quot;}}\" data-widget_type=\"share-buttons.default\">\n\t\t\t\t<div class=\"elementor-widget-container\">\n\t\t\t\t\t\t\t<div class=\"elementor-grid\" role=\"list\">\n\t\t\t\t\t\t\t\t<div class=\"elementor-grid-item\" role=\"listitem\">\n\t\t\t\t\t\t<div class=\"elementor-share-btn elementor-share-btn_facebook\" role=\"button\" tabindex=\"0\" aria-label=\"Share on facebook\">\n\t\t\t\t\t\t\t\t\t\t\t\t\t\t\t<span class=\"elementor-share-btn__icon\">\n\t\t\t\t\t\t\t\t<svg aria-hidden=\"true\" class=\"e-font-icon-svg e-fab-facebook\" viewBox=\"0 0 512 512\" xmlns=\"http:\/\/www.w3.org\/2000\/svg\"><path d=\"M504 256C504 119 393 8 256 8S8 119 8 256c0 123.78 90.69 226.38 209.25 245V327.69h-63V256h63v-54.64c0-62.15 37-96.48 93.67-96.48 27.14 0 55.52 4.84 55.52 4.84v61h-31.28c-30.8 0-40.41 19.12-40.41 38.73V256h68.78l-11 71.69h-57.78V501C413.31 482.38 504 379.78 504 256z\"><\/path><\/svg>\t\t\t\t\t\t\t<\/span>\n\t\t\t\t\t\t\t\t\t\t\t\t\t\t\t\t\t\t\t\t<\/div>\n\t\t\t\t\t<\/div>\n\t\t\t\t\t\t\t\t\t<div class=\"elementor-grid-item\" role=\"listitem\">\n\t\t\t\t\t\t<div class=\"elementor-share-btn elementor-share-btn_twitter\" role=\"button\" tabindex=\"0\" aria-label=\"Share on twitter\">\n\t\t\t\t\t\t\t\t\t\t\t\t\t\t\t<span class=\"elementor-share-btn__icon\">\n\t\t\t\t\t\t\t\t<svg aria-hidden=\"true\" class=\"e-font-icon-svg e-fab-twitter\" viewBox=\"0 0 512 512\" xmlns=\"http:\/\/www.w3.org\/2000\/svg\"><path d=\"M459.37 151.716c.325 4.548.325 9.097.325 13.645 0 138.72-105.583 298.558-298.558 298.558-59.452 0-114.68-17.219-161.137-47.106 8.447.974 16.568 1.299 25.34 1.299 49.055 0 94.213-16.568 130.274-44.832-46.132-.975-84.792-31.188-98.112-72.772 6.498.974 12.995 1.624 19.818 1.624 9.421 0 18.843-1.3 27.614-3.573-48.081-9.747-84.143-51.98-84.143-102.985v-1.299c13.969 7.797 30.214 12.67 47.431 13.319-28.264-18.843-46.781-51.005-46.781-87.391 0-19.492 5.197-37.36 14.294-52.954 51.655 63.675 129.3 105.258 216.365 109.807-1.624-7.797-2.599-15.918-2.599-24.04 0-57.828 46.782-104.934 104.934-104.934 30.213 0 57.502 12.67 76.67 33.137 23.715-4.548 46.456-13.32 66.599-25.34-7.798 24.366-24.366 44.833-46.132 57.827 21.117-2.273 41.584-8.122 60.426-16.243-14.292 20.791-32.161 39.308-52.628 54.253z\"><\/path><\/svg>\t\t\t\t\t\t\t<\/span>\n\t\t\t\t\t\t\t\t\t\t\t\t\t\t\t\t\t\t\t\t<\/div>\n\t\t\t\t\t<\/div>\n\t\t\t\t\t\t\t\t\t<div class=\"elementor-grid-item\" role=\"listitem\">\n\t\t\t\t\t\t<div class=\"elementor-share-btn elementor-share-btn_linkedin\" role=\"button\" tabindex=\"0\" aria-label=\"Share on linkedin\">\n\t\t\t\t\t\t\t\t\t\t\t\t\t\t\t<span class=\"elementor-share-btn__icon\">\n\t\t\t\t\t\t\t\t<svg aria-hidden=\"true\" class=\"e-font-icon-svg e-fab-linkedin\" viewBox=\"0 0 448 512\" xmlns=\"http:\/\/www.w3.org\/2000\/svg\"><path d=\"M416 32H31.9C14.3 32 0 46.5 0 64.3v383.4C0 465.5 14.3 480 31.9 480H416c17.6 0 32-14.5 32-32.3V64.3c0-17.8-14.4-32.3-32-32.3zM135.4 416H69V202.2h66.5V416zm-33.2-243c-21.3 0-38.5-17.3-38.5-38.5S80.9 96 102.2 96c21.2 0 38.5 17.3 38.5 38.5 0 21.3-17.2 38.5-38.5 38.5zm282.1 243h-66.4V312c0-24.8-.5-56.7-34.5-56.7-34.6 0-39.9 27-39.9 54.9V416h-66.4V202.2h63.7v29.2h.9c8.9-16.8 30.6-34.5 62.9-34.5 67.2 0 79.7 44.3 79.7 101.9V416z\"><\/path><\/svg>\t\t\t\t\t\t\t<\/span>\n\t\t\t\t\t\t\t\t\t\t\t\t\t\t\t\t\t\t\t\t<\/div>\n\t\t\t\t\t<\/div>\n\t\t\t\t\t\t\t\t\t<div class=\"elementor-grid-item\" role=\"listitem\">\n\t\t\t\t\t\t<div class=\"elementor-share-btn elementor-share-btn_whatsapp\" role=\"button\" tabindex=\"0\" aria-label=\"Share on whatsapp\">\n\t\t\t\t\t\t\t\t\t\t\t\t\t\t\t<span class=\"elementor-share-btn__icon\">\n\t\t\t\t\t\t\t\t<svg aria-hidden=\"true\" class=\"e-font-icon-svg e-fab-whatsapp\" viewBox=\"0 0 448 512\" xmlns=\"http:\/\/www.w3.org\/2000\/svg\"><path d=\"M380.9 97.1C339 55.1 283.2 32 223.9 32c-122.4 0-222 99.6-222 222 0 39.1 10.2 77.3 29.6 111L0 480l117.7-30.9c32.4 17.7 68.9 27 106.1 27h.1c122.3 0 224.1-99.6 224.1-222 0-59.3-25.2-115-67.1-157zm-157 341.6c-33.2 0-65.7-8.9-94-25.7l-6.7-4-69.8 18.3L72 359.2l-4.4-7c-18.5-29.4-28.2-63.3-28.2-98.2 0-101.7 82.8-184.5 184.6-184.5 49.3 0 95.6 19.2 130.4 54.1 34.8 34.9 56.2 81.2 56.1 130.5 0 101.8-84.9 184.6-186.6 184.6zm101.2-138.2c-5.5-2.8-32.8-16.2-37.9-18-5.1-1.9-8.8-2.8-12.5 2.8-3.7 5.6-14.3 18-17.6 21.8-3.2 3.7-6.5 4.2-12 1.4-32.6-16.3-54-29.1-75.5-66-5.7-9.8 5.7-9.1 16.3-30.3 1.8-3.7.9-6.9-.5-9.7-1.4-2.8-12.5-30.1-17.1-41.2-4.5-10.8-9.1-9.3-12.5-9.5-3.2-.2-6.9-.2-10.6-.2-3.7 0-9.7 1.4-14.8 6.9-5.1 5.6-19.4 19-19.4 46.3 0 27.3 19.9 53.7 22.6 57.4 2.8 3.7 39.1 59.7 94.8 83.8 35.2 15.2 49 16.5 66.6 13.9 10.7-1.6 32.8-13.4 37.4-26.4 4.6-13 4.6-24.1 3.2-26.4-1.3-2.5-5-3.9-10.5-6.6z\"><\/path><\/svg>\t\t\t\t\t\t\t<\/span>\n\t\t\t\t\t\t\t\t\t\t\t\t\t\t\t\t\t\t\t\t<\/div>\n\t\t\t\t\t<\/div>\n\t\t\t\t\t\t<\/div>\n\t\t\t\t\t\t<\/div>\n\t\t\t\t<\/div>\n\t\t\t\t\t<\/div>\n\t\t\t\t<\/div>\n\t\t\t\t<\/div>\n\t\t","protected":false},"excerpt":{"rendered":"<p>De la cellule unique \u00e0 l&#8217;\u00e9cosyst\u00e8mePI : Sophie Bonnet L&#8217;ambition de HOPE est d&#8217;\u00e9tudier le r\u00f4le de nos oc\u00e9ans tropicaux et subtropicaux dans la s\u00e9questration du carbone, en utilisant des [&hellip;]<\/p>\n","protected":false},"author":319,"featured_media":4489,"parent":13497,"menu_order":0,"comment_status":"closed","ping_status":"closed","template":"","meta":{"_acf_changed":false,"footnotes":""},"class_list":["post-15491","page","type-page","status-publish","has-post-thumbnail","hentry"],"acf":[],"_links":{"self":[{"href":"https:\/\/www.mio.osupytheas.fr\/en\/wp-json\/wp\/v2\/pages\/15491","targetHints":{"allow":["GET"]}}],"collection":[{"href":"https:\/\/www.mio.osupytheas.fr\/en\/wp-json\/wp\/v2\/pages"}],"about":[{"href":"https:\/\/www.mio.osupytheas.fr\/en\/wp-json\/wp\/v2\/types\/page"}],"author":[{"embeddable":true,"href":"https:\/\/www.mio.osupytheas.fr\/en\/wp-json\/wp\/v2\/users\/319"}],"replies":[{"embeddable":true,"href":"https:\/\/www.mio.osupytheas.fr\/en\/wp-json\/wp\/v2\/comments?post=15491"}],"version-history":[{"count":106,"href":"https:\/\/www.mio.osupytheas.fr\/en\/wp-json\/wp\/v2\/pages\/15491\/revisions"}],"predecessor-version":[{"id":18418,"href":"https:\/\/www.mio.osupytheas.fr\/en\/wp-json\/wp\/v2\/pages\/15491\/revisions\/18418"}],"up":[{"embeddable":true,"href":"https:\/\/www.mio.osupytheas.fr\/en\/wp-json\/wp\/v2\/pages\/13497"}],"wp:featuredmedia":[{"embeddable":true,"href":"https:\/\/www.mio.osupytheas.fr\/en\/wp-json\/wp\/v2\/media\/4489"}],"wp:attachment":[{"href":"https:\/\/www.mio.osupytheas.fr\/en\/wp-json\/wp\/v2\/media?parent=15491"}],"curies":[{"name":"wp","href":"https:\/\/api.w.org\/{rel}","templated":true}]}}