{"id":15824,"date":"2024-10-25T02:39:16","date_gmt":"2024-10-25T00:39:16","guid":{"rendered":"https:\/\/www.mio.osupytheas.fr\/?page_id=15824"},"modified":"2025-01-24T12:49:09","modified_gmt":"2025-01-24T11:49:09","slug":"science-festival-2024-marseille","status":"publish","type":"page","link":"https:\/\/www.mio.osupytheas.fr\/en\/production\/mediation-scientifique\/fetes-de-la-science\/fete-de-la-science-2024-marseille\/","title":{"rendered":"F\u00eate de la Science 2024 - Marseille"},"content":{"rendered":"\t\t<div data-elementor-type=\"wp-page\" data-elementor-id=\"15824\" class=\"elementor elementor-15824\" data-elementor-post-type=\"page\">\n\t\t\t\t<div class=\"elementor-element elementor-element-3b3c611a e-flex e-con-boxed e-con e-parent\" data-id=\"3b3c611a\" data-element_type=\"container\" data-e-type=\"container\" data-settings=\"{&quot;background_background&quot;:&quot;classic&quot;}\">\n\t\t\t\t\t<div class=\"e-con-inner\">\n\t\t<div class=\"elementor-element elementor-element-3a72f408 e-flex e-con-boxed e-con e-child\" data-id=\"3a72f408\" data-element_type=\"container\" data-e-type=\"container\">\n\t\t\t\t\t<div class=\"e-con-inner\">\n\t\t\t\t<div class=\"elementor-element elementor-element-3dbacf1e elementor-widget__width-initial elementor-widget elementor-widget-theme-post-title elementor-page-title elementor-widget-heading\" data-id=\"3dbacf1e\" data-element_type=\"widget\" data-e-type=\"widget\" data-widget_type=\"theme-post-title.default\">\n\t\t\t\t<div class=\"elementor-widget-container\">\n\t\t\t\t\t<h1 class=\"elementor-heading-title elementor-size-default\">F\u00eate de la Science 2024 \u2013 Marseille<\/h1>\t\t\t\t<\/div>\n\t\t\t\t<\/div>\n\t\t\t\t<div class=\"elementor-element elementor-element-56790880 elementor-widget__width-initial breadcrumb elementor-widget elementor-widget-shortcode\" data-id=\"56790880\" data-element_type=\"widget\" data-e-type=\"widget\" data-widget_type=\"shortcode.default\">\n\t\t\t\t<div class=\"elementor-widget-container\">\n\t\t\t\t\t\t\t<div class=\"elementor-shortcode\"><nav aria-label=\"breadcrumbs\">\n            <div class=\"breadcrumb-container theme1\">\n                <ol>\n                                    <\/ol>\n            <\/div>\n        <\/nav>    <script type=\"application\/ld+json\">\n        {\n            \"@context\": \"http:\/\/schema.org\",\n            \"@type\": \"BreadcrumbList\",\n            \"itemListElement\": [\n                            ]\n        }\n    <\/script>\n   \n    <script>\n            <\/script>\n <\/div>\n\t\t\t\t\t\t<\/div>\n\t\t\t\t<\/div>\n\t\t\t\t\t<\/div>\n\t\t\t\t<\/div>\n\t\t\t\t\t<\/div>\n\t\t\t\t<\/div>\n\t\t<div class=\"elementor-element elementor-element-1ee8c0c e-flex e-con-boxed e-con e-parent\" data-id=\"1ee8c0c\" data-element_type=\"container\" data-e-type=\"container\">\n\t\t\t\t\t<div class=\"e-con-inner\">\n\t\t\t\t<div class=\"elementor-element elementor-element-8906fdc elementor-widget elementor-widget-heading\" data-id=\"8906fdc\" data-element_type=\"widget\" data-e-type=\"widget\" data-widget_type=\"heading.default\">\n\t\t\t\t<div class=\"elementor-widget-container\">\n\t\t\t\t\t<h2 class=\"elementor-heading-title elementor-size-default\">Le MIO pr\u00e9sentait neuf ateliers, des interviews et une conf\u00e9rence\nau Festival des Sciences de Marseille\nles 11, 12 et 13 octobre 2024<\/h2>\t\t\t\t<\/div>\n\t\t\t\t<\/div>\n\t\t\t\t\t<\/div>\n\t\t\t\t<\/div>\n\t\t<div class=\"elementor-element elementor-element-d8019c4 e-flex e-con-boxed e-con e-parent\" data-id=\"d8019c4\" data-element_type=\"container\" data-e-type=\"container\">\n\t\t\t\t\t<div class=\"e-con-inner\">\n\t\t\t\t<div class=\"elementor-element elementor-element-2ef6a85 elementor-widget elementor-widget-image\" data-id=\"2ef6a85\" data-element_type=\"widget\" data-e-type=\"widget\" data-widget_type=\"image.default\">\n\t\t\t\t<div class=\"elementor-widget-container\">\n\t\t\t\t\t\t\t\t\t\t\t\t\t\t\t<img fetchpriority=\"high\" decoding=\"async\" width=\"1780\" height=\"768\" src=\"https:\/\/www.mio.osupytheas.fr\/wp-content\/uploads\/2024\/10\/fds24-visuels-site-header-jpg-2174-1.jpg\" class=\"attachment-2048x2048 size-2048x2048 wp-image-15954\" alt=\"FDS 2024 - OCEAN DE SAVOIR\" srcset=\"https:\/\/www.mio.osupytheas.fr\/wp-content\/uploads\/2024\/10\/fds24-visuels-site-header-jpg-2174-1.jpg 1780w, https:\/\/www.mio.osupytheas.fr\/wp-content\/uploads\/2024\/10\/fds24-visuels-site-header-jpg-2174-1-300x129.jpg 300w, https:\/\/www.mio.osupytheas.fr\/wp-content\/uploads\/2024\/10\/fds24-visuels-site-header-jpg-2174-1-1024x442.jpg 1024w, https:\/\/www.mio.osupytheas.fr\/wp-content\/uploads\/2024\/10\/fds24-visuels-site-header-jpg-2174-1-768x331.jpg 768w, https:\/\/www.mio.osupytheas.fr\/wp-content\/uploads\/2024\/10\/fds24-visuels-site-header-jpg-2174-1-1536x663.jpg 1536w, https:\/\/www.mio.osupytheas.fr\/wp-content\/uploads\/2024\/10\/fds24-visuels-site-header-jpg-2174-1-18x8.jpg 18w, https:\/\/www.mio.osupytheas.fr\/wp-content\/uploads\/2024\/10\/fds24-visuels-site-header-jpg-2174-1-1320x570.jpg 1320w\" sizes=\"(max-width: 1780px) 100vw, 1780px\" \/>\t\t\t\t\t\t\t\t\t\t\t\t\t\t\t<\/div>\n\t\t\t\t<\/div>\n\t\t\t\t\t<\/div>\n\t\t\t\t<\/div>\n\t\t<div class=\"elementor-element elementor-element-6f8726e e-flex e-con-boxed e-con e-parent\" data-id=\"6f8726e\" data-element_type=\"container\" data-e-type=\"container\">\n\t\t\t\t\t<div class=\"e-con-inner\">\n\t\t\t\t<div class=\"elementor-element elementor-element-cda8047 elementor-align-justify elementor-widget elementor-widget-button\" data-id=\"cda8047\" data-element_type=\"widget\" data-e-type=\"widget\" data-widget_type=\"button.default\">\n\t\t\t\t<div class=\"elementor-widget-container\">\n\t\t\t\t\t\t\t\t\t<div class=\"elementor-button-wrapper\">\n\t\t\t\t\t<a class=\"elementor-button elementor-button-link elementor-size-sm\" href=\"https:\/\/www.mio.osupytheas.fr\/production\/mediation-scientifique\/fetes-de-la-science\/fete-de-la-science-2024-marseille\/fete-de-la-science-2024-nos-stands\/\">\n\t\t\t\t\t\t<span class=\"elementor-button-content-wrapper\">\n\t\t\t\t\t\t\t\t\t<span class=\"elementor-button-text\">Les photos de nos stands !<\/span>\n\t\t\t\t\t<\/span>\n\t\t\t\t\t<\/a>\n\t\t\t\t<\/div>\n\t\t\t\t\t\t\t\t<\/div>\n\t\t\t\t<\/div>\n\t\t\t\t\t<\/div>\n\t\t\t\t<\/div>\n\t\t<div class=\"elementor-element elementor-element-d91c30e e-flex e-con-boxed e-con e-parent\" data-id=\"d91c30e\" data-element_type=\"container\" data-e-type=\"container\" data-settings=\"{&quot;background_background&quot;:&quot;classic&quot;}\">\n\t\t\t\t\t<div class=\"e-con-inner\">\n\t\t\t\t<div class=\"elementor-element elementor-element-214bcee elementor-widget elementor-widget-heading\" data-id=\"214bcee\" data-element_type=\"widget\" data-e-type=\"widget\" data-widget_type=\"heading.default\">\n\t\t\t\t<div class=\"elementor-widget-container\">\n\t\t\t\t\t<h2 class=\"elementor-heading-title elementor-size-default\">Interview en live Radio Grenouille - Samedi 12 octobre 2024<\/h2>\t\t\t\t<\/div>\n\t\t\t\t<\/div>\n\t\t\t\t<div class=\"elementor-element elementor-element-31d6238 elementor-widget elementor-widget-text-editor\" data-id=\"31d6238\" data-element_type=\"widget\" data-e-type=\"widget\" data-widget_type=\"text-editor.default\">\n\t\t\t\t<div class=\"elementor-widget-container\">\n\t\t\t\t\t\t\t\t\t<h4 style=\"text-align: justify;\"><a href=\"https:\/\/www.radiogrenouille.com\/tous-les-episodes\/la-fete-de-la-science-2024-oceans-de-savoirs\/\" target=\"_blank\" rel=\"noopener\"><strong>Oc\u00e9an de savoir \u2013 En direct de la F\u00eate de la Science 2024<\/strong><\/a><\/h4><p style=\"text-align: justify;\">Radio Grenouille \u00e9tait pr\u00e9sent au Festival des Sciences de Marseille pour un <a href=\"https:\/\/www.radiogrenouille.com\/tous-les-episodes\/la-fete-de-la-science-2024-oceans-de-savoirs\/\" target=\"_blank\" rel=\"noopener\">plateau en direct, diffus\u00e9 depuis la place Bargemon <\/a>! Cette \u00e9dition, autour du th\u00e8me \u00ab Oc\u00e9an de savoir \u00bb, a permis de plonger dans les profondeurs marines et d\u2019explorer les recherches passionnantes qui s\u2019y rapportent.<\/p><p style=\"text-align: justify;\">La Grenouille a r\u00e9uni des scientifiques et experts pour aborder la recherche oc\u00e9anographique, la m\u00e9diation scientifique et les d\u00e9fis de la biodiversit\u00e9 marine.<\/p><p style=\"text-align: justify;\">Le MIO et l&#8217;OSU Pyth\u00e9as y ont particip\u00e9 activement :<\/p><p style=\"text-align: justify;\">\u2013 (A partir de 10&#8217;14&#8221;) Daniela Banaru (MIO) et Sophie Gambardella (CNRS) ont expliqu\u00e9 leur r\u00f4le d\u2019ambassadrices pour la F\u00eate de la Science et partag\u00e9 leurs recherches sur la biodiversit\u00e9 marine et les enjeux li\u00e9s \u00e0 la pr\u00e9servation des oc\u00e9ans.<\/p><p style=\"text-align: justify;\">\u2013 (A partir de 37&#8217;38&#8221;) Nous avons explor\u00e9 les m\u00e9thodes de recherche marine avec l\u2019atelier \u00ab Dans la peau des oc\u00e9anologues \u00bb de l\u2019OSU Pytheas avec les chercheuses Sandrine Ruitton (MIO) et Delphine Thibaut (MIO), ainsi que les \u00e9tudiants en m\u00e9diation scientifique : Lola Inghels, Xavier Goedert, et Morgane Delacour. Ils ont partag\u00e9 leur travail sur l\u2019impact des activit\u00e9s humaines sur les milieux marins.<\/p><h6 style=\"text-align: justify;\">R\u00e9alisation : Alexandre \u00ab Papi \u00bb Simonini <br \/>Animation : Antoine Sourrieu<\/h6>\t\t\t\t\t\t\t\t<\/div>\n\t\t\t\t<\/div>\n\t\t\t\t\t<\/div>\n\t\t\t\t<\/div>\n\t\t<div class=\"elementor-element elementor-element-0b1431f e-flex e-con-boxed e-con e-parent\" data-id=\"0b1431f\" data-element_type=\"container\" data-e-type=\"container\" data-settings=\"{&quot;background_background&quot;:&quot;classic&quot;}\">\n\t\t\t\t\t<div class=\"e-con-inner\">\n\t\t\t\t<div class=\"elementor-element elementor-element-65b11ad elementor-widget elementor-widget-gallery\" data-id=\"65b11ad\" data-element_type=\"widget\" data-e-type=\"widget\" data-settings=\"{&quot;lazyload&quot;:&quot;yes&quot;,&quot;gallery_layout&quot;:&quot;grid&quot;,&quot;columns&quot;:4,&quot;columns_tablet&quot;:2,&quot;columns_mobile&quot;:1,&quot;gap&quot;:{&quot;unit&quot;:&quot;px&quot;,&quot;size&quot;:10,&quot;sizes&quot;:[]},&quot;gap_laptop&quot;:{&quot;unit&quot;:&quot;px&quot;,&quot;size&quot;:10,&quot;sizes&quot;:[]},&quot;gap_tablet&quot;:{&quot;unit&quot;:&quot;px&quot;,&quot;size&quot;:10,&quot;sizes&quot;:[]},&quot;gap_mobile&quot;:{&quot;unit&quot;:&quot;px&quot;,&quot;size&quot;:10,&quot;sizes&quot;:[]},&quot;link_to&quot;:&quot;file&quot;,&quot;aspect_ratio&quot;:&quot;3:2&quot;,&quot;overlay_background&quot;:&quot;yes&quot;,&quot;content_hover_animation&quot;:&quot;fade-in&quot;}\" data-widget_type=\"gallery.default\">\n\t\t\t\t<div class=\"elementor-widget-container\">\n\t\t\t\t\t\t\t<div class=\"elementor-gallery__container\">\n\t\t\t\t\t\t\t<a class=\"e-gallery-item elementor-gallery-item elementor-animated-content\" href=\"https:\/\/www.mio.osupytheas.fr\/wp-content\/uploads\/2024\/10\/FDS2023PFFDS2024_141.jpg\" data-elementor-open-lightbox=\"yes\" data-elementor-lightbox-slideshow=\"65b11ad\" data-elementor-lightbox-title=\"Daniela Banaru\" data-elementor-lightbox-description=\"Festival des Sciences 2024 - Interview Radio Grenouille\" data-e-action-hash=\"#elementor-action%3Aaction%3Dlightbox%26settings%3DeyJpZCI6MTYwNDcsInVybCI6Imh0dHBzOlwvXC93d3cubWlvLm9zdXB5dGhlYXMuZnJcL3dwLWNvbnRlbnRcL3VwbG9hZHNcLzIwMjRcLzEwXC9GRFMyMDIzUEZGRFMyMDI0XzE0MS5qcGciLCJzbGlkZXNob3ciOiI2NWIxMWFkIn0%3D\">\n\t\t\t\t\t<div class=\"e-gallery-image elementor-gallery-item__image\" data-thumbnail=\"https:\/\/www.mio.osupytheas.fr\/wp-content\/uploads\/2024\/10\/FDS2023PFFDS2024_141-300x225.jpg\" data-width=\"300\" data-height=\"225\" aria-label=\"Festival des Sciences 2024 - Interview Radio Grenouille\" role=\"img\" ><\/div>\n\t\t\t\t\t\t\t\t\t\t\t<div class=\"elementor-gallery-item__overlay\"><\/div>\n\t\t\t\t\t\t\t\t\t\t\t\t\t\t<\/a>\n\t\t\t\t\t\t\t<a class=\"e-gallery-item elementor-gallery-item elementor-animated-content\" href=\"https:\/\/www.mio.osupytheas.fr\/wp-content\/uploads\/2024\/10\/FDS2023PFFDS2024_137.jpg\" data-elementor-open-lightbox=\"yes\" data-elementor-lightbox-slideshow=\"65b11ad\" data-elementor-lightbox-title=\"Daniela Banaru &amp; Sophie Gambardella\" data-elementor-lightbox-description=\"Festival des Sciences 2024 - Interview Radio Grenouille\" data-e-action-hash=\"#elementor-action%3Aaction%3Dlightbox%26settings%3DeyJpZCI6MTYwNDMsInVybCI6Imh0dHBzOlwvXC93d3cubWlvLm9zdXB5dGhlYXMuZnJcL3dwLWNvbnRlbnRcL3VwbG9hZHNcLzIwMjRcLzEwXC9GRFMyMDIzUEZGRFMyMDI0XzEzNy5qcGciLCJzbGlkZXNob3ciOiI2NWIxMWFkIn0%3D\">\n\t\t\t\t\t<div class=\"e-gallery-image elementor-gallery-item__image\" data-thumbnail=\"https:\/\/www.mio.osupytheas.fr\/wp-content\/uploads\/2024\/10\/FDS2023PFFDS2024_137-300x225.jpg\" data-width=\"300\" data-height=\"225\" aria-label=\"Festival des Sciences 2024 - Interview Radio Grenouille\" role=\"img\" ><\/div>\n\t\t\t\t\t\t\t\t\t\t\t<div class=\"elementor-gallery-item__overlay\"><\/div>\n\t\t\t\t\t\t\t\t\t\t\t\t\t\t<\/a>\n\t\t\t\t\t\t\t<a class=\"e-gallery-item elementor-gallery-item elementor-animated-content\" href=\"https:\/\/www.mio.osupytheas.fr\/wp-content\/uploads\/2024\/10\/FDS2024_62.jpg\" data-elementor-open-lightbox=\"yes\" data-elementor-lightbox-slideshow=\"65b11ad\" data-elementor-lightbox-title=\"Sandrine Ruitton, Delphine Thibault &amp; les \u00e9tudiants en m\u00e9diation scientifique\" data-elementor-lightbox-description=\"Festival des Sciences 2024 - Interview Radio Grenouille\" data-e-action-hash=\"#elementor-action%3Aaction%3Dlightbox%26settings%3DeyJpZCI6MTY0MzEsInVybCI6Imh0dHBzOlwvXC93d3cubWlvLm9zdXB5dGhlYXMuZnJcL3dwLWNvbnRlbnRcL3VwbG9hZHNcLzIwMjRcLzEwXC9GRFMyMDI0XzYyLmpwZyIsInNsaWRlc2hvdyI6IjY1YjExYWQifQ%3D%3D\">\n\t\t\t\t\t<div class=\"e-gallery-image elementor-gallery-item__image\" data-thumbnail=\"https:\/\/www.mio.osupytheas.fr\/wp-content\/uploads\/2024\/10\/FDS2024_62-300x225.jpg\" data-width=\"300\" data-height=\"225\" aria-label=\"Festival des Sciences 2024 - Interview Radio Grenouille\" role=\"img\" ><\/div>\n\t\t\t\t\t\t\t\t\t\t\t<div class=\"elementor-gallery-item__overlay\"><\/div>\n\t\t\t\t\t\t\t\t\t\t\t\t\t\t<\/a>\n\t\t\t\t\t\t\t<a class=\"e-gallery-item elementor-gallery-item elementor-animated-content\" href=\"https:\/\/www.mio.osupytheas.fr\/wp-content\/uploads\/2024\/10\/FDS2024_391.jpg\" data-elementor-open-lightbox=\"yes\" data-elementor-lightbox-slideshow=\"65b11ad\" data-elementor-lightbox-title=\"Sandrine Ruitton, Delphine Thibault &amp; les \u00e9tudiants en m\u00e9diation scientifique\" data-elementor-lightbox-description=\"Festival des Sciences 2024 - Interview Radio Grenouille\" data-e-action-hash=\"#elementor-action%3Aaction%3Dlightbox%26settings%3DeyJpZCI6MTY0MzIsInVybCI6Imh0dHBzOlwvXC93d3cubWlvLm9zdXB5dGhlYXMuZnJcL3dwLWNvbnRlbnRcL3VwbG9hZHNcLzIwMjRcLzEwXC9GRFMyMDI0XzM5MS5qcGciLCJzbGlkZXNob3ciOiI2NWIxMWFkIn0%3D\">\n\t\t\t\t\t<div class=\"e-gallery-image elementor-gallery-item__image\" data-thumbnail=\"https:\/\/www.mio.osupytheas.fr\/wp-content\/uploads\/2024\/10\/FDS2024_391-300x225.jpg\" data-width=\"300\" data-height=\"225\" aria-label=\"Festival des Sciences 2024 - Interview Radio Grenouille\" role=\"img\" ><\/div>\n\t\t\t\t\t\t\t\t\t\t\t<div class=\"elementor-gallery-item__overlay\"><\/div>\n\t\t\t\t\t\t\t\t\t\t\t\t\t\t<\/a>\n\t\t\t\t\t<\/div>\n\t\t\t\t\t<\/div>\n\t\t\t\t<\/div>\n\t\t\t\t\t<\/div>\n\t\t\t\t<\/div>\n\t\t<div class=\"elementor-element elementor-element-04b6c6f e-flex e-con-boxed e-con e-parent\" data-id=\"04b6c6f\" data-element_type=\"container\" data-e-type=\"container\" data-settings=\"{&quot;background_background&quot;:&quot;classic&quot;}\">\n\t\t\t\t\t<div class=\"e-con-inner\">\n\t\t\t\t<div class=\"elementor-element elementor-element-ebcfbfa elementor-widget elementor-widget-heading\" data-id=\"ebcfbfa\" data-element_type=\"widget\" data-e-type=\"widget\" data-widget_type=\"heading.default\">\n\t\t\t\t<div class=\"elementor-widget-container\">\n\t\t\t\t\t<h2 class=\"elementor-heading-title elementor-size-default\">Conf\u00e9rence de Daniela Banaru - Evolution de la p\u00eache et des ressources de la mer : quelles solutions pour une gestion durable ?<\/h2>\t\t\t\t<\/div>\n\t\t\t\t<\/div>\n\t\t\t\t\t<\/div>\n\t\t\t\t<\/div>\n\t\t<div class=\"elementor-element elementor-element-9b1cd11 e-flex e-con-boxed e-con e-parent\" data-id=\"9b1cd11\" data-element_type=\"container\" data-e-type=\"container\" data-settings=\"{&quot;background_background&quot;:&quot;classic&quot;}\">\n\t\t\t\t\t<div class=\"e-con-inner\">\n\t\t\t\t<div class=\"elementor-element elementor-element-80f8ef7 elementor-widget elementor-widget-video\" data-id=\"80f8ef7\" data-element_type=\"widget\" data-e-type=\"widget\" data-settings=\"{&quot;youtube_url&quot;:&quot;https:\\\/\\\/youtu.be\\\/3la66HM-l_Y&quot;,&quot;video_type&quot;:&quot;youtube&quot;,&quot;controls&quot;:&quot;yes&quot;}\" data-widget_type=\"video.default\">\n\t\t\t\t<div class=\"elementor-widget-container\">\n\t\t\t\t\t\t\t<div class=\"elementor-wrapper elementor-open-inline\">\n\t\t\t<div class=\"elementor-video\"><\/div>\t\t<\/div>\n\t\t\t\t\t\t<\/div>\n\t\t\t\t<\/div>\n\t\t\t\t\t<\/div>\n\t\t\t\t<\/div>\n\t\t<div class=\"elementor-element elementor-element-212a613 e-flex e-con-boxed e-con e-parent\" data-id=\"212a613\" data-element_type=\"container\" data-e-type=\"container\">\n\t\t\t\t\t<div class=\"e-con-inner\">\n\t\t\t\t<div class=\"elementor-element elementor-element-63e1628c elementor-widget elementor-widget-heading\" data-id=\"63e1628c\" data-element_type=\"widget\" data-e-type=\"widget\" data-widget_type=\"heading.default\">\n\t\t\t\t<div class=\"elementor-widget-container\">\n\t\t\t\t\t<span class=\"elementor-heading-title elementor-size-default\">Partager sur :<\/span>\t\t\t\t<\/div>\n\t\t\t\t<\/div>\n\t\t\t\t<div class=\"elementor-element elementor-element-2e6e4716 elementor-share-buttons--view-icon elementor-share-buttons--shape-circle elementor-widget__width-auto elementor-share-buttons--skin-gradient elementor-grid-0 elementor-share-buttons--color-official elementor-widget elementor-widget-share-buttons\" data-id=\"2e6e4716\" data-element_type=\"widget\" data-e-type=\"widget\" data-settings=\"{&quot;share_url&quot;:{&quot;url&quot;:&quot;&quot;,&quot;is_external&quot;:&quot;&quot;,&quot;nofollow&quot;:&quot;&quot;,&quot;custom_attributes&quot;:&quot;&quot;}}\" data-widget_type=\"share-buttons.default\">\n\t\t\t\t<div class=\"elementor-widget-container\">\n\t\t\t\t\t\t\t<div class=\"elementor-grid\" role=\"list\">\n\t\t\t\t\t\t\t\t<div class=\"elementor-grid-item\" role=\"listitem\">\n\t\t\t\t\t\t<div class=\"elementor-share-btn elementor-share-btn_facebook\" role=\"button\" tabindex=\"0\" aria-label=\"Share on facebook\">\n\t\t\t\t\t\t\t\t\t\t\t\t\t\t\t<span class=\"elementor-share-btn__icon\">\n\t\t\t\t\t\t\t\t<svg aria-hidden=\"true\" class=\"e-font-icon-svg e-fab-facebook\" viewBox=\"0 0 512 512\" xmlns=\"http:\/\/www.w3.org\/2000\/svg\"><path d=\"M504 256C504 119 393 8 256 8S8 119 8 256c0 123.78 90.69 226.38 209.25 245V327.69h-63V256h63v-54.64c0-62.15 37-96.48 93.67-96.48 27.14 0 55.52 4.84 55.52 4.84v61h-31.28c-30.8 0-40.41 19.12-40.41 38.73V256h68.78l-11 71.69h-57.78V501C413.31 482.38 504 379.78 504 256z\"><\/path><\/svg>\t\t\t\t\t\t\t<\/span>\n\t\t\t\t\t\t\t\t\t\t\t\t\t\t\t\t\t\t\t\t<\/div>\n\t\t\t\t\t<\/div>\n\t\t\t\t\t\t\t\t\t<div class=\"elementor-grid-item\" role=\"listitem\">\n\t\t\t\t\t\t<div class=\"elementor-share-btn elementor-share-btn_twitter\" role=\"button\" tabindex=\"0\" aria-label=\"Share on twitter\">\n\t\t\t\t\t\t\t\t\t\t\t\t\t\t\t<span class=\"elementor-share-btn__icon\">\n\t\t\t\t\t\t\t\t<svg aria-hidden=\"true\" class=\"e-font-icon-svg e-fab-twitter\" viewBox=\"0 0 512 512\" xmlns=\"http:\/\/www.w3.org\/2000\/svg\"><path d=\"M459.37 151.716c.325 4.548.325 9.097.325 13.645 0 138.72-105.583 298.558-298.558 298.558-59.452 0-114.68-17.219-161.137-47.106 8.447.974 16.568 1.299 25.34 1.299 49.055 0 94.213-16.568 130.274-44.832-46.132-.975-84.792-31.188-98.112-72.772 6.498.974 12.995 1.624 19.818 1.624 9.421 0 18.843-1.3 27.614-3.573-48.081-9.747-84.143-51.98-84.143-102.985v-1.299c13.969 7.797 30.214 12.67 47.431 13.319-28.264-18.843-46.781-51.005-46.781-87.391 0-19.492 5.197-37.36 14.294-52.954 51.655 63.675 129.3 105.258 216.365 109.807-1.624-7.797-2.599-15.918-2.599-24.04 0-57.828 46.782-104.934 104.934-104.934 30.213 0 57.502 12.67 76.67 33.137 23.715-4.548 46.456-13.32 66.599-25.34-7.798 24.366-24.366 44.833-46.132 57.827 21.117-2.273 41.584-8.122 60.426-16.243-14.292 20.791-32.161 39.308-52.628 54.253z\"><\/path><\/svg>\t\t\t\t\t\t\t<\/span>\n\t\t\t\t\t\t\t\t\t\t\t\t\t\t\t\t\t\t\t\t<\/div>\n\t\t\t\t\t<\/div>\n\t\t\t\t\t\t\t\t\t<div class=\"elementor-grid-item\" role=\"listitem\">\n\t\t\t\t\t\t<div class=\"elementor-share-btn elementor-share-btn_linkedin\" role=\"button\" tabindex=\"0\" aria-label=\"Share on linkedin\">\n\t\t\t\t\t\t\t\t\t\t\t\t\t\t\t<span class=\"elementor-share-btn__icon\">\n\t\t\t\t\t\t\t\t<svg aria-hidden=\"true\" class=\"e-font-icon-svg e-fab-linkedin\" viewBox=\"0 0 448 512\" xmlns=\"http:\/\/www.w3.org\/2000\/svg\"><path d=\"M416 32H31.9C14.3 32 0 46.5 0 64.3v383.4C0 465.5 14.3 480 31.9 480H416c17.6 0 32-14.5 32-32.3V64.3c0-17.8-14.4-32.3-32-32.3zM135.4 416H69V202.2h66.5V416zm-33.2-243c-21.3 0-38.5-17.3-38.5-38.5S80.9 96 102.2 96c21.2 0 38.5 17.3 38.5 38.5 0 21.3-17.2 38.5-38.5 38.5zm282.1 243h-66.4V312c0-24.8-.5-56.7-34.5-56.7-34.6 0-39.9 27-39.9 54.9V416h-66.4V202.2h63.7v29.2h.9c8.9-16.8 30.6-34.5 62.9-34.5 67.2 0 79.7 44.3 79.7 101.9V416z\"><\/path><\/svg>\t\t\t\t\t\t\t<\/span>\n\t\t\t\t\t\t\t\t\t\t\t\t\t\t\t\t\t\t\t\t<\/div>\n\t\t\t\t\t<\/div>\n\t\t\t\t\t\t\t\t\t<div class=\"elementor-grid-item\" role=\"listitem\">\n\t\t\t\t\t\t<div class=\"elementor-share-btn elementor-share-btn_whatsapp\" role=\"button\" tabindex=\"0\" aria-label=\"Share on whatsapp\">\n\t\t\t\t\t\t\t\t\t\t\t\t\t\t\t<span class=\"elementor-share-btn__icon\">\n\t\t\t\t\t\t\t\t<svg aria-hidden=\"true\" class=\"e-font-icon-svg e-fab-whatsapp\" viewBox=\"0 0 448 512\" xmlns=\"http:\/\/www.w3.org\/2000\/svg\"><path d=\"M380.9 97.1C339 55.1 283.2 32 223.9 32c-122.4 0-222 99.6-222 222 0 39.1 10.2 77.3 29.6 111L0 480l117.7-30.9c32.4 17.7 68.9 27 106.1 27h.1c122.3 0 224.1-99.6 224.1-222 0-59.3-25.2-115-67.1-157zm-157 341.6c-33.2 0-65.7-8.9-94-25.7l-6.7-4-69.8 18.3L72 359.2l-4.4-7c-18.5-29.4-28.2-63.3-28.2-98.2 0-101.7 82.8-184.5 184.6-184.5 49.3 0 95.6 19.2 130.4 54.1 34.8 34.9 56.2 81.2 56.1 130.5 0 101.8-84.9 184.6-186.6 184.6zm101.2-138.2c-5.5-2.8-32.8-16.2-37.9-18-5.1-1.9-8.8-2.8-12.5 2.8-3.7 5.6-14.3 18-17.6 21.8-3.2 3.7-6.5 4.2-12 1.4-32.6-16.3-54-29.1-75.5-66-5.7-9.8 5.7-9.1 16.3-30.3 1.8-3.7.9-6.9-.5-9.7-1.4-2.8-12.5-30.1-17.1-41.2-4.5-10.8-9.1-9.3-12.5-9.5-3.2-.2-6.9-.2-10.6-.2-3.7 0-9.7 1.4-14.8 6.9-5.1 5.6-19.4 19-19.4 46.3 0 27.3 19.9 53.7 22.6 57.4 2.8 3.7 39.1 59.7 94.8 83.8 35.2 15.2 49 16.5 66.6 13.9 10.7-1.6 32.8-13.4 37.4-26.4 4.6-13 4.6-24.1 3.2-26.4-1.3-2.5-5-3.9-10.5-6.6z\"><\/path><\/svg>\t\t\t\t\t\t\t<\/span>\n\t\t\t\t\t\t\t\t\t\t\t\t\t\t\t\t\t\t\t\t<\/div>\n\t\t\t\t\t<\/div>\n\t\t\t\t\t\t<\/div>\n\t\t\t\t\t\t<\/div>\n\t\t\t\t<\/div>\n\t\t\t\t\t<\/div>\n\t\t\t\t<\/div>\n\t\t\t\t<\/div>\n\t\t","protected":false},"excerpt":{"rendered":"<p>Le MIO pr\u00e9sentait neuf ateliers, des interviews et une conf\u00e9rence au Festival des Sciences de Marseille les 11, 12 et 13 octobre 2024 Les photos de nos stands ! Interview [&hellip;]<\/p>\n","protected":false},"author":319,"featured_media":4489,"parent":15818,"menu_order":0,"comment_status":"closed","ping_status":"closed","template":"","meta":{"_acf_changed":false,"footnotes":""},"class_list":["post-15824","page","type-page","status-publish","has-post-thumbnail","hentry"],"acf":[],"_links":{"self":[{"href":"https:\/\/www.mio.osupytheas.fr\/en\/wp-json\/wp\/v2\/pages\/15824","targetHints":{"allow":["GET"]}}],"collection":[{"href":"https:\/\/www.mio.osupytheas.fr\/en\/wp-json\/wp\/v2\/pages"}],"about":[{"href":"https:\/\/www.mio.osupytheas.fr\/en\/wp-json\/wp\/v2\/types\/page"}],"author":[{"embeddable":true,"href":"https:\/\/www.mio.osupytheas.fr\/en\/wp-json\/wp\/v2\/users\/319"}],"replies":[{"embeddable":true,"href":"https:\/\/www.mio.osupytheas.fr\/en\/wp-json\/wp\/v2\/comments?post=15824"}],"version-history":[{"count":67,"href":"https:\/\/www.mio.osupytheas.fr\/en\/wp-json\/wp\/v2\/pages\/15824\/revisions"}],"predecessor-version":[{"id":18876,"href":"https:\/\/www.mio.osupytheas.fr\/en\/wp-json\/wp\/v2\/pages\/15824\/revisions\/18876"}],"up":[{"embeddable":true,"href":"https:\/\/www.mio.osupytheas.fr\/en\/wp-json\/wp\/v2\/pages\/15818"}],"wp:featuredmedia":[{"embeddable":true,"href":"https:\/\/www.mio.osupytheas.fr\/en\/wp-json\/wp\/v2\/media\/4489"}],"wp:attachment":[{"href":"https:\/\/www.mio.osupytheas.fr\/en\/wp-json\/wp\/v2\/media?parent=15824"}],"curies":[{"name":"wp","href":"https:\/\/api.w.org\/{rel}","templated":true}]}}