{"id":17824,"date":"2024-12-12T15:29:39","date_gmt":"2024-12-12T14:29:39","guid":{"rendered":"https:\/\/www.mio.osupytheas.fr\/?page_id=17824"},"modified":"2024-12-12T19:28:38","modified_gmt":"2024-12-12T18:28:38","slug":"radioactivity","status":"publish","type":"page","link":"https:\/\/www.mio.osupytheas.fr\/en\/recherche\/structures-techniques\/radioactivite\/","title":{"rendered":"Radioactivity"},"content":{"rendered":"\t\t<div data-elementor-type=\"wp-page\" data-elementor-id=\"17824\" class=\"elementor elementor-17824\" data-elementor-post-type=\"page\">\n\t\t\t\t<div class=\"elementor-element elementor-element-78211b96 e-flex e-con-boxed e-con e-parent\" data-id=\"78211b96\" data-element_type=\"container\" data-e-type=\"container\" data-settings=\"{&quot;background_background&quot;:&quot;classic&quot;}\">\n\t\t\t\t\t<div class=\"e-con-inner\">\n\t\t<div class=\"elementor-element elementor-element-3797a47e e-flex e-con-boxed e-con e-child\" data-id=\"3797a47e\" data-element_type=\"container\" data-e-type=\"container\">\n\t\t\t\t\t<div class=\"e-con-inner\">\n\t\t\t\t<div class=\"elementor-element elementor-element-35754654 elementor-widget__width-initial elementor-widget elementor-widget-theme-post-title elementor-page-title elementor-widget-heading\" data-id=\"35754654\" data-element_type=\"widget\" data-e-type=\"widget\" data-widget_type=\"theme-post-title.default\">\n\t\t\t\t<div class=\"elementor-widget-container\">\n\t\t\t\t\t<h1 class=\"elementor-heading-title elementor-size-default\">Radioactivit\u00e9<\/h1>\t\t\t\t<\/div>\n\t\t\t\t<\/div>\n\t\t\t\t<div class=\"elementor-element elementor-element-1a8d08d9 elementor-widget__width-initial breadcrumb elementor-widget elementor-widget-shortcode\" data-id=\"1a8d08d9\" data-element_type=\"widget\" data-e-type=\"widget\" data-widget_type=\"shortcode.default\">\n\t\t\t\t<div class=\"elementor-widget-container\">\n\t\t\t\t\t\t\t<div class=\"elementor-shortcode\"><nav aria-label=\"breadcrumbs\">\n            <div class=\"breadcrumb-container theme1\">\n                <ol>\n                                    <\/ol>\n            <\/div>\n        <\/nav>    <script type=\"application\/ld+json\">\n        {\n            \"@context\": \"http:\/\/schema.org\",\n            \"@type\": \"BreadcrumbList\",\n            \"itemListElement\": [\n                            ]\n        }\n    <\/script>\n   \n    <script>\n            <\/script>\n <\/div>\n\t\t\t\t\t\t<\/div>\n\t\t\t\t<\/div>\n\t\t\t\t\t<\/div>\n\t\t\t\t<\/div>\n\t\t\t\t\t<\/div>\n\t\t\t\t<\/div>\n\t\t<div class=\"elementor-element elementor-element-6fe6f84 e-flex e-con-boxed e-con e-parent\" data-id=\"6fe6f84\" data-element_type=\"container\" data-e-type=\"container\">\n\t\t\t\t\t<div class=\"e-con-inner\">\n\t\t<div class=\"elementor-element elementor-element-c60aa40 e-con-full e-flex e-con e-child\" data-id=\"c60aa40\" data-element_type=\"container\" data-e-type=\"container\">\n\t\t\t\t<div class=\"elementor-element elementor-element-6184b15 elementor-widget elementor-widget-image\" data-id=\"6184b15\" data-element_type=\"widget\" data-e-type=\"widget\" data-widget_type=\"image.default\">\n\t\t\t\t<div class=\"elementor-widget-container\">\n\t\t\t\t\t\t\t\t\t\t\t\t\t\t\t<img decoding=\"async\" width=\"187\" height=\"92\" src=\"https:\/\/www.mio.osupytheas.fr\/wp-content\/uploads\/2024\/12\/radioactivite1-187x92-1.jpg\" class=\"attachment-large size-large wp-image-17830\" alt=\"\" srcset=\"https:\/\/www.mio.osupytheas.fr\/wp-content\/uploads\/2024\/12\/radioactivite1-187x92-1.jpg 187w, https:\/\/www.mio.osupytheas.fr\/wp-content\/uploads\/2024\/12\/radioactivite1-187x92-1-18x9.jpg 18w\" sizes=\"(max-width: 187px) 100vw, 187px\" \/>\t\t\t\t\t\t\t\t\t\t\t\t\t\t\t<\/div>\n\t\t\t\t<\/div>\n\t\t\t\t<\/div>\n\t\t<div class=\"elementor-element elementor-element-2ade124 e-con-full e-flex e-con e-child\" data-id=\"2ade124\" data-element_type=\"container\" data-e-type=\"container\">\n\t\t\t\t<div class=\"elementor-element elementor-element-c48d869 elementor-widget elementor-widget-image\" data-id=\"c48d869\" data-element_type=\"widget\" data-e-type=\"widget\" data-widget_type=\"image.default\">\n\t\t\t\t<div class=\"elementor-widget-container\">\n\t\t\t\t\t\t\t\t\t\t\t\t\t\t\t<img decoding=\"async\" width=\"114\" height=\"116\" src=\"https:\/\/www.mio.osupytheas.fr\/wp-content\/uploads\/2024\/12\/radioactivite2.png\" class=\"attachment-large size-large wp-image-17829\" alt=\"\" srcset=\"https:\/\/www.mio.osupytheas.fr\/wp-content\/uploads\/2024\/12\/radioactivite2.png 114w, https:\/\/www.mio.osupytheas.fr\/wp-content\/uploads\/2024\/12\/radioactivite2-12x12.png 12w\" sizes=\"(max-width: 114px) 100vw, 114px\" \/>\t\t\t\t\t\t\t\t\t\t\t\t\t\t\t<\/div>\n\t\t\t\t<\/div>\n\t\t\t\t<\/div>\n\t\t\t\t\t<\/div>\n\t\t\t\t<\/div>\n\t\t<div class=\"elementor-element elementor-element-0ee3b67 e-flex e-con-boxed e-con e-parent\" data-id=\"0ee3b67\" data-element_type=\"container\" data-e-type=\"container\">\n\t\t\t\t\t<div class=\"e-con-inner\">\n\t\t\t\t<div class=\"elementor-element elementor-element-b55bf2c elementor-widget elementor-widget-text-editor\" data-id=\"b55bf2c\" data-element_type=\"widget\" data-e-type=\"widget\" data-widget_type=\"text-editor.default\">\n\t\t\t\t<div class=\"elementor-widget-container\">\n\t\t\t\t\t\t\t\t\t<p style=\"text-align: justify;\"><strong>Responsable<\/strong> : <a href=\"mailto:marc.garel@mio.osupytheas.fr\" target=\"_blank\" rel=\"noopener\">Marc Garel (CRP)<\/a><\/p><p>\u00a0<\/p><p style=\"text-align: justify;\">La structure Radioactivit\u00e9 met \u00e0 disposition des chercheurs des salles de manipulation de radio\u00e9l\u00e9ments et un local de stockage des d\u00e9chets soumis \u00e0 autorisation de l\u2019ASN (Autorit\u00e9 de S\u00fbret\u00e9 Nucl\u00e9aire).<\/p><p style=\"text-align: justify;\">Les exp\u00e9rimentateurs y manipulent les isotopes classiques utilis\u00e9s pour les mesures d\u2019absorption des \u00e9l\u00e9ments biog\u00e8nes (14C pour la production primaire, 33P pour l\u2019absorption de phosphate, 32Si pour l\u2019absorption d\u2019acide silicique ainsi que le 3H pour la production bact\u00e9rienne).<\/p><p style=\"text-align: justify;\">Selon les besoins, d\u2019autres isotopes comme le 35S et le 55Fe peuvent \u00eatre inclus dans la liste des radio\u00e9l\u00e9ments.<\/p><p style=\"text-align: justify;\">L\u2019acc\u00e8s n\u2019y est autoris\u00e9 qu\u2019apr\u00e8s une formation initiale \u00e0 la radioprotection et apr\u00e8s avoir initi\u00e9 un suivi m\u00e9dical aupr\u00e8s de la m\u00e9decine pr\u00e9ventive. En raison de ces contraintes, cette plateforme n\u2019est accessible qu\u2019aux chercheurs du MIO.<\/p>\t\t\t\t\t\t\t\t<\/div>\n\t\t\t\t<\/div>\n\t\t\t\t\t<\/div>\n\t\t\t\t<\/div>\n\t\t<div class=\"elementor-element elementor-element-d6a96de e-flex e-con-boxed e-con e-parent\" data-id=\"d6a96de\" data-element_type=\"container\" data-e-type=\"container\">\n\t\t\t\t\t<div class=\"e-con-inner\">\n\t\t\t\t<div class=\"elementor-element elementor-element-dfa9a41 elementor-widget elementor-widget-image\" data-id=\"dfa9a41\" data-element_type=\"widget\" data-e-type=\"widget\" data-widget_type=\"image.default\">\n\t\t\t\t<div class=\"elementor-widget-container\">\n\t\t\t\t\t\t\t\t\t\t\t\t\t\t\t<img decoding=\"async\" src=\"https:\/\/www.mio.osupytheas.fr\/wp-content\/uploads\/2024\/12\/ce-100x119-1.png\" title=\"\" alt=\"\" loading=\"lazy\" \/>\t\t\t\t\t\t\t\t\t\t\t\t\t\t\t<\/div>\n\t\t\t\t<\/div>\n\t\t\t\t\t<\/div>\n\t\t\t\t<\/div>\n\t\t\t\t<\/div>\n\t\t","protected":false},"excerpt":{"rendered":"<p>Responsable : Marc Garel (CRP)\u00a0La structure Radioactivit\u00e9 met \u00e0 disposition des chercheurs des salles de manipulation de radio\u00e9l\u00e9ments et un local de stockage des d\u00e9chets soumis \u00e0 autorisation de l\u2019ASN [&hellip;]<\/p>\n","protected":false},"author":319,"featured_media":4489,"parent":8420,"menu_order":0,"comment_status":"closed","ping_status":"closed","template":"","meta":{"_acf_changed":false,"footnotes":""},"class_list":["post-17824","page","type-page","status-publish","has-post-thumbnail","hentry"],"acf":[],"_links":{"self":[{"href":"https:\/\/www.mio.osupytheas.fr\/en\/wp-json\/wp\/v2\/pages\/17824","targetHints":{"allow":["GET"]}}],"collection":[{"href":"https:\/\/www.mio.osupytheas.fr\/en\/wp-json\/wp\/v2\/pages"}],"about":[{"href":"https:\/\/www.mio.osupytheas.fr\/en\/wp-json\/wp\/v2\/types\/page"}],"author":[{"embeddable":true,"href":"https:\/\/www.mio.osupytheas.fr\/en\/wp-json\/wp\/v2\/users\/319"}],"replies":[{"embeddable":true,"href":"https:\/\/www.mio.osupytheas.fr\/en\/wp-json\/wp\/v2\/comments?post=17824"}],"version-history":[{"count":26,"href":"https:\/\/www.mio.osupytheas.fr\/en\/wp-json\/wp\/v2\/pages\/17824\/revisions"}],"predecessor-version":[{"id":18065,"href":"https:\/\/www.mio.osupytheas.fr\/en\/wp-json\/wp\/v2\/pages\/17824\/revisions\/18065"}],"up":[{"embeddable":true,"href":"https:\/\/www.mio.osupytheas.fr\/en\/wp-json\/wp\/v2\/pages\/8420"}],"wp:featuredmedia":[{"embeddable":true,"href":"https:\/\/www.mio.osupytheas.fr\/en\/wp-json\/wp\/v2\/media\/4489"}],"wp:attachment":[{"href":"https:\/\/www.mio.osupytheas.fr\/en\/wp-json\/wp\/v2\/media?parent=17824"}],"curies":[{"name":"wp","href":"https:\/\/api.w.org\/{rel}","templated":true}]}}