{"id":18651,"date":"2025-01-20T14:00:39","date_gmt":"2025-01-20T13:00:39","guid":{"rendered":"https:\/\/www.mio.osupytheas.fr\/?page_id=18651"},"modified":"2025-01-20T14:40:17","modified_gmt":"2025-01-20T13:40:17","slug":"2meto-platform-for-multi-element-analysis-and-tracers-in-oceanography","status":"publish","type":"page","link":"https:\/\/www.mio.osupytheas.fr\/en\/recherche\/structures-techniques\/plateforme-2meto-analyse-multi-elementaires-et-traceurs-en-oceanographie\/","title":{"rendered":"2METO platform - Multi-element analysis and tracers in oceanography"},"content":{"rendered":"\t\t<div data-elementor-type=\"wp-page\" data-elementor-id=\"18651\" class=\"elementor elementor-18651\" data-elementor-post-type=\"page\">\n\t\t\t\t<div class=\"elementor-element elementor-element-6ea696e4 e-flex e-con-boxed e-con e-parent\" data-id=\"6ea696e4\" data-element_type=\"container\" data-e-type=\"container\" data-settings=\"{&quot;background_background&quot;:&quot;classic&quot;}\">\n\t\t\t\t\t<div class=\"e-con-inner\">\n\t\t<div class=\"elementor-element elementor-element-624c668f e-flex e-con-boxed e-con e-child\" data-id=\"624c668f\" data-element_type=\"container\" data-e-type=\"container\">\n\t\t\t\t\t<div class=\"e-con-inner\">\n\t\t\t\t<div class=\"elementor-element elementor-element-6fd591c6 elementor-widget__width-initial elementor-widget elementor-widget-theme-post-title elementor-page-title elementor-widget-heading\" data-id=\"6fd591c6\" data-element_type=\"widget\" data-e-type=\"widget\" data-widget_type=\"theme-post-title.default\">\n\t\t\t\t<div class=\"elementor-widget-container\">\n\t\t\t\t\t<h1 class=\"elementor-heading-title elementor-size-default\">Plateforme 2METO &#8211; Analyse multi \u00e9l\u00e9mentaires et traceurs en oc\u00e9anographie<\/h1>\t\t\t\t<\/div>\n\t\t\t\t<\/div>\n\t\t\t\t<div class=\"elementor-element elementor-element-1b6e4c3d elementor-widget__width-initial breadcrumb elementor-widget elementor-widget-shortcode\" data-id=\"1b6e4c3d\" data-element_type=\"widget\" data-e-type=\"widget\" data-widget_type=\"shortcode.default\">\n\t\t\t\t<div class=\"elementor-widget-container\">\n\t\t\t\t\t\t\t<div class=\"elementor-shortcode\"><nav aria-label=\"breadcrumbs\">\n            <div class=\"breadcrumb-container theme1\">\n                <ol>\n                                    <\/ol>\n            <\/div>\n        <\/nav>    <script type=\"application\/ld+json\">\n        {\n            \"@context\": \"http:\/\/schema.org\",\n            \"@type\": \"BreadcrumbList\",\n            \"itemListElement\": [\n                            ]\n        }\n    <\/script>\n   \n    <script>\n            <\/script>\n <\/div>\n\t\t\t\t\t\t<\/div>\n\t\t\t\t<\/div>\n\t\t\t\t\t<\/div>\n\t\t\t\t<\/div>\n\t\t\t\t\t<\/div>\n\t\t\t\t<\/div>\n\t\t<div class=\"elementor-element elementor-element-1ae5924 e-flex e-con-boxed e-con e-parent\" data-id=\"1ae5924\" data-element_type=\"container\" data-e-type=\"container\">\n\t\t\t\t\t<div class=\"e-con-inner\">\n\t\t\t\t<div class=\"elementor-element elementor-element-c5ad61b elementor-widget elementor-widget-image\" data-id=\"c5ad61b\" data-element_type=\"widget\" data-e-type=\"widget\" data-widget_type=\"image.default\">\n\t\t\t\t<div class=\"elementor-widget-container\">\n\t\t\t\t\t\t\t\t\t\t\t\t\t\t\t<img fetchpriority=\"high\" decoding=\"async\" width=\"346\" height=\"177\" src=\"https:\/\/www.mio.osupytheas.fr\/wp-content\/uploads\/2025\/01\/LogoPTF2METO.png\" class=\"attachment-large size-large wp-image-18679\" alt=\"Logo 2METO\" srcset=\"https:\/\/www.mio.osupytheas.fr\/wp-content\/uploads\/2025\/01\/LogoPTF2METO.png 346w, https:\/\/www.mio.osupytheas.fr\/wp-content\/uploads\/2025\/01\/LogoPTF2METO-300x153.png 300w, https:\/\/www.mio.osupytheas.fr\/wp-content\/uploads\/2025\/01\/LogoPTF2METO-18x9.png 18w\" sizes=\"(max-width: 346px) 100vw, 346px\" \/>\t\t\t\t\t\t\t\t\t\t\t\t\t\t\t<\/div>\n\t\t\t\t<\/div>\n\t\t\t\t\t<\/div>\n\t\t\t\t<\/div>\n\t\t<div class=\"elementor-element elementor-element-9aa9844 e-flex e-con-boxed e-con e-parent\" data-id=\"9aa9844\" data-element_type=\"container\" data-e-type=\"container\">\n\t\t\t\t\t<div class=\"e-con-inner\">\n\t\t\t\t<div class=\"elementor-element elementor-element-ec50943 elementor-widget elementor-widget-text-editor\" data-id=\"ec50943\" data-element_type=\"widget\" data-e-type=\"widget\" data-widget_type=\"text-editor.default\">\n\t\t\t\t<div class=\"elementor-widget-container\">\n\t\t\t\t\t\t\t\t\t<p style=\"text-align: justify;\"><strong>Responsable\u00a0<\/strong>: <a href=\"mailto:aurelie.dufour@mio.osupytheas.fr\" target=\"_blank\" rel=\"noopener\">Aur\u00e9lie Dufour<\/a><\/p><p>\u00a0<\/p><p style=\"text-align: justify;\">La plateforme 2METO offre des moyens analytiques de pointe pour la caract\u00e9risation et la quantification <span style=\"color: #184772;\"><strong><em>d\u2019\u00e9l\u00e9ments-traces m\u00e9talliques<\/em><\/strong><\/span><em>, <\/em>ainsi que pour la sp\u00e9ciation des diff\u00e9rentes <span style=\"color: #184772;\"><strong><em>esp\u00e8ces chimiques du mercure<\/em><\/strong><\/span><em>. <\/em>L\u2019ensemble de ces analyses contribuent \u00e0 une meilleure compr\u00e9hension des cycles biog\u00e9ochimiques, en particulier dans un contexte de changement climatique affectant l\u2019environnement marin<\/p><p style=\"text-align: justify;\">Ces m\u00e9thodes avanc\u00e9es pour l\u2019analyse pr\u00e9cise et fiable des esp\u00e8ces de mercure, font de cette plateforme une r\u00e9f\u00e9rence internationale dans ce domaine.<\/p>\t\t\t\t\t\t\t\t<\/div>\n\t\t\t\t<\/div>\n\t\t\t\t\t<\/div>\n\t\t\t\t<\/div>\n\t\t<div class=\"elementor-element elementor-element-9beeaf3 e-flex e-con-boxed e-con e-parent\" data-id=\"9beeaf3\" data-element_type=\"container\" data-e-type=\"container\">\n\t\t\t\t\t<div class=\"e-con-inner\">\n\t\t\t\t<div class=\"elementor-element elementor-element-9ebe3b0 elementor-widget elementor-widget-image\" data-id=\"9ebe3b0\" data-element_type=\"widget\" data-e-type=\"widget\" data-widget_type=\"image.default\">\n\t\t\t\t<div class=\"elementor-widget-container\">\n\t\t\t\t\t\t\t\t\t\t\t\t\t\t\t<img decoding=\"async\" width=\"800\" height=\"204\" src=\"https:\/\/www.mio.osupytheas.fr\/wp-content\/uploads\/2025\/01\/logos2meto-1024x261.png\" class=\"attachment-large size-large wp-image-18659\" alt=\"2METO\" srcset=\"https:\/\/www.mio.osupytheas.fr\/wp-content\/uploads\/2025\/01\/logos2meto-1024x261.png 1024w, https:\/\/www.mio.osupytheas.fr\/wp-content\/uploads\/2025\/01\/logos2meto-300x77.png 300w, https:\/\/www.mio.osupytheas.fr\/wp-content\/uploads\/2025\/01\/logos2meto-768x196.png 768w, https:\/\/www.mio.osupytheas.fr\/wp-content\/uploads\/2025\/01\/logos2meto-1536x392.png 1536w, https:\/\/www.mio.osupytheas.fr\/wp-content\/uploads\/2025\/01\/logos2meto-2048x523.png 2048w, https:\/\/www.mio.osupytheas.fr\/wp-content\/uploads\/2025\/01\/logos2meto-18x5.png 18w, https:\/\/www.mio.osupytheas.fr\/wp-content\/uploads\/2025\/01\/logos2meto-1320x337.png 1320w\" sizes=\"(max-width: 800px) 100vw, 800px\" \/>\t\t\t\t\t\t\t\t\t\t\t\t\t\t\t<\/div>\n\t\t\t\t<\/div>\n\t\t\t\t\t<\/div>\n\t\t\t\t<\/div>\n\t\t<div class=\"elementor-element elementor-element-4687fd2 e-flex e-con-boxed e-con e-parent\" data-id=\"4687fd2\" data-element_type=\"container\" data-e-type=\"container\">\n\t\t\t\t\t<div class=\"e-con-inner\">\n\t\t\t\t<div class=\"elementor-element elementor-element-36c2554 elementor-widget elementor-widget-text-editor\" data-id=\"36c2554\" data-element_type=\"widget\" data-e-type=\"widget\" data-widget_type=\"text-editor.default\">\n\t\t\t\t<div class=\"elementor-widget-container\">\n\t\t\t\t\t\t\t\t\t<h4><strong>Equipements |<\/strong><\/h4><p><span style=\"color: #184772;\"><strong>| Sp\u00e9ciation du Mercure<\/strong><\/span><\/p><ul><li>3 CV-AFS Cold Vapor Atomic Fluorescence Spectroscopy<\/li><li>CV-AAS Cold Vapor Atomic Absorption Spectroscopy<\/li><li>MERX-M Automated Cold Vapor Atomic Fluorescence Spectroscopy<\/li><li>GC-SF-ICP-MS Gas Chromatography-Sector Field Inductively Coupled Plasma Mass Spectroscopy<\/li><li>MERX-T Automated Cold Vapor Atomic Fluorescence Spectroscopy<\/li><\/ul><h4>\u00a0<\/h4><h4><strong>| El\u00e9ments-traces m\u00e9talliques<\/strong><\/h4><ul><li>SF-ICP-MS Sector field Inductively Coupled Plasma Mass Spectroscopy<\/li><\/ul>\t\t\t\t\t\t\t\t<\/div>\n\t\t\t\t<\/div>\n\t\t\t\t\t<\/div>\n\t\t\t\t<\/div>\n\t\t<div class=\"elementor-element elementor-element-9c98f6f e-flex e-con-boxed e-con e-parent\" data-id=\"9c98f6f\" data-element_type=\"container\" data-e-type=\"container\">\n\t\t\t\t\t<div class=\"e-con-inner\">\n\t\t\t\t<div class=\"elementor-element elementor-element-a1f58ae elementor-widget elementor-widget-image\" data-id=\"a1f58ae\" data-element_type=\"widget\" data-e-type=\"widget\" data-widget_type=\"image.default\">\n\t\t\t\t<div class=\"elementor-widget-container\">\n\t\t\t\t\t\t\t\t\t\t\t\t\t\t\t<img decoding=\"async\" width=\"300\" height=\"89\" src=\"https:\/\/www.mio.osupytheas.fr\/wp-content\/uploads\/2025\/01\/label-ptf-aix-marseille-300x89.jpg\" class=\"attachment-medium size-medium wp-image-18312\" alt=\"\" srcset=\"https:\/\/www.mio.osupytheas.fr\/wp-content\/uploads\/2025\/01\/label-ptf-aix-marseille-300x89.jpg 300w, https:\/\/www.mio.osupytheas.fr\/wp-content\/uploads\/2025\/01\/label-ptf-aix-marseille-18x5.jpg 18w, https:\/\/www.mio.osupytheas.fr\/wp-content\/uploads\/2025\/01\/label-ptf-aix-marseille.jpg 413w\" sizes=\"(max-width: 300px) 100vw, 300px\" \/>\t\t\t\t\t\t\t\t\t\t\t\t\t\t\t<\/div>\n\t\t\t\t<\/div>\n\t\t\t\t\t<\/div>\n\t\t\t\t<\/div>\n\t\t<div class=\"elementor-element elementor-element-6e4d646 e-flex e-con-boxed e-con e-parent\" data-id=\"6e4d646\" data-element_type=\"container\" data-e-type=\"container\" data-settings=\"{&quot;background_background&quot;:&quot;classic&quot;}\">\n\t\t\t\t\t<div class=\"e-con-inner\">\n\t\t\t\t<div class=\"elementor-element elementor-element-e7b6d56 elementor-widget elementor-widget-gallery\" data-id=\"e7b6d56\" data-element_type=\"widget\" data-e-type=\"widget\" data-settings=\"{&quot;columns&quot;:5,&quot;lazyload&quot;:&quot;yes&quot;,&quot;gallery_layout&quot;:&quot;grid&quot;,&quot;columns_tablet&quot;:2,&quot;columns_mobile&quot;:1,&quot;gap&quot;:{&quot;unit&quot;:&quot;px&quot;,&quot;size&quot;:10,&quot;sizes&quot;:[]},&quot;gap_laptop&quot;:{&quot;unit&quot;:&quot;px&quot;,&quot;size&quot;:10,&quot;sizes&quot;:[]},&quot;gap_tablet&quot;:{&quot;unit&quot;:&quot;px&quot;,&quot;size&quot;:10,&quot;sizes&quot;:[]},&quot;gap_mobile&quot;:{&quot;unit&quot;:&quot;px&quot;,&quot;size&quot;:10,&quot;sizes&quot;:[]},&quot;link_to&quot;:&quot;file&quot;,&quot;aspect_ratio&quot;:&quot;3:2&quot;,&quot;overlay_background&quot;:&quot;yes&quot;,&quot;content_hover_animation&quot;:&quot;fade-in&quot;}\" data-widget_type=\"gallery.default\">\n\t\t\t\t<div class=\"elementor-widget-container\">\n\t\t\t\t\t\t\t<div class=\"elementor-gallery__container\">\n\t\t\t\t\t\t\t<a class=\"e-gallery-item elementor-gallery-item elementor-animated-content\" href=\"https:\/\/www.mio.osupytheas.fr\/wp-content\/uploads\/2025\/01\/20210312_121930-scaled.jpg\" data-elementor-open-lightbox=\"yes\" data-elementor-lightbox-slideshow=\"e7b6d56\" data-elementor-lightbox-title=\"\u00c9quipement PTF 2METO\" data-e-action-hash=\"#elementor-action%3Aaction%3Dlightbox%26settings%3DeyJpZCI6MTg2NTQsInVybCI6Imh0dHBzOlwvXC93d3cubWlvLm9zdXB5dGhlYXMuZnJcL3dwLWNvbnRlbnRcL3VwbG9hZHNcLzIwMjVcLzAxXC8yMDIxMDMxMl8xMjE5MzAtc2NhbGVkLmpwZyIsInNsaWRlc2hvdyI6ImU3YjZkNTYifQ%3D%3D\">\n\t\t\t\t\t<div class=\"e-gallery-image elementor-gallery-item__image\" data-thumbnail=\"https:\/\/www.mio.osupytheas.fr\/wp-content\/uploads\/2025\/01\/20210312_121930-300x225.jpg\" data-width=\"300\" data-height=\"225\" aria-label=\"\u00c9quipement PTF 2METO\" role=\"img\" ><\/div>\n\t\t\t\t\t\t\t\t\t\t\t<div class=\"elementor-gallery-item__overlay\"><\/div>\n\t\t\t\t\t\t\t\t\t\t\t\t\t\t<\/a>\n\t\t\t\t\t\t\t<a class=\"e-gallery-item elementor-gallery-item elementor-animated-content\" href=\"https:\/\/www.mio.osupytheas.fr\/wp-content\/uploads\/2025\/01\/IMG-20220301-WA0006.jpg\" data-elementor-open-lightbox=\"yes\" data-elementor-lightbox-slideshow=\"e7b6d56\" data-elementor-lightbox-title=\"\u00c9quipement PTF 2METO\" data-e-action-hash=\"#elementor-action%3Aaction%3Dlightbox%26settings%3DeyJpZCI6MTg2NTgsInVybCI6Imh0dHBzOlwvXC93d3cubWlvLm9zdXB5dGhlYXMuZnJcL3dwLWNvbnRlbnRcL3VwbG9hZHNcLzIwMjVcLzAxXC9JTUctMjAyMjAzMDEtV0EwMDA2LmpwZyIsInNsaWRlc2hvdyI6ImU3YjZkNTYifQ%3D%3D\">\n\t\t\t\t\t<div class=\"e-gallery-image elementor-gallery-item__image\" data-thumbnail=\"https:\/\/www.mio.osupytheas.fr\/wp-content\/uploads\/2025\/01\/IMG-20220301-WA0006-300x225.jpg\" data-width=\"300\" data-height=\"225\" aria-label=\"\u00c9quipement PTF 2METO\" role=\"img\" ><\/div>\n\t\t\t\t\t\t\t\t\t\t\t<div class=\"elementor-gallery-item__overlay\"><\/div>\n\t\t\t\t\t\t\t\t\t\t\t\t\t\t<\/a>\n\t\t\t\t\t\t\t<a class=\"e-gallery-item elementor-gallery-item elementor-animated-content\" href=\"https:\/\/www.mio.osupytheas.fr\/wp-content\/uploads\/2025\/01\/IMG-20220112-WA0002.jpg\" data-elementor-open-lightbox=\"yes\" data-elementor-lightbox-slideshow=\"e7b6d56\" data-elementor-lightbox-title=\"\u00c9quipement PTF 2METO\" data-e-action-hash=\"#elementor-action%3Aaction%3Dlightbox%26settings%3DeyJpZCI6MTg2NTcsInVybCI6Imh0dHBzOlwvXC93d3cubWlvLm9zdXB5dGhlYXMuZnJcL3dwLWNvbnRlbnRcL3VwbG9hZHNcLzIwMjVcLzAxXC9JTUctMjAyMjAxMTItV0EwMDAyLmpwZyIsInNsaWRlc2hvdyI6ImU3YjZkNTYifQ%3D%3D\">\n\t\t\t\t\t<div class=\"e-gallery-image elementor-gallery-item__image\" data-thumbnail=\"https:\/\/www.mio.osupytheas.fr\/wp-content\/uploads\/2025\/01\/IMG-20220112-WA0002-234x300.jpg\" data-width=\"234\" data-height=\"300\" aria-label=\"\u00c9quipement PTF 2METO\" role=\"img\" ><\/div>\n\t\t\t\t\t\t\t\t\t\t\t<div class=\"elementor-gallery-item__overlay\"><\/div>\n\t\t\t\t\t\t\t\t\t\t\t\t\t\t<\/a>\n\t\t\t\t\t\t\t<a class=\"e-gallery-item elementor-gallery-item elementor-animated-content\" href=\"https:\/\/www.mio.osupytheas.fr\/wp-content\/uploads\/2025\/01\/IMG-20220112-WA0001.jpg\" data-elementor-open-lightbox=\"yes\" data-elementor-lightbox-slideshow=\"e7b6d56\" data-elementor-lightbox-title=\"\u00c9quipement PTF 2METO\" data-e-action-hash=\"#elementor-action%3Aaction%3Dlightbox%26settings%3DeyJpZCI6MTg2NTYsInVybCI6Imh0dHBzOlwvXC93d3cubWlvLm9zdXB5dGhlYXMuZnJcL3dwLWNvbnRlbnRcL3VwbG9hZHNcLzIwMjVcLzAxXC9JTUctMjAyMjAxMTItV0EwMDAxLmpwZyIsInNsaWRlc2hvdyI6ImU3YjZkNTYifQ%3D%3D\">\n\t\t\t\t\t<div class=\"e-gallery-image elementor-gallery-item__image\" data-thumbnail=\"https:\/\/www.mio.osupytheas.fr\/wp-content\/uploads\/2025\/01\/IMG-20220112-WA0001-300x225.jpg\" data-width=\"300\" data-height=\"225\" aria-label=\"\u00c9quipement PTF 2METO\" role=\"img\" ><\/div>\n\t\t\t\t\t\t\t\t\t\t\t<div class=\"elementor-gallery-item__overlay\"><\/div>\n\t\t\t\t\t\t\t\t\t\t\t\t\t\t<\/a>\n\t\t\t\t\t\t\t<a class=\"e-gallery-item elementor-gallery-item elementor-animated-content\" href=\"https:\/\/www.mio.osupytheas.fr\/wp-content\/uploads\/2025\/01\/IMG-20191202-WA0002.jpg\" data-elementor-open-lightbox=\"yes\" data-elementor-lightbox-slideshow=\"e7b6d56\" data-elementor-lightbox-title=\"\u00c9quipement PTF 2METO\" data-e-action-hash=\"#elementor-action%3Aaction%3Dlightbox%26settings%3DeyJpZCI6MTg2NTUsInVybCI6Imh0dHBzOlwvXC93d3cubWlvLm9zdXB5dGhlYXMuZnJcL3dwLWNvbnRlbnRcL3VwbG9hZHNcLzIwMjVcLzAxXC9JTUctMjAxOTEyMDItV0EwMDAyLmpwZyIsInNsaWRlc2hvdyI6ImU3YjZkNTYifQ%3D%3D\">\n\t\t\t\t\t<div class=\"e-gallery-image elementor-gallery-item__image\" data-thumbnail=\"https:\/\/www.mio.osupytheas.fr\/wp-content\/uploads\/2025\/01\/IMG-20191202-WA0002-300x246.jpg\" data-width=\"300\" data-height=\"246\" aria-label=\"\u00c9quipement PTF 2METO\" role=\"img\" ><\/div>\n\t\t\t\t\t\t\t\t\t\t\t<div class=\"elementor-gallery-item__overlay\"><\/div>\n\t\t\t\t\t\t\t\t\t\t\t\t\t\t<\/a>\n\t\t\t\t\t<\/div>\n\t\t\t\t\t<\/div>\n\t\t\t\t<\/div>\n\t\t\t\t\t<\/div>\n\t\t\t\t<\/div>\n\t\t<div class=\"elementor-element elementor-element-50a32c91 e-flex e-con-boxed e-con e-parent\" data-id=\"50a32c91\" data-element_type=\"container\" data-e-type=\"container\">\n\t\t\t\t\t<div class=\"e-con-inner\">\n\t\t\t\t<div class=\"elementor-element elementor-element-580225fd elementor-widget elementor-widget-heading\" data-id=\"580225fd\" data-element_type=\"widget\" data-e-type=\"widget\" data-widget_type=\"heading.default\">\n\t\t\t\t<div class=\"elementor-widget-container\">\n\t\t\t\t\t<span class=\"elementor-heading-title elementor-size-default\">Partager sur :<\/span>\t\t\t\t<\/div>\n\t\t\t\t<\/div>\n\t\t\t\t<div class=\"elementor-element elementor-element-592ddb76 elementor-share-buttons--view-icon elementor-share-buttons--shape-circle elementor-widget__width-auto elementor-share-buttons--skin-gradient elementor-grid-0 elementor-share-buttons--color-official elementor-widget elementor-widget-share-buttons\" data-id=\"592ddb76\" data-element_type=\"widget\" data-e-type=\"widget\" data-settings=\"{&quot;share_url&quot;:{&quot;url&quot;:&quot;&quot;,&quot;is_external&quot;:&quot;&quot;,&quot;nofollow&quot;:&quot;&quot;,&quot;custom_attributes&quot;:&quot;&quot;}}\" data-widget_type=\"share-buttons.default\">\n\t\t\t\t<div class=\"elementor-widget-container\">\n\t\t\t\t\t\t\t<div class=\"elementor-grid\" role=\"list\">\n\t\t\t\t\t\t\t\t<div class=\"elementor-grid-item\" role=\"listitem\">\n\t\t\t\t\t\t<div class=\"elementor-share-btn elementor-share-btn_facebook\" role=\"button\" tabindex=\"0\" aria-label=\"Share on facebook\">\n\t\t\t\t\t\t\t\t\t\t\t\t\t\t\t<span class=\"elementor-share-btn__icon\">\n\t\t\t\t\t\t\t\t<svg aria-hidden=\"true\" class=\"e-font-icon-svg e-fab-facebook\" viewBox=\"0 0 512 512\" xmlns=\"http:\/\/www.w3.org\/2000\/svg\"><path d=\"M504 256C504 119 393 8 256 8S8 119 8 256c0 123.78 90.69 226.38 209.25 245V327.69h-63V256h63v-54.64c0-62.15 37-96.48 93.67-96.48 27.14 0 55.52 4.84 55.52 4.84v61h-31.28c-30.8 0-40.41 19.12-40.41 38.73V256h68.78l-11 71.69h-57.78V501C413.31 482.38 504 379.78 504 256z\"><\/path><\/svg>\t\t\t\t\t\t\t<\/span>\n\t\t\t\t\t\t\t\t\t\t\t\t\t\t\t\t\t\t\t\t<\/div>\n\t\t\t\t\t<\/div>\n\t\t\t\t\t\t\t\t\t<div class=\"elementor-grid-item\" role=\"listitem\">\n\t\t\t\t\t\t<div class=\"elementor-share-btn elementor-share-btn_twitter\" role=\"button\" tabindex=\"0\" aria-label=\"Share on twitter\">\n\t\t\t\t\t\t\t\t\t\t\t\t\t\t\t<span class=\"elementor-share-btn__icon\">\n\t\t\t\t\t\t\t\t<svg aria-hidden=\"true\" class=\"e-font-icon-svg e-fab-twitter\" viewBox=\"0 0 512 512\" xmlns=\"http:\/\/www.w3.org\/2000\/svg\"><path d=\"M459.37 151.716c.325 4.548.325 9.097.325 13.645 0 138.72-105.583 298.558-298.558 298.558-59.452 0-114.68-17.219-161.137-47.106 8.447.974 16.568 1.299 25.34 1.299 49.055 0 94.213-16.568 130.274-44.832-46.132-.975-84.792-31.188-98.112-72.772 6.498.974 12.995 1.624 19.818 1.624 9.421 0 18.843-1.3 27.614-3.573-48.081-9.747-84.143-51.98-84.143-102.985v-1.299c13.969 7.797 30.214 12.67 47.431 13.319-28.264-18.843-46.781-51.005-46.781-87.391 0-19.492 5.197-37.36 14.294-52.954 51.655 63.675 129.3 105.258 216.365 109.807-1.624-7.797-2.599-15.918-2.599-24.04 0-57.828 46.782-104.934 104.934-104.934 30.213 0 57.502 12.67 76.67 33.137 23.715-4.548 46.456-13.32 66.599-25.34-7.798 24.366-24.366 44.833-46.132 57.827 21.117-2.273 41.584-8.122 60.426-16.243-14.292 20.791-32.161 39.308-52.628 54.253z\"><\/path><\/svg>\t\t\t\t\t\t\t<\/span>\n\t\t\t\t\t\t\t\t\t\t\t\t\t\t\t\t\t\t\t\t<\/div>\n\t\t\t\t\t<\/div>\n\t\t\t\t\t\t\t\t\t<div class=\"elementor-grid-item\" role=\"listitem\">\n\t\t\t\t\t\t<div class=\"elementor-share-btn elementor-share-btn_linkedin\" role=\"button\" tabindex=\"0\" aria-label=\"Share on linkedin\">\n\t\t\t\t\t\t\t\t\t\t\t\t\t\t\t<span class=\"elementor-share-btn__icon\">\n\t\t\t\t\t\t\t\t<svg aria-hidden=\"true\" class=\"e-font-icon-svg e-fab-linkedin\" viewBox=\"0 0 448 512\" xmlns=\"http:\/\/www.w3.org\/2000\/svg\"><path d=\"M416 32H31.9C14.3 32 0 46.5 0 64.3v383.4C0 465.5 14.3 480 31.9 480H416c17.6 0 32-14.5 32-32.3V64.3c0-17.8-14.4-32.3-32-32.3zM135.4 416H69V202.2h66.5V416zm-33.2-243c-21.3 0-38.5-17.3-38.5-38.5S80.9 96 102.2 96c21.2 0 38.5 17.3 38.5 38.5 0 21.3-17.2 38.5-38.5 38.5zm282.1 243h-66.4V312c0-24.8-.5-56.7-34.5-56.7-34.6 0-39.9 27-39.9 54.9V416h-66.4V202.2h63.7v29.2h.9c8.9-16.8 30.6-34.5 62.9-34.5 67.2 0 79.7 44.3 79.7 101.9V416z\"><\/path><\/svg>\t\t\t\t\t\t\t<\/span>\n\t\t\t\t\t\t\t\t\t\t\t\t\t\t\t\t\t\t\t\t<\/div>\n\t\t\t\t\t<\/div>\n\t\t\t\t\t\t\t\t\t<div class=\"elementor-grid-item\" role=\"listitem\">\n\t\t\t\t\t\t<div class=\"elementor-share-btn elementor-share-btn_whatsapp\" role=\"button\" tabindex=\"0\" aria-label=\"Share on whatsapp\">\n\t\t\t\t\t\t\t\t\t\t\t\t\t\t\t<span class=\"elementor-share-btn__icon\">\n\t\t\t\t\t\t\t\t<svg aria-hidden=\"true\" class=\"e-font-icon-svg e-fab-whatsapp\" viewBox=\"0 0 448 512\" xmlns=\"http:\/\/www.w3.org\/2000\/svg\"><path d=\"M380.9 97.1C339 55.1 283.2 32 223.9 32c-122.4 0-222 99.6-222 222 0 39.1 10.2 77.3 29.6 111L0 480l117.7-30.9c32.4 17.7 68.9 27 106.1 27h.1c122.3 0 224.1-99.6 224.1-222 0-59.3-25.2-115-67.1-157zm-157 341.6c-33.2 0-65.7-8.9-94-25.7l-6.7-4-69.8 18.3L72 359.2l-4.4-7c-18.5-29.4-28.2-63.3-28.2-98.2 0-101.7 82.8-184.5 184.6-184.5 49.3 0 95.6 19.2 130.4 54.1 34.8 34.9 56.2 81.2 56.1 130.5 0 101.8-84.9 184.6-186.6 184.6zm101.2-138.2c-5.5-2.8-32.8-16.2-37.9-18-5.1-1.9-8.8-2.8-12.5 2.8-3.7 5.6-14.3 18-17.6 21.8-3.2 3.7-6.5 4.2-12 1.4-32.6-16.3-54-29.1-75.5-66-5.7-9.8 5.7-9.1 16.3-30.3 1.8-3.7.9-6.9-.5-9.7-1.4-2.8-12.5-30.1-17.1-41.2-4.5-10.8-9.1-9.3-12.5-9.5-3.2-.2-6.9-.2-10.6-.2-3.7 0-9.7 1.4-14.8 6.9-5.1 5.6-19.4 19-19.4 46.3 0 27.3 19.9 53.7 22.6 57.4 2.8 3.7 39.1 59.7 94.8 83.8 35.2 15.2 49 16.5 66.6 13.9 10.7-1.6 32.8-13.4 37.4-26.4 4.6-13 4.6-24.1 3.2-26.4-1.3-2.5-5-3.9-10.5-6.6z\"><\/path><\/svg>\t\t\t\t\t\t\t<\/span>\n\t\t\t\t\t\t\t\t\t\t\t\t\t\t\t\t\t\t\t\t<\/div>\n\t\t\t\t\t<\/div>\n\t\t\t\t\t\t<\/div>\n\t\t\t\t\t\t<\/div>\n\t\t\t\t<\/div>\n\t\t\t\t\t<\/div>\n\t\t\t\t<\/div>\n\t\t\t\t<\/div>\n\t\t","protected":false},"excerpt":{"rendered":"<p>Responsable\u00a0: Aur\u00e9lie Dufour\u00a0La plateforme 2METO offre des moyens analytiques de pointe pour la caract\u00e9risation et la quantification d\u2019\u00e9l\u00e9ments-traces m\u00e9talliques, ainsi que pour la sp\u00e9ciation des diff\u00e9rentes esp\u00e8ces chimiques du mercure. [&hellip;]<\/p>\n","protected":false},"author":319,"featured_media":4489,"parent":8420,"menu_order":10,"comment_status":"closed","ping_status":"closed","template":"","meta":{"_acf_changed":false,"footnotes":""},"class_list":["post-18651","page","type-page","status-publish","has-post-thumbnail","hentry"],"acf":[],"_links":{"self":[{"href":"https:\/\/www.mio.osupytheas.fr\/en\/wp-json\/wp\/v2\/pages\/18651","targetHints":{"allow":["GET"]}}],"collection":[{"href":"https:\/\/www.mio.osupytheas.fr\/en\/wp-json\/wp\/v2\/pages"}],"about":[{"href":"https:\/\/www.mio.osupytheas.fr\/en\/wp-json\/wp\/v2\/types\/page"}],"author":[{"embeddable":true,"href":"https:\/\/www.mio.osupytheas.fr\/en\/wp-json\/wp\/v2\/users\/319"}],"replies":[{"embeddable":true,"href":"https:\/\/www.mio.osupytheas.fr\/en\/wp-json\/wp\/v2\/comments?post=18651"}],"version-history":[{"count":17,"href":"https:\/\/www.mio.osupytheas.fr\/en\/wp-json\/wp\/v2\/pages\/18651\/revisions"}],"predecessor-version":[{"id":18683,"href":"https:\/\/www.mio.osupytheas.fr\/en\/wp-json\/wp\/v2\/pages\/18651\/revisions\/18683"}],"up":[{"embeddable":true,"href":"https:\/\/www.mio.osupytheas.fr\/en\/wp-json\/wp\/v2\/pages\/8420"}],"wp:featuredmedia":[{"embeddable":true,"href":"https:\/\/www.mio.osupytheas.fr\/en\/wp-json\/wp\/v2\/media\/4489"}],"wp:attachment":[{"href":"https:\/\/www.mio.osupytheas.fr\/en\/wp-json\/wp\/v2\/media?parent=18651"}],"curies":[{"name":"wp","href":"https:\/\/api.w.org\/{rel}","templated":true}]}}