{"id":18756,"date":"2025-01-20T21:02:25","date_gmt":"2025-01-20T20:02:25","guid":{"rendered":"https:\/\/www.mio.osupytheas.fr\/?page_id=18756"},"modified":"2025-02-25T13:57:16","modified_gmt":"2025-02-25T12:57:16","slug":"coastal-oceanography-2022-2025","status":"publish","type":"page","link":"https:\/\/www.mio.osupytheas.fr\/en\/recherche\/les-equipes-de-recherche\/equipe-oceanographie-physique-littorale-et-cotiere-oplc\/oceanographie-cotiere-2022-2025\/","title":{"rendered":"Coastal oceanography (2022-2025)"},"content":{"rendered":"\t\t<div data-elementor-type=\"wp-page\" data-elementor-id=\"18756\" class=\"elementor elementor-18756\" data-elementor-post-type=\"page\">\n\t\t\t\t<div class=\"elementor-element elementor-element-4eb2a70d e-flex e-con-boxed e-con e-parent\" data-id=\"4eb2a70d\" data-element_type=\"container\" data-e-type=\"container\" data-settings=\"{&quot;background_background&quot;:&quot;classic&quot;}\">\n\t\t\t\t\t<div class=\"e-con-inner\">\n\t\t<div class=\"elementor-element elementor-element-668fa92a e-flex e-con-boxed e-con e-child\" data-id=\"668fa92a\" data-element_type=\"container\" data-e-type=\"container\">\n\t\t\t\t\t<div class=\"e-con-inner\">\n\t\t\t\t<div class=\"elementor-element elementor-element-7bd94d44 elementor-widget__width-initial elementor-widget elementor-widget-theme-post-title elementor-page-title elementor-widget-heading\" data-id=\"7bd94d44\" data-element_type=\"widget\" data-e-type=\"widget\" data-widget_type=\"theme-post-title.default\">\n\t\t\t\t<div class=\"elementor-widget-container\">\n\t\t\t\t\t<h1 class=\"elementor-heading-title elementor-size-default\">Oc\u00e9anographie c\u00f4ti\u00e8re (2022-2025)<\/h1>\t\t\t\t<\/div>\n\t\t\t\t<\/div>\n\t\t\t\t<div class=\"elementor-element elementor-element-7fa591a9 elementor-widget__width-initial breadcrumb elementor-widget elementor-widget-shortcode\" data-id=\"7fa591a9\" data-element_type=\"widget\" data-e-type=\"widget\" data-widget_type=\"shortcode.default\">\n\t\t\t\t<div class=\"elementor-widget-container\">\n\t\t\t\t\t\t\t<div class=\"elementor-shortcode\"><nav aria-label=\"breadcrumbs\">\n            <div class=\"breadcrumb-container theme1\">\n                <ol>\n                                    <\/ol>\n            <\/div>\n        <\/nav>    <script type=\"application\/ld+json\">\n        {\n            \"@context\": \"http:\/\/schema.org\",\n            \"@type\": \"BreadcrumbList\",\n            \"itemListElement\": [\n                            ]\n        }\n    <\/script>\n   \n    <script>\n            <\/script>\n <\/div>\n\t\t\t\t\t\t<\/div>\n\t\t\t\t<\/div>\n\t\t\t\t\t<\/div>\n\t\t\t\t<\/div>\n\t\t\t\t\t<\/div>\n\t\t\t\t<\/div>\n\t\t<div class=\"elementor-element elementor-element-58ae18e e-flex e-con-boxed e-con e-parent\" data-id=\"58ae18e\" data-element_type=\"container\" data-e-type=\"container\" data-settings=\"{&quot;background_background&quot;:&quot;classic&quot;}\">\n\t\t\t\t\t<div class=\"e-con-inner\">\n\t\t\t\t<div class=\"elementor-element elementor-element-a4473f7 elementor-widget elementor-widget-heading\" data-id=\"a4473f7\" data-element_type=\"widget\" data-e-type=\"widget\" data-widget_type=\"heading.default\">\n\t\t\t\t<div class=\"elementor-widget-container\">\n\t\t\t\t\t<h3 class=\"elementor-heading-title elementor-size-default\">Publications r\u00e9centes<\/h3>\t\t\t\t<\/div>\n\t\t\t\t<\/div>\n\t\t\t\t\t<\/div>\n\t\t\t\t<\/div>\n\t\t<div class=\"elementor-element elementor-element-ba8a252 e-flex e-con-boxed e-con e-parent\" data-id=\"ba8a252\" data-element_type=\"container\" data-e-type=\"container\" data-settings=\"{&quot;background_background&quot;:&quot;classic&quot;}\">\n\t\t\t\t\t<div class=\"e-con-inner\">\n\t\t\t\t<div class=\"elementor-element elementor-element-a2f03ec elementor-widget elementor-widget-text-editor\" data-id=\"a2f03ec\" data-element_type=\"widget\" data-e-type=\"widget\" data-widget_type=\"text-editor.default\">\n\t\t\t\t<div class=\"elementor-widget-container\">\n\t\t\t\t\t\t\t\t\t<p style=\"text-align: justify;\"><em>Influence of River Discharge and tides on the Salinity Structure at the Magdalena River Estuary<\/em>. Yuley Cardona, Oscar Alvarez-Silva, Yennis Barrios, Victor Saavedra, Alejandro Caceres-Euse, Maria A. Cantero and Andres F. Osorio. Estuaries And Coasts. 2025.<\/p><p><em>A pressure projection scheme with near\u2010spectral accuracy for nonhydrostatic flow in domains with open boundaries<\/em>, KB Winters, M Claret, MP Lelong, Y Ourmi\u00e8res, Journal of Advances in Modeling Earth Systems 16 (6), e2023MS004040, 2024.<\/p><p><em>Ocean wanderers: A lab-based investigation into the effect of wind and morphology on the drift of Physalia spp<\/em>. N Bourg, A Schaeffer, A Molcard, C Luneau, DE Hewitt, R CheminMarine Pollution Bulletin 207, 116856, 2024.<\/p><p><em>Contribution of Cryosat-2, Multi-Mission Synergies and Ai Methods to Observe Coastal Current Intrusions Over the North-Western Mediterranean Sea<\/em>, &#8230;, A Petrenko, A Di Bella, L Rousselet, S Barrillon&#8230; &#8211; Multi-Mission Synergies &#8230; &#8211; papers.ssrn.com, 2024.<\/p><p><em>East Australian Current System: Frontal Barrier and Fine\u2010Scale Control of Chlorophyll\u2010a Distribution<\/em>, N Bourg, A Schaeffer, A Molcard, Journal of Geophysical Research: Oceans 129 (3), e2023JC020312, 2024.<\/p><p><em>Observing Ocean Boundary Currents: Lessons Learned from Six Regions with Mature Observational and Modeling Systems<\/em>, NK Ayoub, M Chidichimo, E Dever, X Guo, M Krug, B M\u00edguez, T Morris, &#8230;A. Bosse, .., Oceanography 37 (4).<\/p><p><em>On the Observed Wind-Driven Circulation Response in Small Semienclosed Bays<\/em>, A C\u00e1ceres-Euse, V Morales-M\u00e1rquez, A Molcard, Journal of Physical Oceanography 53 (9), 2245-2261, 2023.<\/p><p><em>Assessing the capability of three different altimetry satellite missions to observe the Northern Current by using a high-resolution model<\/em>, A Carret, F Birol, C Estournel, B Zakardjian &#8211; Ocean Science, 2023.<\/p><p><em>Assessment of the water mass dynamics over the western Mediterranean in the MEDRYS1V2 reanalysis<\/em>, QB Barral, BA Zakardjian, F Dumas&#8230; &#8211; Authorea &#8230;, 2023.<\/p><p><em>Introduction to the Chemical Oceanography of Frontal Zones IM Belkin<\/em>, S Aliani, MB Alkire, TH Badewien, M Berta, GS Dur\u00e1n G\u00f3mez, &#8230;, A. Molcard, &#8230; Chemical Oceanography of Frontal Zones, 1-23, 2022.<\/p><p><em>Sporadic wind-driven upwelling\/downwelling and associated cooling\/warming along Northwestern Mediterranean coastlines<\/em>, &#8230;, N Bensoussan, C Pinazo, I Taupier-Letage&#8230; &#8211; Continental Shelf &#8230;, 2022 \u2013 Elsevier.<\/p><p><em>Inferring microplastics origins in the Mediterranean Sea by coupling modelling and in-situ measurements<\/em>, Y Ourmieres, M Arnaud, P Deixonne, JF Ghiglione, M Albignac, &#8230;, Marine Pollution Bulletin 195, 115333, 1, 2023.<\/p><p><em>Extreme waves in the Caribbean Sea: spatial regionalization and long-term analysis<\/em>, V Morales-M\u00e1rquez, A C\u00e1ceres-Euse, I Hern\u00e1ndez-Carrasco, A Molcard, &#8230;, Frontiers in Marine Science 10, 1294189, 2023.<\/p><p><em>A dnn framework for learning lagrangian drift with uncertainty<\/em>, J Jenkins, A Paiement, Y Ourmi\u00e8res, J Le Sommer, J Verron, C Ubelmann, &#8230;Applied Intelligence 53 (20), 23729-23739, 6, 2023.<\/p><p><em>Plastic litter in the oceans. Most of it has gone missing, but it might just be transformed&#8230; or transported<\/em>, MJ Mercier, M Poulain-Zarcos, Y Ourmieres, JF Ghiglione, A ter Halle, Europhysics News 54 (3), 24-27, 1,2023.<\/p><p><em>Rossby waves driven by the Mid Mediterranean Jet impact the Eastern Mediterranean mesoscale dynamics<\/em>, A Pirro, M Menna, E Mauri, R Laxenaire, S Salon, A Bosse, R Martellucci, &#8230;<br \/>Scientific Reports 14 (1), 29598, 2024.<\/p><p><em>The Levantine Intermediate Water in the western Mediterranean and its interactions with the Algerian Gyres: insights from 60 years of observation<\/em>, K Mallil, P Testor, A <i>Bosse<\/i>, F Margirier, L Houpert, H Le Goff, L Mortier, &#8230;Ocean Science 18 (4), 937-952, 6, 2022.<\/p><p><em><span style=\"font-size: medium;\">A<\/span><\/em><span style=\"font-size: medium;\"><em> consensus-based, revised and comprehensive catalogue for Mediterranean water masses acronyms<\/em>. Mediterranean Marine Science, SCHROEDER, K., BEN ISMAIL , S., BENSI , M., BOSSE , A., CHIGGIATO, J., CIVITARESE, G., FALCIERI M, F., FUSCO, G., GA\u010cI\u0106 , M., GERTMAN, I., KUBIN , E., MALANOTTE-RIZZOLI, P., MARTELLUCCI, R., MENNA, M., OZER, T., TAUPIER-LETAGE, I., VARGAS-Y\u00c1\u00d1EZ, M., VELAORAS , D., &amp; VILIBI\u0106, I. (2024). 25(3), 783\u2013791. <a href=\"https:\/\/doi.org\/10.12681\/mms.38736\" target=\"_blank\" rel=\"noopener noreferrer\"><span style=\"color: #ffffff;\">https:\/\/doi.org\/10.12681\/mms.38736.<\/span><\/a> <\/span><\/p><p style=\"text-align: justify;\"><span style=\"font-size: medium;\"><em>Recent changes in the Mediterranean Sea, in &#8220;Oceanography of the Mediterranean Sea, An introductory guide&#8221;<\/em>, Chiggiato J., V. Artale, X. Durrieu de Madron, K. Schroeder, I. Taupier-Letage, D. Velaoras and M. Vargas-Yanez, 2022. K. Schroeder and J Chiggiato Eds., Elsevier, Chapter 9, 289-234. <br \/><\/span><\/p>\t\t\t\t\t\t\t\t<\/div>\n\t\t\t\t<\/div>\n\t\t\t\t\t<\/div>\n\t\t\t\t<\/div>\n\t\t<div class=\"elementor-element elementor-element-60ff257 e-flex e-con-boxed e-con e-parent\" data-id=\"60ff257\" data-element_type=\"container\" data-e-type=\"container\">\n\t\t\t\t\t<div class=\"e-con-inner\">\n\t\t\t\t<div class=\"elementor-element elementor-element-57a6e6f elementor-widget elementor-widget-heading\" data-id=\"57a6e6f\" data-element_type=\"widget\" data-e-type=\"widget\" data-widget_type=\"heading.default\">\n\t\t\t\t<div class=\"elementor-widget-container\">\n\t\t\t\t\t<h3 class=\"elementor-heading-title elementor-size-default\">Projets en cours<\/h3>\t\t\t\t<\/div>\n\t\t\t\t<\/div>\n\t\t\t\t\t<\/div>\n\t\t\t\t<\/div>\n\t\t<div class=\"elementor-element elementor-element-bc48495 e-flex e-con-boxed e-con e-parent\" data-id=\"bc48495\" data-element_type=\"container\" data-e-type=\"container\">\n\t\t\t\t\t<div class=\"e-con-inner\">\n\t\t\t\t<div class=\"elementor-element elementor-element-8be1d49 elementor-widget elementor-widget-text-editor\" data-id=\"8be1d49\" data-element_type=\"widget\" data-e-type=\"widget\" data-widget_type=\"text-editor.default\">\n\t\t\t\t<div class=\"elementor-widget-container\">\n\t\t\t\t\t\t\t\t\t<p style=\"text-align: justify;\"><b>M<\/b><b>arittimo Seastemar <\/b>: projet Interreg France-Italie, 2024-2026, 400kE (Anne Molcard, Yann Ourmi\u00e8res, Alejandro Caceres). Le projet aborde les risques pour la navigation li\u00e9s \u00e0 la pr\u00e9sence de grands c\u00e9tac\u00e9s et des esp\u00e8ces sensibles, ainsi qu\u2019aux ph\u00e9nom\u00e8nes m\u00e9t\u00e9orologiques et maritimes peu pr\u00e9visibles, y compris en ce qui concerne la variabilit\u00e9 li\u00e9e au au changement climatique. La t\u00e2che principale de l\u2019\u00e9quipe consiste \u00e0 analyser les donn\u00e9es acquises au cours du programme pr\u00e9c\u00e9dent, d\u2019un point de vue hydrologique et dynamique de l\u2019oc\u00e9an, afin de les relier aux observations sur les mammif\u00e8res marins. La fusion des donn\u00e9es (mod\u00e8les num\u00e9riques, observations satellitaires et in situ) permettra de fournir une classification de la distribution des esp\u00e8ces en fonction de sc\u00e9narios m\u00e9t\u00e9orologiques et marins.<\/p><p style=\"text-align: justify;\"><b>CNES-SFUSVEL<\/b>\u00a0 : SFUSVEL 2023-2025 100kE (Alejandro Caceres, Anne Molcard) L\u2019objectif du projet est de reconstruire\/identifier\/valider les donn\u00e9es satellites du courant de surface (altim\u00e9trie et SAR Sentinel), \u00e0 l\u2019aide d\u2019observation par HFRADAR, de simulations num\u00e9riques et de m\u00e9thodes d\u2019apprentissage.<\/p><p style=\"text-align: justify;\"><b>Marittimo VAGUE <\/b>: projet Interreg France-Italie, 2025-2027 (Alejandro Caceres, Anne Molcard, Vincent Rey), 286 ke. L\u2019objectif du projet est le d\u00e9veloppement d\u2019un syst\u00e8me innovant pour la conversion de l\u2019\u00e9nergie des vagues dans la mer M\u00e9diterran\u00e9e, en utilisant des \u00e9chelles r\u00e9duites \u00e0 l\u2019\u00e9chelle du laboratoire ainsi que des simulations num\u00e9riques.<\/p><p style=\"text-align: justify;\"><b>ANR OMTeDNA <\/b>: (Yann Ourmi\u00e8res, Anne Molcard), 2023-2027, 98 ke. L\u2019objectif du projet est de d\u00e9velopper des capteurs d\u2019ADN environnemental passif pour le suivi de m\u00e9ga-faune autours de zones anthropis\u00e9es telles que les parcs \u00e9oliens. La mod\u00e9lisation num\u00e9rique oc\u00e9anique et le mod\u00e9lisation lagrangienne sont utilis\u00e9es pour identifier les origines et trajectoires des signaux d\u2019ADN r\u00e9colt\u00e9es par les capteurs d\u00e9ploy\u00e9s dans diff\u00e9rentes conditions environnementales.<\/p><p style=\"text-align: justify;\"><b>Projet TPM ENTEM <\/b>: 15 kE (Yann Ourmieres). Le but du projet est d\u2019am\u00e9liorer la compr\u00e9hension du transport et de l\u2019\u00e9chouage des m\u00e9duses pelagia noctulica en mer m\u00e9diterran\u00e9e. L\u2019approche num\u00e9rique lagrangienne ainsi qu\u2019in-situ via des trajectoires de flotteurs d\u00e9rivants est utilis\u00e9e, ainsi qu\u2019une base de donn\u00e9es citoyennes pluri-annuelle de pr\u00e9sence de m\u00e9duses dur le littoral. Les conditions hydrodynamiques et m\u00e9t\u00e9orologiques sont associ\u00e9es pour mieux comprendre les processus d\u2019\u00e9chouage massifs.<\/p><p style=\"text-align: justify;\"><a href=\"https:\/\/confluence-meteofrance.atlassian.net\/wiki\/spaces\/SiMED\/overview\" target=\"_blank\" rel=\"noopener\"><b>Groupe <\/b><b>SIMED <\/b>(Simulations de la MEDiterran\u00e9e)\u00a0<\/a><\/p>\t\t\t\t\t\t\t\t<\/div>\n\t\t\t\t<\/div>\n\t\t\t\t\t<\/div>\n\t\t\t\t<\/div>\n\t\t\t\t<\/div>\n\t\t","protected":false},"excerpt":{"rendered":"<p>Publications r\u00e9centes Influence of River Discharge and tides on the Salinity Structure at the Magdalena River Estuary. Yuley Cardona, Oscar Alvarez-Silva, Yennis Barrios, Victor Saavedra, Alejandro Caceres-Euse, Maria A. Cantero [&hellip;]<\/p>\n","protected":false},"author":319,"featured_media":4489,"parent":18697,"menu_order":1,"comment_status":"closed","ping_status":"closed","template":"","meta":{"_acf_changed":false,"footnotes":""},"class_list":["post-18756","page","type-page","status-publish","has-post-thumbnail","hentry"],"acf":[],"_links":{"self":[{"href":"https:\/\/www.mio.osupytheas.fr\/en\/wp-json\/wp\/v2\/pages\/18756","targetHints":{"allow":["GET"]}}],"collection":[{"href":"https:\/\/www.mio.osupytheas.fr\/en\/wp-json\/wp\/v2\/pages"}],"about":[{"href":"https:\/\/www.mio.osupytheas.fr\/en\/wp-json\/wp\/v2\/types\/page"}],"author":[{"embeddable":true,"href":"https:\/\/www.mio.osupytheas.fr\/en\/wp-json\/wp\/v2\/users\/319"}],"replies":[{"embeddable":true,"href":"https:\/\/www.mio.osupytheas.fr\/en\/wp-json\/wp\/v2\/comments?post=18756"}],"version-history":[{"count":10,"href":"https:\/\/www.mio.osupytheas.fr\/en\/wp-json\/wp\/v2\/pages\/18756\/revisions"}],"predecessor-version":[{"id":19590,"href":"https:\/\/www.mio.osupytheas.fr\/en\/wp-json\/wp\/v2\/pages\/18756\/revisions\/19590"}],"up":[{"embeddable":true,"href":"https:\/\/www.mio.osupytheas.fr\/en\/wp-json\/wp\/v2\/pages\/18697"}],"wp:featuredmedia":[{"embeddable":true,"href":"https:\/\/www.mio.osupytheas.fr\/en\/wp-json\/wp\/v2\/media\/4489"}],"wp:attachment":[{"href":"https:\/\/www.mio.osupytheas.fr\/en\/wp-json\/wp\/v2\/media?parent=18756"}],"curies":[{"name":"wp","href":"https:\/\/api.w.org\/{rel}","templated":true}]}}