{"id":22415,"date":"2025-06-23T10:03:06","date_gmt":"2025-06-23T08:03:06","guid":{"rendered":"https:\/\/www.mio.osupytheas.fr\/?page_id=22415"},"modified":"2025-06-27T15:29:27","modified_gmt":"2025-06-27T13:29:27","slug":"oosc-2025-posters","status":"publish","type":"page","link":"https:\/\/www.mio.osupytheas.fr\/en\/production\/focus-sur-lunoc-loosc-2025\/oosc-2025-les-posters\/","title":{"rendered":"OOSC 2025 - Posters"},"content":{"rendered":"\t\t<div data-elementor-type=\"wp-page\" data-elementor-id=\"22415\" class=\"elementor elementor-22415\" data-elementor-post-type=\"page\">\n\t\t\t\t<div class=\"elementor-element elementor-element-42ecae1c e-flex e-con-boxed e-con e-parent\" data-id=\"42ecae1c\" data-element_type=\"container\" data-e-type=\"container\" data-settings=\"{&quot;background_background&quot;:&quot;classic&quot;}\">\n\t\t\t\t\t<div class=\"e-con-inner\">\n\t\t<div class=\"elementor-element elementor-element-7bc1c0fa e-flex e-con-boxed e-con e-child\" data-id=\"7bc1c0fa\" data-element_type=\"container\" data-e-type=\"container\">\n\t\t\t\t\t<div class=\"e-con-inner\">\n\t\t\t\t<div class=\"elementor-element elementor-element-deb2ec8 elementor-widget__width-initial elementor-widget elementor-widget-theme-post-title elementor-page-title elementor-widget-heading\" data-id=\"deb2ec8\" data-element_type=\"widget\" data-e-type=\"widget\" data-widget_type=\"theme-post-title.default\">\n\t\t\t\t<div class=\"elementor-widget-container\">\n\t\t\t\t\t<h1 class=\"elementor-heading-title elementor-size-default\">OOSC 2025 &#8211; Les Posters<\/h1>\t\t\t\t<\/div>\n\t\t\t\t<\/div>\n\t\t\t\t<div class=\"elementor-element elementor-element-36cc83dd elementor-widget__width-initial breadcrumb elementor-widget elementor-widget-shortcode\" data-id=\"36cc83dd\" data-element_type=\"widget\" data-e-type=\"widget\" data-widget_type=\"shortcode.default\">\n\t\t\t\t<div class=\"elementor-widget-container\">\n\t\t\t\t\t\t\t<div class=\"elementor-shortcode\"><nav aria-label=\"breadcrumbs\">\n            <div class=\"breadcrumb-container theme1\">\n                <ol>\n                                    <\/ol>\n            <\/div>\n        <\/nav>    <script type=\"application\/ld+json\">\n        {\n            \"@context\": \"http:\/\/schema.org\",\n            \"@type\": \"BreadcrumbList\",\n            \"itemListElement\": [\n                            ]\n        }\n    <\/script>\n   \n    <script>\n            <\/script>\n <\/div>\n\t\t\t\t\t\t<\/div>\n\t\t\t\t<\/div>\n\t\t\t\t\t<\/div>\n\t\t\t\t<\/div>\n\t\t\t\t\t<\/div>\n\t\t\t\t<\/div>\n\t\t<div class=\"elementor-element elementor-element-88bc2c8 e-flex e-con-boxed e-con e-parent\" data-id=\"88bc2c8\" data-element_type=\"container\" data-e-type=\"container\">\n\t\t\t\t\t<div class=\"e-con-inner\">\n\t\t\t\t<div class=\"elementor-element elementor-element-5411aa1 elementor-widget elementor-widget-text-editor\" data-id=\"5411aa1\" data-element_type=\"widget\" data-e-type=\"widget\" data-widget_type=\"text-editor.default\">\n\t\t\t\t<div class=\"elementor-widget-container\">\n\t\t\t\t\t\t\t\t\t<p>OOS2025-662 | ECOP | Posters on site | T3-2<br \/><a href=\"https:\/\/meetingorganizer.copernicus.org\/OOS2025\/OOS2025-662.html\" target=\"_blank\" rel=\"noopener\"><em>Challenges and levers for developing Maritime Spatial Planning off the coast of a large Mediterranean city<\/em><\/a><br \/><strong>Federico Fabbri<\/strong>, Sandrine Ruitton, and Samuel Robert<br \/>Thu, 05 Jun, 18:00\u201320:00 (CEST) | Poster area &#8220;La Baleine&#8221; | P217<\/p><p style=\"text-align: justify;\">OOS2025-1275 | Posters on site | T3-6<br \/><a href=\"https:\/\/meetingorganizer.copernicus.org\/OOS2025\/OOS2025-1275.html\" target=\"_blank\" rel=\"noopener\"><em>Study of Planktonic Food Webs in the Mayotte Lagoon: Towards Adaptive Ecological Monitoring in the Face of Anthropogenic Pressures<\/em><\/a><br \/><strong>Oumayma Chkili<\/strong>, Martine Rodier, Guillaume Marchesseaux, and Cristele Chevalier<br \/><span class=\"co_mto_programme-search-block-schedule\">Thu, 05 Jun, 18:00\u201320:00 (CEST) | Poster area &#8220;La Baleine&#8221; <\/span> <span class=\"co_mto_programme-search-block-boardNumber\"><span class=\"co_mto_programme-search-block-boardNumberSeparator\">| <\/span>P40<\/span><\/p><p style=\"text-align: justify;\">OOS2025-1486 | Posters on site | T1-6<br \/><em><a href=\"https:\/\/meetingorganizer.copernicus.org\/OOS2025\/OOS2025-1486.html\" target=\"_blank\" rel=\"noopener\">PLASMA (Microplastic pollution in the Mayotte lagoon): participatory science to access closed investigation areas<\/a> <\/em><br \/><strong>Leborgne Mathieu<\/strong> and Chevalier Crist\u00e8le<br \/><span class=\"co_mto_programme-search-block-schedule\">Thu, 05 Jun, 18:00\u201320:00 (CEST) | Poster area &#8220;La Baleine&#8221; <\/span> <span class=\"co_mto_programme-search-block-boardNumber\"><span class=\"co_mto_programme-search-block-boardNumberSeparator\">| <\/span>P40<\/span><\/p><p style=\"text-align: justify;\">OOS2025-1503 | Posters on site | T10-21<br \/><a href=\"https:\/\/meetingorganizer.copernicus.org\/OOS2025\/OOS2025-1503.html\" target=\"_blank\" rel=\"noopener\"><em>The desalination plant project in Mayotte: an ideal-typical example of the confrontation of political, scientific and environmental temporalities, specific to climate change and its effects.<\/em><\/a><br \/><strong>Esm\u00e9ralda Long\u00e9p\u00e9e<\/strong>, Cristele Chevalier, Pascale Chabanet, Lionel Bigot, Claire Gollety, Flore Moreau, Damien Devault, Catherine Villaret, and Mathieu Leborgne<br \/>Thu, 05 Jun, 18:00\u201320:00 (CEST) | Poster area &#8220;La Baleine&#8221; | P774<\/p><p style=\"text-align: justify;\">OOS2025-1452 | Posters on site | T8-7<br \/><a href=\"https:\/\/meetingorganizer.copernicus.org\/OOS2025\/OOS2025-1452.html\" target=\"_blank\" rel=\"noopener\"><em>Plasma Project<\/em><\/a><br \/><strong>Cristele Chevalier<\/strong>, Mathieu Leborgne, Emilie Strady, Guillaume Marchessaux, Oumayma Chkili, Coraline Mattei, Damien Devault, Marc Pagano, Martine Rodier, Sandrine Ruitton, Delphine Thibault, Gaspard Durieux, Ilona Juhles, Hugo Jullia, Auriane Chevalier, Vincent Marco-Just, Lionel Bigot, Pascale Chabanet, and Chlo\u00e9 Roger<br \/>Thu, 05 Jun, 18:00\u201320:00 (CEST) | Poster area &#8220;La Baleine&#8221; | P561<\/p><p style=\"text-align: justify;\">OOS2025-113 | Posters on site | T4-2<br \/><a href=\"https:\/\/meetingorganizer.copernicus.org\/OOS2025\/OOS2025-113.html\" target=\"_blank\" rel=\"noopener\"><em>Deep-sea tailing practices: contamination and societal perspectives. Lessons learnt from the French success story of the Gardanne plant discharge in reducing environmental footprint<\/em><\/a>.<br \/><strong>St\u00e9phanie Jacquet<\/strong>, Brigitte Juanals, D\u00e9borah Mille, and Pierre Boissery<br \/>Thu, 05 Jun, 18:00\u201320:00 (CEST) | Poster area &#8220;La Baleine&#8221; | P380<\/p><p style=\"text-align: justify;\">OOS2025-309 | ECOP | Posters on site | T3-7<br \/><a href=\"https:\/\/meetingorganizer.copernicus.org\/OOS2025\/OOS2025-309.html\" target=\"_blank\" rel=\"noopener\"><em>Contribution to the assessment of TCE contamination in coastal ecosystems of the Provence-Alpes-C\u00f4te d&#8217;Azur region<\/em><\/a><br \/><strong>Chlo\u00e9 Jariel<\/strong>, Jean-Louis Gonzalez, Christophe Brach-Papa, St\u00e9phanie Jacquet, St\u00e9phane Mounier, Nicolas Briant, Pauline Le Monier, Teddy Sirreau, and Anne Grouhel<br \/>Thu, 05 Jun, 18:00\u201320:00 (CEST) | Poster area &#8220;La Baleine&#8221; | P293<\/p><p style=\"text-align: justify;\">OOS2025-497 | ECOP | Posters virtual | T10-4<br \/><a href=\"https:\/\/meetingorganizer.copernicus.org\/OOS2025\/OOS2025-497.html\" target=\"_blank\" rel=\"noopener\"><em>Interactions between marine living worlds and human societies: perception, representation, mediation<\/em><\/a>.<br \/><strong>Aur\u00e9lie Darbouret<\/strong><br \/>Thu, 05 Jun, 18:00\u201320:00 (CEST) | online | vP131<\/p><p style=\"text-align: justify;\">OOS2025-1072 | Posters on site | T4-6<br \/><a href=\"https:\/\/meetingorganizer.copernicus.org\/OOS2025\/OOS2025-1072.html\" target=\"_blank\" rel=\"noopener\"><em>BathyBot: a deep-sea crawler to see the unseen of the NW Mediterranean Sea<\/em><\/a><br \/><strong>Severine Martini<\/strong>, Carl Gojak, Christian Tamburini, Dominique Lef\u00e8vre, Karim Bernardet, Karim Mahiouz, and C\u00e9line Laus<br \/>Thu, 05 Jun, 18:00\u201320:00 (CEST) | Poster area &#8220;La Baleine&#8221; | P402<\/p><p style=\"text-align: justify;\">OOS2025-743 | Posters on site | T10-2<br \/><a href=\"https:\/\/meetingorganizer.copernicus.org\/OOS2025\/OOS2025-743.html\" target=\"_blank\" rel=\"noopener\"><em>EMSO ERIC a pan European Marine Research Infrastructure to take the pulse of the Deep Ocean<\/em><\/a><br \/><strong>Ingrid Puillat<\/strong>, Laura Beranzoli, Alan Berry, Roberto Bozzano, Vanessa Cardin, Eric Delory, Joaquin Del Rio, Davide Embriaco, Ilker Fer, Nadine Lanteri, Dominique Lef\u00e8vre, George Petihakis, Vlad Radulescu, Pierre-Marie Sarradin, and Carlos Sousa<br \/>Thu, 05 Jun, 18:00\u201320:00 (CEST) | Poster area &#8220;La Baleine&#8221; | P604<\/p><p style=\"text-align: justify;\">OOS2025-1196 | Posters on site | T10-4<br \/><em><a href=\"https:\/\/meetingorganizer.copernicus.org\/OOS2025\/OOS2025-1196.html\" target=\"_blank\" rel=\"noopener\">Multi parametric Time series acquired in the EMSO pan- European Research Infrastructure \u2013 a powerful asset fostering the European Research Area<\/a><br \/><\/em><strong>Dominique Lef\u00e8vre<\/strong>, Laura Beranzoli, Aljaz Maslo, Roberto Bozzano, Ana Colaco, Constantinos Frangoulis, S\u00e9bastien Garziglia, Paul Gaughan, Nadia Lo Bue, Stefano Miserocchi, Karin Sigloch, Ingunn Skjelvan, Daniel Mihai Toma, Raluca Tutuianu, and Ingrid Puillat<br \/>Thu, 05 Jun, 18:00\u201320:00 (CEST) | Poster area &#8220;La Baleine&#8221; | P656<\/p><p style=\"text-align: justify;\">OOS2025-1291 | ECOP | Posters on site | T4-1<br \/><a href=\"https:\/\/meetingorganizer.copernicus.org\/OOS2025\/OOS2025-1291.html\" target=\"_blank\" rel=\"noopener\"><em>Life under pressure in prokaryotes and the impact on the biological carbon pump<\/em><\/a><br \/><strong>Pauline Le coq<\/strong>, Marc Garel, and Christian Tamburini<br \/>Thu, 05 Jun, 18:00\u201320:00 (CEST) | Poster area &#8220;La Baleine&#8221; | P376<\/p><p style=\"text-align: justify;\">OOS2025-472 | ECOP | Posters on site | T4-1<br \/><em><a href=\"https:\/\/meetingorganizer.copernicus.org\/OOS2025\/OOS2025-472.html\" target=\"_blank\" rel=\"noopener\">Diversity and ecological dynamics of bioluminescent bacteria in the mesopelagic zone<\/a><\/em><br \/><strong>Capucine Le Cam Ligier<\/strong>, H\u00e9l\u00e8ne Thibault, Sophie Guasco, Corinne Valette, Gwenola Simon, Laurie Casalot, S\u00e9verine Martini, and Marc Garel<br \/>Thu, 05 Jun, 18:00\u201320:00 (CEST) | Poster area &#8220;La Baleine&#8221; | P364<\/p><p style=\"text-align: justify;\">OOS2025-447 | ECOP | Posters on site | T4-1<br \/><a href=\"https:\/\/meetingorganizer.copernicus.org\/OOS2025\/OOS2025-447.html\" target=\"_blank\" rel=\"noopener\"><em>Ecological Roles of Mesopelagic Micronekton in the Northeast Atlantic: A Trait-Based Perspective<\/em><\/a><br \/><strong>H\u00e9l\u00e8ne Thibault<\/strong>, Fr\u00e9d\u00e9ric M\u00e9nard, Gildas Roudaut, Anne Lebourges-Dhaussy, Yves Cherel, Alejandro Ariza, Leandro Nol\u00e9 Eduardo, and S\u00e9verine Martini<br \/>Thu, 05 Jun, 18:00\u201320:00 (CEST) | Poster area &#8220;La Baleine&#8221; | P363<\/p><p style=\"text-align: justify;\">OOS2025-539 | Posters on site | T10-3<br \/><a href=\"https:\/\/meetingorganizer.copernicus.org\/OOS2025\/OOS2025-539.html\" target=\"_blank\" rel=\"noopener\"><em>Understanding and Predicting Sargassum Blooms: A Coupled Modeling and Remote Sensing Approach<\/em><\/a><br \/><strong>Julien Jouanno<\/strong>, Guillaume Morvan, Rachid Benshila, Olivier Aumont, Sarah Berthet, Clovis Thouvenin-Masson, L\u00e9o Berline, Julio Sheinbaum, Fr\u00e9d\u00e9ric M\u00e9nard, Rafael Almar, Frank Muller-Karger, Brigitta van Tussenbroek, Rosmery Sosa-Gutierrez, Julien Asquier, L\u00e9na Pitek, Pierre-Etienne Brilouet, Kwasi Appeaning Addo, and Patrick Marchesiello<br \/>Thu, 05 Jun, 18:00\u201320:00 (CEST) | Poster area &#8220;La Baleine&#8221; | P637<\/p><p style=\"text-align: justify;\">OOS2025-1265 | Posters on site | T3-6<br \/><a href=\"https:\/\/meetingorganizer.copernicus.org\/OOS2025\/OOS2025-1265.html\" target=\"_blank\" rel=\"noopener\"><em>Integrative Approach for Operational Sargassum Stranding Forecasts<\/em><\/a><br \/><strong>Audrey Minghelli<\/strong> and the SargAlert project<br \/>Thu, 05 Jun, 18:00\u201320:00 (CEST) | Poster area &#8220;La Baleine&#8221; | P267<\/p><p style=\"text-align: justify;\">OOS2025-1269 | Posters on site | T2-2<br \/><a href=\"https:\/\/meetingorganizer.copernicus.org\/OOS2025\/OOS2025-1269.html\" target=\"_blank\" rel=\"noopener\"><em>Predicting growth and survival of holopelagic Sargassum using a mechanistic model under different environmental scenarios<\/em><\/a><br \/>Maria Jos\u00e9 Lagunes, <strong>Christophe Lett<\/strong>, Leo Berline, Evelyn R. Salas-Acosta, Daniel Robledo, Rom\u00e1n M. V\u00e1squez-Elizondo, Thierry Thibaut, and Laure Pecquerie<br \/>Thu, 05 Jun, 18:00\u201320:00 (CEST) | Poster area &#8220;La Baleine&#8221; | P99<\/p><p style=\"text-align: justify;\">OOS2025-1220 | Posters virtual | T10-2<br \/><em><a href=\"https:\/\/meetingorganizer.copernicus.org\/OOS2025\/OOS2025-1220.html\" target=\"_blank\" rel=\"noopener\">Assessing the Response of Pico- and Nanoplankton to Environmental Pressures in the North-Western Mediterranean Sea<\/a><br \/><\/em>Gerald Gregori, <strong>Mathilde Couteyen<\/strong>, and David Nerini<br \/>Thu, 05 Jun, 18:00\u201320:00 (CEST) | online | vP126<\/p><p style=\"text-align: justify;\">OOS2025-847 | Posters on site | T1-7<br \/><a href=\"https:\/\/meetingorganizer.copernicus.org\/OOS2025\/OOS2025-847.html\" target=\"_blank\" rel=\"noopener\"><em>Integrated observation of phytoplankton dynamics at sub-mesoscale in coastal and frontal systems: insights from deploying automated optical approaches<\/em><\/a><br \/><strong>Luis Felipe Artigas<\/strong>, Zeline Hubert, Hedy Aardema, Lumi Haraguchi, Glaucia Fragoso, Veronique Creach, Melilotus Thyssen, Gerald Gregori, Raffaella Casotti, Arnaud Louchart, Alexandre Epinoux, Eric Machu, Klas Moller, Bengt Karlson, Wenche Eikrem, Ivan Vlasicek, Alain Lefebvre, Klaas Deneudt, Pascal Claquin, and Jean-Francois Ternon and the other contributors to the presentation Integrated Observation of Phytoplankton Dynamics<br \/>Thu, 05 Jun, 18:00\u201320:00 (CEST) | Poster area &#8220;La Baleine&#8221; | P52<\/p><p style=\"text-align: justify;\">OOS2025-973 | Posters on site | T3-6<br \/><a href=\"https:\/\/meetingorganizer.copernicus.org\/OOS2025\/OOS2025-973.html\" target=\"_blank\" rel=\"noopener\"><em>Influence of the phytoplankton community structure on the foraging activity performance of southern elephant seals within the Southern Ocean<\/em><\/a><br \/><strong>Ziad Sari El Dine<\/strong>, Christophe Guinet, Baptiste Picard, M\u00e9lilotus Thyssen, Lucile Dufor\u00eat-Gaurier, and Roy El Hourany<br \/>Thu, 05 Jun, 18:00\u201320:00 (CEST) | Poster area &#8220;La Baleine&#8221; | P260<\/p><p style=\"text-align: justify;\">OOS2025-598 | Posters on site | T4-1<br \/><em>Diversity and dynamics of bacteria from iron-rich microbial mats and colonizers in the Mediterranean Sea (EMSO-Western Ligurian Sea Observatory): Focus on Zetaproteobacteria (withdrawn)<\/em><br \/><strong>C\u00e9line Rommevaux<\/strong>, Aina Astorch-Cardona, Lionel Bertaux, Yann Denis, and Alain Dolla<br \/>Thu, 05 Jun, 18:00\u201320:00 (CEST) | Poster area &#8220;La Baleine&#8221; | P366<\/p>\t\t\t\t\t\t\t\t<\/div>\n\t\t\t\t<\/div>\n\t\t\t\t\t<\/div>\n\t\t\t\t<\/div>\n\t\t<div class=\"elementor-element elementor-element-ba9effc e-flex e-con-boxed e-con e-parent\" data-id=\"ba9effc\" data-element_type=\"container\" data-e-type=\"container\">\n\t\t\t\t\t<div class=\"e-con-inner\">\n\t\t\t\t<div class=\"elementor-element elementor-element-fbe665b elementor-widget elementor-widget-gallery\" data-id=\"fbe665b\" data-element_type=\"widget\" data-e-type=\"widget\" data-settings=\"{&quot;columns&quot;:3,&quot;lazyload&quot;:&quot;yes&quot;,&quot;gallery_layout&quot;:&quot;grid&quot;,&quot;columns_tablet&quot;:2,&quot;columns_mobile&quot;:1,&quot;gap&quot;:{&quot;unit&quot;:&quot;px&quot;,&quot;size&quot;:10,&quot;sizes&quot;:[]},&quot;gap_laptop&quot;:{&quot;unit&quot;:&quot;px&quot;,&quot;size&quot;:10,&quot;sizes&quot;:[]},&quot;gap_tablet&quot;:{&quot;unit&quot;:&quot;px&quot;,&quot;size&quot;:10,&quot;sizes&quot;:[]},&quot;gap_mobile&quot;:{&quot;unit&quot;:&quot;px&quot;,&quot;size&quot;:10,&quot;sizes&quot;:[]},&quot;link_to&quot;:&quot;file&quot;,&quot;aspect_ratio&quot;:&quot;3:2&quot;,&quot;overlay_background&quot;:&quot;yes&quot;,&quot;content_hover_animation&quot;:&quot;fade-in&quot;}\" data-widget_type=\"gallery.default\">\n\t\t\t\t<div class=\"elementor-widget-container\">\n\t\t\t\t\t\t\t<div class=\"elementor-gallery__container\">\n\t\t\t\t\t\t\t<a class=\"e-gallery-item elementor-gallery-item elementor-animated-content\" href=\"https:\/\/www.mio.osupytheas.fr\/wp-content\/uploads\/2025\/06\/08f7f149-a5b1-4ec5-84d1-20121bd7f962.jpg\" data-elementor-open-lightbox=\"yes\" data-elementor-lightbox-slideshow=\"fbe665b\" data-elementor-lightbox-title=\"OOSC 2025\" data-e-action-hash=\"#elementor-action%3Aaction%3Dlightbox%26settings%3DeyJpZCI6MjI1MzMsInVybCI6Imh0dHBzOlwvXC93d3cubWlvLm9zdXB5dGhlYXMuZnJcL3dwLWNvbnRlbnRcL3VwbG9hZHNcLzIwMjVcLzA2XC8wOGY3ZjE0OS1hNWIxLTRlYzUtODRkMS0yMDEyMWJkN2Y5NjIuanBnIiwic2xpZGVzaG93IjoiZmJlNjY1YiJ9\">\n\t\t\t\t\t<div class=\"e-gallery-image elementor-gallery-item__image\" data-thumbnail=\"https:\/\/www.mio.osupytheas.fr\/wp-content\/uploads\/2025\/06\/08f7f149-a5b1-4ec5-84d1-20121bd7f962-1024x768.jpg\" data-width=\"800\" data-height=\"600\" aria-label=\"\" role=\"img\" ><\/div>\n\t\t\t\t\t\t\t\t\t\t\t<div class=\"elementor-gallery-item__overlay\"><\/div>\n\t\t\t\t\t\t\t\t\t\t\t\t\t\t<\/a>\n\t\t\t\t\t\t\t<a class=\"e-gallery-item elementor-gallery-item elementor-animated-content\" href=\"https:\/\/www.mio.osupytheas.fr\/wp-content\/uploads\/2025\/06\/IMG_1007-scaled.jpeg\" data-elementor-open-lightbox=\"yes\" data-elementor-lightbox-slideshow=\"fbe665b\" data-elementor-lightbox-title=\"OOSC 2025\" data-e-action-hash=\"#elementor-action%3Aaction%3Dlightbox%26settings%3DeyJpZCI6MjI1MzQsInVybCI6Imh0dHBzOlwvXC93d3cubWlvLm9zdXB5dGhlYXMuZnJcL3dwLWNvbnRlbnRcL3VwbG9hZHNcLzIwMjVcLzA2XC9JTUdfMTAwNy1zY2FsZWQuanBlZyIsInNsaWRlc2hvdyI6ImZiZTY2NWIifQ%3D%3D\">\n\t\t\t\t\t<div class=\"e-gallery-image elementor-gallery-item__image\" data-thumbnail=\"https:\/\/www.mio.osupytheas.fr\/wp-content\/uploads\/2025\/06\/IMG_1007-1024x768.jpeg\" data-width=\"800\" data-height=\"600\" aria-label=\"\" role=\"img\" ><\/div>\n\t\t\t\t\t\t\t\t\t\t\t<div class=\"elementor-gallery-item__overlay\"><\/div>\n\t\t\t\t\t\t\t\t\t\t\t\t\t\t<\/a>\n\t\t\t\t\t\t\t<a class=\"e-gallery-item elementor-gallery-item elementor-animated-content\" href=\"https:\/\/www.mio.osupytheas.fr\/wp-content\/uploads\/2025\/06\/IMG_0967-scaled.jpeg\" data-elementor-open-lightbox=\"yes\" data-elementor-lightbox-slideshow=\"fbe665b\" data-elementor-lightbox-title=\"OOSC 2025\" data-e-action-hash=\"#elementor-action%3Aaction%3Dlightbox%26settings%3DeyJpZCI6MjI1MzUsInVybCI6Imh0dHBzOlwvXC93d3cubWlvLm9zdXB5dGhlYXMuZnJcL3dwLWNvbnRlbnRcL3VwbG9hZHNcLzIwMjVcLzA2XC9JTUdfMDk2Ny1zY2FsZWQuanBlZyIsInNsaWRlc2hvdyI6ImZiZTY2NWIifQ%3D%3D\">\n\t\t\t\t\t<div class=\"e-gallery-image elementor-gallery-item__image\" data-thumbnail=\"https:\/\/www.mio.osupytheas.fr\/wp-content\/uploads\/2025\/06\/IMG_0967-1024x768.jpeg\" data-width=\"800\" data-height=\"600\" aria-label=\"\" role=\"img\" ><\/div>\n\t\t\t\t\t\t\t\t\t\t\t<div class=\"elementor-gallery-item__overlay\"><\/div>\n\t\t\t\t\t\t\t\t\t\t\t\t\t\t<\/a>\n\t\t\t\t\t<\/div>\n\t\t\t\t\t<\/div>\n\t\t\t\t<\/div>\n\t\t\t\t\t<\/div>\n\t\t\t\t<\/div>\n\t\t<div class=\"elementor-element elementor-element-6d8836f2 e-flex e-con-boxed e-con e-parent\" data-id=\"6d8836f2\" data-element_type=\"container\" data-e-type=\"container\">\n\t\t\t\t\t<div class=\"e-con-inner\">\n\t\t\t\t<div class=\"elementor-element elementor-element-7566c6c0 elementor-widget elementor-widget-heading\" data-id=\"7566c6c0\" data-element_type=\"widget\" data-e-type=\"widget\" data-widget_type=\"heading.default\">\n\t\t\t\t<div class=\"elementor-widget-container\">\n\t\t\t\t\t<span class=\"elementor-heading-title elementor-size-default\">Partager sur :<\/span>\t\t\t\t<\/div>\n\t\t\t\t<\/div>\n\t\t\t\t<div class=\"elementor-element elementor-element-298b2ef5 elementor-share-buttons--view-icon elementor-share-buttons--shape-circle elementor-widget__width-auto elementor-share-buttons--skin-gradient elementor-grid-0 elementor-share-buttons--color-official elementor-widget elementor-widget-share-buttons\" data-id=\"298b2ef5\" data-element_type=\"widget\" data-e-type=\"widget\" data-settings=\"{&quot;share_url&quot;:{&quot;url&quot;:&quot;&quot;,&quot;is_external&quot;:&quot;&quot;,&quot;nofollow&quot;:&quot;&quot;,&quot;custom_attributes&quot;:&quot;&quot;}}\" data-widget_type=\"share-buttons.default\">\n\t\t\t\t<div class=\"elementor-widget-container\">\n\t\t\t\t\t\t\t<div class=\"elementor-grid\" role=\"list\">\n\t\t\t\t\t\t\t\t<div class=\"elementor-grid-item\" role=\"listitem\">\n\t\t\t\t\t\t<div class=\"elementor-share-btn elementor-share-btn_facebook\" role=\"button\" tabindex=\"0\" aria-label=\"Share on facebook\">\n\t\t\t\t\t\t\t\t\t\t\t\t\t\t\t<span class=\"elementor-share-btn__icon\">\n\t\t\t\t\t\t\t\t<svg aria-hidden=\"true\" class=\"e-font-icon-svg e-fab-facebook\" viewBox=\"0 0 512 512\" xmlns=\"http:\/\/www.w3.org\/2000\/svg\"><path d=\"M504 256C504 119 393 8 256 8S8 119 8 256c0 123.78 90.69 226.38 209.25 245V327.69h-63V256h63v-54.64c0-62.15 37-96.48 93.67-96.48 27.14 0 55.52 4.84 55.52 4.84v61h-31.28c-30.8 0-40.41 19.12-40.41 38.73V256h68.78l-11 71.69h-57.78V501C413.31 482.38 504 379.78 504 256z\"><\/path><\/svg>\t\t\t\t\t\t\t<\/span>\n\t\t\t\t\t\t\t\t\t\t\t\t\t\t\t\t\t\t\t\t<\/div>\n\t\t\t\t\t<\/div>\n\t\t\t\t\t\t\t\t\t<div class=\"elementor-grid-item\" role=\"listitem\">\n\t\t\t\t\t\t<div class=\"elementor-share-btn elementor-share-btn_x-twitter\" role=\"button\" tabindex=\"0\" aria-label=\"Share on x-twitter\">\n\t\t\t\t\t\t\t\t\t\t\t\t\t\t\t<span class=\"elementor-share-btn__icon\">\n\t\t\t\t\t\t\t\t<svg aria-hidden=\"true\" class=\"e-font-icon-svg e-fab-x-twitter\" viewBox=\"0 0 512 512\" xmlns=\"http:\/\/www.w3.org\/2000\/svg\"><path d=\"M389.2 48h70.6L305.6 224.2 487 464H345L233.7 318.6 106.5 464H35.8L200.7 275.5 26.8 48H172.4L272.9 180.9 389.2 48zM364.4 421.8h39.1L151.1 88h-42L364.4 421.8z\"><\/path><\/svg>\t\t\t\t\t\t\t<\/span>\n\t\t\t\t\t\t\t\t\t\t\t\t\t\t\t\t\t\t\t\t<\/div>\n\t\t\t\t\t<\/div>\n\t\t\t\t\t\t\t\t\t<div class=\"elementor-grid-item\" role=\"listitem\">\n\t\t\t\t\t\t<div class=\"elementor-share-btn elementor-share-btn_linkedin\" role=\"button\" tabindex=\"0\" aria-label=\"Share on linkedin\">\n\t\t\t\t\t\t\t\t\t\t\t\t\t\t\t<span class=\"elementor-share-btn__icon\">\n\t\t\t\t\t\t\t\t<svg aria-hidden=\"true\" class=\"e-font-icon-svg e-fab-linkedin\" viewBox=\"0 0 448 512\" xmlns=\"http:\/\/www.w3.org\/2000\/svg\"><path d=\"M416 32H31.9C14.3 32 0 46.5 0 64.3v383.4C0 465.5 14.3 480 31.9 480H416c17.6 0 32-14.5 32-32.3V64.3c0-17.8-14.4-32.3-32-32.3zM135.4 416H69V202.2h66.5V416zm-33.2-243c-21.3 0-38.5-17.3-38.5-38.5S80.9 96 102.2 96c21.2 0 38.5 17.3 38.5 38.5 0 21.3-17.2 38.5-38.5 38.5zm282.1 243h-66.4V312c0-24.8-.5-56.7-34.5-56.7-34.6 0-39.9 27-39.9 54.9V416h-66.4V202.2h63.7v29.2h.9c8.9-16.8 30.6-34.5 62.9-34.5 67.2 0 79.7 44.3 79.7 101.9V416z\"><\/path><\/svg>\t\t\t\t\t\t\t<\/span>\n\t\t\t\t\t\t\t\t\t\t\t\t\t\t\t\t\t\t\t\t<\/div>\n\t\t\t\t\t<\/div>\n\t\t\t\t\t\t\t\t\t<div class=\"elementor-grid-item\" role=\"listitem\">\n\t\t\t\t\t\t<div class=\"elementor-share-btn elementor-share-btn_whatsapp\" role=\"button\" tabindex=\"0\" aria-label=\"Share on whatsapp\">\n\t\t\t\t\t\t\t\t\t\t\t\t\t\t\t<span class=\"elementor-share-btn__icon\">\n\t\t\t\t\t\t\t\t<svg aria-hidden=\"true\" class=\"e-font-icon-svg e-fab-whatsapp\" viewBox=\"0 0 448 512\" xmlns=\"http:\/\/www.w3.org\/2000\/svg\"><path d=\"M380.9 97.1C339 55.1 283.2 32 223.9 32c-122.4 0-222 99.6-222 222 0 39.1 10.2 77.3 29.6 111L0 480l117.7-30.9c32.4 17.7 68.9 27 106.1 27h.1c122.3 0 224.1-99.6 224.1-222 0-59.3-25.2-115-67.1-157zm-157 341.6c-33.2 0-65.7-8.9-94-25.7l-6.7-4-69.8 18.3L72 359.2l-4.4-7c-18.5-29.4-28.2-63.3-28.2-98.2 0-101.7 82.8-184.5 184.6-184.5 49.3 0 95.6 19.2 130.4 54.1 34.8 34.9 56.2 81.2 56.1 130.5 0 101.8-84.9 184.6-186.6 184.6zm101.2-138.2c-5.5-2.8-32.8-16.2-37.9-18-5.1-1.9-8.8-2.8-12.5 2.8-3.7 5.6-14.3 18-17.6 21.8-3.2 3.7-6.5 4.2-12 1.4-32.6-16.3-54-29.1-75.5-66-5.7-9.8 5.7-9.1 16.3-30.3 1.8-3.7.9-6.9-.5-9.7-1.4-2.8-12.5-30.1-17.1-41.2-4.5-10.8-9.1-9.3-12.5-9.5-3.2-.2-6.9-.2-10.6-.2-3.7 0-9.7 1.4-14.8 6.9-5.1 5.6-19.4 19-19.4 46.3 0 27.3 19.9 53.7 22.6 57.4 2.8 3.7 39.1 59.7 94.8 83.8 35.2 15.2 49 16.5 66.6 13.9 10.7-1.6 32.8-13.4 37.4-26.4 4.6-13 4.6-24.1 3.2-26.4-1.3-2.5-5-3.9-10.5-6.6z\"><\/path><\/svg>\t\t\t\t\t\t\t<\/span>\n\t\t\t\t\t\t\t\t\t\t\t\t\t\t\t\t\t\t\t\t<\/div>\n\t\t\t\t\t<\/div>\n\t\t\t\t\t\t<\/div>\n\t\t\t\t\t\t<\/div>\n\t\t\t\t<\/div>\n\t\t\t\t\t<\/div>\n\t\t\t\t<\/div>\n\t\t\t\t<\/div>\n\t\t","protected":false},"excerpt":{"rendered":"<p>OOS2025-662 | ECOP | Posters on site | T3-2Challenges and levers for developing Maritime Spatial Planning off the coast of a large Mediterranean cityFederico Fabbri, Sandrine Ruitton, and Samuel RobertThu, [&hellip;]<\/p>\n","protected":false},"author":319,"featured_media":4489,"parent":22359,"menu_order":0,"comment_status":"closed","ping_status":"closed","template":"","meta":{"_acf_changed":false,"footnotes":""},"class_list":["post-22415","page","type-page","status-publish","has-post-thumbnail","hentry"],"acf":[],"_links":{"self":[{"href":"https:\/\/www.mio.osupytheas.fr\/en\/wp-json\/wp\/v2\/pages\/22415","targetHints":{"allow":["GET"]}}],"collection":[{"href":"https:\/\/www.mio.osupytheas.fr\/en\/wp-json\/wp\/v2\/pages"}],"about":[{"href":"https:\/\/www.mio.osupytheas.fr\/en\/wp-json\/wp\/v2\/types\/page"}],"author":[{"embeddable":true,"href":"https:\/\/www.mio.osupytheas.fr\/en\/wp-json\/wp\/v2\/users\/319"}],"replies":[{"embeddable":true,"href":"https:\/\/www.mio.osupytheas.fr\/en\/wp-json\/wp\/v2\/comments?post=22415"}],"version-history":[{"count":55,"href":"https:\/\/www.mio.osupytheas.fr\/en\/wp-json\/wp\/v2\/pages\/22415\/revisions"}],"predecessor-version":[{"id":22701,"href":"https:\/\/www.mio.osupytheas.fr\/en\/wp-json\/wp\/v2\/pages\/22415\/revisions\/22701"}],"up":[{"embeddable":true,"href":"https:\/\/www.mio.osupytheas.fr\/en\/wp-json\/wp\/v2\/pages\/22359"}],"wp:featuredmedia":[{"embeddable":true,"href":"https:\/\/www.mio.osupytheas.fr\/en\/wp-json\/wp\/v2\/media\/4489"}],"wp:attachment":[{"href":"https:\/\/www.mio.osupytheas.fr\/en\/wp-json\/wp\/v2\/media?parent=22415"}],"curies":[{"name":"wp","href":"https:\/\/api.w.org\/{rel}","templated":true}]}}