{"id":7550,"date":"2024-04-15T17:16:51","date_gmt":"2024-04-15T15:16:51","guid":{"rendered":"https:\/\/www.mio.osupytheas.fr\/?page_id=7550"},"modified":"2026-01-08T16:58:08","modified_gmt":"2026-01-08T15:58:08","slug":"deadlines","status":"publish","type":"page","link":"https:\/\/www.mio.osupytheas.fr\/en\/dates-limites\/","title":{"rendered":"Deadlines"},"content":{"rendered":"\t\t<div data-elementor-type=\"wp-page\" data-elementor-id=\"7550\" class=\"elementor elementor-7550\" data-elementor-post-type=\"page\">\n\t\t\t\t<div class=\"elementor-element elementor-element-2727052 e-flex e-con-boxed e-con e-parent\" data-id=\"2727052\" data-element_type=\"container\" data-e-type=\"container\" data-settings=\"{&quot;background_background&quot;:&quot;classic&quot;}\">\n\t\t\t\t\t<div class=\"e-con-inner\">\n\t\t<div class=\"elementor-element elementor-element-1ee37e54 e-flex e-con-boxed e-con e-child\" data-id=\"1ee37e54\" data-element_type=\"container\" data-e-type=\"container\">\n\t\t\t\t\t<div class=\"e-con-inner\">\n\t\t\t\t<div class=\"elementor-element elementor-element-3169383e elementor-widget__width-initial elementor-widget elementor-widget-theme-post-title elementor-page-title elementor-widget-heading\" data-id=\"3169383e\" data-element_type=\"widget\" data-e-type=\"widget\" data-widget_type=\"theme-post-title.default\">\n\t\t\t\t<div class=\"elementor-widget-container\">\n\t\t\t\t\t<h1 class=\"elementor-heading-title elementor-size-default\">Dates Limites<\/h1>\t\t\t\t<\/div>\n\t\t\t\t<\/div>\n\t\t\t\t<div class=\"elementor-element elementor-element-2d1bd531 elementor-widget__width-initial breadcrumb elementor-widget elementor-widget-shortcode\" data-id=\"2d1bd531\" data-element_type=\"widget\" data-e-type=\"widget\" data-widget_type=\"shortcode.default\">\n\t\t\t\t<div class=\"elementor-widget-container\">\n\t\t\t\t\t\t\t<div class=\"elementor-shortcode\"><nav aria-label=\"breadcrumbs\">\n            <div class=\"breadcrumb-container theme1\">\n                <ol>\n                                    <\/ol>\n            <\/div>\n        <\/nav>    <script type=\"application\/ld+json\">\n        {\n            \"@context\": \"http:\/\/schema.org\",\n            \"@type\": \"BreadcrumbList\",\n            \"itemListElement\": [\n                            ]\n        }\n    <\/script>\n   \n    <script>\n            <\/script>\n <\/div>\n\t\t\t\t\t\t<\/div>\n\t\t\t\t<\/div>\n\t\t\t\t\t<\/div>\n\t\t\t\t<\/div>\n\t\t\t\t\t<\/div>\n\t\t\t\t<\/div>\n\t\t<div class=\"elementor-element elementor-element-1a3a64b e-flex e-con-boxed e-con e-child\" data-id=\"1a3a64b\" data-element_type=\"container\" data-e-type=\"container\">\n\t\t\t\t\t<div class=\"e-con-inner\">\n\t\t\t\t<div class=\"elementor-element elementor-element-a65aedc elementor-widget__width-initial elementor-widget elementor-widget-heading\" data-id=\"a65aedc\" data-element_type=\"widget\" data-e-type=\"widget\" data-widget_type=\"heading.default\">\n\t\t\t\t<div class=\"elementor-widget-container\">\n\t\t\t\t\t<h2 class=\"elementor-heading-title elementor-size-default\">Date limite Appels d'offres<\/h2>\t\t\t\t<\/div>\n\t\t\t\t<\/div>\n\t\t\t\t<div class=\"elementor-element elementor-element-67031f0 elementor-widget-tablet__width-auto elementor-posts--thumbnail-none elementor-grid-3 elementor-grid-tablet-2 elementor-grid-mobile-1 elementor-widget elementor-widget-posts\" data-id=\"67031f0\" data-element_type=\"widget\" data-e-type=\"widget\" id=\"date-limite-card\" data-settings=\"{&quot;pagination_type&quot;:&quot;numbers_and_prev_next&quot;,&quot;date_limite_mio_row_gap&quot;:{&quot;unit&quot;:&quot;px&quot;,&quot;size&quot;:30,&quot;sizes&quot;:[]},&quot;date_limite_mio_columns&quot;:&quot;3&quot;,&quot;date_limite_mio_columns_tablet&quot;:&quot;2&quot;,&quot;date_limite_mio_columns_mobile&quot;:&quot;1&quot;,&quot;date_limite_mio_row_gap_laptop&quot;:{&quot;unit&quot;:&quot;px&quot;,&quot;size&quot;:&quot;&quot;,&quot;sizes&quot;:[]},&quot;date_limite_mio_row_gap_tablet&quot;:{&quot;unit&quot;:&quot;px&quot;,&quot;size&quot;:&quot;&quot;,&quot;sizes&quot;:[]},&quot;date_limite_mio_row_gap_mobile&quot;:{&quot;unit&quot;:&quot;px&quot;,&quot;size&quot;:&quot;&quot;,&quot;sizes&quot;:[]}}\" data-widget_type=\"posts.date-limite-mio\">\n\t\t\t\t<div class=\"elementor-widget-container\">\n\t\t\t\t\t\t\t<div class=\"elementor-posts-container elementor-posts elementor-posts--skin-date-limite-mio elementor-grid\" role=\"list\">\n\t\t<div class=\"date-limite-card\">\t\t<article class=\"elementor-post elementor-grid-item post-24810 appel_offre type-appel_offre status-publish hentry\" role=\"listitem\">\n\t\t        <a href=\"https:\/\/www.mio.osupytheas.fr\/en\/appel_offre\/launch-of-irp-and-irn-2026-calls-for-proposals\/\" class=\"elementor-post__text\">        <h3>Launch of IRP and IRN 2026 calls for proposals<\/h3>            <div class=\"post-type\">\n                <p>\n                    Appel d'offre\n                <\/p>\n            <\/div>\n            <div class=\"date-limite\">Jusqu'au 15 May 2026<\/div>\t\t<div class=\"elementor-post__excerpt\">\n\t\t\t<p>May 15, 2026 (4 p.m., Paris time) : Deadline for submitting applications on the dedicated NOA platform. The European and International Affairs Department (DEI) of the CNRS, in close collaboration<\/p>\n\t\t<\/div>\n\t\t        <\/a>\n        \t\t<\/article>\n\t\t<\/div> <div class=\"date-limite-card\">\t\t<article class=\"elementor-post elementor-grid-item post-25821 appel_offre type-appel_offre status-publish hentry\" role=\"listitem\">\n\t\t        <a href=\"https:\/\/www.mio.osupytheas.fr\/en\/appel_offre\/4e-edition-de-lappel-a-projets-portant-sur-le-croisement-de-donnees-de-sante-et-environnementales\/\" class=\"elementor-post__text\">        <h3>4e \u00e9dition de l\u2019appel \u00e0 projets portant sur le croisement de donn\u00e9es de sant\u00e9 et environnementales<\/h3>            <div class=\"post-type\">\n                <p>\n                    Appel d'offre\n                <\/p>\n            <\/div>\n            <div class=\"date-limite\">Jusqu'au 15 May 2026<\/div>\t\t<div class=\"elementor-post__excerpt\">\n\t\t\t<p>Calendrier des \u00e9tapes de s\u00e9lection Webinaire d\u2019information : le 2 avril 2026 \u00e0 12h et le 6 mai 2026 \u00e0 12h Cl\u00f4ture des candidatures : 15 mai 2026 \u00e0 23h59<\/p>\n\t\t<\/div>\n\t\t        <\/a>\n        \t\t<\/article>\n\t\t<\/div> <div class=\"date-limite-card\">\t\t<article class=\"elementor-post elementor-grid-item post-24558 appel_offre type-appel_offre status-publish hentry\" role=\"listitem\">\n\t\t        <a href=\"https:\/\/www.mio.osupytheas.fr\/en\/appel_offre\/asma-2026-accompagnement-specifique-des-travaux-de-recherches-et-dinnovation-defense-maturation-et-valorisation\/\" class=\"elementor-post__text\">        <h3>ASMA 2026 : Accompagnement Sp\u00e9cifique des Travaux de Recherches et d\u2019Innovation D\u00e9fense : Maturation et valorisation<\/h3>            <div class=\"post-type\">\n                <p>\n                    Appel d'offre\n                <\/p>\n            <\/div>\n            <div class=\"date-limite\">Jusqu'au 25 May 2026<\/div>\t\t<div class=\"elementor-post__excerpt\">\n\t\t\t<p>Limite d\u00e9p\u00f4t dossiers L2 : 25 mai 2026 \u00e0 15h00 CEST. Le programme ASTRID Maturation est destin\u00e9 \u00e0 accompagner la valorisation des travaux scientifiques accomplis dans d\u2019autres dispositifs de soutien<\/p>\n\t\t<\/div>\n\t\t        <\/a>\n        \t\t<\/article>\n\t\t<\/div> <div class=\"date-limite-card\">\t\t<article class=\"elementor-post elementor-grid-item post-25714 appel_offre type-appel_offre status-publish hentry\" role=\"listitem\">\n\t\t        <a href=\"https:\/\/www.mio.osupytheas.fr\/en\/appel_offre\/ird-appel-a-projets-2026-action-damorcage-innovation\/\" class=\"elementor-post__text\">        <h3>IRD &#8211; Appel \u00e0 projets 2026 Action d&#8217;amor\u00e7age innovation<\/h3>            <div class=\"post-type\">\n                <p>\n                    Appel d'offre\n                <\/p>\n            <\/div>\n            <div class=\"date-limite\">Jusqu'au 25 May 2026<\/div>\t\t<div class=\"elementor-post__excerpt\">\n\t\t\t<p>Les candidatures seront ouvertes du 30 mars au 25 mai 2026. L\u2019IRD lance une nouvelle \u00e9dition de l\u2019appel \u00e0 projets Action d\u2019amor\u00e7age innovation afin de soutenir l\u2019\u00e9mergence et le d\u00e9veloppement<\/p>\n\t\t<\/div>\n\t\t        <\/a>\n        \t\t<\/article>\n\t\t<\/div> <div class=\"date-limite-card\">\t\t<article class=\"elementor-post elementor-grid-item post-25531 appel_offre type-appel_offre status-publish hentry\" role=\"listitem\">\n\t\t        <a href=\"https:\/\/www.mio.osupytheas.fr\/en\/appel_offre\/programme-parrot-2027-2028\/\" class=\"elementor-post__text\">        <h3>Programme Parrot 2027 &#8211; 2028<\/h3>            <div class=\"post-type\">\n                <p>\n                    Appel d'offre\n                <\/p>\n            <\/div>\n            <div class=\"date-limite\">Jusqu'au 28 May 2026<\/div>\t\t<div class=\"elementor-post__excerpt\">\n\t\t\t<p>Date limite de d\u00e9p\u00f4t des dossiers de candidature : 28 mai 2026 Parrot est le Partenariat Hubert Curien (PHC) franco-estonien. Il est mis en \u0153uvre en France par le minist\u00e8re<\/p>\n\t\t<\/div>\n\t\t        <\/a>\n        \t\t<\/article>\n\t\t<\/div> <div class=\"date-limite-card\">\t\t<article class=\"elementor-post elementor-grid-item post-25777 appel_offre type-appel_offre status-publish hentry\" role=\"listitem\">\n\t\t        <a href=\"https:\/\/www.mio.osupytheas.fr\/en\/appel_offre\/cnrs-campagne-anf-2027\/\" class=\"elementor-post__text\">        <h3>CNRS &#8211; Campagne ANF 2027<\/h3>            <div class=\"post-type\">\n                <p>\n                    Appel d'offre\n                <\/p>\n            <\/div>\n            <div class=\"date-limite\">Jusqu'au 29 May 2026<\/div>\t\t<div class=\"elementor-post__excerpt\">\n\t\t\t<p>Date limite de soumission : 29 mai 2026. Une action nationale de formation est une action de formation collective. Elle est l\u2019un des outils qui accompagne la mise en place<\/p>\n\t\t<\/div>\n\t\t        <\/a>\n        \t\t<\/article>\n\t\t<\/div> <div class=\"date-limite-card\">\t\t<article class=\"elementor-post elementor-grid-item post-25439 appel_offre type-appel_offre status-publish hentry\" role=\"listitem\">\n\t\t        <a href=\"https:\/\/www.mio.osupytheas.fr\/en\/appel_offre\/fonds-de-soutien-impulsion-europe-superviseurs-et-candidats-msca-pf\/\" class=\"elementor-post__text\">        <h3>Fonds de Soutien Impulsion Europe Superviseurs et candidats MSCA-PF<\/h3>            <div class=\"post-type\">\n                <p>\n                    Appel d'offre\n                <\/p>\n            <\/div>\n            <div class=\"date-limite\">Jusqu'au 31 May 2026<\/div>\t\t<div class=\"elementor-post__excerpt\">\n\t\t\t<p>Date limite de candidature : 31 mai 2026. Vous souhaitez encadrer un.e candidat.e \u00e0 une bourse postdoctorale Marie Sk\u0142odowska-Curie (MSCA PF) en 2026 ? Vous avez d\u00e9j\u00e0 identifi\u00e9 votre candidat.e\u00a0?<\/p>\n\t\t<\/div>\n\t\t        <\/a>\n        \t\t<\/article>\n\t\t<\/div> <div class=\"date-limite-card\">\t\t<article class=\"elementor-post elementor-grid-item post-26022 appel_offre type-appel_offre status-publish hentry\" role=\"listitem\">\n\t\t        <a href=\"https:\/\/www.mio.osupytheas.fr\/en\/appel_offre\/campagne-fir-invites-2027\/\" class=\"elementor-post__text\">        <h3>Campagne FIR invit\u00e9s 2027<\/h3>            <div class=\"post-type\">\n                <p>\n                    Appel d'offre\n                <\/p>\n            <\/div>\n            <div class=\"date-limite\">Jusqu'au 10 June 2026<\/div>\t\t<div class=\"elementor-post__excerpt\">\n\t\t\t<p>Les candidatures, accompagn\u00e9es de l&#8217;avis du directeur de l&#8217;unit\u00e9 de recherche, devront \u00eatre transmises (en version \u00e9lectronique) au plus tard le 10 juin 2026 avant 10h00 \u00e0 l&#8217;attention de la<\/p>\n\t\t<\/div>\n\t\t        <\/a>\n        \t\t<\/article>\n\t\t<\/div> <div class=\"date-limite-card\">\t\t<article class=\"elementor-post elementor-grid-item post-26165 appel_offre type-appel_offre status-publish hentry\" role=\"listitem\">\n\t\t        <a href=\"https:\/\/www.mio.osupytheas.fr\/en\/appel_offre\/cnes-2027-apr-propositions-de-recherche-scientifique\/\" class=\"elementor-post__text\">        <h3>CNES &#8211; 2027 APR &#8211; Propositions de recherche scientifique<\/h3>            <div class=\"post-type\">\n                <p>\n                    Appel d'offre\n                <\/p>\n            <\/div>\n            <div class=\"date-limite\">Jusqu'au 15 June 2026<\/div>\t\t<div class=\"elementor-post__excerpt\">\n\t\t\t<p>Date de cl\u00f4ture de l&#8217;APR : 15 juin 2026 &#8211; 23:59:00 (Europe\/Paris). La strat\u00e9gie du CNES pour la science est b\u00e2tie sur les id\u00e9es propos\u00e9es par les chercheurs des laboratoires<\/p>\n\t\t<\/div>\n\t\t        <\/a>\n        \t\t<\/article>\n\t\t<\/div> \t\t<\/div>\n\t\t\n\t\t\t\t<div class=\"e-load-more-anchor\" data-page=\"1\" data-max-page=\"3\" data-next-page=\"https:\/\/www.mio.osupytheas.fr\/en\/wp-json\/wp\/v2\/pages\/7550\/page\/2\/\"><\/div>\n\t\t\t\t<nav class=\"elementor-pagination\" aria-label=\"Pagination\">\n\t\t\t<span class=\"page-numbers prev\">< Pr\u00e9c\u00e9dent<\/span>\n<span aria-current=\"page\" class=\"page-numbers current\"><span class=\"elementor-screen-only\">Page<\/span>1<\/span>\n<a class=\"page-numbers\" href=\"https:\/\/www.mio.osupytheas.fr\/en\/wp-json\/wp\/v2\/pages\/7550\/page\/2\/\"><span class=\"elementor-screen-only\">Page<\/span>2<\/a>\n<a class=\"page-numbers\" href=\"https:\/\/www.mio.osupytheas.fr\/en\/wp-json\/wp\/v2\/pages\/7550\/page\/3\/\"><span class=\"elementor-screen-only\">Page<\/span>3<\/a>\n<a class=\"page-numbers next\" href=\"https:\/\/www.mio.osupytheas.fr\/en\/wp-json\/wp\/v2\/pages\/7550\/page\/2\/\">Suivant ><\/a>\t\t<\/nav>\n\t\t\t\t\t\t<\/div>\n\t\t\t\t<\/div>\n\t\t\t\t<div class=\"elementor-element elementor-element-97688c3 elementor-widget__width-initial elementor-hidden-desktop elementor-hidden-laptop elementor-hidden-tablet elementor-hidden-mobile elementor-widget elementor-widget-heading\" data-id=\"97688c3\" data-element_type=\"widget\" data-e-type=\"widget\" data-widget_type=\"heading.default\">\n\t\t\t\t<div class=\"elementor-widget-container\">\n\t\t\t\t\t<h2 class=\"elementor-heading-title elementor-size-default\">Date limite Colloques &amp; S\u00e9minaires<\/h2>\t\t\t\t<\/div>\n\t\t\t\t<\/div>\n\t\t\t\t\t<\/div>\n\t\t\t\t<\/div>\n\t\t<div class=\"elementor-element elementor-element-c4491df e-flex e-con-boxed e-con e-parent\" data-id=\"c4491df\" data-element_type=\"container\" data-e-type=\"container\">\n\t\t\t\t\t<div class=\"e-con-inner\">\n\t\t\t\t<div class=\"elementor-element elementor-element-b8f6c5f elementor-widget elementor-widget-heading\" data-id=\"b8f6c5f\" data-element_type=\"widget\" data-e-type=\"widget\" data-widget_type=\"heading.default\">\n\t\t\t\t<div class=\"elementor-widget-container\">\n\t\t\t\t\t<span class=\"elementor-heading-title elementor-size-default\">Partager sur :<\/span>\t\t\t\t<\/div>\n\t\t\t\t<\/div>\n\t\t\t\t<div class=\"elementor-element elementor-element-fa4aeb0 elementor-share-buttons--view-icon elementor-share-buttons--shape-circle elementor-widget__width-auto elementor-share-buttons--skin-gradient elementor-grid-0 elementor-share-buttons--color-official elementor-widget elementor-widget-share-buttons\" data-id=\"fa4aeb0\" data-element_type=\"widget\" data-e-type=\"widget\" data-widget_type=\"share-buttons.default\">\n\t\t\t\t<div class=\"elementor-widget-container\">\n\t\t\t\t\t\t\t<div class=\"elementor-grid\" role=\"list\">\n\t\t\t\t\t\t\t\t<div class=\"elementor-grid-item\" role=\"listitem\">\n\t\t\t\t\t\t<div class=\"elementor-share-btn elementor-share-btn_facebook\" role=\"button\" tabindex=\"0\" aria-label=\"Share on facebook\">\n\t\t\t\t\t\t\t\t\t\t\t\t\t\t\t<span class=\"elementor-share-btn__icon\">\n\t\t\t\t\t\t\t\t<svg aria-hidden=\"true\" class=\"e-font-icon-svg e-fab-facebook\" viewBox=\"0 0 512 512\" xmlns=\"http:\/\/www.w3.org\/2000\/svg\"><path d=\"M504 256C504 119 393 8 256 8S8 119 8 256c0 123.78 90.69 226.38 209.25 245V327.69h-63V256h63v-54.64c0-62.15 37-96.48 93.67-96.48 27.14 0 55.52 4.84 55.52 4.84v61h-31.28c-30.8 0-40.41 19.12-40.41 38.73V256h68.78l-11 71.69h-57.78V501C413.31 482.38 504 379.78 504 256z\"><\/path><\/svg>\t\t\t\t\t\t\t<\/span>\n\t\t\t\t\t\t\t\t\t\t\t\t\t\t\t\t\t\t\t\t<\/div>\n\t\t\t\t\t<\/div>\n\t\t\t\t\t\t\t\t\t<div class=\"elementor-grid-item\" role=\"listitem\">\n\t\t\t\t\t\t<div class=\"elementor-share-btn elementor-share-btn_twitter\" role=\"button\" tabindex=\"0\" aria-label=\"Share on twitter\">\n\t\t\t\t\t\t\t\t\t\t\t\t\t\t\t<span class=\"elementor-share-btn__icon\">\n\t\t\t\t\t\t\t\t<svg aria-hidden=\"true\" class=\"e-font-icon-svg e-fab-twitter\" viewBox=\"0 0 512 512\" xmlns=\"http:\/\/www.w3.org\/2000\/svg\"><path d=\"M459.37 151.716c.325 4.548.325 9.097.325 13.645 0 138.72-105.583 298.558-298.558 298.558-59.452 0-114.68-17.219-161.137-47.106 8.447.974 16.568 1.299 25.34 1.299 49.055 0 94.213-16.568 130.274-44.832-46.132-.975-84.792-31.188-98.112-72.772 6.498.974 12.995 1.624 19.818 1.624 9.421 0 18.843-1.3 27.614-3.573-48.081-9.747-84.143-51.98-84.143-102.985v-1.299c13.969 7.797 30.214 12.67 47.431 13.319-28.264-18.843-46.781-51.005-46.781-87.391 0-19.492 5.197-37.36 14.294-52.954 51.655 63.675 129.3 105.258 216.365 109.807-1.624-7.797-2.599-15.918-2.599-24.04 0-57.828 46.782-104.934 104.934-104.934 30.213 0 57.502 12.67 76.67 33.137 23.715-4.548 46.456-13.32 66.599-25.34-7.798 24.366-24.366 44.833-46.132 57.827 21.117-2.273 41.584-8.122 60.426-16.243-14.292 20.791-32.161 39.308-52.628 54.253z\"><\/path><\/svg>\t\t\t\t\t\t\t<\/span>\n\t\t\t\t\t\t\t\t\t\t\t\t\t\t\t\t\t\t\t\t<\/div>\n\t\t\t\t\t<\/div>\n\t\t\t\t\t\t\t\t\t<div class=\"elementor-grid-item\" role=\"listitem\">\n\t\t\t\t\t\t<div class=\"elementor-share-btn elementor-share-btn_linkedin\" role=\"button\" tabindex=\"0\" aria-label=\"Share on linkedin\">\n\t\t\t\t\t\t\t\t\t\t\t\t\t\t\t<span class=\"elementor-share-btn__icon\">\n\t\t\t\t\t\t\t\t<svg aria-hidden=\"true\" class=\"e-font-icon-svg e-fab-linkedin\" viewBox=\"0 0 448 512\" xmlns=\"http:\/\/www.w3.org\/2000\/svg\"><path d=\"M416 32H31.9C14.3 32 0 46.5 0 64.3v383.4C0 465.5 14.3 480 31.9 480H416c17.6 0 32-14.5 32-32.3V64.3c0-17.8-14.4-32.3-32-32.3zM135.4 416H69V202.2h66.5V416zm-33.2-243c-21.3 0-38.5-17.3-38.5-38.5S80.9 96 102.2 96c21.2 0 38.5 17.3 38.5 38.5 0 21.3-17.2 38.5-38.5 38.5zm282.1 243h-66.4V312c0-24.8-.5-56.7-34.5-56.7-34.6 0-39.9 27-39.9 54.9V416h-66.4V202.2h63.7v29.2h.9c8.9-16.8 30.6-34.5 62.9-34.5 67.2 0 79.7 44.3 79.7 101.9V416z\"><\/path><\/svg>\t\t\t\t\t\t\t<\/span>\n\t\t\t\t\t\t\t\t\t\t\t\t\t\t\t\t\t\t\t\t<\/div>\n\t\t\t\t\t<\/div>\n\t\t\t\t\t\t\t\t\t<div class=\"elementor-grid-item\" role=\"listitem\">\n\t\t\t\t\t\t<div class=\"elementor-share-btn elementor-share-btn_whatsapp\" role=\"button\" tabindex=\"0\" aria-label=\"Share on whatsapp\">\n\t\t\t\t\t\t\t\t\t\t\t\t\t\t\t<span class=\"elementor-share-btn__icon\">\n\t\t\t\t\t\t\t\t<svg aria-hidden=\"true\" class=\"e-font-icon-svg e-fab-whatsapp\" viewBox=\"0 0 448 512\" xmlns=\"http:\/\/www.w3.org\/2000\/svg\"><path d=\"M380.9 97.1C339 55.1 283.2 32 223.9 32c-122.4 0-222 99.6-222 222 0 39.1 10.2 77.3 29.6 111L0 480l117.7-30.9c32.4 17.7 68.9 27 106.1 27h.1c122.3 0 224.1-99.6 224.1-222 0-59.3-25.2-115-67.1-157zm-157 341.6c-33.2 0-65.7-8.9-94-25.7l-6.7-4-69.8 18.3L72 359.2l-4.4-7c-18.5-29.4-28.2-63.3-28.2-98.2 0-101.7 82.8-184.5 184.6-184.5 49.3 0 95.6 19.2 130.4 54.1 34.8 34.9 56.2 81.2 56.1 130.5 0 101.8-84.9 184.6-186.6 184.6zm101.2-138.2c-5.5-2.8-32.8-16.2-37.9-18-5.1-1.9-8.8-2.8-12.5 2.8-3.7 5.6-14.3 18-17.6 21.8-3.2 3.7-6.5 4.2-12 1.4-32.6-16.3-54-29.1-75.5-66-5.7-9.8 5.7-9.1 16.3-30.3 1.8-3.7.9-6.9-.5-9.7-1.4-2.8-12.5-30.1-17.1-41.2-4.5-10.8-9.1-9.3-12.5-9.5-3.2-.2-6.9-.2-10.6-.2-3.7 0-9.7 1.4-14.8 6.9-5.1 5.6-19.4 19-19.4 46.3 0 27.3 19.9 53.7 22.6 57.4 2.8 3.7 39.1 59.7 94.8 83.8 35.2 15.2 49 16.5 66.6 13.9 10.7-1.6 32.8-13.4 37.4-26.4 4.6-13 4.6-24.1 3.2-26.4-1.3-2.5-5-3.9-10.5-6.6z\"><\/path><\/svg>\t\t\t\t\t\t\t<\/span>\n\t\t\t\t\t\t\t\t\t\t\t\t\t\t\t\t\t\t\t\t<\/div>\n\t\t\t\t\t<\/div>\n\t\t\t\t\t\t<\/div>\n\t\t\t\t\t\t<\/div>\n\t\t\t\t<\/div>\n\t\t\t\t\t<\/div>\n\t\t\t\t<\/div>\n\t\t\t\t<\/div>\n\t\t","protected":false},"excerpt":{"rendered":"<p>Deadline Calls for tender Deadline Colloquia &amp; Seminars Share on :<\/p>","protected":false},"author":1,"featured_media":4489,"parent":0,"menu_order":0,"comment_status":"closed","ping_status":"closed","template":"","meta":{"_acf_changed":false,"footnotes":""},"class_list":["post-7550","page","type-page","status-publish","has-post-thumbnail","hentry"],"acf":[],"_links":{"self":[{"href":"https:\/\/www.mio.osupytheas.fr\/en\/wp-json\/wp\/v2\/pages\/7550","targetHints":{"allow":["GET"]}}],"collection":[{"href":"https:\/\/www.mio.osupytheas.fr\/en\/wp-json\/wp\/v2\/pages"}],"about":[{"href":"https:\/\/www.mio.osupytheas.fr\/en\/wp-json\/wp\/v2\/types\/page"}],"author":[{"embeddable":true,"href":"https:\/\/www.mio.osupytheas.fr\/en\/wp-json\/wp\/v2\/users\/1"}],"replies":[{"embeddable":true,"href":"https:\/\/www.mio.osupytheas.fr\/en\/wp-json\/wp\/v2\/comments?post=7550"}],"version-history":[{"count":29,"href":"https:\/\/www.mio.osupytheas.fr\/en\/wp-json\/wp\/v2\/pages\/7550\/revisions"}],"predecessor-version":[{"id":24661,"href":"https:\/\/www.mio.osupytheas.fr\/en\/wp-json\/wp\/v2\/pages\/7550\/revisions\/24661"}],"wp:featuredmedia":[{"embeddable":true,"href":"https:\/\/www.mio.osupytheas.fr\/en\/wp-json\/wp\/v2\/media\/4489"}],"wp:attachment":[{"href":"https:\/\/www.mio.osupytheas.fr\/en\/wp-json\/wp\/v2\/media?parent=7550"}],"curies":[{"name":"wp","href":"https:\/\/api.w.org\/{rel}","templated":true}]}}