{"id":7847,"date":"2024-07-03T10:29:54","date_gmt":"2024-07-03T08:29:54","guid":{"rendered":"https:\/\/www.mio.osupytheas.fr\/?page_id=7847"},"modified":"2024-11-05T21:35:51","modified_gmt":"2024-11-05T20:35:51","slug":"plume-transport-of-particles-along-watercourses-and-impact-on-coastal-ecosystems-in-vietnam","status":"publish","type":"page","link":"https:\/\/www.mio.osupytheas.fr\/en\/production\/nos-projets\/mers-et-oceans-changement-global\/plume-transport-des-particules-le-long-des-cours-deau-et-impact-sur-les-ecosystemes-cotiers-au-vietnam\/","title":{"rendered":"PLUME - Transport of particles along rivers and impact on coastal ecosystems in Vietnam"},"content":{"rendered":"\t\t<div data-elementor-type=\"wp-page\" data-elementor-id=\"7847\" class=\"elementor elementor-7847\" data-elementor-post-type=\"page\">\n\t\t\t\t<div class=\"elementor-element elementor-element-1ba07bd6 e-flex e-con-boxed e-con e-parent\" data-id=\"1ba07bd6\" data-element_type=\"container\" data-e-type=\"container\" data-settings=\"{&quot;background_background&quot;:&quot;classic&quot;}\">\n\t\t\t\t\t<div class=\"e-con-inner\">\n\t\t<div class=\"elementor-element elementor-element-46e1227 e-flex e-con-boxed e-con e-child\" data-id=\"46e1227\" data-element_type=\"container\" data-e-type=\"container\">\n\t\t\t\t\t<div class=\"e-con-inner\">\n\t\t\t\t<div class=\"elementor-element elementor-element-3e0be909 elementor-widget__width-initial elementor-widget elementor-widget-theme-post-title elementor-page-title elementor-widget-heading\" data-id=\"3e0be909\" data-element_type=\"widget\" data-e-type=\"widget\" data-widget_type=\"theme-post-title.default\">\n\t\t\t\t<div class=\"elementor-widget-container\">\n\t\t\t\t\t<h1 class=\"elementor-heading-title elementor-size-default\">PLUME &#8211; Transport des particules le long des cours d&#8217;eau et impact sur les \u00e9cosyst\u00e8mes c\u00f4tiers au Vi\u00eatnam<\/h1>\t\t\t\t<\/div>\n\t\t\t\t<\/div>\n\t\t\t\t<div class=\"elementor-element elementor-element-82991b6 elementor-widget__width-initial breadcrumb elementor-widget elementor-widget-shortcode\" data-id=\"82991b6\" data-element_type=\"widget\" data-e-type=\"widget\" data-widget_type=\"shortcode.default\">\n\t\t\t\t<div class=\"elementor-widget-container\">\n\t\t\t\t\t\t\t<div class=\"elementor-shortcode\"><nav aria-label=\"breadcrumbs\">\n            <div class=\"breadcrumb-container theme1\">\n                <ol>\n                                    <\/ol>\n            <\/div>\n        <\/nav>    <script type=\"application\/ld+json\">\n        {\n            \"@context\": \"http:\/\/schema.org\",\n            \"@type\": \"BreadcrumbList\",\n            \"itemListElement\": [\n                            ]\n        }\n    <\/script>\n   \n    <script>\n            <\/script>\n <\/div>\n\t\t\t\t\t\t<\/div>\n\t\t\t\t<\/div>\n\t\t\t\t\t<\/div>\n\t\t\t\t<\/div>\n\t\t\t\t\t<\/div>\n\t\t\t\t<\/div>\n\t\t<div class=\"elementor-element elementor-element-1fb0aaf e-flex e-con-boxed e-con e-parent\" data-id=\"1fb0aaf\" data-element_type=\"container\" data-e-type=\"container\">\n\t\t\t\t\t<div class=\"e-con-inner\">\n\t\t\t\t<div class=\"elementor-element elementor-element-f250073 elementor-widget elementor-widget-text-editor\" data-id=\"f250073\" data-element_type=\"widget\" data-e-type=\"widget\" data-widget_type=\"text-editor.default\">\n\t\t\t\t<div class=\"elementor-widget-container\">\n\t\t\t\t\t\t\t\t\t<h3 style=\"text-align: justify;\">Particle transport along river pLUmes and their iMpact on coastal ecosystems of ViEtnam<\/h3><p style=\"text-align: center;\"><img fetchpriority=\"high\" decoding=\"async\" class=\"alignnone size-full wp-image-7850\" src=\"https:\/\/www.mio.osupytheas.fr\/wp-content\/uploads\/2024\/07\/LogoCampagnePlume.png\" alt=\"Logo Campagne PLUME\" width=\"800\" height=\"600\" srcset=\"https:\/\/www.mio.osupytheas.fr\/wp-content\/uploads\/2024\/07\/LogoCampagnePlume.png 800w, https:\/\/www.mio.osupytheas.fr\/wp-content\/uploads\/2024\/07\/LogoCampagnePlume-300x225.png 300w, https:\/\/www.mio.osupytheas.fr\/wp-content\/uploads\/2024\/07\/LogoCampagnePlume-768x576.png 768w, https:\/\/www.mio.osupytheas.fr\/wp-content\/uploads\/2024\/07\/LogoCampagnePlume-16x12.png 16w\" sizes=\"(max-width: 800px) 100vw, 800px\" \/><\/p><p style=\"text-align: justify;\"><a href=\"https:\/\/www.ird.fr\/lancement-de-la-campagne-oceanographique-franco-vietnamienne-plume\" target=\"_blank\" rel=\"noopener\">La campagne oc\u00e9anographique franco-vietnamienne <em>PLUME<\/em><\/a> (Particle transport along river pLUmes and their iMpact on coastal ecosystems off ViEtnam), s&#8217;est d\u00e9roul\u00e9e au Vi\u00eat Nam du <strong>28 mai au 11 juillet 2024<\/strong>. Cette campagne s\u2019inscrit dans le cadre d\u2019un fort partenariat franco-vietnamien.<\/p><p class=\"rtejustify\" style=\"text-align: justify;\">Pilot\u00e9e par l\u2019IRD et l&#8217;Acad\u00e9mie des sciences et technologies du Vi\u00eat Nam (VAST), <em>PLUME<\/em> se d\u00e9roule \u00e0 bord du navire de recherche Antea de la Flotte oc\u00e9anographique fran\u00e7aise (FOF), op\u00e9r\u00e9 par l&#8217;IFREMER (Institut Fran\u00e7ais de Recherche pour l\u2019Exploitation de la Mer), avec le soutien du Centre national de la recherche scientifique (CNRS).<\/p><p class=\"rtejustify\" style=\"text-align: justify;\">La campagne vise \u00e0 mieux comprendre et quantifier les transports d\u2019eau, de particules, de mati\u00e8res naturelles et anthropiques, leur r\u00e9partition le long du continuum fleuve-estuaire-oc\u00e9an et leur impact sur la zone c\u00f4ti\u00e8re, principalement aux abords des trois plus grands syst\u00e8mes fluviaux du Vi\u00eat Nam, \u00e0 savoir le fleuve Rouge, le fleuve M\u00e9kong, et le syst\u00e8me des rivi\u00e8res Saigon-Dong Nai, pendant la saison humide (pluvieuse). PLUME constitue le point d&#8217;orgue des c\u00e9l\u00e9brations du 80\u00e8me anniversaire de l&#8217;IRD au Vi\u00eat Nam.<\/p><p class=\"rtejustify\" style=\"text-align: justify;\">Une exp\u00e9dition oc\u00e9anographique franco-vietnamienne \u00e0 bord du navire de recherche ANTEA, vise \u00e0 \u00e9tudier le transport des particules d&#8217;eau et son impact sur les \u00e9cosyst\u00e8mes c\u00f4tiers le long de la c\u00f4te vietnamienne.<\/p><p>\u00a0<\/p><h3 class=\"rtejustify\" style=\"text-align: justify;\"><a href=\"https:\/\/plumevietnam.com\/\" target=\"_blank\" rel=\"noopener\"><strong>Le site<\/strong><\/a><\/h3>\t\t\t\t\t\t\t\t<\/div>\n\t\t\t\t<\/div>\n\t\t\t\t\t<\/div>\n\t\t\t\t<\/div>\n\t\t<div class=\"elementor-element elementor-element-d947263 e-flex e-con-boxed e-con e-parent\" data-id=\"d947263\" data-element_type=\"container\" data-e-type=\"container\" data-settings=\"{&quot;background_background&quot;:&quot;classic&quot;}\">\n\t\t\t\t\t<div class=\"e-con-inner\">\n\t\t\t\t<div class=\"elementor-element elementor-element-0c6bf43 elementor-widget elementor-widget-image\" data-id=\"0c6bf43\" data-element_type=\"widget\" data-e-type=\"widget\" data-widget_type=\"image.default\">\n\t\t\t\t<div class=\"elementor-widget-container\">\n\t\t\t\t\t\t\t\t\t\t\t\t\t\t\t<img decoding=\"async\" width=\"2048\" height=\"1357\" src=\"https:\/\/www.mio.osupytheas.fr\/wp-content\/uploads\/2024\/11\/moerwijk-ohQh_p2b36Y-unsplash-scaled-1-2048x1357.jpg\" class=\"attachment-2048x2048 size-2048x2048 wp-image-16702\" alt=\"Campagne PLUME - Vietnam\" srcset=\"https:\/\/www.mio.osupytheas.fr\/wp-content\/uploads\/2024\/11\/moerwijk-ohQh_p2b36Y-unsplash-scaled-1-2048x1357.jpg 2048w, https:\/\/www.mio.osupytheas.fr\/wp-content\/uploads\/2024\/11\/moerwijk-ohQh_p2b36Y-unsplash-scaled-1-300x199.jpg 300w, https:\/\/www.mio.osupytheas.fr\/wp-content\/uploads\/2024\/11\/moerwijk-ohQh_p2b36Y-unsplash-scaled-1-1024x678.jpg 1024w, https:\/\/www.mio.osupytheas.fr\/wp-content\/uploads\/2024\/11\/moerwijk-ohQh_p2b36Y-unsplash-scaled-1-768x509.jpg 768w, https:\/\/www.mio.osupytheas.fr\/wp-content\/uploads\/2024\/11\/moerwijk-ohQh_p2b36Y-unsplash-scaled-1-1536x1018.jpg 1536w, https:\/\/www.mio.osupytheas.fr\/wp-content\/uploads\/2024\/11\/moerwijk-ohQh_p2b36Y-unsplash-scaled-1-18x12.jpg 18w, https:\/\/www.mio.osupytheas.fr\/wp-content\/uploads\/2024\/11\/moerwijk-ohQh_p2b36Y-unsplash-scaled-1-1320x875.jpg 1320w\" sizes=\"(max-width: 2048px) 100vw, 2048px\" \/>\t\t\t\t\t\t\t\t\t\t\t\t\t\t\t<\/div>\n\t\t\t\t<\/div>\n\t\t\t\t\t<\/div>\n\t\t\t\t<\/div>\n\t\t\t\t<\/div>\n\t\t","protected":false},"excerpt":{"rendered":"<p>Particle transport along river pLUmes and their iMpact on coastal ecosystems of ViEtnamLa campagne oc\u00e9anographique franco-vietnamienne PLUME (Particle transport along river pLUmes and their iMpact on coastal ecosystems off ViEtnam), [&hellip;]<\/p>\n","protected":false},"author":319,"featured_media":7850,"parent":13497,"menu_order":0,"comment_status":"closed","ping_status":"closed","template":"","meta":{"_acf_changed":false,"footnotes":""},"class_list":["post-7847","page","type-page","status-publish","has-post-thumbnail","hentry"],"acf":[],"_links":{"self":[{"href":"https:\/\/www.mio.osupytheas.fr\/en\/wp-json\/wp\/v2\/pages\/7847","targetHints":{"allow":["GET"]}}],"collection":[{"href":"https:\/\/www.mio.osupytheas.fr\/en\/wp-json\/wp\/v2\/pages"}],"about":[{"href":"https:\/\/www.mio.osupytheas.fr\/en\/wp-json\/wp\/v2\/types\/page"}],"author":[{"embeddable":true,"href":"https:\/\/www.mio.osupytheas.fr\/en\/wp-json\/wp\/v2\/users\/319"}],"replies":[{"embeddable":true,"href":"https:\/\/www.mio.osupytheas.fr\/en\/wp-json\/wp\/v2\/comments?post=7847"}],"version-history":[{"count":53,"href":"https:\/\/www.mio.osupytheas.fr\/en\/wp-json\/wp\/v2\/pages\/7847\/revisions"}],"predecessor-version":[{"id":16813,"href":"https:\/\/www.mio.osupytheas.fr\/en\/wp-json\/wp\/v2\/pages\/7847\/revisions\/16813"}],"up":[{"embeddable":true,"href":"https:\/\/www.mio.osupytheas.fr\/en\/wp-json\/wp\/v2\/pages\/13497"}],"wp:featuredmedia":[{"embeddable":true,"href":"https:\/\/www.mio.osupytheas.fr\/en\/wp-json\/wp\/v2\/media\/7850"}],"wp:attachment":[{"href":"https:\/\/www.mio.osupytheas.fr\/en\/wp-json\/wp\/v2\/media?parent=7847"}],"curies":[{"name":"wp","href":"https:\/\/api.w.org\/{rel}","templated":true}]}}