{"id":8239,"date":"2024-07-18T18:08:39","date_gmt":"2024-07-18T16:08:39","guid":{"rendered":"https:\/\/www.mio.osupytheas.fr\/?page_id=8239"},"modified":"2025-04-07T19:42:37","modified_gmt":"2025-04-07T17:42:37","slug":"research-teams","status":"publish","type":"page","link":"https:\/\/www.mio.osupytheas.fr\/en\/recherche\/les-equipes-de-recherche\/","title":{"rendered":"Research teams"},"content":{"rendered":"\t\t<div data-elementor-type=\"wp-page\" data-elementor-id=\"8239\" class=\"elementor elementor-8239\" data-elementor-post-type=\"page\">\n\t\t\t\t<div class=\"elementor-element elementor-element-2ce2260 e-flex e-con-boxed e-con e-parent\" data-id=\"2ce2260\" data-element_type=\"container\" data-e-type=\"container\" data-settings=\"{&quot;background_background&quot;:&quot;classic&quot;}\">\n\t\t\t\t\t<div class=\"e-con-inner\">\n\t\t<div class=\"elementor-element elementor-element-478385a e-flex e-con-boxed e-con e-child\" data-id=\"478385a\" data-element_type=\"container\" data-e-type=\"container\">\n\t\t\t\t\t<div class=\"e-con-inner\">\n\t\t\t\t<div class=\"elementor-element elementor-element-b3ad13b elementor-widget__width-initial elementor-widget elementor-widget-theme-post-title elementor-page-title elementor-widget-heading\" data-id=\"b3ad13b\" data-element_type=\"widget\" data-e-type=\"widget\" data-widget_type=\"theme-post-title.default\">\n\t\t\t\t<div class=\"elementor-widget-container\">\n\t\t\t\t\t<h1 class=\"elementor-heading-title elementor-size-default\">Les \u00e9quipes de recherche<\/h1>\t\t\t\t<\/div>\n\t\t\t\t<\/div>\n\t\t\t\t<div class=\"elementor-element elementor-element-1a6cbdd elementor-widget__width-initial breadcrumb elementor-widget elementor-widget-shortcode\" data-id=\"1a6cbdd\" data-element_type=\"widget\" data-e-type=\"widget\" data-widget_type=\"shortcode.default\">\n\t\t\t\t<div class=\"elementor-widget-container\">\n\t\t\t\t\t\t\t<div class=\"elementor-shortcode\"><nav aria-label=\"breadcrumbs\">\n            <div class=\"breadcrumb-container theme1\">\n                <ol>\n                                    <\/ol>\n            <\/div>\n        <\/nav>    <script type=\"application\/ld+json\">\n        {\n            \"@context\": \"http:\/\/schema.org\",\n            \"@type\": \"BreadcrumbList\",\n            \"itemListElement\": [\n                            ]\n        }\n    <\/script>\n   \n    <script>\n            <\/script>\n <\/div>\n\t\t\t\t\t\t<\/div>\n\t\t\t\t<\/div>\n\t\t\t\t\t<\/div>\n\t\t\t\t<\/div>\n\t\t\t\t\t<\/div>\n\t\t\t\t<\/div>\n\t\t<div class=\"elementor-element elementor-element-a5b2f42 e-flex e-con-boxed e-con e-parent\" data-id=\"a5b2f42\" data-element_type=\"container\" data-e-type=\"container\" data-settings=\"{&quot;background_background&quot;:&quot;classic&quot;}\">\n\t\t\t\t\t<div class=\"e-con-inner\">\n\t\t\t\t<div class=\"elementor-element elementor-element-070f3ce elementor-widget elementor-widget-text-editor\" data-id=\"070f3ce\" data-element_type=\"widget\" data-e-type=\"widget\" data-widget_type=\"text-editor.default\">\n\t\t\t\t<div class=\"elementor-widget-container\">\n\t\t\t\t\t\t\t\t\t<h4><strong><a href=\"https:\/\/www.mio.osupytheas.fr\/recherche\/les-equipes-de-recherche\/equipe-oceanographie-physique-littorale-et-cotiere-oplc\/\">\u00c9quipe 1 \u2013 Oc\u00e9anographie Physique, Littorale et C\u00f4ti\u00e8re (OPLC)<\/a><\/strong><\/h4><h4><strong><a href=\"https:\/\/www.mio.osupytheas.fr\/recherche\/les-equipes-de-recherche\/chimie-des-environnements-marins-cem\/\">\u00c9quipe 2 \u2013 Chimie des Environnements Marins (CEM)<\/a><\/strong><\/h4><h4><strong><a href=\"https:\/\/www.mio.osupytheas.fr\/recherche\/les-equipes-de-recherche\/microbiologie-environnementale-bioprocedes-meb\/\">\u00c9quipe 3 \u2013 Microbiologie Environnementale Bioproc\u00e9d\u00e9s (MEB)<\/a><\/strong><\/h4><h4><strong><a href=\"https:\/\/www.mio.osupytheas.fr\/recherche\/les-equipes-de-recherche\/biogeochimie\/\">\u00c9quipe 4 \u2013 BIOGEOCHIMIE<\/a><\/strong><\/h4><h4><strong><a href=\"https:\/\/www.mio.osupytheas.fr\/recherche\/les-equipes-de-recherche\/ecologie-marine-et-biodiversite-embio\/\">\u00c9quipe 5 \u2013 Ecologie Marine et BIOdiversit\u00e9 (EMBIO)<\/a><\/strong><\/h4><h4><strong><a href=\"https:\/\/www.mio.osupytheas.fr\/recherche\/les-equipes-de-recherche\/ecologie-theorique-modelisation-analyse-de-donnees-ecomad\/\">\u00c9quipe 6 \u2013 ECOlogie Th\u00e9orique, Mod\u00e9lisation &amp; Analyse de Donn\u00e9es (ECOMAD)<\/a><\/strong><\/h4>\t\t\t\t\t\t\t\t<\/div>\n\t\t\t\t<\/div>\n\t\t\t\t\t<\/div>\n\t\t\t\t<\/div>\n\t\t<div class=\"elementor-element elementor-element-6113b4f e-con-full e-flex e-con e-parent\" data-id=\"6113b4f\" data-element_type=\"container\" data-e-type=\"container\" data-settings=\"{&quot;background_background&quot;:&quot;classic&quot;}\">\n\t\t<div class=\"elementor-element elementor-element-1b33e73 e-con-full e-flex e-con e-child\" data-id=\"1b33e73\" data-element_type=\"container\" data-e-type=\"container\">\n\t\t<div class=\"elementor-element elementor-element-ea44992 e-con-full e-flex e-con e-child\" data-id=\"ea44992\" data-element_type=\"container\" data-e-type=\"container\">\n\t\t\t\t<div class=\"elementor-element elementor-element-e1892da elementor-widget elementor-widget-gallery\" data-id=\"e1892da\" data-element_type=\"widget\" data-e-type=\"widget\" data-settings=\"{&quot;columns&quot;:5,&quot;gap&quot;:{&quot;unit&quot;:&quot;px&quot;,&quot;size&quot;:0,&quot;sizes&quot;:[]},&quot;lazyload&quot;:&quot;yes&quot;,&quot;gallery_layout&quot;:&quot;grid&quot;,&quot;columns_tablet&quot;:2,&quot;columns_mobile&quot;:1,&quot;gap_laptop&quot;:{&quot;unit&quot;:&quot;px&quot;,&quot;size&quot;:10,&quot;sizes&quot;:[]},&quot;gap_tablet&quot;:{&quot;unit&quot;:&quot;px&quot;,&quot;size&quot;:10,&quot;sizes&quot;:[]},&quot;gap_mobile&quot;:{&quot;unit&quot;:&quot;px&quot;,&quot;size&quot;:10,&quot;sizes&quot;:[]},&quot;link_to&quot;:&quot;file&quot;,&quot;aspect_ratio&quot;:&quot;3:2&quot;,&quot;overlay_background&quot;:&quot;yes&quot;,&quot;content_hover_animation&quot;:&quot;fade-in&quot;}\" data-widget_type=\"gallery.default\">\n\t\t\t\t<div class=\"elementor-widget-container\">\n\t\t\t\t\t\t\t<div class=\"elementor-gallery__container\">\n\t\t\t\t\t\t\t<a class=\"e-gallery-item elementor-gallery-item elementor-animated-content\" href=\"https:\/\/www.mio.osupytheas.fr\/wp-content\/uploads\/2024\/07\/turboradar2018_2_0.jpg\" data-elementor-open-lightbox=\"yes\" data-elementor-lightbox-slideshow=\"e1892da\" data-elementor-lightbox-title=\"turboradar2018_2_0\" data-e-action-hash=\"#elementor-action%3Aaction%3Dlightbox%26settings%3DeyJpZCI6ODI0NCwidXJsIjoiaHR0cHM6XC9cL3d3dy5taW8ub3N1cHl0aGVhcy5mclwvd3AtY29udGVudFwvdXBsb2Fkc1wvMjAyNFwvMDdcL3R1cmJvcmFkYXIyMDE4XzJfMC5qcGciLCJzbGlkZXNob3ciOiJlMTg5MmRhIn0%3D\">\n\t\t\t\t\t<div class=\"e-gallery-image elementor-gallery-item__image\" data-thumbnail=\"https:\/\/www.mio.osupytheas.fr\/wp-content\/uploads\/2024\/07\/turboradar2018_2_0-768x576.jpg\" data-width=\"768\" data-height=\"576\" aria-label=\"\" role=\"img\" ><\/div>\n\t\t\t\t\t\t\t\t\t\t\t<div class=\"elementor-gallery-item__overlay\"><\/div>\n\t\t\t\t\t\t\t\t\t\t\t\t\t\t<\/a>\n\t\t\t\t\t\t\t<a class=\"e-gallery-item elementor-gallery-item elementor-animated-content\" href=\"https:\/\/www.mio.osupytheas.fr\/wp-content\/uploads\/2024\/07\/dsc_0482_0.jpg\" data-elementor-open-lightbox=\"yes\" data-elementor-lightbox-slideshow=\"e1892da\" data-elementor-lightbox-title=\"dsc_0482_0\" data-e-action-hash=\"#elementor-action%3Aaction%3Dlightbox%26settings%3DeyJpZCI6ODI0MywidXJsIjoiaHR0cHM6XC9cL3d3dy5taW8ub3N1cHl0aGVhcy5mclwvd3AtY29udGVudFwvdXBsb2Fkc1wvMjAyNFwvMDdcL2RzY18wNDgyXzAuanBnIiwic2xpZGVzaG93IjoiZTE4OTJkYSJ9\">\n\t\t\t\t\t<div class=\"e-gallery-image elementor-gallery-item__image\" data-thumbnail=\"https:\/\/www.mio.osupytheas.fr\/wp-content\/uploads\/2024\/07\/dsc_0482_0.jpg\" data-width=\"400\" data-height=\"300\" aria-label=\"\" role=\"img\" ><\/div>\n\t\t\t\t\t\t\t\t\t\t\t<div class=\"elementor-gallery-item__overlay\"><\/div>\n\t\t\t\t\t\t\t\t\t\t\t\t\t\t<\/a>\n\t\t\t\t\t\t\t<a class=\"e-gallery-item elementor-gallery-item elementor-animated-content\" href=\"https:\/\/www.mio.osupytheas.fr\/wp-content\/uploads\/2024\/07\/meb2_1.png\" data-elementor-open-lightbox=\"yes\" data-elementor-lightbox-slideshow=\"e1892da\" data-elementor-lightbox-title=\"meb2_1\" data-e-action-hash=\"#elementor-action%3Aaction%3Dlightbox%26settings%3DeyJpZCI6ODI0MSwidXJsIjoiaHR0cHM6XC9cL3d3dy5taW8ub3N1cHl0aGVhcy5mclwvd3AtY29udGVudFwvdXBsb2Fkc1wvMjAyNFwvMDdcL21lYjJfMS5wbmciLCJzbGlkZXNob3ciOiJlMTg5MmRhIn0%3D\">\n\t\t\t\t\t<div class=\"e-gallery-image elementor-gallery-item__image\" data-thumbnail=\"https:\/\/www.mio.osupytheas.fr\/wp-content\/uploads\/2024\/07\/meb2_1.png\" data-width=\"687\" data-height=\"333\" aria-label=\"\" role=\"img\" ><\/div>\n\t\t\t\t\t\t\t\t\t\t\t<div class=\"elementor-gallery-item__overlay\"><\/div>\n\t\t\t\t\t\t\t\t\t\t\t\t\t\t<\/a>\n\t\t\t\t\t\t\t<a class=\"e-gallery-item elementor-gallery-item elementor-animated-content\" href=\"https:\/\/www.mio.osupytheas.fr\/wp-content\/uploads\/2024\/07\/organismes.png\" data-elementor-open-lightbox=\"yes\" data-elementor-lightbox-slideshow=\"e1892da\" data-elementor-lightbox-title=\"organismes\" data-e-action-hash=\"#elementor-action%3Aaction%3Dlightbox%26settings%3DeyJpZCI6ODI0NiwidXJsIjoiaHR0cHM6XC9cL3d3dy5taW8ub3N1cHl0aGVhcy5mclwvd3AtY29udGVudFwvdXBsb2Fkc1wvMjAyNFwvMDdcL29yZ2FuaXNtZXMucG5nIiwic2xpZGVzaG93IjoiZTE4OTJkYSJ9\">\n\t\t\t\t\t<div class=\"e-gallery-image elementor-gallery-item__image\" data-thumbnail=\"https:\/\/www.mio.osupytheas.fr\/wp-content\/uploads\/2024\/07\/organismes-768x576.png\" data-width=\"768\" data-height=\"576\" aria-label=\"\" role=\"img\" ><\/div>\n\t\t\t\t\t\t\t\t\t\t\t<div class=\"elementor-gallery-item__overlay\"><\/div>\n\t\t\t\t\t\t\t\t\t\t\t\t\t\t<\/a>\n\t\t\t\t\t\t\t<a class=\"e-gallery-item elementor-gallery-item elementor-animated-content\" href=\"https:\/\/www.mio.osupytheas.fr\/wp-content\/uploads\/2024\/07\/flabellina_pedata.jpg\" data-elementor-open-lightbox=\"yes\" data-elementor-lightbox-slideshow=\"e1892da\" data-elementor-lightbox-title=\"flabellina_pedata\" data-e-action-hash=\"#elementor-action%3Aaction%3Dlightbox%26settings%3DeyJpZCI6ODI0NSwidXJsIjoiaHR0cHM6XC9cL3d3dy5taW8ub3N1cHl0aGVhcy5mclwvd3AtY29udGVudFwvdXBsb2Fkc1wvMjAyNFwvMDdcL2ZsYWJlbGxpbmFfcGVkYXRhLmpwZyIsInNsaWRlc2hvdyI6ImUxODkyZGEifQ%3D%3D\">\n\t\t\t\t\t<div class=\"e-gallery-image elementor-gallery-item__image\" data-thumbnail=\"https:\/\/www.mio.osupytheas.fr\/wp-content\/uploads\/2024\/07\/flabellina_pedata.jpg\" data-width=\"500\" data-height=\"377\" aria-label=\"\" role=\"img\" ><\/div>\n\t\t\t\t\t\t\t\t\t\t\t<div class=\"elementor-gallery-item__overlay\"><\/div>\n\t\t\t\t\t\t\t\t\t\t\t\t\t\t<\/a>\n\t\t\t\t\t<\/div>\n\t\t\t\t\t<\/div>\n\t\t\t\t<\/div>\n\t\t\t\t<\/div>\n\t\t\t\t<\/div>\n\t\t\t\t<\/div>\n\t\t\t\t<\/div>\n\t\t","protected":false},"excerpt":{"rendered":"<p>\u00c9quipe 1 \u2013 Oc\u00e9anographie Physique, Littorale et C\u00f4ti\u00e8re (OPLC)\u00c9quipe 2 \u2013 Chimie des Environnements Marins (CEM)\u00c9quipe 3 \u2013 Microbiologie Environnementale Bioproc\u00e9d\u00e9s (MEB)\u00c9quipe 4 \u2013 BIOGEOCHIMIE\u00c9quipe 5 \u2013 Ecologie Marine et [&hellip;]<\/p>\n","protected":false},"author":1,"featured_media":4489,"parent":4673,"menu_order":1,"comment_status":"closed","ping_status":"closed","template":"","meta":{"_acf_changed":false,"footnotes":""},"class_list":["post-8239","page","type-page","status-publish","has-post-thumbnail","hentry"],"acf":[],"_links":{"self":[{"href":"https:\/\/www.mio.osupytheas.fr\/en\/wp-json\/wp\/v2\/pages\/8239","targetHints":{"allow":["GET"]}}],"collection":[{"href":"https:\/\/www.mio.osupytheas.fr\/en\/wp-json\/wp\/v2\/pages"}],"about":[{"href":"https:\/\/www.mio.osupytheas.fr\/en\/wp-json\/wp\/v2\/types\/page"}],"author":[{"embeddable":true,"href":"https:\/\/www.mio.osupytheas.fr\/en\/wp-json\/wp\/v2\/users\/1"}],"replies":[{"embeddable":true,"href":"https:\/\/www.mio.osupytheas.fr\/en\/wp-json\/wp\/v2\/comments?post=8239"}],"version-history":[{"count":36,"href":"https:\/\/www.mio.osupytheas.fr\/en\/wp-json\/wp\/v2\/pages\/8239\/revisions"}],"predecessor-version":[{"id":20793,"href":"https:\/\/www.mio.osupytheas.fr\/en\/wp-json\/wp\/v2\/pages\/8239\/revisions\/20793"}],"up":[{"embeddable":true,"href":"https:\/\/www.mio.osupytheas.fr\/en\/wp-json\/wp\/v2\/pages\/4673"}],"wp:featuredmedia":[{"embeddable":true,"href":"https:\/\/www.mio.osupytheas.fr\/en\/wp-json\/wp\/v2\/media\/4489"}],"wp:attachment":[{"href":"https:\/\/www.mio.osupytheas.fr\/en\/wp-json\/wp\/v2\/media?parent=8239"}],"curies":[{"name":"wp","href":"https:\/\/api.w.org\/{rel}","templated":true}]}}