{"id":8420,"date":"2024-07-31T18:04:01","date_gmt":"2024-07-31T16:04:01","guid":{"rendered":"https:\/\/www.mio.osupytheas.fr\/?page_id=8420"},"modified":"2026-01-08T19:08:55","modified_gmt":"2026-01-08T18:08:55","slug":"technical-facilities","status":"publish","type":"page","link":"https:\/\/www.mio.osupytheas.fr\/en\/recherche\/structures-techniques\/","title":{"rendered":"Technical structures"},"content":{"rendered":"\t\t<div data-elementor-type=\"wp-page\" data-elementor-id=\"8420\" class=\"elementor elementor-8420\" data-elementor-post-type=\"page\">\n\t\t\t\t<div class=\"elementor-element elementor-element-680c00bc e-flex e-con-boxed e-con e-parent\" data-id=\"680c00bc\" data-element_type=\"container\" data-e-type=\"container\" data-settings=\"{&quot;background_background&quot;:&quot;classic&quot;}\">\n\t\t\t\t\t<div class=\"e-con-inner\">\n\t\t<div class=\"elementor-element elementor-element-6d2b89c1 e-flex e-con-boxed e-con e-child\" data-id=\"6d2b89c1\" data-element_type=\"container\" data-e-type=\"container\">\n\t\t\t\t\t<div class=\"e-con-inner\">\n\t\t\t\t<div class=\"elementor-element elementor-element-3f879b29 elementor-widget__width-initial elementor-widget elementor-widget-theme-post-title elementor-page-title elementor-widget-heading\" data-id=\"3f879b29\" data-element_type=\"widget\" data-e-type=\"widget\" data-widget_type=\"theme-post-title.default\">\n\t\t\t\t<div class=\"elementor-widget-container\">\n\t\t\t\t\t<h1 class=\"elementor-heading-title elementor-size-default\">Structures techniques<\/h1>\t\t\t\t<\/div>\n\t\t\t\t<\/div>\n\t\t\t\t<div class=\"elementor-element elementor-element-236871db elementor-widget__width-initial breadcrumb elementor-widget elementor-widget-shortcode\" data-id=\"236871db\" data-element_type=\"widget\" data-e-type=\"widget\" data-widget_type=\"shortcode.default\">\n\t\t\t\t<div class=\"elementor-widget-container\">\n\t\t\t\t\t\t\t<div class=\"elementor-shortcode\"><nav aria-label=\"breadcrumbs\">\n            <div class=\"breadcrumb-container theme1\">\n                <ol>\n                                    <\/ol>\n            <\/div>\n        <\/nav>    <script type=\"application\/ld+json\">\n        {\n            \"@context\": \"http:\/\/schema.org\",\n            \"@type\": \"BreadcrumbList\",\n            \"itemListElement\": [\n                            ]\n        }\n    <\/script>\n   \n    <script>\n            <\/script>\n <\/div>\n\t\t\t\t\t\t<\/div>\n\t\t\t\t<\/div>\n\t\t\t\t\t<\/div>\n\t\t\t\t<\/div>\n\t\t\t\t\t<\/div>\n\t\t\t\t<\/div>\n\t\t<div class=\"elementor-element elementor-element-f2e8bb4 e-flex e-con-boxed e-con e-parent\" data-id=\"f2e8bb4\" data-element_type=\"container\" data-e-type=\"container\">\n\t\t\t\t\t<div class=\"e-con-inner\">\n\t\t\t\t<div class=\"elementor-element elementor-element-89cae8a elementor-widget elementor-widget-text-editor\" data-id=\"89cae8a\" data-element_type=\"widget\" data-e-type=\"widget\" data-widget_type=\"text-editor.default\">\n\t\t\t\t<div class=\"elementor-widget-container\">\n\t\t\t\t\t\t\t\t\t<p><strong>Responsables<\/strong> : <a href=\"mailto:jean-luc.fuda@mio.osupytheas.fr\" target=\"_blank\" rel=\"noopener\">Jean-Luc Fuda<\/a> et <a href=\"mailto:sandrine.chifflet@mio.osupytheas.fr\" target=\"_blank\" rel=\"noopener\">Sandrine Chifflet<\/a><\/p>\t\t\t\t\t\t\t\t<\/div>\n\t\t\t\t<\/div>\n\t\t\t\t\t<\/div>\n\t\t\t\t<\/div>\n\t\t<div class=\"elementor-element elementor-element-adf6365 e-flex e-con-boxed e-con e-parent\" data-id=\"adf6365\" data-element_type=\"container\" data-e-type=\"container\">\n\t\t\t\t\t<div class=\"e-con-inner\">\n\t\t\t\t<div class=\"elementor-element elementor-element-2ae2bd2 elementor-widget elementor-widget-text-editor\" data-id=\"2ae2bd2\" data-element_type=\"widget\" data-e-type=\"widget\" data-widget_type=\"text-editor.default\">\n\t\t\t\t<div class=\"elementor-widget-container\">\n\t\t\t\t\t\t\t\t\t<p class=\"rtejustify\" style=\"text-align: justify;\">Le MIO dispose de 5 services communs techniques, 3 plateaux techniques (Equipe CEM) et 5 plateformes\/plateaux techniques transverses qui regroupent une grande partie des moyens de mesures et d\u2019analyses sp\u00e9cifiques du domaine marin. L\u2019acc\u00e8s est ouvert aux membres du laboratoire ainsi qu\u2019\u00e0 l\u2019ext\u00e9rieur selon un protocole d\u2019utilisation r\u00e9git par les chartes. Chaque structure est sous la responsabilit\u00e9 d\u2019un IT dont la vocation est d\u2019assurer la gestion de ses \u00e9quipements et du personnel d\u00e9di\u00e9 avec des r\u00e8gles de fonctionnement communes.<\/p><p class=\"rtejustify\" style=\"text-align: justify;\">Outre les offres de services en interne &amp; externe, ces structures proposent des formations sp\u00e9cifiques ou d\u2019aide au d\u00e9veloppement que cela soit d\u2019\u00e9quipements sp\u00e9cifiques ou de mise au point m\u00e9thodologie.<\/p><p class=\"rtejustify\" style=\"text-align: justify;\">Un comit\u00e9 de pilotage anim\u00e9 par les Dua techniques se r\u00e9unit mensuellement pour des bilans d\u2019\u00e9tape et intervient en cas de conflit de calendrier ou d\u2019incident mat\u00e9riel.<\/p><p>\u00a0<\/p>\t\t\t\t\t\t\t\t<\/div>\n\t\t\t\t<\/div>\n\t\t\t\t\t<\/div>\n\t\t\t\t<\/div>\n\t\t<div class=\"elementor-element elementor-element-bd6b581 e-flex e-con-boxed e-con e-parent\" data-id=\"bd6b581\" data-element_type=\"container\" data-e-type=\"container\" data-settings=\"{&quot;background_background&quot;:&quot;classic&quot;}\">\n\t\t\t\t\t<div class=\"e-con-inner\">\n\t\t\t\t<div class=\"elementor-element elementor-element-66c6879 elementor-widget elementor-widget-heading\" data-id=\"66c6879\" data-element_type=\"widget\" data-e-type=\"widget\" data-widget_type=\"heading.default\">\n\t\t\t\t<div class=\"elementor-widget-container\">\n\t\t\t\t\t<h3 class=\"elementor-heading-title elementor-size-default\">Moyens communs techniques<\/h3>\t\t\t\t<\/div>\n\t\t\t\t<\/div>\n\t\t\t\t\t<\/div>\n\t\t\t\t<\/div>\n\t\t<div class=\"elementor-element elementor-element-7d1a596 e-flex e-con-boxed e-con e-parent\" data-id=\"7d1a596\" data-element_type=\"container\" data-e-type=\"container\" data-settings=\"{&quot;background_background&quot;:&quot;classic&quot;}\">\n\t\t\t\t\t<div class=\"e-con-inner\">\n\t\t\t\t<div class=\"elementor-element elementor-element-7cee7f3 elementor-widget elementor-widget-text-editor\" data-id=\"7cee7f3\" data-element_type=\"widget\" data-e-type=\"widget\" data-widget_type=\"text-editor.default\">\n\t\t\t\t<div class=\"elementor-widget-container\">\n\t\t\t\t\t\t\t\t\t<p>Responsable : <a href=\"mailto:marc.garel@mio.osupytheas.fr\" target=\"_blank\" rel=\"noopener\">Marc Garel<\/a><\/p>\t\t\t\t\t\t\t\t<\/div>\n\t\t\t\t<\/div>\n\t\t\t\t\t<\/div>\n\t\t\t\t<\/div>\n\t\t<div class=\"elementor-element elementor-element-23fe277 e-flex e-con-boxed e-con e-parent\" data-id=\"23fe277\" data-element_type=\"container\" data-e-type=\"container\" data-settings=\"{&quot;background_background&quot;:&quot;classic&quot;}\">\n\t\t\t\t\t<div class=\"e-con-inner\">\n\t\t\t\t<div class=\"elementor-element elementor-element-cd1e9b0 elementor-widget elementor-widget-text-editor\" data-id=\"cd1e9b0\" data-element_type=\"widget\" data-e-type=\"widget\" data-widget_type=\"text-editor.default\">\n\t\t\t\t<div class=\"elementor-widget-container\">\n\t\t\t\t\t\t\t\t\t<table class=\" alignleft\" style=\"background-color: #ffffff; width: 1012px;\" border=\"0\" width=\"1012\" cellspacing=\"1\" align=\"center\"><tbody><tr><td>\u00a0\u00a0\u00a0 <a href=\"https:\/\/www.mio.osupytheas.fr\/recherche\/structures-techniques\/service-atmosphere-mer-sam\/\">Service Atmosph\u00e8re Mer \u2013 SAM<\/a><\/td><\/tr><tr><td><a href=\"https:\/\/www.mio.osupytheas.fr\/recherche\/structures-techniques\/salle-dexperimentation-culture-experimentale\/\" target=\"_blank\" rel=\"noopener\">\u00a0\u00a0 Salle d\u2019exp\u00e9rimentation &amp; Culture Exp\u00e9rimentale<\/a><\/td><\/tr><tr><td>\u00a0\u00a0 <a href=\"https:\/\/www.mio.osupytheas.fr\/recherche\/structures-techniques\/cadmo\/\" target=\"_blank\" rel=\"noopener\">Conduites d\u2019Analyses de Donn\u00e9es et de Mod\u00e9lisations en Oc\u00e9anographie &#8211; CADMO<\/a><\/td><\/tr><tr><td><a href=\"https:\/\/www.mio.osupytheas.fr\/fr\/recherche\/structures-techniques\/radioactivite\/\" target=\"_blank\" rel=\"noopener\">\u00a0\u00a0 Radioactivit\u00e9<\/a><\/td><\/tr><tr><td>\u00a0\u00a0\u00a0<a href=\"https:\/\/www.mio.osupytheas.fr\/recherche\/structures-techniques\/sslamm-sea-waters-sensing-laboratory-mio-marseille\/\" target=\"_blank\" rel=\"noopener\">SSL@MM<\/a><\/td><\/tr><\/tbody><\/table>\t\t\t\t\t\t\t\t<\/div>\n\t\t\t\t<\/div>\n\t\t\t\t\t<\/div>\n\t\t\t\t<\/div>\n\t\t<div class=\"elementor-element elementor-element-4f61768 e-flex e-con-boxed e-con e-parent\" data-id=\"4f61768\" data-element_type=\"container\" data-e-type=\"container\">\n\t\t\t\t\t<div class=\"e-con-inner\">\n\t\t\t\t<div class=\"elementor-element elementor-element-7fcbf76 elementor-widget elementor-widget-heading\" data-id=\"7fcbf76\" data-element_type=\"widget\" data-e-type=\"widget\" data-widget_type=\"heading.default\">\n\t\t\t\t<div class=\"elementor-widget-container\">\n\t\t\t\t\t<h3 class=\"elementor-heading-title elementor-size-default\">Plateformes<\/h3>\t\t\t\t<\/div>\n\t\t\t\t<\/div>\n\t\t\t\t\t<\/div>\n\t\t\t\t<\/div>\n\t\t<div class=\"elementor-element elementor-element-769098e e-flex e-con-boxed e-con e-parent\" data-id=\"769098e\" data-element_type=\"container\" data-e-type=\"container\">\n\t\t\t\t\t<div class=\"e-con-inner\">\n\t\t\t\t<div class=\"elementor-element elementor-element-78e406d elementor-widget elementor-widget-text-editor\" data-id=\"78e406d\" data-element_type=\"widget\" data-e-type=\"widget\" data-widget_type=\"text-editor.default\">\n\t\t\t\t<div class=\"elementor-widget-container\">\n\t\t\t\t\t\t\t\t\t<p>Responsable\u00a0:\u00a0<a href=\"mailto:fabrice.armougom@mio.osupytheas.fr\" target=\"_blank\" rel=\"noopener\">Fabrice Armougom<\/a><\/p>\t\t\t\t\t\t\t\t<\/div>\n\t\t\t\t<\/div>\n\t\t\t\t\t<\/div>\n\t\t\t\t<\/div>\n\t\t<div class=\"elementor-element elementor-element-ad74a4e e-flex e-con-boxed e-con e-parent\" data-id=\"ad74a4e\" data-element_type=\"container\" data-e-type=\"container\">\n\t\t\t\t\t<div class=\"e-con-inner\">\n\t\t\t\t<div class=\"elementor-element elementor-element-01169ca elementor-widget elementor-widget-text-editor\" data-id=\"01169ca\" data-element_type=\"widget\" data-e-type=\"widget\" data-widget_type=\"text-editor.default\">\n\t\t\t\t<div class=\"elementor-widget-container\">\n\t\t\t\t\t\t\t\t\t<table class=\" alignleft\" style=\"background-color: #ffffff; width: 1012px;\" border=\"0\" width=\"1012\" cellspacing=\"1\" cellpadding=\"1\" align=\"center\">\n<tbody>\n<tr>\n<td>\u00a0\u00a0 <a href=\"https:\/\/www.mio.osupytheas.fr\/recherche\/structures-techniques\/plateforme-regionale-de-cytometrie-pour-la-microbiologie-precym\/\" target=\"_blank\" rel=\"noopener\">Plateforme R\u00e9gionale de Cytom\u00e9trie pour la Microbiologie \u2013 PRECYM<\/a><\/td>\n<\/tr>\n<tr>\n<td><a href=\"https:\/\/www.mio.osupytheas.fr\/recherche\/structures-techniques\/plateforme-omics\/\" target=\"_blank\" rel=\"noopener\">\u00a0\u00a0 Plateforme OMICS<\/a><\/td>\n<\/tr>\n<tr>\n<td>\u00a0\u00a0 Plateforme PEB \u00c9l\u00e9ments biog\u00e8nes en Oc\u00e9anographie<\/td>\n<\/tr>\n<tr>\n<td>\u00a0\u00a0 <a href=\"https:\/\/www.mio.osupytheas.fr\/recherche\/structures-techniques\/plateforme-taxonomie-imagerie-macrophytes-microscopie\/\" target=\"_blank\" rel=\"noopener\">Plateforme Taxonomie &amp; Imagerie : Macrophytes \u2013 Microscopie<\/a><\/td>\n<\/tr>\n<tr>\n<td>\u00a0\u00a0 <a href=\"https:\/\/www.mio.osupytheas.fr\/recherche\/structures-techniques\/plateforme-2meto-analyse-multi-elementaires-et-traceurs-en-oceanographie\/\" target=\"_blank\" rel=\"noopener\">Plateforme 2METO Analyse multi \u00e9l\u00e9mentaires et traceurs en oc\u00e9anographie<\/a><\/td>\n<\/tr>\n<\/tbody>\n<\/table>\t\t\t\t\t\t\t\t<\/div>\n\t\t\t\t<\/div>\n\t\t\t\t\t<\/div>\n\t\t\t\t<\/div>\n\t\t<div class=\"elementor-element elementor-element-f94ccb0 e-flex e-con-boxed e-con e-parent\" data-id=\"f94ccb0\" data-element_type=\"container\" data-e-type=\"container\" data-settings=\"{&quot;background_background&quot;:&quot;classic&quot;}\">\n\t\t\t\t\t<div class=\"e-con-inner\">\n\t\t\t\t<div class=\"elementor-element elementor-element-f1a10f0 elementor-widget elementor-widget-heading\" data-id=\"f1a10f0\" data-element_type=\"widget\" data-e-type=\"widget\" data-widget_type=\"heading.default\">\n\t\t\t\t<div class=\"elementor-widget-container\">\n\t\t\t\t\t<h3 class=\"elementor-heading-title elementor-size-default\">Plateaux techniques Equipe CEM<\/h3>\t\t\t\t<\/div>\n\t\t\t\t<\/div>\n\t\t\t\t\t<\/div>\n\t\t\t\t<\/div>\n\t\t<div class=\"elementor-element elementor-element-659d95b e-flex e-con-boxed e-con e-parent\" data-id=\"659d95b\" data-element_type=\"container\" data-e-type=\"container\" data-settings=\"{&quot;background_background&quot;:&quot;classic&quot;}\">\n\t\t\t\t\t<div class=\"e-con-inner\">\n\t\t\t\t<div class=\"elementor-element elementor-element-aea22c1 elementor-widget elementor-widget-text-editor\" data-id=\"aea22c1\" data-element_type=\"widget\" data-e-type=\"widget\" data-widget_type=\"text-editor.default\">\n\t\t\t\t<div class=\"elementor-widget-container\">\n\t\t\t\t\t\t\t\t\t<p>Coordinateur\u00a0:\u00a0<a href=\"mailto:houssam.hajjoul@mio.osupytheas.fr\" target=\"_blank\" rel=\"noopener\">Houssam Hajjoul<\/a><\/p>\t\t\t\t\t\t\t\t<\/div>\n\t\t\t\t<\/div>\n\t\t\t\t\t<\/div>\n\t\t\t\t<\/div>\n\t\t<div class=\"elementor-element elementor-element-75bcab0 e-flex e-con-boxed e-con e-parent\" data-id=\"75bcab0\" data-element_type=\"container\" data-e-type=\"container\" data-settings=\"{&quot;background_background&quot;:&quot;classic&quot;}\">\n\t\t\t\t\t<div class=\"e-con-inner\">\n\t\t\t\t<div class=\"elementor-element elementor-element-d8a60f2 elementor-widget elementor-widget-text-editor\" data-id=\"d8a60f2\" data-element_type=\"widget\" data-e-type=\"widget\" data-widget_type=\"text-editor.default\">\n\t\t\t\t<div class=\"elementor-widget-container\">\n\t\t\t\t\t\t\t\t\t<table class=\" alignleft\" style=\"height: 96px; background-color: #ffffff; width: 1012px;\" border=\"0\" width=\"1012\" cellspacing=\"1\" align=\"center\">\n<tbody>\n<tr style=\"height: 24px;\">\n<td style=\"height: 24px; width: 1004px;\">\u00a0\u00a0\u00a0<a href=\"https:\/\/www.mio.osupytheas.fr\/recherche\/structures-techniques\/spectrom\/\" target=\"_blank\" rel=\"noopener\">SPECTROM<\/a><\/td>\n<\/tr>\n<tr style=\"height: 24px;\">\n<td style=\"height: 24px; width: 1004px;\">\u00a0\u00a0\u00a0<a href=\"https:\/\/www.mio.osupytheas.fr\/recherche\/structures-techniques\/contaminants-metalliques-et-matiere-organique\/\">Contaminants m\u00e9talliques et mati\u00e8re organique<\/a><\/td>\n<\/tr>\n<tr style=\"height: 24px;\">\n<td style=\"height: 24px; width: 1004px;\">\u00a0\u00a0<a href=\"https:\/\/www.mio.osupytheas.fr\/recherche\/structures-techniques\/molecules-organiques\/\" target=\"_blank\" rel=\"noopener\">\u00a0Mol\u00e9cules organiques<\/a><\/td>\n<\/tr>\n<\/tbody>\n<\/table>\t\t\t\t\t\t\t\t<\/div>\n\t\t\t\t<\/div>\n\t\t\t\t\t<\/div>\n\t\t\t\t<\/div>\n\t\t<div class=\"elementor-element elementor-element-34081859 e-flex e-con-boxed e-con e-parent\" data-id=\"34081859\" data-element_type=\"container\" data-e-type=\"container\">\n\t\t\t\t\t<div class=\"e-con-inner\">\n\t\t\t\t<div class=\"elementor-element elementor-element-5ef761fa elementor-widget elementor-widget-heading\" data-id=\"5ef761fa\" data-element_type=\"widget\" data-e-type=\"widget\" data-widget_type=\"heading.default\">\n\t\t\t\t<div class=\"elementor-widget-container\">\n\t\t\t\t\t<span class=\"elementor-heading-title elementor-size-default\">Partager sur :<\/span>\t\t\t\t<\/div>\n\t\t\t\t<\/div>\n\t\t\t\t<div class=\"elementor-element elementor-element-4440f005 elementor-share-buttons--view-icon elementor-share-buttons--shape-circle elementor-widget__width-auto elementor-share-buttons--skin-gradient elementor-grid-0 elementor-share-buttons--color-official elementor-widget elementor-widget-share-buttons\" data-id=\"4440f005\" data-element_type=\"widget\" data-e-type=\"widget\" data-settings=\"{&quot;share_url&quot;:{&quot;url&quot;:&quot;&quot;,&quot;is_external&quot;:&quot;&quot;,&quot;nofollow&quot;:&quot;&quot;,&quot;custom_attributes&quot;:&quot;&quot;}}\" data-widget_type=\"share-buttons.default\">\n\t\t\t\t<div class=\"elementor-widget-container\">\n\t\t\t\t\t\t\t<div class=\"elementor-grid\" role=\"list\">\n\t\t\t\t\t\t\t\t<div class=\"elementor-grid-item\" role=\"listitem\">\n\t\t\t\t\t\t<div class=\"elementor-share-btn elementor-share-btn_facebook\" role=\"button\" tabindex=\"0\" aria-label=\"Share on facebook\">\n\t\t\t\t\t\t\t\t\t\t\t\t\t\t\t<span class=\"elementor-share-btn__icon\">\n\t\t\t\t\t\t\t\t<svg aria-hidden=\"true\" class=\"e-font-icon-svg e-fab-facebook\" viewBox=\"0 0 512 512\" xmlns=\"http:\/\/www.w3.org\/2000\/svg\"><path d=\"M504 256C504 119 393 8 256 8S8 119 8 256c0 123.78 90.69 226.38 209.25 245V327.69h-63V256h63v-54.64c0-62.15 37-96.48 93.67-96.48 27.14 0 55.52 4.84 55.52 4.84v61h-31.28c-30.8 0-40.41 19.12-40.41 38.73V256h68.78l-11 71.69h-57.78V501C413.31 482.38 504 379.78 504 256z\"><\/path><\/svg>\t\t\t\t\t\t\t<\/span>\n\t\t\t\t\t\t\t\t\t\t\t\t\t\t\t\t\t\t\t\t<\/div>\n\t\t\t\t\t<\/div>\n\t\t\t\t\t\t\t\t\t<div class=\"elementor-grid-item\" role=\"listitem\">\n\t\t\t\t\t\t<div class=\"elementor-share-btn elementor-share-btn_twitter\" role=\"button\" tabindex=\"0\" aria-label=\"Share on twitter\">\n\t\t\t\t\t\t\t\t\t\t\t\t\t\t\t<span class=\"elementor-share-btn__icon\">\n\t\t\t\t\t\t\t\t<svg aria-hidden=\"true\" class=\"e-font-icon-svg e-fab-twitter\" viewBox=\"0 0 512 512\" xmlns=\"http:\/\/www.w3.org\/2000\/svg\"><path d=\"M459.37 151.716c.325 4.548.325 9.097.325 13.645 0 138.72-105.583 298.558-298.558 298.558-59.452 0-114.68-17.219-161.137-47.106 8.447.974 16.568 1.299 25.34 1.299 49.055 0 94.213-16.568 130.274-44.832-46.132-.975-84.792-31.188-98.112-72.772 6.498.974 12.995 1.624 19.818 1.624 9.421 0 18.843-1.3 27.614-3.573-48.081-9.747-84.143-51.98-84.143-102.985v-1.299c13.969 7.797 30.214 12.67 47.431 13.319-28.264-18.843-46.781-51.005-46.781-87.391 0-19.492 5.197-37.36 14.294-52.954 51.655 63.675 129.3 105.258 216.365 109.807-1.624-7.797-2.599-15.918-2.599-24.04 0-57.828 46.782-104.934 104.934-104.934 30.213 0 57.502 12.67 76.67 33.137 23.715-4.548 46.456-13.32 66.599-25.34-7.798 24.366-24.366 44.833-46.132 57.827 21.117-2.273 41.584-8.122 60.426-16.243-14.292 20.791-32.161 39.308-52.628 54.253z\"><\/path><\/svg>\t\t\t\t\t\t\t<\/span>\n\t\t\t\t\t\t\t\t\t\t\t\t\t\t\t\t\t\t\t\t<\/div>\n\t\t\t\t\t<\/div>\n\t\t\t\t\t\t\t\t\t<div class=\"elementor-grid-item\" role=\"listitem\">\n\t\t\t\t\t\t<div class=\"elementor-share-btn elementor-share-btn_linkedin\" role=\"button\" tabindex=\"0\" aria-label=\"Share on linkedin\">\n\t\t\t\t\t\t\t\t\t\t\t\t\t\t\t<span class=\"elementor-share-btn__icon\">\n\t\t\t\t\t\t\t\t<svg aria-hidden=\"true\" class=\"e-font-icon-svg e-fab-linkedin\" viewBox=\"0 0 448 512\" xmlns=\"http:\/\/www.w3.org\/2000\/svg\"><path d=\"M416 32H31.9C14.3 32 0 46.5 0 64.3v383.4C0 465.5 14.3 480 31.9 480H416c17.6 0 32-14.5 32-32.3V64.3c0-17.8-14.4-32.3-32-32.3zM135.4 416H69V202.2h66.5V416zm-33.2-243c-21.3 0-38.5-17.3-38.5-38.5S80.9 96 102.2 96c21.2 0 38.5 17.3 38.5 38.5 0 21.3-17.2 38.5-38.5 38.5zm282.1 243h-66.4V312c0-24.8-.5-56.7-34.5-56.7-34.6 0-39.9 27-39.9 54.9V416h-66.4V202.2h63.7v29.2h.9c8.9-16.8 30.6-34.5 62.9-34.5 67.2 0 79.7 44.3 79.7 101.9V416z\"><\/path><\/svg>\t\t\t\t\t\t\t<\/span>\n\t\t\t\t\t\t\t\t\t\t\t\t\t\t\t\t\t\t\t\t<\/div>\n\t\t\t\t\t<\/div>\n\t\t\t\t\t\t\t\t\t<div class=\"elementor-grid-item\" role=\"listitem\">\n\t\t\t\t\t\t<div class=\"elementor-share-btn elementor-share-btn_whatsapp\" role=\"button\" tabindex=\"0\" aria-label=\"Share on whatsapp\">\n\t\t\t\t\t\t\t\t\t\t\t\t\t\t\t<span class=\"elementor-share-btn__icon\">\n\t\t\t\t\t\t\t\t<svg aria-hidden=\"true\" class=\"e-font-icon-svg e-fab-whatsapp\" viewBox=\"0 0 448 512\" xmlns=\"http:\/\/www.w3.org\/2000\/svg\"><path d=\"M380.9 97.1C339 55.1 283.2 32 223.9 32c-122.4 0-222 99.6-222 222 0 39.1 10.2 77.3 29.6 111L0 480l117.7-30.9c32.4 17.7 68.9 27 106.1 27h.1c122.3 0 224.1-99.6 224.1-222 0-59.3-25.2-115-67.1-157zm-157 341.6c-33.2 0-65.7-8.9-94-25.7l-6.7-4-69.8 18.3L72 359.2l-4.4-7c-18.5-29.4-28.2-63.3-28.2-98.2 0-101.7 82.8-184.5 184.6-184.5 49.3 0 95.6 19.2 130.4 54.1 34.8 34.9 56.2 81.2 56.1 130.5 0 101.8-84.9 184.6-186.6 184.6zm101.2-138.2c-5.5-2.8-32.8-16.2-37.9-18-5.1-1.9-8.8-2.8-12.5 2.8-3.7 5.6-14.3 18-17.6 21.8-3.2 3.7-6.5 4.2-12 1.4-32.6-16.3-54-29.1-75.5-66-5.7-9.8 5.7-9.1 16.3-30.3 1.8-3.7.9-6.9-.5-9.7-1.4-2.8-12.5-30.1-17.1-41.2-4.5-10.8-9.1-9.3-12.5-9.5-3.2-.2-6.9-.2-10.6-.2-3.7 0-9.7 1.4-14.8 6.9-5.1 5.6-19.4 19-19.4 46.3 0 27.3 19.9 53.7 22.6 57.4 2.8 3.7 39.1 59.7 94.8 83.8 35.2 15.2 49 16.5 66.6 13.9 10.7-1.6 32.8-13.4 37.4-26.4 4.6-13 4.6-24.1 3.2-26.4-1.3-2.5-5-3.9-10.5-6.6z\"><\/path><\/svg>\t\t\t\t\t\t\t<\/span>\n\t\t\t\t\t\t\t\t\t\t\t\t\t\t\t\t\t\t\t\t<\/div>\n\t\t\t\t\t<\/div>\n\t\t\t\t\t\t<\/div>\n\t\t\t\t\t\t<\/div>\n\t\t\t\t<\/div>\n\t\t\t\t\t<\/div>\n\t\t\t\t<\/div>\n\t\t\t\t<\/div>\n\t\t","protected":false},"excerpt":{"rendered":"<p>Responsables : Jean-Luc Fuda et Sandrine ChiffletLe MIO dispose de 5 services communs techniques, 3 plateaux techniques (Equipe CEM) et 5 plateformes\/plateaux techniques transverses qui regroupent une grande partie des [&hellip;]<\/p>\n","protected":false},"author":1,"featured_media":4489,"parent":4673,"menu_order":3,"comment_status":"closed","ping_status":"closed","template":"","meta":{"_acf_changed":false,"footnotes":""},"class_list":["post-8420","page","type-page","status-publish","has-post-thumbnail","hentry"],"acf":[],"_links":{"self":[{"href":"https:\/\/www.mio.osupytheas.fr\/en\/wp-json\/wp\/v2\/pages\/8420","targetHints":{"allow":["GET"]}}],"collection":[{"href":"https:\/\/www.mio.osupytheas.fr\/en\/wp-json\/wp\/v2\/pages"}],"about":[{"href":"https:\/\/www.mio.osupytheas.fr\/en\/wp-json\/wp\/v2\/types\/page"}],"author":[{"embeddable":true,"href":"https:\/\/www.mio.osupytheas.fr\/en\/wp-json\/wp\/v2\/users\/1"}],"replies":[{"embeddable":true,"href":"https:\/\/www.mio.osupytheas.fr\/en\/wp-json\/wp\/v2\/comments?post=8420"}],"version-history":[{"count":97,"href":"https:\/\/www.mio.osupytheas.fr\/en\/wp-json\/wp\/v2\/pages\/8420\/revisions"}],"predecessor-version":[{"id":24664,"href":"https:\/\/www.mio.osupytheas.fr\/en\/wp-json\/wp\/v2\/pages\/8420\/revisions\/24664"}],"up":[{"embeddable":true,"href":"https:\/\/www.mio.osupytheas.fr\/en\/wp-json\/wp\/v2\/pages\/4673"}],"wp:featuredmedia":[{"embeddable":true,"href":"https:\/\/www.mio.osupytheas.fr\/en\/wp-json\/wp\/v2\/media\/4489"}],"wp:attachment":[{"href":"https:\/\/www.mio.osupytheas.fr\/en\/wp-json\/wp\/v2\/media?parent=8420"}],"curies":[{"name":"wp","href":"https:\/\/api.w.org\/{rel}","templated":true}]}}