{"id":8880,"date":"2024-08-06T11:45:32","date_gmt":"2024-08-06T09:45:32","guid":{"rendered":"https:\/\/www.mio.osupytheas.fr\/?page_id=8880"},"modified":"2024-12-12T17:48:38","modified_gmt":"2024-12-12T16:48:38","slug":"analytical-equipment-for-the-organic-division","status":"publish","type":"page","link":"https:\/\/www.mio.osupytheas.fr\/en\/recherche\/structures-techniques\/molecules-organiques\/equipements-analytiques-du-pole-organique\/","title":{"rendered":"Analytical equipment for the organic division"},"content":{"rendered":"\t\t<div data-elementor-type=\"wp-page\" data-elementor-id=\"8880\" class=\"elementor elementor-8880\" data-elementor-post-type=\"page\">\n\t\t\t\t<div class=\"elementor-element elementor-element-2ce2260 e-flex e-con-boxed e-con e-parent\" data-id=\"2ce2260\" data-element_type=\"container\" data-e-type=\"container\" data-settings=\"{&quot;background_background&quot;:&quot;classic&quot;}\">\n\t\t\t\t\t<div class=\"e-con-inner\">\n\t\t<div class=\"elementor-element elementor-element-478385a e-flex e-con-boxed e-con e-child\" data-id=\"478385a\" data-element_type=\"container\" data-e-type=\"container\">\n\t\t\t\t\t<div class=\"e-con-inner\">\n\t\t\t\t<div class=\"elementor-element elementor-element-b3ad13b elementor-widget__width-initial elementor-widget elementor-widget-theme-post-title elementor-page-title elementor-widget-heading\" data-id=\"b3ad13b\" data-element_type=\"widget\" data-e-type=\"widget\" data-widget_type=\"theme-post-title.default\">\n\t\t\t\t<div class=\"elementor-widget-container\">\n\t\t\t\t\t<h1 class=\"elementor-heading-title elementor-size-default\">\u00c9quipements analytiques du p\u00f4le organique<\/h1>\t\t\t\t<\/div>\n\t\t\t\t<\/div>\n\t\t\t\t<div class=\"elementor-element elementor-element-1a6cbdd elementor-widget__width-initial breadcrumb elementor-widget elementor-widget-shortcode\" data-id=\"1a6cbdd\" data-element_type=\"widget\" data-e-type=\"widget\" data-widget_type=\"shortcode.default\">\n\t\t\t\t<div class=\"elementor-widget-container\">\n\t\t\t\t\t\t\t<div class=\"elementor-shortcode\"><nav aria-label=\"breadcrumbs\">\n            <div class=\"breadcrumb-container theme1\">\n                <ol>\n                                    <\/ol>\n            <\/div>\n        <\/nav>    <script type=\"application\/ld+json\">\n        {\n            \"@context\": \"http:\/\/schema.org\",\n            \"@type\": \"BreadcrumbList\",\n            \"itemListElement\": [\n                            ]\n        }\n    <\/script>\n   \n    <script>\n            <\/script>\n <\/div>\n\t\t\t\t\t\t<\/div>\n\t\t\t\t<\/div>\n\t\t\t\t\t<\/div>\n\t\t\t\t<\/div>\n\t\t\t\t\t<\/div>\n\t\t\t\t<\/div>\n\t\t<div class=\"elementor-element elementor-element-166d141 e-con-full e-flex e-con e-parent\" data-id=\"166d141\" data-element_type=\"container\" data-e-type=\"container\">\n\t\t<div class=\"elementor-element elementor-element-e7821b1 e-con-full e-flex e-con e-child\" data-id=\"e7821b1\" data-element_type=\"container\" data-e-type=\"container\" data-settings=\"{&quot;background_background&quot;:&quot;classic&quot;}\">\n\t\t\t\t<\/div>\n\t\t<div class=\"elementor-element elementor-element-c5c6cb3 e-con-full e-flex e-con e-child\" data-id=\"c5c6cb3\" data-element_type=\"container\" data-e-type=\"container\" data-settings=\"{&quot;background_background&quot;:&quot;classic&quot;}\">\n\t\t\t\t<div class=\"elementor-element elementor-element-2cbacff elementor-widget elementor-widget-heading\" data-id=\"2cbacff\" data-element_type=\"widget\" data-e-type=\"widget\" data-widget_type=\"heading.default\">\n\t\t\t\t<div class=\"elementor-widget-container\">\n\t\t\t\t\t<h2 class=\"elementor-heading-title elementor-size-default\">GC-QTOF<\/h2>\t\t\t\t<\/div>\n\t\t\t\t<\/div>\n\t\t\t\t<div class=\"elementor-element elementor-element-6cf9af0 elementor-widget elementor-widget-text-editor\" data-id=\"6cf9af0\" data-element_type=\"widget\" data-e-type=\"widget\" data-widget_type=\"text-editor.default\">\n\t\t\t\t<div class=\"elementor-widget-container\">\n\t\t\t\t\t\t\t\t\t<p style=\"text-align: center;\"><strong>Chromatographe en phase gazeuse coupl\u00e9 \u00e0 un spectrom\u00e8tre de masse \u00e0 temps de vol quadrip\u00f4le<\/strong><\/p><ul><li><strong>marque\u00a0:<\/strong> AGILENT<\/li><li><strong>mod\u00e8le\u00a0:<\/strong> GC : 7890B \u2013 Q-TOF GC\/MS : 7200<\/li><li><strong>analyses effectu\u00e9es\u00a0:<\/strong> lipides (comme st\u00e9rols, esters, acides gras, terp\u00e8nes, hydrocarbures, alc\u00e9nones\u2026)<\/li><li><strong>matrices analys\u00e9es\u00a0:<\/strong> mat\u00e9riel particulaire, s\u00e9diments, tapis microbiens, cultures algales et bact\u00e9riennes (selon des protocoles pr\u00e9\u00e9tablis).<\/li><\/ul><p>\u00a0<\/p><p style=\"text-align: center;\"><strong>Contacts site Luminy (Marseille) <br \/><\/strong><\/p><p style=\"text-align: center;\">Fr\u00e9d\u00e9ric VAULTIER &amp; Jean-Fran\u00e7ois RONTANI.<\/p>\t\t\t\t\t\t\t\t<\/div>\n\t\t\t\t<\/div>\n\t\t\t\t<\/div>\n\t\t\t\t<\/div>\n\t\t<div class=\"elementor-element elementor-element-bb74e3d e-con-full e-flex e-con e-parent\" data-id=\"bb74e3d\" data-element_type=\"container\" data-e-type=\"container\">\n\t\t<div class=\"elementor-element elementor-element-b9d1b3c e-con-full e-flex e-con e-child\" data-id=\"b9d1b3c\" data-element_type=\"container\" data-e-type=\"container\" data-settings=\"{&quot;background_background&quot;:&quot;classic&quot;}\">\n\t\t\t\t<div class=\"elementor-element elementor-element-4f6aca9 elementor-widget elementor-widget-heading\" data-id=\"4f6aca9\" data-element_type=\"widget\" data-e-type=\"widget\" data-widget_type=\"heading.default\">\n\t\t\t\t<div class=\"elementor-widget-container\">\n\t\t\t\t\t<h2 class=\"elementor-heading-title elementor-size-default\">GC-MS\/MS<\/h2>\t\t\t\t<\/div>\n\t\t\t\t<\/div>\n\t\t\t\t<div class=\"elementor-element elementor-element-f7cfe80 elementor-widget elementor-widget-text-editor\" data-id=\"f7cfe80\" data-element_type=\"widget\" data-e-type=\"widget\" data-widget_type=\"text-editor.default\">\n\t\t\t\t<div class=\"elementor-widget-container\">\n\t\t\t\t\t\t\t\t\t<p class=\"rtecenter\"><strong>Chromatographe en phase gazeuse coupl\u00e9 \u00e0 un spectrom\u00e8tre quadrip\u00f4le<\/strong><\/p><ul><li><strong>marque\u00a0<\/strong>: AGILENT<\/li><li><strong>mod\u00e8le\u00a0<\/strong>: GC : 7890A \u2013 QQQ GC\/MS : 7000<\/li><li><strong>analyses effectu\u00e9es<\/strong>\u00a0: lipides (comme st\u00e9rols, esters, acides gras, terp\u00e8nes, hydrocarbures, alc\u00e9nones\u2026)<\/li><li><strong>matrices analys\u00e9es<\/strong>\u00a0: mat\u00e9riel particulaire, s\u00e9diments, tapis microbiens, cultures algales et bact\u00e9riennes (selon des protocoles pr\u00e9\u00e9tablis).<\/li><\/ul><p>\u00a0<\/p><p class=\"rtecenter\"><strong>Contacts site Luminy (Marseille) <br \/><\/strong><\/p><p class=\"rtecenter\">Fr\u00e9d\u00e9ric VAULTIER &amp; Jean-Fran\u00e7ois RONTANI.<\/p>\t\t\t\t\t\t\t\t<\/div>\n\t\t\t\t<\/div>\n\t\t\t\t<\/div>\n\t\t<div class=\"elementor-element elementor-element-cfb23c9 e-con-full e-flex e-con e-child\" data-id=\"cfb23c9\" data-element_type=\"container\" data-e-type=\"container\" data-settings=\"{&quot;background_background&quot;:&quot;classic&quot;}\">\n\t\t\t\t<\/div>\n\t\t\t\t<\/div>\n\t\t<div class=\"elementor-element elementor-element-d6345b0 e-con-full e-flex e-con e-parent\" data-id=\"d6345b0\" data-element_type=\"container\" data-e-type=\"container\">\n\t\t<div class=\"elementor-element elementor-element-76e2247 e-con-full e-flex e-con e-child\" data-id=\"76e2247\" data-element_type=\"container\" data-e-type=\"container\" data-settings=\"{&quot;background_background&quot;:&quot;classic&quot;}\">\n\t\t\t\t<\/div>\n\t\t<div class=\"elementor-element elementor-element-f8437eb e-con-full e-flex e-con e-child\" data-id=\"f8437eb\" data-element_type=\"container\" data-e-type=\"container\" data-settings=\"{&quot;background_background&quot;:&quot;classic&quot;}\">\n\t\t\t\t<div class=\"elementor-element elementor-element-a316885 elementor-widget elementor-widget-heading\" data-id=\"a316885\" data-element_type=\"widget\" data-e-type=\"widget\" data-widget_type=\"heading.default\">\n\t\t\t\t<div class=\"elementor-widget-container\">\n\t\t\t\t\t<h2 class=\"elementor-heading-title elementor-size-default\">GC-MS<\/h2>\t\t\t\t<\/div>\n\t\t\t\t<\/div>\n\t\t\t\t<div class=\"elementor-element elementor-element-42d7543 elementor-widget elementor-widget-text-editor\" data-id=\"42d7543\" data-element_type=\"widget\" data-e-type=\"widget\" data-widget_type=\"text-editor.default\">\n\t\t\t\t<div class=\"elementor-widget-container\">\n\t\t\t\t\t\t\t\t\t<p class=\"rtecenter\"><strong>Chromatographe en phase gazeuse coupl\u00e9 \u00e0 un spectrom\u00e8tre de masse<\/strong><\/p><ul><li><strong>marque\u00a0<\/strong>: Thermo Scientific<\/li><li><strong>mod\u00e8le\u00a0<\/strong>: Trace GC Ultra \u2013 ISQ<\/li><li><strong>analyses effectu\u00e9es<\/strong>\u00a0: Hydrocarbures (aliphatiques, aromatiques polycycliques)<\/li><li><strong>matrices analys\u00e9es<\/strong>\u00a0: atmosph\u00e8re (particules et gaz) ; eaux douces et eaux de mer (fractions particulaires et dissoutes) ; s\u00e9diments ; matrices biologiques. Selon des protocoles pr\u00e9\u00e9tablis.<\/li><\/ul><p>\u00a0<\/p><p class=\"rtecenter\"><strong>Contact site Luminy (Marseille) <br \/><\/strong><\/p><p class=\"rtecenter\">Catherine Guigue<\/p>\t\t\t\t\t\t\t\t<\/div>\n\t\t\t\t<\/div>\n\t\t\t\t<\/div>\n\t\t\t\t<\/div>\n\t\t<div class=\"elementor-element elementor-element-c5dc761 e-con-full e-flex e-con e-parent\" data-id=\"c5dc761\" data-element_type=\"container\" data-e-type=\"container\">\n\t\t<div class=\"elementor-element elementor-element-d2669cb e-con-full e-flex e-con e-child\" data-id=\"d2669cb\" data-element_type=\"container\" data-e-type=\"container\" data-settings=\"{&quot;background_background&quot;:&quot;classic&quot;}\">\n\t\t\t\t<div class=\"elementor-element elementor-element-dcfd899 elementor-widget elementor-widget-heading\" data-id=\"dcfd899\" data-element_type=\"widget\" data-e-type=\"widget\" data-widget_type=\"heading.default\">\n\t\t\t\t<div class=\"elementor-widget-container\">\n\t\t\t\t\t<h2 class=\"elementor-heading-title elementor-size-default\">TOC-V<\/h2>\t\t\t\t<\/div>\n\t\t\t\t<\/div>\n\t\t\t\t<div class=\"elementor-element elementor-element-544374b elementor-widget elementor-widget-text-editor\" data-id=\"544374b\" data-element_type=\"widget\" data-e-type=\"widget\" data-widget_type=\"text-editor.default\">\n\t\t\t\t<div class=\"elementor-widget-container\">\n\t\t\t\t\t\t\t\t\t<p class=\"rtecenter\"><strong>Analyseur du Carbone organique dissous<\/strong><\/p><ul><li><strong>marque\u00a0<\/strong>: Shimadzu<\/li><li><strong>mod\u00e8le\u00a0<\/strong>: TOC-V<\/li><li><strong>analyses effectu\u00e9es<\/strong>\u00a0: DOC<\/li><li><strong>matrices analys\u00e9es<\/strong>\u00a0: eau douce, eau de mer<\/li><\/ul><p>\u00a0<\/p><p class=\"rtecenter\"><strong>Contacts site Luminy (Marseille) <br \/><\/strong><\/p><p class=\"rtecenter\">Catherine Guigue &amp; Laure Papillon<\/p>\t\t\t\t\t\t\t\t<\/div>\n\t\t\t\t<\/div>\n\t\t\t\t<\/div>\n\t\t<div class=\"elementor-element elementor-element-4497039 e-con-full e-flex e-con e-child\" data-id=\"4497039\" data-element_type=\"container\" data-e-type=\"container\" data-settings=\"{&quot;background_background&quot;:&quot;classic&quot;}\">\n\t\t\t\t<\/div>\n\t\t\t\t<\/div>\n\t\t<div class=\"elementor-element elementor-element-5b069c9 e-con-full e-flex e-con e-parent\" data-id=\"5b069c9\" data-element_type=\"container\" data-e-type=\"container\">\n\t\t<div class=\"elementor-element elementor-element-a6abf97 e-con-full e-flex e-con e-child\" data-id=\"a6abf97\" data-element_type=\"container\" data-e-type=\"container\" data-settings=\"{&quot;background_background&quot;:&quot;classic&quot;}\">\n\t\t\t\t<\/div>\n\t\t<div class=\"elementor-element elementor-element-968b0ad e-con-full e-flex e-con e-child\" data-id=\"968b0ad\" data-element_type=\"container\" data-e-type=\"container\" data-settings=\"{&quot;background_background&quot;:&quot;classic&quot;}\">\n\t\t\t\t<div class=\"elementor-element elementor-element-c72399e elementor-widget elementor-widget-heading\" data-id=\"c72399e\" data-element_type=\"widget\" data-e-type=\"widget\" data-widget_type=\"heading.default\">\n\t\t\t\t<div class=\"elementor-widget-container\">\n\t\t\t\t\t<h2 class=\"elementor-heading-title elementor-size-default\">LC-QTOF<\/h2>\t\t\t\t<\/div>\n\t\t\t\t<\/div>\n\t\t\t\t<div class=\"elementor-element elementor-element-20136ae elementor-widget elementor-widget-text-editor\" data-id=\"20136ae\" data-element_type=\"widget\" data-e-type=\"widget\" data-widget_type=\"text-editor.default\">\n\t\t\t\t<div class=\"elementor-widget-container\">\n\t\t\t\t\t\t\t\t\t<p class=\"rtecenter\"><strong>Chromatographe en phase liquide coupl\u00e9 \u00e0 un spectrom\u00e8tre de masse \u00e0 temps de vol quadrip\u00f4le<\/strong><\/p><ul><li><strong>marque\u00a0<\/strong>: AGILENT<\/li><li><strong>mod\u00e8le\u00a0<\/strong>: LC : xxxx \u2013 Q-TOF LC\/MS : 6530<\/li><li><strong>analyses effectu\u00e9es<\/strong>\u00a0: BP, PFC, PAE, mati\u00e8re naturelle<\/li><li><strong>matrices analys\u00e9es<\/strong>\u00a0: extraits<\/li><\/ul><p>\u00a0<\/p><p class=\"rtecenter\"><strong>Contacts site Luminy (Marseille) <br \/><\/strong><\/p><p class=\"rtecenter\">Christos Panagiotopoulos &amp; Laure Papillon<\/p>\t\t\t\t\t\t\t\t<\/div>\n\t\t\t\t<\/div>\n\t\t\t\t<\/div>\n\t\t\t\t<\/div>\n\t\t<div class=\"elementor-element elementor-element-17a8a5c e-con-full e-flex e-con e-parent\" data-id=\"17a8a5c\" data-element_type=\"container\" data-e-type=\"container\">\n\t\t<div class=\"elementor-element elementor-element-bbeffdd e-con-full e-flex e-con e-child\" data-id=\"bbeffdd\" data-element_type=\"container\" data-e-type=\"container\" data-settings=\"{&quot;background_background&quot;:&quot;classic&quot;}\">\n\t\t\t\t<div class=\"elementor-element elementor-element-be15da2 elementor-widget elementor-widget-heading\" data-id=\"be15da2\" data-element_type=\"widget\" data-e-type=\"widget\" data-widget_type=\"heading.default\">\n\t\t\t\t<div class=\"elementor-widget-container\">\n\t\t\t\t\t<h2 class=\"elementor-heading-title elementor-size-default\">HPLC-PAD<\/h2>\t\t\t\t<\/div>\n\t\t\t\t<\/div>\n\t\t\t\t<div class=\"elementor-element elementor-element-ca82ab9 elementor-widget elementor-widget-text-editor\" data-id=\"ca82ab9\" data-element_type=\"widget\" data-e-type=\"widget\" data-widget_type=\"text-editor.default\">\n\t\t\t\t<div class=\"elementor-widget-container\">\n\t\t\t\t\t\t\t\t\t<p class=\"rtecenter\"><strong>Chromatographe en phase liquide coupl\u00e9 \u00e0 xxx<\/strong><\/p><ul><li><strong>marque\u00a0<\/strong>: xxx<\/li><li><strong>mod\u00e8le\u00a0<\/strong>: xxx<\/li><li><strong>analyses effectu\u00e9es<\/strong>\u00a0: Analyse des sucres<\/li><li><strong>matrices analys\u00e9es<\/strong>\u00a0: extraits<\/li><\/ul><p>\u00a0<\/p><p class=\"rtecenter\"><strong>Contacts site Luminy (Marseille) <br \/><\/strong><\/p><p class=\"rtecenter\">Christos Panagiotopoulos<\/p>\t\t\t\t\t\t\t\t<\/div>\n\t\t\t\t<\/div>\n\t\t\t\t<\/div>\n\t\t<div class=\"elementor-element elementor-element-036934e e-con-full e-flex e-con e-child\" data-id=\"036934e\" data-element_type=\"container\" data-e-type=\"container\" data-settings=\"{&quot;background_background&quot;:&quot;classic&quot;}\">\n\t\t\t\t<\/div>\n\t\t\t\t<\/div>\n\t\t<div class=\"elementor-element elementor-element-558b43d e-con-full e-flex e-con e-parent\" data-id=\"558b43d\" data-element_type=\"container\" data-e-type=\"container\">\n\t\t<div class=\"elementor-element elementor-element-e5c1df3 e-con-full e-flex e-con e-child\" data-id=\"e5c1df3\" data-element_type=\"container\" data-e-type=\"container\" data-settings=\"{&quot;background_background&quot;:&quot;classic&quot;}\">\n\t\t\t\t<\/div>\n\t\t<div class=\"elementor-element elementor-element-d5b4f2c e-con-full e-flex e-con e-child\" data-id=\"d5b4f2c\" data-element_type=\"container\" data-e-type=\"container\" data-settings=\"{&quot;background_background&quot;:&quot;classic&quot;}\">\n\t\t\t\t<div class=\"elementor-element elementor-element-c52247e elementor-widget elementor-widget-heading\" data-id=\"c52247e\" data-element_type=\"widget\" data-e-type=\"widget\" data-widget_type=\"heading.default\">\n\t\t\t\t<div class=\"elementor-widget-container\">\n\t\t\t\t\t<h2 class=\"elementor-heading-title elementor-size-default\">HPLC-RI<\/h2>\t\t\t\t<\/div>\n\t\t\t\t<\/div>\n\t\t\t\t<div class=\"elementor-element elementor-element-ba8b675 elementor-widget elementor-widget-text-editor\" data-id=\"ba8b675\" data-element_type=\"widget\" data-e-type=\"widget\" data-widget_type=\"text-editor.default\">\n\t\t\t\t<div class=\"elementor-widget-container\">\n\t\t\t\t\t\t\t\t\t<p class=\"rtecenter\"><strong>Chromatographe en phase liquide coupl\u00e9 \u00e0 un spectrom\u00e8tre infrarouge<\/strong><\/p><ul><li><strong>marque\u00a0<\/strong>: xxx<\/li><li><strong>mod\u00e8le\u00a0<\/strong>: xxx<\/li><li><strong>analyses effectu\u00e9es<\/strong>\u00a0: Chromato pr\u00e9parative pour \u03b4<sup>13<\/sup>C,\u00a0<span dir=\"ltr\" lang=\"fr\" xml:lang=\"fr\">\u0394<\/span><sup>14<\/sup>C (application pour les sucres)<\/li><li><strong>matrices analys\u00e9es<\/strong>\u00a0: extraits<\/li><\/ul><p>\u00a0<\/p><p class=\"rtecenter\"><strong>Contacts site Luminy (Marseille)<\/strong><\/p><p class=\"rtecenter\">Christos Panagiotopoulos &amp; Laure Papillon.<\/p>\t\t\t\t\t\t\t\t<\/div>\n\t\t\t\t<\/div>\n\t\t\t\t<\/div>\n\t\t\t\t<\/div>\n\t\t<div class=\"elementor-element elementor-element-ffe7ebe e-flex e-con-boxed e-con e-parent\" data-id=\"ffe7ebe\" data-element_type=\"container\" data-e-type=\"container\">\n\t\t\t\t\t<div class=\"e-con-inner\">\n\t\t\t\t<div class=\"elementor-element elementor-element-a83c7e0 elementor-widget elementor-widget-heading\" data-id=\"a83c7e0\" data-element_type=\"widget\" data-e-type=\"widget\" data-widget_type=\"heading.default\">\n\t\t\t\t<div class=\"elementor-widget-container\">\n\t\t\t\t\t<span class=\"elementor-heading-title elementor-size-default\">Partager sur :<\/span>\t\t\t\t<\/div>\n\t\t\t\t<\/div>\n\t\t\t\t<div class=\"elementor-element elementor-element-b644dfc elementor-share-buttons--view-icon elementor-share-buttons--shape-circle elementor-widget__width-auto elementor-share-buttons--skin-gradient elementor-grid-0 elementor-share-buttons--color-official elementor-widget elementor-widget-share-buttons\" data-id=\"b644dfc\" data-element_type=\"widget\" data-e-type=\"widget\" data-settings=\"{&quot;share_url&quot;:{&quot;url&quot;:&quot;&quot;,&quot;is_external&quot;:&quot;&quot;,&quot;nofollow&quot;:&quot;&quot;,&quot;custom_attributes&quot;:&quot;&quot;}}\" data-widget_type=\"share-buttons.default\">\n\t\t\t\t<div class=\"elementor-widget-container\">\n\t\t\t\t\t\t\t<div class=\"elementor-grid\" role=\"list\">\n\t\t\t\t\t\t\t\t<div class=\"elementor-grid-item\" role=\"listitem\">\n\t\t\t\t\t\t<div class=\"elementor-share-btn elementor-share-btn_facebook\" role=\"button\" tabindex=\"0\" aria-label=\"Share on facebook\">\n\t\t\t\t\t\t\t\t\t\t\t\t\t\t\t<span class=\"elementor-share-btn__icon\">\n\t\t\t\t\t\t\t\t<svg aria-hidden=\"true\" class=\"e-font-icon-svg e-fab-facebook\" viewBox=\"0 0 512 512\" xmlns=\"http:\/\/www.w3.org\/2000\/svg\"><path d=\"M504 256C504 119 393 8 256 8S8 119 8 256c0 123.78 90.69 226.38 209.25 245V327.69h-63V256h63v-54.64c0-62.15 37-96.48 93.67-96.48 27.14 0 55.52 4.84 55.52 4.84v61h-31.28c-30.8 0-40.41 19.12-40.41 38.73V256h68.78l-11 71.69h-57.78V501C413.31 482.38 504 379.78 504 256z\"><\/path><\/svg>\t\t\t\t\t\t\t<\/span>\n\t\t\t\t\t\t\t\t\t\t\t\t\t\t\t\t\t\t\t\t<\/div>\n\t\t\t\t\t<\/div>\n\t\t\t\t\t\t\t\t\t<div class=\"elementor-grid-item\" role=\"listitem\">\n\t\t\t\t\t\t<div class=\"elementor-share-btn elementor-share-btn_twitter\" role=\"button\" tabindex=\"0\" aria-label=\"Share on twitter\">\n\t\t\t\t\t\t\t\t\t\t\t\t\t\t\t<span class=\"elementor-share-btn__icon\">\n\t\t\t\t\t\t\t\t<svg aria-hidden=\"true\" class=\"e-font-icon-svg e-fab-twitter\" viewBox=\"0 0 512 512\" xmlns=\"http:\/\/www.w3.org\/2000\/svg\"><path d=\"M459.37 151.716c.325 4.548.325 9.097.325 13.645 0 138.72-105.583 298.558-298.558 298.558-59.452 0-114.68-17.219-161.137-47.106 8.447.974 16.568 1.299 25.34 1.299 49.055 0 94.213-16.568 130.274-44.832-46.132-.975-84.792-31.188-98.112-72.772 6.498.974 12.995 1.624 19.818 1.624 9.421 0 18.843-1.3 27.614-3.573-48.081-9.747-84.143-51.98-84.143-102.985v-1.299c13.969 7.797 30.214 12.67 47.431 13.319-28.264-18.843-46.781-51.005-46.781-87.391 0-19.492 5.197-37.36 14.294-52.954 51.655 63.675 129.3 105.258 216.365 109.807-1.624-7.797-2.599-15.918-2.599-24.04 0-57.828 46.782-104.934 104.934-104.934 30.213 0 57.502 12.67 76.67 33.137 23.715-4.548 46.456-13.32 66.599-25.34-7.798 24.366-24.366 44.833-46.132 57.827 21.117-2.273 41.584-8.122 60.426-16.243-14.292 20.791-32.161 39.308-52.628 54.253z\"><\/path><\/svg>\t\t\t\t\t\t\t<\/span>\n\t\t\t\t\t\t\t\t\t\t\t\t\t\t\t\t\t\t\t\t<\/div>\n\t\t\t\t\t<\/div>\n\t\t\t\t\t\t\t\t\t<div class=\"elementor-grid-item\" role=\"listitem\">\n\t\t\t\t\t\t<div class=\"elementor-share-btn elementor-share-btn_linkedin\" role=\"button\" tabindex=\"0\" aria-label=\"Share on linkedin\">\n\t\t\t\t\t\t\t\t\t\t\t\t\t\t\t<span class=\"elementor-share-btn__icon\">\n\t\t\t\t\t\t\t\t<svg aria-hidden=\"true\" class=\"e-font-icon-svg e-fab-linkedin\" viewBox=\"0 0 448 512\" xmlns=\"http:\/\/www.w3.org\/2000\/svg\"><path d=\"M416 32H31.9C14.3 32 0 46.5 0 64.3v383.4C0 465.5 14.3 480 31.9 480H416c17.6 0 32-14.5 32-32.3V64.3c0-17.8-14.4-32.3-32-32.3zM135.4 416H69V202.2h66.5V416zm-33.2-243c-21.3 0-38.5-17.3-38.5-38.5S80.9 96 102.2 96c21.2 0 38.5 17.3 38.5 38.5 0 21.3-17.2 38.5-38.5 38.5zm282.1 243h-66.4V312c0-24.8-.5-56.7-34.5-56.7-34.6 0-39.9 27-39.9 54.9V416h-66.4V202.2h63.7v29.2h.9c8.9-16.8 30.6-34.5 62.9-34.5 67.2 0 79.7 44.3 79.7 101.9V416z\"><\/path><\/svg>\t\t\t\t\t\t\t<\/span>\n\t\t\t\t\t\t\t\t\t\t\t\t\t\t\t\t\t\t\t\t<\/div>\n\t\t\t\t\t<\/div>\n\t\t\t\t\t\t\t\t\t<div class=\"elementor-grid-item\" role=\"listitem\">\n\t\t\t\t\t\t<div class=\"elementor-share-btn elementor-share-btn_whatsapp\" role=\"button\" tabindex=\"0\" aria-label=\"Share on whatsapp\">\n\t\t\t\t\t\t\t\t\t\t\t\t\t\t\t<span class=\"elementor-share-btn__icon\">\n\t\t\t\t\t\t\t\t<svg aria-hidden=\"true\" class=\"e-font-icon-svg e-fab-whatsapp\" viewBox=\"0 0 448 512\" xmlns=\"http:\/\/www.w3.org\/2000\/svg\"><path d=\"M380.9 97.1C339 55.1 283.2 32 223.9 32c-122.4 0-222 99.6-222 222 0 39.1 10.2 77.3 29.6 111L0 480l117.7-30.9c32.4 17.7 68.9 27 106.1 27h.1c122.3 0 224.1-99.6 224.1-222 0-59.3-25.2-115-67.1-157zm-157 341.6c-33.2 0-65.7-8.9-94-25.7l-6.7-4-69.8 18.3L72 359.2l-4.4-7c-18.5-29.4-28.2-63.3-28.2-98.2 0-101.7 82.8-184.5 184.6-184.5 49.3 0 95.6 19.2 130.4 54.1 34.8 34.9 56.2 81.2 56.1 130.5 0 101.8-84.9 184.6-186.6 184.6zm101.2-138.2c-5.5-2.8-32.8-16.2-37.9-18-5.1-1.9-8.8-2.8-12.5 2.8-3.7 5.6-14.3 18-17.6 21.8-3.2 3.7-6.5 4.2-12 1.4-32.6-16.3-54-29.1-75.5-66-5.7-9.8 5.7-9.1 16.3-30.3 1.8-3.7.9-6.9-.5-9.7-1.4-2.8-12.5-30.1-17.1-41.2-4.5-10.8-9.1-9.3-12.5-9.5-3.2-.2-6.9-.2-10.6-.2-3.7 0-9.7 1.4-14.8 6.9-5.1 5.6-19.4 19-19.4 46.3 0 27.3 19.9 53.7 22.6 57.4 2.8 3.7 39.1 59.7 94.8 83.8 35.2 15.2 49 16.5 66.6 13.9 10.7-1.6 32.8-13.4 37.4-26.4 4.6-13 4.6-24.1 3.2-26.4-1.3-2.5-5-3.9-10.5-6.6z\"><\/path><\/svg>\t\t\t\t\t\t\t<\/span>\n\t\t\t\t\t\t\t\t\t\t\t\t\t\t\t\t\t\t\t\t<\/div>\n\t\t\t\t\t<\/div>\n\t\t\t\t\t\t<\/div>\n\t\t\t\t\t\t<\/div>\n\t\t\t\t<\/div>\n\t\t\t\t\t<\/div>\n\t\t\t\t<\/div>\n\t\t\t\t<\/div>\n\t\t","protected":false},"excerpt":{"rendered":"<p>GC-QTOF Chromatographe en phase gazeuse coupl\u00e9 \u00e0 un spectrom\u00e8tre de masse \u00e0 temps de vol quadrip\u00f4lemarque\u00a0: AGILENTmod\u00e8le\u00a0: GC : 7890B \u2013 Q-TOF GC\/MS : 7200analyses effectu\u00e9es\u00a0: lipides (comme st\u00e9rols, esters, [&hellip;]<\/p>\n","protected":false},"author":1,"featured_media":4489,"parent":8851,"menu_order":1,"comment_status":"closed","ping_status":"closed","template":"","meta":{"_acf_changed":false,"footnotes":""},"class_list":["post-8880","page","type-page","status-publish","has-post-thumbnail","hentry"],"acf":[],"_links":{"self":[{"href":"https:\/\/www.mio.osupytheas.fr\/en\/wp-json\/wp\/v2\/pages\/8880","targetHints":{"allow":["GET"]}}],"collection":[{"href":"https:\/\/www.mio.osupytheas.fr\/en\/wp-json\/wp\/v2\/pages"}],"about":[{"href":"https:\/\/www.mio.osupytheas.fr\/en\/wp-json\/wp\/v2\/types\/page"}],"author":[{"embeddable":true,"href":"https:\/\/www.mio.osupytheas.fr\/en\/wp-json\/wp\/v2\/users\/1"}],"replies":[{"embeddable":true,"href":"https:\/\/www.mio.osupytheas.fr\/en\/wp-json\/wp\/v2\/comments?post=8880"}],"version-history":[{"count":7,"href":"https:\/\/www.mio.osupytheas.fr\/en\/wp-json\/wp\/v2\/pages\/8880\/revisions"}],"predecessor-version":[{"id":17951,"href":"https:\/\/www.mio.osupytheas.fr\/en\/wp-json\/wp\/v2\/pages\/8880\/revisions\/17951"}],"up":[{"embeddable":true,"href":"https:\/\/www.mio.osupytheas.fr\/en\/wp-json\/wp\/v2\/pages\/8851"}],"wp:featuredmedia":[{"embeddable":true,"href":"https:\/\/www.mio.osupytheas.fr\/en\/wp-json\/wp\/v2\/media\/4489"}],"wp:attachment":[{"href":"https:\/\/www.mio.osupytheas.fr\/en\/wp-json\/wp\/v2\/media?parent=8880"}],"curies":[{"name":"wp","href":"https:\/\/api.w.org\/{rel}","templated":true}]}}