{"id":13727,"date":"2024-09-19T10:57:00","date_gmt":"2024-09-19T08:57:00","guid":{"rendered":"https:\/\/www.mio.osupytheas.fr\/?page_id=13727"},"modified":"2024-09-19T11:09:15","modified_gmt":"2024-09-19T09:09:15","slug":"andromeda","status":"publish","type":"page","link":"https:\/\/www.mio.osupytheas.fr\/fr\/production\/nos-projets\/contaminants-et-pollution-marine\/andromeda\/","title":{"rendered":"ANDROMEDA"},"content":{"rendered":"\t\t<div data-elementor-type=\"wp-page\" data-elementor-id=\"13727\" class=\"elementor elementor-13727\" data-elementor-post-type=\"page\">\n\t\t\t\t<div class=\"elementor-element elementor-element-7cf670ce e-flex e-con-boxed e-con e-parent\" data-id=\"7cf670ce\" data-element_type=\"container\" data-e-type=\"container\" data-settings=\"{&quot;background_background&quot;:&quot;classic&quot;}\">\n\t\t\t\t\t<div class=\"e-con-inner\">\n\t\t<div class=\"elementor-element elementor-element-2ba06f70 e-flex e-con-boxed e-con e-child\" data-id=\"2ba06f70\" data-element_type=\"container\" data-e-type=\"container\">\n\t\t\t\t\t<div class=\"e-con-inner\">\n\t\t\t\t<div class=\"elementor-element elementor-element-aa9bd1e elementor-widget__width-initial elementor-widget elementor-widget-theme-post-title elementor-page-title elementor-widget-heading\" data-id=\"aa9bd1e\" data-element_type=\"widget\" data-e-type=\"widget\" data-widget_type=\"theme-post-title.default\">\n\t\t\t\t<div class=\"elementor-widget-container\">\n\t\t\t\t\t<h1 class=\"elementor-heading-title elementor-size-default\">ANDROMEDA<\/h1>\t\t\t\t<\/div>\n\t\t\t\t<\/div>\n\t\t\t\t<div class=\"elementor-element elementor-element-364649c5 elementor-widget__width-initial breadcrumb elementor-widget elementor-widget-shortcode\" data-id=\"364649c5\" data-element_type=\"widget\" data-e-type=\"widget\" data-widget_type=\"shortcode.default\">\n\t\t\t\t<div class=\"elementor-widget-container\">\n\t\t\t\t\t\t\t<div class=\"elementor-shortcode\"><nav aria-label=\"breadcrumbs\">\n            <div class=\"breadcrumb-container theme1\">\n                <ol>\n                                    <\/ol>\n            <\/div>\n        <\/nav>    <script type=\"application\/ld+json\">\n        {\n            \"@context\": \"http:\/\/schema.org\",\n            \"@type\": \"BreadcrumbList\",\n            \"itemListElement\": [\n                            ]\n        }\n    <\/script>\n   \n    <script>\n            <\/script>\n <\/div>\n\t\t\t\t\t\t<\/div>\n\t\t\t\t<\/div>\n\t\t\t\t\t<\/div>\n\t\t\t\t<\/div>\n\t\t\t\t\t<\/div>\n\t\t\t\t<\/div>\n\t\t<div class=\"elementor-element elementor-element-3cac6f0 e-con-full e-flex e-con e-parent\" data-id=\"3cac6f0\" data-element_type=\"container\" data-e-type=\"container\" data-settings=\"{&quot;background_background&quot;:&quot;classic&quot;}\">\n\t\t<div class=\"elementor-element elementor-element-e5bab97 e-flex e-con-boxed e-con e-child\" data-id=\"e5bab97\" data-element_type=\"container\" data-e-type=\"container\">\n\t\t\t\t\t<div class=\"e-con-inner\">\n\t\t<div class=\"elementor-element elementor-element-f7068e5 e-con-full e-flex e-con e-child\" data-id=\"f7068e5\" data-element_type=\"container\" data-e-type=\"container\">\n\t\t\t\t<div class=\"elementor-element elementor-element-a02f5f6 elementor-widget elementor-widget-heading\" data-id=\"a02f5f6\" data-element_type=\"widget\" data-e-type=\"widget\" data-widget_type=\"heading.default\">\n\t\t\t\t<div class=\"elementor-widget-container\">\n\t\t\t\t\t<h2 class=\"elementor-heading-title elementor-size-default\">Quantifier les nano- &amp; microplastiques dans l\u2019Oc\u00e9an<\/h2>\t\t\t\t<\/div>\n\t\t\t\t<\/div>\n\t\t\t\t<\/div>\n\t\t\t\t\t<\/div>\n\t\t\t\t<\/div>\n\t\t\t\t<\/div>\n\t\t<div class=\"elementor-element elementor-element-6a5125fd e-con-full e-flex e-con e-parent\" data-id=\"6a5125fd\" data-element_type=\"container\" data-e-type=\"container\" data-settings=\"{&quot;background_background&quot;:&quot;classic&quot;}\">\n\t\t<div class=\"elementor-element elementor-element-5960474c e-flex e-con-boxed e-con e-child\" data-id=\"5960474c\" data-element_type=\"container\" data-e-type=\"container\">\n\t\t\t\t\t<div class=\"e-con-inner\">\n\t\t<div class=\"elementor-element elementor-element-26a3e759 e-con-full e-flex e-con e-child\" data-id=\"26a3e759\" data-element_type=\"container\" data-e-type=\"container\">\n\t\t\t\t<div class=\"elementor-element elementor-element-417da81 elementor-widget elementor-widget-image\" data-id=\"417da81\" data-element_type=\"widget\" data-e-type=\"widget\" data-widget_type=\"image.default\">\n\t\t\t\t<div class=\"elementor-widget-container\">\n\t\t\t\t\t\t\t\t\t\t\t\t\t\t\t<img fetchpriority=\"high\" decoding=\"async\" width=\"800\" height=\"292\" src=\"https:\/\/www.mio.osupytheas.fr\/wp-content\/uploads\/2024\/09\/andromeda_logo_colour-1100x402-1-1024x374.png\" class=\"attachment-large size-large wp-image-13730\" alt=\"\" srcset=\"https:\/\/www.mio.osupytheas.fr\/wp-content\/uploads\/2024\/09\/andromeda_logo_colour-1100x402-1-1024x374.png 1024w, https:\/\/www.mio.osupytheas.fr\/wp-content\/uploads\/2024\/09\/andromeda_logo_colour-1100x402-1-300x110.png 300w, https:\/\/www.mio.osupytheas.fr\/wp-content\/uploads\/2024\/09\/andromeda_logo_colour-1100x402-1-768x281.png 768w, https:\/\/www.mio.osupytheas.fr\/wp-content\/uploads\/2024\/09\/andromeda_logo_colour-1100x402-1-18x7.png 18w, https:\/\/www.mio.osupytheas.fr\/wp-content\/uploads\/2024\/09\/andromeda_logo_colour-1100x402-1.png 1100w\" sizes=\"(max-width: 800px) 100vw, 800px\" \/>\t\t\t\t\t\t\t\t\t\t\t\t\t\t\t<\/div>\n\t\t\t\t<\/div>\n\t\t\t\t<div class=\"elementor-element elementor-element-1eb45460 elementor-widget-mobile__width-initial elementor-widget elementor-widget-text-editor\" data-id=\"1eb45460\" data-element_type=\"widget\" data-e-type=\"widget\" data-widget_type=\"text-editor.default\">\n\t\t\t\t<div class=\"elementor-widget-container\">\n\t\t\t\t\t\t\t\t\t<p class=\"rtejustify\"><span style=\"color: #000000;\">Andromeda est un projet de recherche qui d\u00e9veloppe des techniques d\u2019analyse pour quantifier les nanoplastiques et microplastiques et leur d\u00e9gradation dans l\u2019environnement marin. Andromeda est l\u2019un des six projets approuv\u00e9s \u00e0 la suite du 2e appel transnational du\u00a0<a style=\"color: #000000;\" href=\"https:\/\/www.jpi-oceans.eu\/\" target=\"_blank\" rel=\"noopener\">JPI Oceans 2019<\/a>.<\/span><\/p>\t\t\t\t\t\t\t\t<\/div>\n\t\t\t\t<\/div>\n\t\t\t\t<\/div>\n\t\t\t\t\t<\/div>\n\t\t\t\t<\/div>\n\t\t\t\t<\/div>\n\t\t<div class=\"elementor-element elementor-element-29be0e7 e-con-full e-flex e-con e-parent\" data-id=\"29be0e7\" data-element_type=\"container\" data-e-type=\"container\" data-settings=\"{&quot;background_background&quot;:&quot;classic&quot;}\">\n\t\t<div class=\"elementor-element elementor-element-6a23b9d e-flex e-con-boxed e-con e-child\" data-id=\"6a23b9d\" data-element_type=\"container\" data-e-type=\"container\">\n\t\t\t\t\t<div class=\"e-con-inner\">\n\t\t<div class=\"elementor-element elementor-element-723e666 e-con-full e-flex e-con e-child\" data-id=\"723e666\" data-element_type=\"container\" data-e-type=\"container\">\n\t\t\t\t<div class=\"elementor-element elementor-element-c7e24d1 elementor-widget elementor-widget-text-editor\" data-id=\"c7e24d1\" data-element_type=\"widget\" data-e-type=\"widget\" data-widget_type=\"text-editor.default\">\n\t\t\t\t<div class=\"elementor-widget-container\">\n\t\t\t\t\t\t\t\t\t<h3 class=\"rtecenter\"><strong>Suivez-nous sur <a href=\"https:\/\/twitter.com\/Andromeda_EU\/\" target=\"_blank\" rel=\"noopener\">Twitter<\/a> ou en ligne sur notre <a href=\"https:\/\/www.andromedaproject.net\/\" target=\"_blank\" rel=\"noopener\">site web<\/a> !<\/strong><\/h3>\t\t\t\t\t\t\t\t<\/div>\n\t\t\t\t<\/div>\n\t\t\t\t<\/div>\n\t\t\t\t\t<\/div>\n\t\t\t\t<\/div>\n\t\t\t\t<\/div>\n\t\t<div class=\"elementor-element elementor-element-d537de0 e-con-full e-flex e-con e-parent\" data-id=\"d537de0\" data-element_type=\"container\" data-e-type=\"container\" data-settings=\"{&quot;background_background&quot;:&quot;classic&quot;}\">\n\t\t<div class=\"elementor-element elementor-element-a17ea0c e-flex e-con-boxed e-con e-child\" data-id=\"a17ea0c\" data-element_type=\"container\" data-e-type=\"container\">\n\t\t\t\t\t<div class=\"e-con-inner\">\n\t\t<div class=\"elementor-element elementor-element-679f042 e-con-full e-flex e-con e-child\" data-id=\"679f042\" data-element_type=\"container\" data-e-type=\"container\">\n\t\t\t\t<div class=\"elementor-element elementor-element-3bbf67f elementor-widget-mobile__width-initial elementor-widget elementor-widget-text-editor\" data-id=\"3bbf67f\" data-element_type=\"widget\" data-e-type=\"widget\" data-widget_type=\"text-editor.default\">\n\t\t\t\t<div class=\"elementor-widget-container\">\n\t\t\t\t\t\t\t\t\t<h3 class=\"rtejustify\"><span style=\"color: #ffffff;\"><strong>Objectifs<\/strong><\/span><\/h3><p class=\"rtejustify\">\u00a0<\/p><ul><li class=\"rtejustify\"><span style=\"color: #ffffff;\">D\u00e9velopper des techniques in situ et des m\u00e9thodes de mesure rentables pour am\u00e9liorer l\u2019efficacit\u00e9 et l\u2019efficience de la surveillance des microplastiques,<\/span><\/li><li class=\"rtejustify\"><span style=\"color: #ffffff;\">Mettre au point de nouvelles m\u00e9thodes d\u2019\u00e9chantillonnage et d\u2019analyse avanc\u00e9e qui se concentrent sur les particules microplastiques (&lt; 10 \u03bcm) et nanoplastiques (&lt; 0,2 \u03bcm) de plus petites tailles afin de permettre une meilleure \u00e9valuation des risques de pollution par les plastiques,<\/span><\/li><li class=\"rtejustify\"><span style=\"color: #ffffff;\">Tester et am\u00e9liorer les approches de d\u00e9gradation acc\u00e9l\u00e9r\u00e9e en laboratoire qui imitent la fragmentation naturelle et le relargage des additives chimiques afin d\u2019\u00e9tudier les m\u00e9canismes de d\u00e9gradation des plastiques sur une p\u00e9riode raisonnable,<\/span><\/li><li class=\"rtejustify\"><span style=\"color: #ffffff;\">Caract\u00e9riser la d\u00e9gradation des microplastiques en utilisant des techniques d\u2019analyse avanc\u00e9es telles que \u03bcFTIR, l\u2019imagerie Raman et SEM-EDX,<\/span><\/li><li class=\"rtejustify\"><span style=\"color: #ffffff;\">Etudier l\u2019influence de param\u00e8tres tels que la temp\u00e9rature, le pH et la pression hyperbare sur la d\u00e9gradation des microplastiques.<\/span><\/li><\/ul>\t\t\t\t\t\t\t\t<\/div>\n\t\t\t\t<\/div>\n\t\t\t\t<\/div>\n\t\t\t\t\t<\/div>\n\t\t\t\t<\/div>\n\t\t\t\t<\/div>\n\t\t<div class=\"elementor-element elementor-element-465d8f0 e-con-full e-flex e-con e-parent\" data-id=\"465d8f0\" data-element_type=\"container\" data-e-type=\"container\" data-settings=\"{&quot;background_background&quot;:&quot;classic&quot;}\">\n\t\t<div class=\"elementor-element elementor-element-21425b6 e-flex e-con-boxed e-con e-child\" data-id=\"21425b6\" data-element_type=\"container\" data-e-type=\"container\">\n\t\t\t\t\t<div class=\"e-con-inner\">\n\t\t<div class=\"elementor-element elementor-element-746a942 e-con-full e-flex e-con e-child\" data-id=\"746a942\" data-element_type=\"container\" data-e-type=\"container\">\n\t\t\t\t<div class=\"elementor-element elementor-element-27ccd8e elementor-widget elementor-widget-image\" data-id=\"27ccd8e\" data-element_type=\"widget\" data-e-type=\"widget\" data-widget_type=\"image.default\">\n\t\t\t\t<div class=\"elementor-widget-container\">\n\t\t\t\t\t\t\t\t\t\t\t\t\t\t\t<img decoding=\"async\" width=\"724\" height=\"1024\" src=\"https:\/\/www.mio.osupytheas.fr\/wp-content\/uploads\/2024\/09\/andromeda_factsheet_26.06.2020-1-1100x1556-1-724x1024.png\" class=\"attachment-large size-large wp-image-13732\" alt=\"\" srcset=\"https:\/\/www.mio.osupytheas.fr\/wp-content\/uploads\/2024\/09\/andromeda_factsheet_26.06.2020-1-1100x1556-1-724x1024.png 724w, https:\/\/www.mio.osupytheas.fr\/wp-content\/uploads\/2024\/09\/andromeda_factsheet_26.06.2020-1-1100x1556-1-212x300.png 212w, https:\/\/www.mio.osupytheas.fr\/wp-content\/uploads\/2024\/09\/andromeda_factsheet_26.06.2020-1-1100x1556-1-768x1086.png 768w, https:\/\/www.mio.osupytheas.fr\/wp-content\/uploads\/2024\/09\/andromeda_factsheet_26.06.2020-1-1100x1556-1-1086x1536.png 1086w, https:\/\/www.mio.osupytheas.fr\/wp-content\/uploads\/2024\/09\/andromeda_factsheet_26.06.2020-1-1100x1556-1-8x12.png 8w, https:\/\/www.mio.osupytheas.fr\/wp-content\/uploads\/2024\/09\/andromeda_factsheet_26.06.2020-1-1100x1556-1.png 1100w\" sizes=\"(max-width: 724px) 100vw, 724px\" \/>\t\t\t\t\t\t\t\t\t\t\t\t\t\t\t<\/div>\n\t\t\t\t<\/div>\n\t\t\t\t<\/div>\n\t\t\t\t\t<\/div>\n\t\t\t\t<\/div>\n\t\t\t\t<\/div>\n\t\t<div class=\"elementor-element elementor-element-074a6ad e-con-full e-flex e-con e-parent\" data-id=\"074a6ad\" data-element_type=\"container\" data-e-type=\"container\" data-settings=\"{&quot;background_background&quot;:&quot;classic&quot;}\">\n\t\t<div class=\"elementor-element elementor-element-aeeeac0 e-flex e-con-boxed e-con e-child\" data-id=\"aeeeac0\" data-element_type=\"container\" data-e-type=\"container\">\n\t\t\t\t\t<div class=\"e-con-inner\">\n\t\t<div class=\"elementor-element elementor-element-ee3f4c8 e-con-full e-flex e-con e-child\" data-id=\"ee3f4c8\" data-element_type=\"container\" data-e-type=\"container\">\n\t\t\t\t<div class=\"elementor-element elementor-element-999a96c elementor-widget elementor-widget-image\" data-id=\"999a96c\" data-element_type=\"widget\" data-e-type=\"widget\" data-widget_type=\"image.default\">\n\t\t\t\t<div class=\"elementor-widget-container\">\n\t\t\t\t\t\t\t\t\t\t\t\t\t\t\t<img decoding=\"async\" width=\"800\" height=\"541\" src=\"https:\/\/www.mio.osupytheas.fr\/wp-content\/uploads\/2024\/09\/andromeda_factsheet_26.06.2020-2-1024x692.png\" class=\"attachment-large size-large wp-image-13731\" alt=\"\" srcset=\"https:\/\/www.mio.osupytheas.fr\/wp-content\/uploads\/2024\/09\/andromeda_factsheet_26.06.2020-2-1024x692.png 1024w, https:\/\/www.mio.osupytheas.fr\/wp-content\/uploads\/2024\/09\/andromeda_factsheet_26.06.2020-2-300x203.png 300w, https:\/\/www.mio.osupytheas.fr\/wp-content\/uploads\/2024\/09\/andromeda_factsheet_26.06.2020-2-768x519.png 768w, https:\/\/www.mio.osupytheas.fr\/wp-content\/uploads\/2024\/09\/andromeda_factsheet_26.06.2020-2-1536x1038.png 1536w, https:\/\/www.mio.osupytheas.fr\/wp-content\/uploads\/2024\/09\/andromeda_factsheet_26.06.2020-2-18x12.png 18w, https:\/\/www.mio.osupytheas.fr\/wp-content\/uploads\/2024\/09\/andromeda_factsheet_26.06.2020-2-1320x892.png 1320w, https:\/\/www.mio.osupytheas.fr\/wp-content\/uploads\/2024\/09\/andromeda_factsheet_26.06.2020-2.png 1653w\" sizes=\"(max-width: 800px) 100vw, 800px\" \/>\t\t\t\t\t\t\t\t\t\t\t\t\t\t\t<\/div>\n\t\t\t\t<\/div>\n\t\t\t\t<\/div>\n\t\t\t\t\t<\/div>\n\t\t\t\t<\/div>\n\t\t\t\t<\/div>\n\t\t<div class=\"elementor-element elementor-element-6c9d5728 e-flex e-con-boxed e-con e-parent\" data-id=\"6c9d5728\" data-element_type=\"container\" data-e-type=\"container\">\n\t\t\t\t\t<div class=\"e-con-inner\">\n\t\t\t\t<div class=\"elementor-element elementor-element-3a061f45 elementor-widget elementor-widget-heading\" data-id=\"3a061f45\" data-element_type=\"widget\" data-e-type=\"widget\" data-widget_type=\"heading.default\">\n\t\t\t\t<div class=\"elementor-widget-container\">\n\t\t\t\t\t<span class=\"elementor-heading-title elementor-size-default\">Partager sur :<\/span>\t\t\t\t<\/div>\n\t\t\t\t<\/div>\n\t\t\t\t<div class=\"elementor-element elementor-element-43ef64a8 elementor-share-buttons--view-icon elementor-share-buttons--shape-circle elementor-widget__width-auto elementor-share-buttons--skin-gradient elementor-grid-0 elementor-share-buttons--color-official elementor-widget elementor-widget-share-buttons\" data-id=\"43ef64a8\" data-element_type=\"widget\" data-e-type=\"widget\" data-settings=\"{&quot;share_url&quot;:{&quot;url&quot;:&quot;&quot;,&quot;is_external&quot;:&quot;&quot;,&quot;nofollow&quot;:&quot;&quot;,&quot;custom_attributes&quot;:&quot;&quot;}}\" data-widget_type=\"share-buttons.default\">\n\t\t\t\t<div class=\"elementor-widget-container\">\n\t\t\t\t\t\t\t<div class=\"elementor-grid\" role=\"list\">\n\t\t\t\t\t\t\t\t<div class=\"elementor-grid-item\" role=\"listitem\">\n\t\t\t\t\t\t<div class=\"elementor-share-btn elementor-share-btn_facebook\" role=\"button\" tabindex=\"0\" aria-label=\"Partager sur facebook\">\n\t\t\t\t\t\t\t\t\t\t\t\t\t\t\t<span class=\"elementor-share-btn__icon\">\n\t\t\t\t\t\t\t\t<svg aria-hidden=\"true\" class=\"e-font-icon-svg e-fab-facebook\" viewBox=\"0 0 512 512\" xmlns=\"http:\/\/www.w3.org\/2000\/svg\"><path d=\"M504 256C504 119 393 8 256 8S8 119 8 256c0 123.78 90.69 226.38 209.25 245V327.69h-63V256h63v-54.64c0-62.15 37-96.48 93.67-96.48 27.14 0 55.52 4.84 55.52 4.84v61h-31.28c-30.8 0-40.41 19.12-40.41 38.73V256h68.78l-11 71.69h-57.78V501C413.31 482.38 504 379.78 504 256z\"><\/path><\/svg>\t\t\t\t\t\t\t<\/span>\n\t\t\t\t\t\t\t\t\t\t\t\t\t\t\t\t\t\t\t\t<\/div>\n\t\t\t\t\t<\/div>\n\t\t\t\t\t\t\t\t\t<div class=\"elementor-grid-item\" role=\"listitem\">\n\t\t\t\t\t\t<div class=\"elementor-share-btn elementor-share-btn_twitter\" role=\"button\" tabindex=\"0\" aria-label=\"Partager sur twitter\">\n\t\t\t\t\t\t\t\t\t\t\t\t\t\t\t<span class=\"elementor-share-btn__icon\">\n\t\t\t\t\t\t\t\t<svg aria-hidden=\"true\" class=\"e-font-icon-svg e-fab-twitter\" viewBox=\"0 0 512 512\" xmlns=\"http:\/\/www.w3.org\/2000\/svg\"><path d=\"M459.37 151.716c.325 4.548.325 9.097.325 13.645 0 138.72-105.583 298.558-298.558 298.558-59.452 0-114.68-17.219-161.137-47.106 8.447.974 16.568 1.299 25.34 1.299 49.055 0 94.213-16.568 130.274-44.832-46.132-.975-84.792-31.188-98.112-72.772 6.498.974 12.995 1.624 19.818 1.624 9.421 0 18.843-1.3 27.614-3.573-48.081-9.747-84.143-51.98-84.143-102.985v-1.299c13.969 7.797 30.214 12.67 47.431 13.319-28.264-18.843-46.781-51.005-46.781-87.391 0-19.492 5.197-37.36 14.294-52.954 51.655 63.675 129.3 105.258 216.365 109.807-1.624-7.797-2.599-15.918-2.599-24.04 0-57.828 46.782-104.934 104.934-104.934 30.213 0 57.502 12.67 76.67 33.137 23.715-4.548 46.456-13.32 66.599-25.34-7.798 24.366-24.366 44.833-46.132 57.827 21.117-2.273 41.584-8.122 60.426-16.243-14.292 20.791-32.161 39.308-52.628 54.253z\"><\/path><\/svg>\t\t\t\t\t\t\t<\/span>\n\t\t\t\t\t\t\t\t\t\t\t\t\t\t\t\t\t\t\t\t<\/div>\n\t\t\t\t\t<\/div>\n\t\t\t\t\t\t\t\t\t<div class=\"elementor-grid-item\" role=\"listitem\">\n\t\t\t\t\t\t<div class=\"elementor-share-btn elementor-share-btn_linkedin\" role=\"button\" tabindex=\"0\" aria-label=\"Partager sur linkedin\">\n\t\t\t\t\t\t\t\t\t\t\t\t\t\t\t<span class=\"elementor-share-btn__icon\">\n\t\t\t\t\t\t\t\t<svg aria-hidden=\"true\" class=\"e-font-icon-svg e-fab-linkedin\" viewBox=\"0 0 448 512\" xmlns=\"http:\/\/www.w3.org\/2000\/svg\"><path d=\"M416 32H31.9C14.3 32 0 46.5 0 64.3v383.4C0 465.5 14.3 480 31.9 480H416c17.6 0 32-14.5 32-32.3V64.3c0-17.8-14.4-32.3-32-32.3zM135.4 416H69V202.2h66.5V416zm-33.2-243c-21.3 0-38.5-17.3-38.5-38.5S80.9 96 102.2 96c21.2 0 38.5 17.3 38.5 38.5 0 21.3-17.2 38.5-38.5 38.5zm282.1 243h-66.4V312c0-24.8-.5-56.7-34.5-56.7-34.6 0-39.9 27-39.9 54.9V416h-66.4V202.2h63.7v29.2h.9c8.9-16.8 30.6-34.5 62.9-34.5 67.2 0 79.7 44.3 79.7 101.9V416z\"><\/path><\/svg>\t\t\t\t\t\t\t<\/span>\n\t\t\t\t\t\t\t\t\t\t\t\t\t\t\t\t\t\t\t\t<\/div>\n\t\t\t\t\t<\/div>\n\t\t\t\t\t\t\t\t\t<div class=\"elementor-grid-item\" role=\"listitem\">\n\t\t\t\t\t\t<div class=\"elementor-share-btn elementor-share-btn_whatsapp\" role=\"button\" tabindex=\"0\" aria-label=\"Partager sur whatsapp\">\n\t\t\t\t\t\t\t\t\t\t\t\t\t\t\t<span class=\"elementor-share-btn__icon\">\n\t\t\t\t\t\t\t\t<svg aria-hidden=\"true\" class=\"e-font-icon-svg e-fab-whatsapp\" viewBox=\"0 0 448 512\" xmlns=\"http:\/\/www.w3.org\/2000\/svg\"><path d=\"M380.9 97.1C339 55.1 283.2 32 223.9 32c-122.4 0-222 99.6-222 222 0 39.1 10.2 77.3 29.6 111L0 480l117.7-30.9c32.4 17.7 68.9 27 106.1 27h.1c122.3 0 224.1-99.6 224.1-222 0-59.3-25.2-115-67.1-157zm-157 341.6c-33.2 0-65.7-8.9-94-25.7l-6.7-4-69.8 18.3L72 359.2l-4.4-7c-18.5-29.4-28.2-63.3-28.2-98.2 0-101.7 82.8-184.5 184.6-184.5 49.3 0 95.6 19.2 130.4 54.1 34.8 34.9 56.2 81.2 56.1 130.5 0 101.8-84.9 184.6-186.6 184.6zm101.2-138.2c-5.5-2.8-32.8-16.2-37.9-18-5.1-1.9-8.8-2.8-12.5 2.8-3.7 5.6-14.3 18-17.6 21.8-3.2 3.7-6.5 4.2-12 1.4-32.6-16.3-54-29.1-75.5-66-5.7-9.8 5.7-9.1 16.3-30.3 1.8-3.7.9-6.9-.5-9.7-1.4-2.8-12.5-30.1-17.1-41.2-4.5-10.8-9.1-9.3-12.5-9.5-3.2-.2-6.9-.2-10.6-.2-3.7 0-9.7 1.4-14.8 6.9-5.1 5.6-19.4 19-19.4 46.3 0 27.3 19.9 53.7 22.6 57.4 2.8 3.7 39.1 59.7 94.8 83.8 35.2 15.2 49 16.5 66.6 13.9 10.7-1.6 32.8-13.4 37.4-26.4 4.6-13 4.6-24.1 3.2-26.4-1.3-2.5-5-3.9-10.5-6.6z\"><\/path><\/svg>\t\t\t\t\t\t\t<\/span>\n\t\t\t\t\t\t\t\t\t\t\t\t\t\t\t\t\t\t\t\t<\/div>\n\t\t\t\t\t<\/div>\n\t\t\t\t\t\t<\/div>\n\t\t\t\t\t\t<\/div>\n\t\t\t\t<\/div>\n\t\t\t\t\t<\/div>\n\t\t\t\t<\/div>\n\t\t\t\t<\/div>\n\t\t","protected":false},"excerpt":{"rendered":"<p>Quantifier les nano- &amp; microplastiques dans l\u2019Oc\u00e9an Andromeda est un projet de recherche qui d\u00e9veloppe des techniques d\u2019analyse pour quantifier les nanoplastiques et microplastiques et leur d\u00e9gradation dans l\u2019environnement marin. [&hellip;]<\/p>\n","protected":false},"author":1,"featured_media":4489,"parent":13457,"menu_order":0,"comment_status":"closed","ping_status":"closed","template":"","meta":{"_acf_changed":false,"footnotes":""},"class_list":["post-13727","page","type-page","status-publish","has-post-thumbnail","hentry"],"acf":[],"_links":{"self":[{"href":"https:\/\/www.mio.osupytheas.fr\/fr\/wp-json\/wp\/v2\/pages\/13727","targetHints":{"allow":["GET"]}}],"collection":[{"href":"https:\/\/www.mio.osupytheas.fr\/fr\/wp-json\/wp\/v2\/pages"}],"about":[{"href":"https:\/\/www.mio.osupytheas.fr\/fr\/wp-json\/wp\/v2\/types\/page"}],"author":[{"embeddable":true,"href":"https:\/\/www.mio.osupytheas.fr\/fr\/wp-json\/wp\/v2\/users\/1"}],"replies":[{"embeddable":true,"href":"https:\/\/www.mio.osupytheas.fr\/fr\/wp-json\/wp\/v2\/comments?post=13727"}],"version-history":[{"count":5,"href":"https:\/\/www.mio.osupytheas.fr\/fr\/wp-json\/wp\/v2\/pages\/13727\/revisions"}],"predecessor-version":[{"id":13736,"href":"https:\/\/www.mio.osupytheas.fr\/fr\/wp-json\/wp\/v2\/pages\/13727\/revisions\/13736"}],"up":[{"embeddable":true,"href":"https:\/\/www.mio.osupytheas.fr\/fr\/wp-json\/wp\/v2\/pages\/13457"}],"wp:featuredmedia":[{"embeddable":true,"href":"https:\/\/www.mio.osupytheas.fr\/fr\/wp-json\/wp\/v2\/media\/4489"}],"wp:attachment":[{"href":"https:\/\/www.mio.osupytheas.fr\/fr\/wp-json\/wp\/v2\/media?parent=13727"}],"curies":[{"name":"wp","href":"https:\/\/api.w.org\/{rel}","templated":true}]}}