{"id":14395,"date":"2024-10-14T09:23:25","date_gmt":"2024-10-14T07:23:25","guid":{"rendered":"https:\/\/www.mio.osupytheas.fr\/?page_id=14395"},"modified":"2024-10-16T14:33:20","modified_gmt":"2024-10-16T12:33:20","slug":"trombinoscope-de-lequipe-biogeochimie","status":"publish","type":"page","link":"https:\/\/www.mio.osupytheas.fr\/fr\/trombinoscope-de-lequipe-biogeochimie\/","title":{"rendered":"Trombinoscope de l&#8217;\u00e9quipe BIOGEOCHIMIE"},"content":{"rendered":"\t\t<div data-elementor-type=\"wp-page\" data-elementor-id=\"14395\" class=\"elementor elementor-14395\" data-elementor-post-type=\"page\">\n\t\t\t\t<div class=\"elementor-element elementor-element-3fcdb168 e-flex e-con-boxed e-con e-parent\" data-id=\"3fcdb168\" data-element_type=\"container\" data-e-type=\"container\" data-settings=\"{&quot;background_background&quot;:&quot;classic&quot;}\">\n\t\t\t\t\t<div class=\"e-con-inner\">\n\t\t<div class=\"elementor-element elementor-element-36a2f655 e-flex e-con-boxed e-con e-child\" data-id=\"36a2f655\" data-element_type=\"container\" data-e-type=\"container\">\n\t\t\t\t\t<div class=\"e-con-inner\">\n\t\t\t\t<div class=\"elementor-element elementor-element-7cf02c12 elementor-widget__width-initial elementor-widget elementor-widget-theme-post-title elementor-page-title elementor-widget-heading\" data-id=\"7cf02c12\" data-element_type=\"widget\" data-e-type=\"widget\" data-widget_type=\"theme-post-title.default\">\n\t\t\t\t<div class=\"elementor-widget-container\">\n\t\t\t\t\t<h1 class=\"elementor-heading-title elementor-size-default\">Trombinoscope de l&#8217;\u00e9quipe BIOGEOCHIMIE<\/h1>\t\t\t\t<\/div>\n\t\t\t\t<\/div>\n\t\t\t\t<div class=\"elementor-element elementor-element-34bbcce3 elementor-widget__width-initial breadcrumb elementor-widget elementor-widget-shortcode\" data-id=\"34bbcce3\" data-element_type=\"widget\" data-e-type=\"widget\" data-widget_type=\"shortcode.default\">\n\t\t\t\t<div class=\"elementor-widget-container\">\n\t\t\t\t\t\t\t<div class=\"elementor-shortcode\"><nav aria-label=\"breadcrumbs\">\n            <div class=\"breadcrumb-container theme1\">\n                <ol>\n                                    <\/ol>\n            <\/div>\n        <\/nav>    <script type=\"application\/ld+json\">\n        {\n            \"@context\": \"http:\/\/schema.org\",\n            \"@type\": \"BreadcrumbList\",\n            \"itemListElement\": [\n                            ]\n        }\n    <\/script>\n   \n    <script>\n            <\/script>\n <\/div>\n\t\t\t\t\t\t<\/div>\n\t\t\t\t<\/div>\n\t\t\t\t\t<\/div>\n\t\t\t\t<\/div>\n\t\t\t\t\t<\/div>\n\t\t\t\t<\/div>\n\t\t<div class=\"elementor-element elementor-element-9e9388d e-flex e-con-boxed e-con e-parent\" data-id=\"9e9388d\" data-element_type=\"container\" data-e-type=\"container\">\n\t\t\t\t\t<div class=\"e-con-inner\">\n\t\t\t\t<div class=\"elementor-element elementor-element-347d77a elementor-widget__width-auto elementor-widget elementor-widget-pymac-userslist\" data-id=\"347d77a\" data-element_type=\"widget\" data-e-type=\"widget\" data-widget_type=\"pymac-userslist.default\">\n\t\t\t\t<div class=\"elementor-widget-container\">\n\t\t\t\t\t<div class=\"mio-filters\"><div class=\"mio-filters_header\"><div class=\"mio-filters_header_title\">Rechercher un membre du mio<\/div><\/div><div class=\"mio-filters_content\"><div class=\"mio_filter mio-filters_nom\"><input name=\"mio_users_nom\" type=\"text\" placeholder=\"Nom ou pr\u00e9nom...\" id=\"mio_users_nom\"><\/div><div class=\"mio_filter mio-filters_title\"><select name=\"mio_users_title\" id=\"mio_users_title\"><option value=\"\">Choisissez un titre<\/option><\/select><\/div><\/div><\/div><div class=\"mio-users\"><div class=\"mio-user\" data-title=\"PR\" data-business-category=\"BIOGEO\" data-nom=\"melika baklouti\"><div class=\"mio-user_photo\"><a href=\"https:\/\/www.mio.osupytheas.fr\/fr\/annuaire\/melika-baklouti\/\"><img decoding=\"async\" src=\"https:\/\/www.mio.osupytheas.fr\/wp-content\/uploads\/annuaire\/4082.jpg\" alt=\"Melika Baklouti\"><\/a><\/div><div class=\"mio-user_content\"><div class=\"mio-user_name\"><a href=\"https:\/\/www.mio.osupytheas.fr\/fr\/annuaire\/melika-baklouti\/\">Melika Baklouti<\/a><\/div><div class=\"mio-user_title\">PR-Professeur<\/div><div class=\"mio-user_business_category\">BIOGEO-Biog\u00e9ochimie<\/div><\/div><\/div><div class=\"mio-user\" data-title=\"ITA\" data-business-category=\"BIOGEO\" data-nom=\"florence ballot\"><div class=\"mio-user_photo\"><a href=\"https:\/\/www.mio.osupytheas.fr\/fr\/annuaire\/florence-ballot\/\"><img decoding=\"async\" src=\"https:\/\/www.mio.osupytheas.fr\/wp-content\/uploads\/annuaire\/12918.jpg\" alt=\"Florence Ballot\"><\/a><\/div><div class=\"mio-user_content\"><div class=\"mio-user_name\"><a href=\"https:\/\/www.mio.osupytheas.fr\/fr\/annuaire\/florence-ballot\/\">Florence Ballot<\/a><\/div><div class=\"mio-user_title\">ITA-Ingenieur Technicien Administratif<\/div><div class=\"mio-user_business_category\">BIOGEO-Biog\u00e9ochimie<\/div><\/div><\/div><div class=\"mio-user\" data-title=\"CR\" data-business-category=\"BIOGEO\" data-nom=\"mar benavides\"><div class=\"mio-user_photo\"><a href=\"https:\/\/www.mio.osupytheas.fr\/fr\/annuaire\/mar-benavides\/\"><img decoding=\"async\" src=\"https:\/\/www.mio.osupytheas.fr\/wp-content\/uploads\/annuaire\/8810.jpg\" alt=\"Mar Benavides\"><\/a><\/div><div class=\"mio-user_content\"><div class=\"mio-user_name\"><a href=\"https:\/\/www.mio.osupytheas.fr\/fr\/annuaire\/mar-benavides\/\">Mar Benavides<\/a><\/div><div class=\"mio-user_title\">CR-Charge de Recherche<\/div><div class=\"mio-user_business_category\">BIOGEO-Biog\u00e9ochimie<\/div><\/div><\/div><div class=\"mio-user\" data-title=\"DR\" data-business-category=\"BIOGEO\" data-nom=\"sophie bonnet\"><div class=\"mio-user_photo\"><a href=\"https:\/\/www.mio.osupytheas.fr\/fr\/annuaire\/sophie-bonnet\/\"><img decoding=\"async\" src=\"https:\/\/www.mio.osupytheas.fr\/wp-content\/uploads\/annuaire\/4123.jpg\" alt=\"Sophie Bonnet\"><\/a><\/div><div class=\"mio-user_content\"><div class=\"mio-user_name\"><a href=\"https:\/\/www.mio.osupytheas.fr\/fr\/annuaire\/sophie-bonnet\/\">Sophie Bonnet<\/a><\/div><div class=\"mio-user_title\">DR-Directeur de Recherche<\/div><div class=\"mio-user_business_category\">BIOGEO-Biog\u00e9ochimie<\/div><\/div><\/div><div class=\"mio-user\" data-title=\"ITA\" data-business-category=\"BIOGEO\" data-nom=\"l\u00e9a buniak\"><div class=\"mio-user_photo\"><a href=\"https:\/\/www.mio.osupytheas.fr\/fr\/annuaire\/lea-buniak\/\"><img decoding=\"async\" src=\"https:\/\/www.mio.osupytheas.fr\/wp-content\/themes\/pymac\/assets\/img\/default-user.png\" alt=\"L\u00e9a Buniak\"><\/a><\/div><div class=\"mio-user_content\"><div class=\"mio-user_name\"><a href=\"https:\/\/www.mio.osupytheas.fr\/fr\/annuaire\/lea-buniak\/\">L\u00e9a Buniak<\/a><\/div><div class=\"mio-user_title\">ITA-Ingenieur Technicien Administratif<\/div><div class=\"mio-user_business_category\">BIOGEO-Biog\u00e9ochimie<\/div><\/div><\/div><div class=\"mio-user\" data-title=\"ITA\" data-business-category=\"BIOGEO\" data-nom=\"sandrine chifflet\"><div class=\"mio-user_photo\"><a href=\"https:\/\/www.mio.osupytheas.fr\/fr\/annuaire\/sandrine-chifflet\/\"><img decoding=\"async\" src=\"https:\/\/www.mio.osupytheas.fr\/wp-content\/uploads\/annuaire\/4072.jpg\" alt=\"Sandrine Chifflet\"><\/a><\/div><div class=\"mio-user_content\"><div class=\"mio-user_name\"><a href=\"https:\/\/www.mio.osupytheas.fr\/fr\/annuaire\/sandrine-chifflet\/\">Sandrine Chifflet<\/a><\/div><div class=\"mio-user_title\">ITA-Ingenieur Technicien Administratif<\/div><div class=\"mio-user_business_category\">BIOGEO-Biog\u00e9ochimie<\/div><\/div><\/div><div class=\"mio-user\" data-title=\"ITA\" data-business-category=\"BIOGEO\" data-nom=\"laure chirurgien\"><div class=\"mio-user_photo\"><a href=\"https:\/\/www.mio.osupytheas.fr\/fr\/annuaire\/laure-chirurgien\/\"><img decoding=\"async\" src=\"https:\/\/www.mio.osupytheas.fr\/wp-content\/uploads\/annuaire\/4232.jpg\" alt=\"Laure Chirurgien\"><\/a><\/div><div class=\"mio-user_content\"><div class=\"mio-user_name\"><a href=\"https:\/\/www.mio.osupytheas.fr\/fr\/annuaire\/laure-chirurgien\/\">Laure Chirurgien<\/a><\/div><div class=\"mio-user_title\">ITA-Ingenieur Technicien Administratif<\/div><div class=\"mio-user_business_category\">BIOGEO-Biog\u00e9ochimie<\/div><\/div><\/div><div class=\"mio-user\" data-title=\"ITA\" data-business-category=\"BIOGEO\" data-nom=\"blandine courtois\"><div class=\"mio-user_photo\"><a href=\"https:\/\/www.mio.osupytheas.fr\/fr\/annuaire\/blandine-courtois\/\"><img decoding=\"async\" src=\"https:\/\/www.mio.osupytheas.fr\/wp-content\/themes\/pymac\/assets\/img\/default-user.png\" alt=\"Blandine Courtois\"><\/a><\/div><div class=\"mio-user_content\"><div class=\"mio-user_name\"><a href=\"https:\/\/www.mio.osupytheas.fr\/fr\/annuaire\/blandine-courtois\/\">Blandine Courtois<\/a><\/div><div class=\"mio-user_title\">ITA-Ingenieur Technicien Administratif<\/div><div class=\"mio-user_business_category\">BIOGEO-Biog\u00e9ochimie<\/div><\/div><\/div><div class=\"mio-user\" data-title=\"ITA\" data-business-category=\"BIOGEO\" data-nom=\"jordan duch\u00eane-candido\"><div class=\"mio-user_photo\"><a href=\"https:\/\/www.mio.osupytheas.fr\/fr\/annuaire\/jordan-duchene-candido\/\"><img decoding=\"async\" src=\"https:\/\/www.mio.osupytheas.fr\/wp-content\/themes\/pymac\/assets\/img\/default-user.png\" alt=\"Jordan Duch\u00eane-Candido\"><\/a><\/div><div class=\"mio-user_content\"><div class=\"mio-user_name\"><a href=\"https:\/\/www.mio.osupytheas.fr\/fr\/annuaire\/jordan-duchene-candido\/\">Jordan Duch\u00eane-Candido<\/a><\/div><div class=\"mio-user_title\">ITA-Ingenieur Technicien Administratif<\/div><div class=\"mio-user_business_category\">BIOGEO-Biog\u00e9ochimie<\/div><\/div><\/div><div class=\"mio-user\" data-title=\"CR\" data-business-category=\"BIOGEO\" data-nom=\"th\u00e9o garcia\"><div class=\"mio-user_photo\"><a href=\"https:\/\/www.mio.osupytheas.fr\/fr\/annuaire\/theo-garcia\/\"><img decoding=\"async\" src=\"https:\/\/www.mio.osupytheas.fr\/wp-content\/uploads\/annuaire\/9090.jpg\" alt=\"Th\u00e9o Garcia\"><\/a><\/div><div class=\"mio-user_content\"><div class=\"mio-user_name\"><a href=\"https:\/\/www.mio.osupytheas.fr\/fr\/annuaire\/theo-garcia\/\">Th\u00e9o Garcia<\/a><\/div><div class=\"mio-user_title\">CR-Charge de Recherche<\/div><div class=\"mio-user_business_category\">BIOGEO-Biog\u00e9ochimie<\/div><\/div><\/div><div class=\"mio-user\" data-title=\"CR\" data-business-category=\"BIOGEO\" data-nom=\"gerald gregori\"><div class=\"mio-user_photo\"><a href=\"https:\/\/www.mio.osupytheas.fr\/fr\/annuaire\/gerald-gregori\/\"><img decoding=\"async\" src=\"https:\/\/www.mio.osupytheas.fr\/wp-content\/uploads\/annuaire\/4076.jpg\" alt=\"Gerald Gregori\"><\/a><\/div><div class=\"mio-user_content\"><div class=\"mio-user_name\"><a href=\"https:\/\/www.mio.osupytheas.fr\/fr\/annuaire\/gerald-gregori\/\">Gerald Gregori<\/a><\/div><div class=\"mio-user_title\">CR-Charge de Recherche<\/div><div class=\"mio-user_business_category\">BIOGEO-Biog\u00e9ochimie<\/div><\/div><\/div><div class=\"mio-user\" data-title=\"ITA\" data-business-category=\"BIOGEO\" data-nom=\"olivier grosso\"><div class=\"mio-user_photo\"><a href=\"https:\/\/www.mio.osupytheas.fr\/fr\/annuaire\/olivier-grosso\/\"><img decoding=\"async\" src=\"https:\/\/www.mio.osupytheas.fr\/wp-content\/uploads\/annuaire\/4127.jpg\" alt=\"Olivier Grosso\"><\/a><\/div><div class=\"mio-user_content\"><div class=\"mio-user_name\"><a href=\"https:\/\/www.mio.osupytheas.fr\/fr\/annuaire\/olivier-grosso\/\">Olivier Grosso<\/a><\/div><div class=\"mio-user_title\">ITA-Ingenieur Technicien Administratif<\/div><div class=\"mio-user_business_category\">BIOGEO-Biog\u00e9ochimie<\/div><\/div><\/div><div class=\"mio-user\" data-title=\"ITA\" data-business-category=\"BIOGEO\" data-nom=\"catherine guigue\"><div class=\"mio-user_photo\"><a href=\"https:\/\/www.mio.osupytheas.fr\/fr\/annuaire\/catherine-guigue\/\"><img decoding=\"async\" src=\"https:\/\/www.mio.osupytheas.fr\/wp-content\/uploads\/annuaire\/4015.jpg\" alt=\"Catherine Guigue\"><\/a><\/div><div class=\"mio-user_content\"><div class=\"mio-user_name\"><a href=\"https:\/\/www.mio.osupytheas.fr\/fr\/annuaire\/catherine-guigue\/\">Catherine Guigue<\/a><\/div><div class=\"mio-user_title\">ITA-Ingenieur Technicien Administratif<\/div><div class=\"mio-user_business_category\">BIOGEO-Biog\u00e9ochimie<\/div><\/div><\/div><div class=\"mio-user\" data-title=\"CR\" data-business-category=\"BIOGEO\" data-nom=\"lars-eric heimb\u00fcrger-boavida\"><div class=\"mio-user_photo\"><a href=\"https:\/\/www.mio.osupytheas.fr\/fr\/annuaire\/lars-eric-heimburger-boavida\/\"><img decoding=\"async\" src=\"https:\/\/www.mio.osupytheas.fr\/wp-content\/uploads\/annuaire\/2177.jpg\" alt=\"Lars-Eric Heimb\u00fcrger-Boavida\"><\/a><\/div><div class=\"mio-user_content\"><div class=\"mio-user_name\"><a href=\"https:\/\/www.mio.osupytheas.fr\/fr\/annuaire\/lars-eric-heimburger-boavida\/\">Lars-Eric Heimb\u00fcrger-Boavida<\/a><\/div><div class=\"mio-user_title\">CR-Charge de Recherche<\/div><div class=\"mio-user_business_category\">BIOGEO-Biog\u00e9ochimie<\/div><\/div><\/div><div class=\"mio-user\" data-title=\"DC\" data-business-category=\"BIOGEO\" data-nom=\"aude jo\u00ebl\"><div class=\"mio-user_photo\"><a href=\"https:\/\/www.mio.osupytheas.fr\/fr\/annuaire\/aude-joel\/\"><img decoding=\"async\" src=\"https:\/\/www.mio.osupytheas.fr\/wp-content\/themes\/pymac\/assets\/img\/default-user.png\" alt=\"Aude Jo\u00ebl\"><\/a><\/div><div class=\"mio-user_content\"><div class=\"mio-user_name\"><a href=\"https:\/\/www.mio.osupytheas.fr\/fr\/annuaire\/aude-joel\/\">Aude Jo\u00ebl<\/a><\/div><div class=\"mio-user_title\">DC-Doctorant<\/div><div class=\"mio-user_business_category\">BIOGEO-Biog\u00e9ochimie<\/div><\/div><\/div><div class=\"mio-user\" data-title=\"CR\" data-business-category=\"BIOGEO\" data-nom=\"karine leblanc\"><div class=\"mio-user_photo\"><a href=\"https:\/\/www.mio.osupytheas.fr\/fr\/annuaire\/karine-leblanc\/\"><img decoding=\"async\" src=\"https:\/\/www.mio.osupytheas.fr\/wp-content\/uploads\/annuaire\/4021.jpg\" alt=\"Karine Leblanc\"><\/a><\/div><div class=\"mio-user_content\"><div class=\"mio-user_name\"><a href=\"https:\/\/www.mio.osupytheas.fr\/fr\/annuaire\/karine-leblanc\/\">Karine Leblanc<\/a><\/div><div class=\"mio-user_title\">CR-Charge de Recherche<\/div><div class=\"mio-user_business_category\">BIOGEO-Biog\u00e9ochimie<\/div><\/div><\/div><div class=\"mio-user\" data-title=\"CR\" data-business-category=\"BIOGEO\" data-nom=\"dominique lefevre\"><div class=\"mio-user_photo\"><a href=\"https:\/\/www.mio.osupytheas.fr\/fr\/annuaire\/dominique-lefevre\/\"><img decoding=\"async\" src=\"https:\/\/www.mio.osupytheas.fr\/wp-content\/uploads\/annuaire\/4031.jpg\" alt=\"Dominique Lefevre\"><\/a><\/div><div class=\"mio-user_content\"><div class=\"mio-user_name\"><a href=\"https:\/\/www.mio.osupytheas.fr\/fr\/annuaire\/dominique-lefevre\/\">Dominique Lefevre<\/a><\/div><div class=\"mio-user_title\">CR-Charge de Recherche<\/div><div class=\"mio-user_business_category\">BIOGEO-Biog\u00e9ochimie<\/div><\/div><\/div><div class=\"mio-user\" data-title=\"ITA\" data-business-category=\"BIOGEO\" data-nom=\"magali lescot\"><div class=\"mio-user_photo\"><a href=\"https:\/\/www.mio.osupytheas.fr\/fr\/annuaire\/magali-lescot\/\"><img decoding=\"async\" src=\"https:\/\/www.mio.osupytheas.fr\/wp-content\/uploads\/annuaire\/2055.jpg\" alt=\"Magali Lescot\"><\/a><\/div><div class=\"mio-user_content\"><div class=\"mio-user_name\"><a href=\"https:\/\/www.mio.osupytheas.fr\/fr\/annuaire\/magali-lescot\/\">Magali Lescot<\/a><\/div><div class=\"mio-user_title\">ITA-Ingenieur Technicien Administratif<\/div><div class=\"mio-user_business_category\">BIOGEO-Biog\u00e9ochimie<\/div><\/div><\/div><div class=\"mio-user\" data-title=\"ITA\" data-business-category=\"BIOGEO\" data-nom=\"nolan lezzoche\"><div class=\"mio-user_photo\"><a href=\"https:\/\/www.mio.osupytheas.fr\/fr\/annuaire\/nolan-lezzoche\/\"><img decoding=\"async\" src=\"https:\/\/www.mio.osupytheas.fr\/wp-content\/uploads\/annuaire\/9821.jpg\" alt=\"Nolan Lezzoche\"><\/a><\/div><div class=\"mio-user_content\"><div class=\"mio-user_name\"><a href=\"https:\/\/www.mio.osupytheas.fr\/fr\/annuaire\/nolan-lezzoche\/\">Nolan Lezzoche<\/a><\/div><div class=\"mio-user_title\">ITA-Ingenieur Technicien Administratif<\/div><div class=\"mio-user_business_category\">BIOGEO-Biog\u00e9ochimie<\/div><\/div><\/div><div class=\"mio-user\" data-title=\"CR\" data-business-category=\"BIOGEO\" data-nom=\"xavier mari\"><div class=\"mio-user_photo\"><a href=\"https:\/\/www.mio.osupytheas.fr\/fr\/annuaire\/xavier-mari\/\"><img decoding=\"async\" src=\"https:\/\/www.mio.osupytheas.fr\/wp-content\/uploads\/annuaire\/4434.jpg\" alt=\"Xavier Mari\"><\/a><\/div><div class=\"mio-user_content\"><div class=\"mio-user_name\"><a href=\"https:\/\/www.mio.osupytheas.fr\/fr\/annuaire\/xavier-mari\/\">Xavier Mari<\/a><\/div><div class=\"mio-user_title\">CR-Charge de Recherche<\/div><div class=\"mio-user_business_category\">BIOGEO-Biog\u00e9ochimie<\/div><\/div><\/div><div class=\"mio-user\" data-title=\"PR\" data-business-category=\"BIOGEO\" data-nom=\"thierry moutin\"><div class=\"mio-user_photo\"><a href=\"https:\/\/www.mio.osupytheas.fr\/fr\/annuaire\/thierry-moutin\/\"><img decoding=\"async\" src=\"https:\/\/www.mio.osupytheas.fr\/wp-content\/uploads\/annuaire\/4062.jpg\" alt=\"Thierry Moutin\"><\/a><\/div><div class=\"mio-user_content\"><div class=\"mio-user_name\"><a href=\"https:\/\/www.mio.osupytheas.fr\/fr\/annuaire\/thierry-moutin\/\">Thierry Moutin<\/a><\/div><div class=\"mio-user_title\">PR-Professeur<\/div><div class=\"mio-user_business_category\">BIOGEO-Biog\u00e9ochimie<\/div><\/div><\/div><div class=\"mio-user\" data-title=\"ITA\" data-business-category=\"BIOGEO\" data-nom=\"sandra nunige\"><div class=\"mio-user_photo\"><a href=\"https:\/\/www.mio.osupytheas.fr\/fr\/annuaire\/sandra-nunige\/\"><img decoding=\"async\" src=\"https:\/\/www.mio.osupytheas.fr\/wp-content\/uploads\/annuaire\/4229.jpg\" alt=\"Sandra Nunige\"><\/a><\/div><div class=\"mio-user_content\"><div class=\"mio-user_name\"><a href=\"https:\/\/www.mio.osupytheas.fr\/fr\/annuaire\/sandra-nunige\/\">Sandra Nunige<\/a><\/div><div class=\"mio-user_title\">ITA-Ingenieur Technicien Administratif<\/div><div class=\"mio-user_business_category\">BIOGEO-Biog\u00e9ochimie<\/div><\/div><\/div><div class=\"mio-user\" data-title=\"CR\" data-business-category=\"BIOGEO\" data-nom=\"elvira pulido-villena\"><div class=\"mio-user_photo\"><a href=\"https:\/\/www.mio.osupytheas.fr\/fr\/annuaire\/elvira-pulido-villena\/\"><img decoding=\"async\" src=\"https:\/\/www.mio.osupytheas.fr\/wp-content\/uploads\/annuaire\/4209.jpg\" alt=\"Elvira Pulido-Villena\"><\/a><\/div><div class=\"mio-user_content\"><div class=\"mio-user_name\"><a href=\"https:\/\/www.mio.osupytheas.fr\/fr\/annuaire\/elvira-pulido-villena\/\">Elvira Pulido-Villena<\/a><\/div><div class=\"mio-user_title\">CR-Charge de Recherche<\/div><div class=\"mio-user_business_category\">BIOGEO-Biog\u00e9ochimie<\/div><\/div><\/div><div class=\"mio-user\" data-title=\"PD\" data-business-category=\"BIOGEO\" data-nom=\"manon rocco\"><div class=\"mio-user_photo\"><a href=\"https:\/\/www.mio.osupytheas.fr\/fr\/annuaire\/manon-rocco\/\"><img decoding=\"async\" src=\"https:\/\/www.mio.osupytheas.fr\/wp-content\/themes\/pymac\/assets\/img\/default-user.png\" alt=\"Manon Rocco\"><\/a><\/div><div class=\"mio-user_content\"><div class=\"mio-user_name\"><a href=\"https:\/\/www.mio.osupytheas.fr\/fr\/annuaire\/manon-rocco\/\">Manon Rocco<\/a><\/div><div class=\"mio-user_title\">PD-Post Doctorant<\/div><div class=\"mio-user_business_category\">BIOGEO-Biog\u00e9ochimie<\/div><\/div><\/div><div class=\"mio-user\" data-title=\"DC\" data-business-category=\"BIOGEO\" data-nom=\"matthieu savarino\"><div class=\"mio-user_photo\"><a href=\"https:\/\/www.mio.osupytheas.fr\/fr\/annuaire\/matthieu-savarino\/\"><img decoding=\"async\" src=\"https:\/\/www.mio.osupytheas.fr\/wp-content\/themes\/pymac\/assets\/img\/default-user.png\" alt=\"Matthieu Savarino\"><\/a><\/div><div class=\"mio-user_content\"><div class=\"mio-user_name\"><a href=\"https:\/\/www.mio.osupytheas.fr\/fr\/annuaire\/matthieu-savarino\/\">Matthieu Savarino<\/a><\/div><div class=\"mio-user_title\">DC-Doctorant<\/div><div class=\"mio-user_business_category\">BIOGEO-Biog\u00e9ochimie<\/div><\/div><\/div><div class=\"mio-user\" data-title=\"CR\" data-business-category=\"BIOGEO\" data-nom=\"emilie strady\"><div class=\"mio-user_photo\"><a href=\"https:\/\/www.mio.osupytheas.fr\/fr\/annuaire\/emilie-strady\/\"><img decoding=\"async\" src=\"https:\/\/www.mio.osupytheas.fr\/wp-content\/uploads\/annuaire\/2064.jpg\" alt=\"Emilie Strady\"><\/a><\/div><div class=\"mio-user_content\"><div class=\"mio-user_name\"><a href=\"https:\/\/www.mio.osupytheas.fr\/fr\/annuaire\/emilie-strady\/\">Emilie Strady<\/a><\/div><div class=\"mio-user_title\">CR-Charge de Recherche<\/div><div class=\"mio-user_business_category\">BIOGEO-Biog\u00e9ochimie<\/div><\/div><\/div><div class=\"mio-user\" data-title=\"DR\" data-business-category=\"BIOGEO\" data-nom=\"marc tedetti\"><div class=\"mio-user_photo\"><a href=\"https:\/\/www.mio.osupytheas.fr\/fr\/annuaire\/marc-tedetti\/\"><img decoding=\"async\" src=\"https:\/\/www.mio.osupytheas.fr\/wp-content\/uploads\/annuaire\/4012.jpg\" alt=\"Marc Tedetti\"><\/a><\/div><div class=\"mio-user_content\"><div class=\"mio-user_name\"><a href=\"https:\/\/www.mio.osupytheas.fr\/fr\/annuaire\/marc-tedetti\/\">Marc Tedetti<\/a><\/div><div class=\"mio-user_title\">DR-Directeur de Recherche<\/div><div class=\"mio-user_business_category\">BIOGEO-Biog\u00e9ochimie<\/div><\/div><\/div><div class=\"mio-user\" data-title=\"CR\" data-business-category=\"BIOGEO\" data-nom=\"melilotus thyssen\"><div class=\"mio-user_photo\"><a href=\"https:\/\/www.mio.osupytheas.fr\/fr\/annuaire\/melilotus-thyssen\/\"><img decoding=\"async\" src=\"https:\/\/www.mio.osupytheas.fr\/wp-content\/uploads\/annuaire\/4344.jpg\" alt=\"Melilotus Thyssen\"><\/a><\/div><div class=\"mio-user_content\"><div class=\"mio-user_name\"><a href=\"https:\/\/www.mio.osupytheas.fr\/fr\/annuaire\/melilotus-thyssen\/\">Melilotus Thyssen<\/a><\/div><div class=\"mio-user_title\">CR-Charge de Recherche<\/div><div class=\"mio-user_business_category\">BIOGEO-Biog\u00e9ochimie<\/div><\/div><\/div><div class=\"mio-user\" data-title=\"DR\" data-business-category=\"BIOGEO\" data-nom=\"youri timsit\"><div class=\"mio-user_photo\"><a href=\"https:\/\/www.mio.osupytheas.fr\/fr\/annuaire\/youri-timsit\/\"><img decoding=\"async\" src=\"https:\/\/www.mio.osupytheas.fr\/wp-content\/uploads\/annuaire\/2076.jpg\" alt=\"Youri Timsit\"><\/a><\/div><div class=\"mio-user_content\"><div class=\"mio-user_name\"><a href=\"https:\/\/www.mio.osupytheas.fr\/fr\/annuaire\/youri-timsit\/\">Youri Timsit<\/a><\/div><div class=\"mio-user_title\">DR-Directeur de Recherche<\/div><div class=\"mio-user_business_category\">BIOGEO-Biog\u00e9ochimie<\/div><\/div><\/div><div class=\"mio-user\" data-title=\"PD\" data-business-category=\"BIOGEO\" data-nom=\"natalia torres-rodriguez\"><div class=\"mio-user_photo\"><a href=\"https:\/\/www.mio.osupytheas.fr\/fr\/annuaire\/natalia-torres-rodriguez\/\"><img decoding=\"async\" src=\"https:\/\/www.mio.osupytheas.fr\/wp-content\/uploads\/annuaire\/9072.jpg\" alt=\"Natalia Torres-Rodriguez\"><\/a><\/div><div class=\"mio-user_content\"><div class=\"mio-user_name\"><a href=\"https:\/\/www.mio.osupytheas.fr\/fr\/annuaire\/natalia-torres-rodriguez\/\">Natalia Torres-Rodriguez<\/a><\/div><div class=\"mio-user_title\">PD-Post Doctorant<\/div><div class=\"mio-user_business_category\">BIOGEO-Biog\u00e9ochimie<\/div><\/div><\/div><div class=\"mio-user\" data-title=\"MCF\" data-business-category=\"BIOGEO\" data-nom=\"thibaut wagener\"><div class=\"mio-user_photo\"><a href=\"https:\/\/www.mio.osupytheas.fr\/fr\/annuaire\/thibaut-wagener\/\"><img decoding=\"async\" src=\"https:\/\/www.mio.osupytheas.fr\/wp-content\/themes\/pymac\/assets\/img\/default-user.png\" alt=\"Thibaut Wagener\"><\/a><\/div><div class=\"mio-user_content\"><div class=\"mio-user_name\"><a href=\"https:\/\/www.mio.osupytheas.fr\/fr\/annuaire\/thibaut-wagener\/\">Thibaut Wagener<\/a><\/div><div class=\"mio-user_title\">MCF-Maitre de Conferences<\/div><div class=\"mio-user_business_category\">BIOGEO-Biog\u00e9ochimie<\/div><\/div><\/div><div class=\"mio-user\" data-title=\"DC\" data-business-category=\"BIOGEO\" data-nom=\"yutong zhang\"><div class=\"mio-user_photo\"><a href=\"https:\/\/www.mio.osupytheas.fr\/fr\/annuaire\/yutong-zhang\/\"><img decoding=\"async\" src=\"https:\/\/www.mio.osupytheas.fr\/wp-content\/themes\/pymac\/assets\/img\/default-user.png\" alt=\"Yutong Zhang\"><\/a><\/div><div class=\"mio-user_content\"><div class=\"mio-user_name\"><a href=\"https:\/\/www.mio.osupytheas.fr\/fr\/annuaire\/yutong-zhang\/\">Yutong Zhang<\/a><\/div><div class=\"mio-user_title\">DC-Doctorant<\/div><div class=\"mio-user_business_category\">BIOGEO-Biog\u00e9ochimie<\/div><\/div><\/div><\/div><\/div>\t\t\t\t<\/div>\n\t\t\t\t<\/div>\n\t\t\t\t\t<\/div>\n\t\t\t\t<\/div>\n\t\t\t\t<\/div>\n\t\t","protected":false},"excerpt":{"rendered":"<p>Rechercher un membre du mio Choisissez un titre Jean-Michel AndreCR-Charge de RechercheBIOGEO-Biog\u00e9ochimieMelika BakloutiPR-ProfesseurBIOGEO-Biog\u00e9ochimieMar BenavidesCR-Charge de RechercheBIOGEO-Biog\u00e9ochimieSophie BonnetDR-Directeur de RechercheBIOGEO-Biog\u00e9ochimieL\u00e9a BuniakSTA-StagiaireBIOGEO-Biog\u00e9ochimieGa\u00eblle CapitaineDC-DoctorantBIOGEO-Biog\u00e9ochimieC\u00e9cile Carpaneto BastosITA-Ingenieur Technicien AdministratifBIOGEO-Biog\u00e9ochimieSandrine ChiffletITA-Ingenieur Technicien AdministratifBIOGEO-Biog\u00e9ochimieLaure ChirurgienITA-Ingenieur Technicien [&hellip;]<\/p>\n","protected":false},"author":1,"featured_media":4489,"parent":0,"menu_order":0,"comment_status":"closed","ping_status":"closed","template":"","meta":{"_acf_changed":false,"footnotes":""},"class_list":["post-14395","page","type-page","status-publish","has-post-thumbnail","hentry"],"acf":[],"_links":{"self":[{"href":"https:\/\/www.mio.osupytheas.fr\/fr\/wp-json\/wp\/v2\/pages\/14395","targetHints":{"allow":["GET"]}}],"collection":[{"href":"https:\/\/www.mio.osupytheas.fr\/fr\/wp-json\/wp\/v2\/pages"}],"about":[{"href":"https:\/\/www.mio.osupytheas.fr\/fr\/wp-json\/wp\/v2\/types\/page"}],"author":[{"embeddable":true,"href":"https:\/\/www.mio.osupytheas.fr\/fr\/wp-json\/wp\/v2\/users\/1"}],"replies":[{"embeddable":true,"href":"https:\/\/www.mio.osupytheas.fr\/fr\/wp-json\/wp\/v2\/comments?post=14395"}],"version-history":[{"count":11,"href":"https:\/\/www.mio.osupytheas.fr\/fr\/wp-json\/wp\/v2\/pages\/14395\/revisions"}],"predecessor-version":[{"id":14770,"href":"https:\/\/www.mio.osupytheas.fr\/fr\/wp-json\/wp\/v2\/pages\/14395\/revisions\/14770"}],"wp:featuredmedia":[{"embeddable":true,"href":"https:\/\/www.mio.osupytheas.fr\/fr\/wp-json\/wp\/v2\/media\/4489"}],"wp:attachment":[{"href":"https:\/\/www.mio.osupytheas.fr\/fr\/wp-json\/wp\/v2\/media?parent=14395"}],"curies":[{"name":"wp","href":"https:\/\/api.w.org\/{rel}","templated":true}]}}