{"id":14401,"date":"2024-10-14T09:25:08","date_gmt":"2024-10-14T07:25:08","guid":{"rendered":"https:\/\/www.mio.osupytheas.fr\/?page_id=14401"},"modified":"2024-10-23T12:01:18","modified_gmt":"2024-10-23T10:01:18","slug":"trombinoscope-de-lequipe-structures-techniques","status":"publish","type":"page","link":"https:\/\/www.mio.osupytheas.fr\/fr\/trombinoscope-de-lequipe-structures-techniques\/","title":{"rendered":"Trombinoscope de l&#8217;\u00e9quipe Structures techniques"},"content":{"rendered":"\t\t<div data-elementor-type=\"wp-page\" data-elementor-id=\"14401\" class=\"elementor elementor-14401\" data-elementor-post-type=\"page\">\n\t\t\t\t<div class=\"elementor-element elementor-element-3fcdb168 e-flex e-con-boxed e-con e-parent\" data-id=\"3fcdb168\" data-element_type=\"container\" data-e-type=\"container\" data-settings=\"{&quot;background_background&quot;:&quot;classic&quot;}\">\n\t\t\t\t\t<div class=\"e-con-inner\">\n\t\t<div class=\"elementor-element elementor-element-36a2f655 e-flex e-con-boxed e-con e-child\" data-id=\"36a2f655\" data-element_type=\"container\" data-e-type=\"container\">\n\t\t\t\t\t<div class=\"e-con-inner\">\n\t\t\t\t<div class=\"elementor-element elementor-element-7cf02c12 elementor-widget__width-initial elementor-widget elementor-widget-theme-post-title elementor-page-title elementor-widget-heading\" data-id=\"7cf02c12\" data-element_type=\"widget\" data-e-type=\"widget\" data-widget_type=\"theme-post-title.default\">\n\t\t\t\t<div class=\"elementor-widget-container\">\n\t\t\t\t\t<h1 class=\"elementor-heading-title elementor-size-default\">Trombinoscope de l&#8217;\u00e9quipe Structures techniques<\/h1>\t\t\t\t<\/div>\n\t\t\t\t<\/div>\n\t\t\t\t<div class=\"elementor-element elementor-element-34bbcce3 elementor-widget__width-initial breadcrumb elementor-widget elementor-widget-shortcode\" data-id=\"34bbcce3\" data-element_type=\"widget\" data-e-type=\"widget\" data-widget_type=\"shortcode.default\">\n\t\t\t\t<div class=\"elementor-widget-container\">\n\t\t\t\t\t\t\t<div class=\"elementor-shortcode\"><nav aria-label=\"breadcrumbs\">\n            <div class=\"breadcrumb-container theme1\">\n                <ol>\n                                    <\/ol>\n            <\/div>\n        <\/nav>    <script type=\"application\/ld+json\">\n        {\n            \"@context\": \"http:\/\/schema.org\",\n            \"@type\": \"BreadcrumbList\",\n            \"itemListElement\": [\n                            ]\n        }\n    <\/script>\n   \n    <script>\n            <\/script>\n <\/div>\n\t\t\t\t\t\t<\/div>\n\t\t\t\t<\/div>\n\t\t\t\t\t<\/div>\n\t\t\t\t<\/div>\n\t\t\t\t\t<\/div>\n\t\t\t\t<\/div>\n\t\t<div class=\"elementor-element elementor-element-9e9388d e-flex e-con-boxed e-con e-parent\" data-id=\"9e9388d\" data-element_type=\"container\" data-e-type=\"container\">\n\t\t\t\t\t<div class=\"e-con-inner\">\n\t\t\t\t<div class=\"elementor-element elementor-element-347d77a elementor-widget__width-auto elementor-widget elementor-widget-pymac-userslist\" data-id=\"347d77a\" data-element_type=\"widget\" data-e-type=\"widget\" data-widget_type=\"pymac-userslist.default\">\n\t\t\t\t<div class=\"elementor-widget-container\">\n\t\t\t\t\t<div class=\"mio-filters\"><div class=\"mio-filters_header\"><div class=\"mio-filters_header_title\">Rechercher un membre du mio<\/div><\/div><div class=\"mio-filters_content\"><div class=\"mio_filter mio-filters_nom\"><input name=\"mio_users_nom\" type=\"text\" placeholder=\"Nom ou pr\u00e9nom...\" id=\"mio_users_nom\"><\/div><div class=\"mio_filter mio-filters_title\"><select name=\"mio_users_title\" id=\"mio_users_title\"><option value=\"\">Choisissez un titre<\/option><\/select><\/div><\/div><\/div><div class=\"mio-users\"><div class=\"mio-user\" data-title=\"ITA\" data-business-category=\"SAM\" data-nom=\"hassane benabdelmoumene\"><div class=\"mio-user_photo\"><a href=\"https:\/\/www.mio.osupytheas.fr\/fr\/annuaire\/hassane-benabdelmoumene\/\"><img decoding=\"async\" src=\"https:\/\/www.mio.osupytheas.fr\/wp-content\/uploads\/annuaire\/9520.jpg\" alt=\"Hassane Benabdelmoumene\"><\/a><\/div><div class=\"mio-user_content\"><div class=\"mio-user_name\"><a href=\"https:\/\/www.mio.osupytheas.fr\/fr\/annuaire\/hassane-benabdelmoumene\/\">Hassane Benabdelmoumene<\/a><\/div><div class=\"mio-user_title\">ITA-Ingenieur Technicien Administratif<\/div><div class=\"mio-user_business_category\">SAM-Service Atmosph\u00e8re et Mer<\/div><\/div><\/div><div class=\"mio-user\" data-title=\"ITA\" data-business-category=\"SAM\" data-nom=\"nagib bhairy\"><div class=\"mio-user_photo\"><a href=\"https:\/\/www.mio.osupytheas.fr\/fr\/annuaire\/nagib-bhairy\/\"><img decoding=\"async\" src=\"https:\/\/www.mio.osupytheas.fr\/wp-content\/uploads\/annuaire\/4357.jpg\" alt=\"Nagib Bhairy\"><\/a><\/div><div class=\"mio-user_content\"><div class=\"mio-user_name\"><a href=\"https:\/\/www.mio.osupytheas.fr\/fr\/annuaire\/nagib-bhairy\/\">Nagib Bhairy<\/a><\/div><div class=\"mio-user_title\">ITA-Ingenieur Technicien Administratif<\/div><div class=\"mio-user_business_category\">SAM-Service Atmosph\u00e8re et Mer<\/div><\/div><\/div><div class=\"mio-user\" data-title=\"ITA\" data-business-category=\"SAM\" data-nom=\"morgane didry\"><div class=\"mio-user_photo\"><a href=\"https:\/\/www.mio.osupytheas.fr\/fr\/annuaire\/morgane-didry\/\"><img decoding=\"async\" src=\"https:\/\/www.mio.osupytheas.fr\/wp-content\/uploads\/annuaire\/2028.jpg\" alt=\"Morgane Didry\"><\/a><\/div><div class=\"mio-user_content\"><div class=\"mio-user_name\"><a href=\"https:\/\/www.mio.osupytheas.fr\/fr\/annuaire\/morgane-didry\/\">Morgane Didry<\/a><\/div><div class=\"mio-user_title\">ITA-Ingenieur Technicien Administratif<\/div><div class=\"mio-user_business_category\">SAM-Service Atmosph\u00e8re et Mer<\/div><\/div><\/div><div class=\"mio-user\" data-title=\"ITA\" data-business-category=\"SAM\" data-nom=\"jean-marc feuerstein\"><div class=\"mio-user_photo\"><a href=\"https:\/\/www.mio.osupytheas.fr\/fr\/annuaire\/jean-marc-feuerstein\/\"><img decoding=\"async\" src=\"https:\/\/www.mio.osupytheas.fr\/wp-content\/themes\/pymac\/assets\/img\/default-user.png\" alt=\"Jean-Marc Feuerstein\"><\/a><\/div><div class=\"mio-user_content\"><div class=\"mio-user_name\"><a href=\"https:\/\/www.mio.osupytheas.fr\/fr\/annuaire\/jean-marc-feuerstein\/\">Jean-Marc Feuerstein<\/a><\/div><div class=\"mio-user_title\">ITA-Ingenieur Technicien Administratif<\/div><div class=\"mio-user_business_category\">SAM-Service Atmosph\u00e8re et Mer<\/div><\/div><\/div><div class=\"mio-user\" data-title=\"ITA\" data-business-category=\"SAM\" data-nom=\"fabrice garcia\"><div class=\"mio-user_photo\"><a href=\"https:\/\/www.mio.osupytheas.fr\/fr\/annuaire\/fabrice-garcia\/\"><img decoding=\"async\" src=\"https:\/\/www.mio.osupytheas.fr\/wp-content\/uploads\/annuaire\/4177.jpg\" alt=\"Fabrice Garcia\"><\/a><\/div><div class=\"mio-user_content\"><div class=\"mio-user_name\"><a href=\"https:\/\/www.mio.osupytheas.fr\/fr\/annuaire\/fabrice-garcia\/\">Fabrice Garcia<\/a><\/div><div class=\"mio-user_title\">ITA-Ingenieur Technicien Administratif<\/div><div class=\"mio-user_business_category\">SAM-Service Atmosph\u00e8re et Mer<\/div><\/div><\/div><div class=\"mio-user\" data-title=\"ITA\" data-business-category=\"SAM\" data-nom=\"deny malengros\"><div class=\"mio-user_photo\"><a href=\"https:\/\/www.mio.osupytheas.fr\/fr\/annuaire\/deny-malengros\/\"><img decoding=\"async\" src=\"https:\/\/www.mio.osupytheas.fr\/wp-content\/uploads\/annuaire\/2678.jpg\" alt=\"Deny Malengros\"><\/a><\/div><div class=\"mio-user_content\"><div class=\"mio-user_name\"><a href=\"https:\/\/www.mio.osupytheas.fr\/fr\/annuaire\/deny-malengros\/\">Deny Malengros<\/a><\/div><div class=\"mio-user_title\">ITA-Ingenieur Technicien Administratif<\/div><div class=\"mio-user_business_category\">SAM-Service Atmosph\u00e8re et Mer<\/div><\/div><\/div><\/div><\/div>\t\t\t\t<\/div>\n\t\t\t\t<\/div>\n\t\t\t\t\t<\/div>\n\t\t\t\t<\/div>\n\t\t\t\t<\/div>\n\t\t","protected":false},"excerpt":{"rendered":"<p>Rechercher un membre du mioChoisissez un titreHassane BenabdelmoumeneITA-Ingenieur Technicien AdministratifSAM-Service Atmosph\u00e8re et MerNagib BhairyITA-Ingenieur Technicien AdministratifSAM-Service Atmosph\u00e8re et MerJean-Marc FeuersteinITA-Ingenieur Technicien AdministratifSAM-Service Atmosph\u00e8re et MerFabrice GarciaITA-Ingenieur Technicien AdministratifSAM-Service Atmosph\u00e8re et [&hellip;]<\/p>\n","protected":false},"author":1,"featured_media":4489,"parent":0,"menu_order":0,"comment_status":"closed","ping_status":"closed","template":"","meta":{"_acf_changed":false,"footnotes":""},"class_list":["post-14401","page","type-page","status-publish","has-post-thumbnail","hentry"],"acf":[],"_links":{"self":[{"href":"https:\/\/www.mio.osupytheas.fr\/fr\/wp-json\/wp\/v2\/pages\/14401","targetHints":{"allow":["GET"]}}],"collection":[{"href":"https:\/\/www.mio.osupytheas.fr\/fr\/wp-json\/wp\/v2\/pages"}],"about":[{"href":"https:\/\/www.mio.osupytheas.fr\/fr\/wp-json\/wp\/v2\/types\/page"}],"author":[{"embeddable":true,"href":"https:\/\/www.mio.osupytheas.fr\/fr\/wp-json\/wp\/v2\/users\/1"}],"replies":[{"embeddable":true,"href":"https:\/\/www.mio.osupytheas.fr\/fr\/wp-json\/wp\/v2\/comments?post=14401"}],"version-history":[{"count":17,"href":"https:\/\/www.mio.osupytheas.fr\/fr\/wp-json\/wp\/v2\/pages\/14401\/revisions"}],"predecessor-version":[{"id":15383,"href":"https:\/\/www.mio.osupytheas.fr\/fr\/wp-json\/wp\/v2\/pages\/14401\/revisions\/15383"}],"wp:featuredmedia":[{"embeddable":true,"href":"https:\/\/www.mio.osupytheas.fr\/fr\/wp-json\/wp\/v2\/media\/4489"}],"wp:attachment":[{"href":"https:\/\/www.mio.osupytheas.fr\/fr\/wp-json\/wp\/v2\/media?parent=14401"}],"curies":[{"name":"wp","href":"https:\/\/api.w.org\/{rel}","templated":true}]}}