{"id":15042,"date":"2024-10-21T22:45:10","date_gmt":"2024-10-21T20:45:10","guid":{"rendered":"https:\/\/www.mio.osupytheas.fr\/?page_id=15042"},"modified":"2025-04-07T23:38:18","modified_gmt":"2025-04-07T21:38:18","slug":"acteur-socio-economique","status":"publish","type":"page","link":"https:\/\/www.mio.osupytheas.fr\/fr\/accueil-mio\/votre-profil\/acteur-socio-economique\/","title":{"rendered":"Acteur socio-\u00e9conomique"},"content":{"rendered":"\t\t<div data-elementor-type=\"wp-page\" data-elementor-id=\"15042\" class=\"elementor elementor-15042\" data-elementor-post-type=\"page\">\n\t\t\t\t<div class=\"elementor-element elementor-element-63217ecb e-flex e-con-boxed e-con e-parent\" data-id=\"63217ecb\" data-element_type=\"container\" data-e-type=\"container\" data-settings=\"{&quot;background_background&quot;:&quot;classic&quot;}\">\n\t\t\t\t\t<div class=\"e-con-inner\">\n\t\t<div class=\"elementor-element elementor-element-27db6828 e-flex e-con-boxed e-con e-child\" data-id=\"27db6828\" data-element_type=\"container\" data-e-type=\"container\">\n\t\t\t\t\t<div class=\"e-con-inner\">\n\t\t\t\t<div class=\"elementor-element elementor-element-2c0cdb10 elementor-widget__width-initial elementor-widget elementor-widget-theme-post-title elementor-page-title elementor-widget-heading\" data-id=\"2c0cdb10\" data-element_type=\"widget\" data-e-type=\"widget\" data-widget_type=\"theme-post-title.default\">\n\t\t\t\t<div class=\"elementor-widget-container\">\n\t\t\t\t\t<h1 class=\"elementor-heading-title elementor-size-default\">Acteur socio-\u00e9conomique<\/h1>\t\t\t\t<\/div>\n\t\t\t\t<\/div>\n\t\t\t\t<div class=\"elementor-element elementor-element-760f793c elementor-widget__width-initial breadcrumb elementor-widget elementor-widget-shortcode\" data-id=\"760f793c\" data-element_type=\"widget\" data-e-type=\"widget\" data-widget_type=\"shortcode.default\">\n\t\t\t\t<div class=\"elementor-widget-container\">\n\t\t\t\t\t\t\t<div class=\"elementor-shortcode\"><nav aria-label=\"breadcrumbs\">\n            <div class=\"breadcrumb-container theme1\">\n                <ol>\n                                    <\/ol>\n            <\/div>\n        <\/nav>    <script type=\"application\/ld+json\">\n        {\n            \"@context\": \"http:\/\/schema.org\",\n            \"@type\": \"BreadcrumbList\",\n            \"itemListElement\": [\n                            ]\n        }\n    <\/script>\n   \n    <script>\n            <\/script>\n <\/div>\n\t\t\t\t\t\t<\/div>\n\t\t\t\t<\/div>\n\t\t\t\t\t<\/div>\n\t\t\t\t<\/div>\n\t\t\t\t\t<\/div>\n\t\t\t\t<\/div>\n\t\t<div class=\"elementor-element elementor-element-7895933 e-flex e-con-boxed e-con e-parent\" data-id=\"7895933\" data-element_type=\"container\" data-e-type=\"container\">\n\t\t\t\t\t<div class=\"e-con-inner\">\n\t\t\t\t<div class=\"elementor-element elementor-element-81b1638 elementor-widget elementor-widget-text-editor\" data-id=\"81b1638\" data-element_type=\"widget\" data-e-type=\"widget\" data-widget_type=\"text-editor.default\">\n\t\t\t\t<div class=\"elementor-widget-container\">\n\t\t\t\t\t\t\t\t\t<div id=\"basic-page-content\" class=\"page-content\">\n<div class=\"content\">\n<div class=\"container-fluid\">\n<div class=\"row\">\n<div class=\"paragraphs\">\n<div class=\"paragraphs-items paragraphs-items-field-paragraphs paragraphs-items-field-paragraphs-full paragraphs-items-full\">\n<div class=\"field field-name-field-paragraphs field-type-paragraphs field-label-hidden\">\n<div class=\"field-items\">\n<div class=\"field-item even\"><section class=\"paragraph-section paragraph-texte-simple paragraph-blanc\">\n<div class=\"container\">\n<div class=\"paragraph-content\">\n<p class=\"rtejustify\" style=\"text-align: justify;\">Laboratoire interdisciplinaire, le MIO pr\u00e9sente un large panel d&#8217;expertises en biologie marine, \u00e9cologie, biodiversit\u00e9, microbiologie, halieutique, physique, chimie, biog\u00e9ochimie et s\u00e9dimentologie.<\/p>\n<p class=\"rtejustify\" style=\"text-align: justify;\">Le MIO collabore depuis de nombreuses ann\u00e9es avec d\u2019autres \u00e9quipes de recherche nationales et internationales consolidant de nombreux partenariats en utilisant les outils mis \u00e0 disposition (appels d&#8217;offres nationaux et de l&#8217;Union europ\u00e9enne, Erasmus, CIVIS, Amidex, prof invit\u00e9 AMU ou UTLN,dispositifs IRD). A titre d&#8217;exemples, le MIO est impliqu\u00e9 dans les dispositifs structurants de l\u2019IRD en Asie du Sud-Est, qui s\u2019attachent \u00e0 \u00e9tudier les flux de mati\u00e8res naturelle et anthropique (dont le Black Carbon) dans le continuum terre-mer au sein des grandes zones delta\u00efques du Vietnam et de Tha\u00eflande, dans un contexte d\u2019aide au d\u00e9veloppement, ainsi que dans le projet de recherche international (IRP) Franco-Chinois CNRS-CAS \u00ab DYF2M \u00bb qui a pour objectif d\u2019am\u00e9liorer nos connaissances dans le domaine de l\u2019\u00e9cologie microbienne et de la dynamique fonctionnelle des micro-organismes marins.<\/p>\n<p class=\"rtejustify\" style=\"text-align: justify;\">L&#8217;observation des oc\u00e9ans prend aussi une part importante de notre activit\u00e9 notamment par le d\u00e9ploiement de l&#8217;observatoire sous-marin EMSO-LO dans le prolongement du t\u00e9l\u00e9scope Antares qui vise \u00e0 collecter des s\u00e9ries chronologiques \u00e0 long terme sur 12 ans dans toute l&#8217;Europe dans le but de suivre les cons\u00e9quences du changement global sur la teneur en chaleur, l&#8217;acidification oc\u00e9nique, la d\u00e9soxyg\u00e9nation et les \u00e9cosyst\u00e8mes marins en eaux profondes. L&#8217;EMSO vise \u00e9galement \u00e0 fournir des services d&#8217;outils pour la gestion et l&#8217;att\u00e9nuation de l&#8217;\u00e9cosyst\u00e8me. EMSO-LO fait parti d&#8217;l&#8217;infrastructure europ\u00e9enne EMSO-ERIC et d&#8217;EMSO France Research Infrastructure (European Multidisciplinary Subsea Observatory-European Research Infrastructure Consortium).<\/p>\n<p class=\"rtejustify\" style=\"text-align: justify;\">Localement, nous sommes en phase avec les objectifs de pr\u00e9servation de la biodiversit\u00e9 des collectivit\u00e9s territoriales (M\u00e9tropole Aix Marseille et CD13) et nos activit\u00e9s font partie de l\u2019axe strat\u00e9gique ciblant la transition \u00e9cologique de la R\u00e9gion PACA-SUD. Ces \u00e9changes avec les collectivit\u00e9s locales sont renforc\u00e9s par la participation de plusieurs membres \u00e0 des instances (parlement de la mer de la r\u00e9gion PACA-Sud, Commission diversit\u00e9 du CD13\u2026) ou encore par la participation \u00e0 des projets port\u00e9s par ces collectivit\u00e9s (i.e. Atlas de la Biodiversit\u00e9 de la M\u00e9tropole Aix Marseille). La participation de certains de nos membres dans des structures plus locales et territoriales (d\u00e9partement, parc nationaux \u2026) met \u00e0 disposition nos connaissances pour des arbitrages de politiques locales susceptibles de conduire \u00e0 la co-construction de projets.<\/p>\n<p class=\"rtejustify\" style=\"text-align: justify;\">Nos liens avec l&#8217;industrie sont aussi riches, notamment en relation avec les processus microbiens dans les bioproc\u00e9d\u00e9s, soutenus par des collaborations avec des partenaires priv\u00e9s europ\u00e9ens (Total, Proteus, Hyperthermix).<\/p>\n\n<\/div>\n<\/div>\n<\/section><\/div>\n<\/div>\n<\/div>\n<\/div>\n<\/div>\n<\/div>\n<\/div>\n<\/div>\n<\/div>\t\t\t\t\t\t\t\t<\/div>\n\t\t\t\t<\/div>\n\t\t\t\t\t<\/div>\n\t\t\t\t<\/div>\n\t\t<div class=\"elementor-element elementor-element-75abbfcd e-con-full e-flex e-con e-parent\" data-id=\"75abbfcd\" data-element_type=\"container\" data-e-type=\"container\" data-settings=\"{&quot;background_background&quot;:&quot;classic&quot;}\">\n\t\t\t\t<div class=\"elementor-element elementor-element-3f8beccb elementor-widget-mobile__width-initial elementor-widget__width-inherit elementor-widget elementor-widget-text-editor\" data-id=\"3f8beccb\" data-element_type=\"widget\" data-e-type=\"widget\" data-widget_type=\"text-editor.default\">\n\t\t\t\t<div class=\"elementor-widget-container\">\n\t\t\t\t\t\t\t\t\t<div class=\"field-item odd\"><section class=\"paragraph-section paragraph-texte-colonnes paragraph-texte-deux-colonnes paragraph-bleu\">\n<div class=\"container-fluid\">\n<div class=\"row\">\n<div class=\"flex-wrapper\">\n<div class=\"item texte-wrapper\">\n<div class=\"paragraph-content\">\n<h4 class=\"rtecenter\"><strong><a href=\"\/fr\/production\/nos-projets-en-un-clic\" target=\"_blank\" rel=\"noopener\">Nos projets<\/a><\/strong><\/h4>\n&nbsp;\n<h4 class=\"rtecenter\"><strong><a href=\"\/fr\/recherche\/structures-techniques\" target=\"_blank\" rel=\"noopener\">Nos structures techniques<\/a><\/strong><\/h4>\n<\/div>\n<\/div>\n<div class=\"item texte-wrapper\">\n<div class=\"paragraph-content\">\n<h4 class=\"rtecenter\"><strong><a href=\"\/fr\/recherche\/les-equipes-de-recherche\" target=\"_blank\" rel=\"noopener\">Nos \u00e9quipes de recherche<\/a><\/strong><\/h4>\n&nbsp;\n<h4 class=\"rtecenter\"><strong><a href=\"\/fr\/recherche\/observation-des-oceans\" target=\"_blank\" rel=\"noopener\">L&#8217;observation<\/strong><\/a><\/h4>\n<\/div>\n<\/div>\n<\/div>\n<\/div>\n<\/div>\n<\/section><\/div>\t\t\t\t\t\t\t\t<\/div>\n\t\t\t\t<\/div>\n\t\t\t\t<\/div>\n\t\t\t\t<\/div>\n\t\t","protected":false},"excerpt":{"rendered":"<p>Laboratoire interdisciplinaire, le MIO pr\u00e9sente un large panel d&#8217;expertises en biologie marine, \u00e9cologie, biodiversit\u00e9, microbiologie, halieutique, physique, chimie, biog\u00e9ochimie et s\u00e9dimentologie. Le MIO collabore depuis de nombreuses ann\u00e9es avec d\u2019autres [&hellip;]<\/p>\n","protected":false},"author":319,"featured_media":4489,"parent":14971,"menu_order":3,"comment_status":"closed","ping_status":"closed","template":"","meta":{"_acf_changed":false,"footnotes":""},"class_list":["post-15042","page","type-page","status-publish","has-post-thumbnail","hentry"],"acf":[],"_links":{"self":[{"href":"https:\/\/www.mio.osupytheas.fr\/fr\/wp-json\/wp\/v2\/pages\/15042","targetHints":{"allow":["GET"]}}],"collection":[{"href":"https:\/\/www.mio.osupytheas.fr\/fr\/wp-json\/wp\/v2\/pages"}],"about":[{"href":"https:\/\/www.mio.osupytheas.fr\/fr\/wp-json\/wp\/v2\/types\/page"}],"author":[{"embeddable":true,"href":"https:\/\/www.mio.osupytheas.fr\/fr\/wp-json\/wp\/v2\/users\/319"}],"replies":[{"embeddable":true,"href":"https:\/\/www.mio.osupytheas.fr\/fr\/wp-json\/wp\/v2\/comments?post=15042"}],"version-history":[{"count":17,"href":"https:\/\/www.mio.osupytheas.fr\/fr\/wp-json\/wp\/v2\/pages\/15042\/revisions"}],"predecessor-version":[{"id":20994,"href":"https:\/\/www.mio.osupytheas.fr\/fr\/wp-json\/wp\/v2\/pages\/15042\/revisions\/20994"}],"up":[{"embeddable":true,"href":"https:\/\/www.mio.osupytheas.fr\/fr\/wp-json\/wp\/v2\/pages\/14971"}],"wp:featuredmedia":[{"embeddable":true,"href":"https:\/\/www.mio.osupytheas.fr\/fr\/wp-json\/wp\/v2\/media\/4489"}],"wp:attachment":[{"href":"https:\/\/www.mio.osupytheas.fr\/fr\/wp-json\/wp\/v2\/media?parent=15042"}],"curies":[{"name":"wp","href":"https:\/\/api.w.org\/{rel}","templated":true}]}}