{"id":16916,"date":"2024-11-08T09:44:42","date_gmt":"2024-11-08T08:44:42","guid":{"rendered":"https:\/\/www.mio.osupytheas.fr\/?page_id=16916"},"modified":"2024-11-08T11:08:29","modified_gmt":"2024-11-08T10:08:29","slug":"plasma-pollution-aux-microplastiques-du-lagon-de-mayotte","status":"publish","type":"page","link":"https:\/\/www.mio.osupytheas.fr\/fr\/production\/nos-projets\/contaminants-et-pollution-marine\/plasma-pollution-aux-microplastiques-du-lagon-de-mayotte\/","title":{"rendered":"PLASMA &#8211; Pollution aux microplastiques du lagon de Mayotte"},"content":{"rendered":"\t\t<div data-elementor-type=\"wp-page\" data-elementor-id=\"16916\" class=\"elementor elementor-16916\" data-elementor-post-type=\"page\">\n\t\t\t\t<div class=\"elementor-element elementor-element-55e62f10 e-flex e-con-boxed e-con e-parent\" data-id=\"55e62f10\" data-element_type=\"container\" data-e-type=\"container\" data-settings=\"{&quot;background_background&quot;:&quot;classic&quot;}\">\n\t\t\t\t\t<div class=\"e-con-inner\">\n\t\t<div class=\"elementor-element elementor-element-2059d158 e-flex e-con-boxed e-con e-child\" data-id=\"2059d158\" data-element_type=\"container\" data-e-type=\"container\">\n\t\t\t\t\t<div class=\"e-con-inner\">\n\t\t\t\t<div class=\"elementor-element elementor-element-7c6c52f8 elementor-widget__width-initial elementor-widget elementor-widget-theme-post-title elementor-page-title elementor-widget-heading\" data-id=\"7c6c52f8\" data-element_type=\"widget\" data-e-type=\"widget\" data-widget_type=\"theme-post-title.default\">\n\t\t\t\t<div class=\"elementor-widget-container\">\n\t\t\t\t\t<h1 class=\"elementor-heading-title elementor-size-default\">PLASMA &#8211; Pollution aux microplastiques du lagon de Mayotte<\/h1>\t\t\t\t<\/div>\n\t\t\t\t<\/div>\n\t\t\t\t<div class=\"elementor-element elementor-element-6bc7946b elementor-widget__width-initial breadcrumb elementor-widget elementor-widget-shortcode\" data-id=\"6bc7946b\" data-element_type=\"widget\" data-e-type=\"widget\" data-widget_type=\"shortcode.default\">\n\t\t\t\t<div class=\"elementor-widget-container\">\n\t\t\t\t\t\t\t<div class=\"elementor-shortcode\"><nav aria-label=\"breadcrumbs\">\n            <div class=\"breadcrumb-container theme1\">\n                <ol>\n                                    <\/ol>\n            <\/div>\n        <\/nav>    <script type=\"application\/ld+json\">\n        {\n            \"@context\": \"http:\/\/schema.org\",\n            \"@type\": \"BreadcrumbList\",\n            \"itemListElement\": [\n                            ]\n        }\n    <\/script>\n   \n    <script>\n            <\/script>\n <\/div>\n\t\t\t\t\t\t<\/div>\n\t\t\t\t<\/div>\n\t\t\t\t\t<\/div>\n\t\t\t\t<\/div>\n\t\t\t\t\t<\/div>\n\t\t\t\t<\/div>\n\t\t<div class=\"elementor-element elementor-element-0645fdb e-flex e-con-boxed e-con e-parent\" data-id=\"0645fdb\" data-element_type=\"container\" data-e-type=\"container\" data-settings=\"{&quot;background_background&quot;:&quot;classic&quot;}\">\n\t\t\t\t\t<div class=\"e-con-inner\">\n\t\t\t\t<div class=\"elementor-element elementor-element-d2312b6 elementor-widget elementor-widget-heading\" data-id=\"d2312b6\" data-element_type=\"widget\" data-e-type=\"widget\" data-widget_type=\"heading.default\">\n\t\t\t\t<div class=\"elementor-widget-container\">\n\t\t\t\t\t<h3 class=\"elementor-heading-title elementor-size-default\">Une collaboration du Parc Naturel Marin de Mayotte &amp; de l'IRD<\/h3>\t\t\t\t<\/div>\n\t\t\t\t<\/div>\n\t\t\t\t\t<\/div>\n\t\t\t\t<\/div>\n\t\t<div class=\"elementor-element elementor-element-0a2494f e-flex e-con-boxed e-con e-parent\" data-id=\"0a2494f\" data-element_type=\"container\" data-e-type=\"container\" data-settings=\"{&quot;background_background&quot;:&quot;classic&quot;}\">\n\t\t\t\t\t<div class=\"e-con-inner\">\n\t\t\t\t<div class=\"elementor-element elementor-element-4a435c9 elementor-widget elementor-widget-text-editor\" data-id=\"4a435c9\" data-element_type=\"widget\" data-e-type=\"widget\" data-widget_type=\"text-editor.default\">\n\t\t\t\t<div class=\"elementor-widget-container\">\n\t\t\t\t\t\t\t\t\t<p style=\"text-align: justify;\"><span style=\"color: #ffffff;\">Le projet <em>PLASMA<\/em> (Pollution aux microplastiques du lagon de Mayotte) est un projet pluridisciplinaire qui a d\u00e9but\u00e9 en 2022. Il est financ\u00e9 par le Parc marin de Mayotte et a pour but de mieux comprendre \u00e0 la fois l&#8217;\u00e9tat de la pollution aux microplastiques de ce qui est consid\u00e9r\u00e9 comme un des plus beaux lagons du monde (leur quantit\u00e9 mais aussi leurs dynamiques), mais aussi les effets de ces micropolluants sur le milieu (faune, flore marine, coraux&#8230;). Les travaux de mod\u00e9lisation ont notamment montr\u00e9 l&#8217;existence de zones d&#8217;accumulation (secteur d&#8217;Ironi B\u00e9 et baie de Boueni notamment), et \u00e0 l&#8217;inverse, des zones de dispersion. En compl\u00e9ment, une approche de sciences participatives a \u00e9t\u00e9 men\u00e9e pour, en amont, mieux comprendre l&#8217;origine de ces microplastiques et sensibiliser sur leurs cons\u00e9quences de leur pr\u00e9sence dans les eaux des rivi\u00e8res d&#8217;abord, dans le lagon apr\u00e8s. Des \u00e9l\u00e8ves de coll\u00e8ges et de lyc\u00e9es de Mayotte sont ainsi devenus de v\u00e9ritables petits chercheurs en herbe puisque r\u00e9alisant des pr\u00e9l\u00e8vements (et des comptages) de microplastiques dans la rivi\u00e8re bordant leur \u00e9tablissement; menant aussi des enqu\u00eates ethnographiques, sur les berges des rivi\u00e8res concern\u00e9es, pour en savoir plus sur les attachements aux lieux des riverains, mais aussi les pratiques quotidiennes de la rivi\u00e8re, et enfin les rapports aux d\u00e9chets. Ce petit film vient r\u00e9sumer en images l&#8217;ensemble de ces travaux. Le projet se poursuit jusqu&#8217;en 2026 avec, en compl\u00e9ment, notamment la construction d&#8217;un parlement de la rivi\u00e8re Ourouveni, comme exp\u00e9rience in\u00e9dite de gouvernance partag\u00e9e de la ressource eau\u00e0 Mayotte.<\/span><\/p>\t\t\t\t\t\t\t\t<\/div>\n\t\t\t\t<\/div>\n\t\t\t\t\t<\/div>\n\t\t\t\t<\/div>\n\t\t<div class=\"elementor-element elementor-element-f048810 e-flex e-con-boxed e-con e-parent\" data-id=\"f048810\" data-element_type=\"container\" data-e-type=\"container\" data-settings=\"{&quot;background_background&quot;:&quot;classic&quot;}\">\n\t\t\t\t\t<div class=\"e-con-inner\">\n\t\t\t\t<div class=\"elementor-element elementor-element-ab41b43 elementor-widget elementor-widget-video\" data-id=\"ab41b43\" data-element_type=\"widget\" data-e-type=\"widget\" data-settings=\"{&quot;youtube_url&quot;:&quot;https:\\\/\\\/youtu.be\\\/DDag919xEPA?si=tWQRqbmK8njUKxST&quot;,&quot;video_type&quot;:&quot;youtube&quot;,&quot;controls&quot;:&quot;yes&quot;}\" data-widget_type=\"video.default\">\n\t\t\t\t<div class=\"elementor-widget-container\">\n\t\t\t\t\t\t\t<div class=\"elementor-wrapper elementor-open-inline\">\n\t\t\t<div class=\"elementor-video\"><\/div>\t\t<\/div>\n\t\t\t\t\t\t<\/div>\n\t\t\t\t<\/div>\n\t\t\t\t\t<\/div>\n\t\t\t\t<\/div>\n\t\t<div class=\"elementor-element elementor-element-05d34e3 e-flex e-con-boxed e-con e-parent\" data-id=\"05d34e3\" data-element_type=\"container\" data-e-type=\"container\">\n\t\t\t\t\t<div class=\"e-con-inner\">\n\t\t<div class=\"elementor-element elementor-element-3ef3b02 e-con-full e-flex e-con e-child\" data-id=\"3ef3b02\" data-element_type=\"container\" data-e-type=\"container\">\n\t\t\t\t<div class=\"elementor-element elementor-element-32b38e5 elementor-widget elementor-widget-image\" data-id=\"32b38e5\" data-element_type=\"widget\" data-e-type=\"widget\" data-widget_type=\"image.default\">\n\t\t\t\t<div class=\"elementor-widget-container\">\n\t\t\t\t\t\t\t\t\t\t\t\t\t\t\t<img fetchpriority=\"high\" decoding=\"async\" width=\"576\" height=\"1024\" src=\"https:\/\/www.mio.osupytheas.fr\/wp-content\/uploads\/2024\/11\/IMG_5883-576x1024.jpeg\" class=\"attachment-large size-large wp-image-16920\" alt=\"PLASMA Mayotte\" srcset=\"https:\/\/www.mio.osupytheas.fr\/wp-content\/uploads\/2024\/11\/IMG_5883-576x1024.jpeg 576w, https:\/\/www.mio.osupytheas.fr\/wp-content\/uploads\/2024\/11\/IMG_5883-169x300.jpeg 169w, https:\/\/www.mio.osupytheas.fr\/wp-content\/uploads\/2024\/11\/IMG_5883-7x12.jpeg 7w, https:\/\/www.mio.osupytheas.fr\/wp-content\/uploads\/2024\/11\/IMG_5883.jpeg 720w\" sizes=\"(max-width: 576px) 100vw, 576px\" \/>\t\t\t\t\t\t\t\t\t\t\t\t\t\t\t<\/div>\n\t\t\t\t<\/div>\n\t\t\t\t<\/div>\n\t\t<div class=\"elementor-element elementor-element-16d76d9 e-con-full e-flex e-con e-child\" data-id=\"16d76d9\" data-element_type=\"container\" data-e-type=\"container\">\n\t\t\t\t<div class=\"elementor-element elementor-element-694a623 elementor-widget elementor-widget-image\" data-id=\"694a623\" data-element_type=\"widget\" data-e-type=\"widget\" data-widget_type=\"image.default\">\n\t\t\t\t<div class=\"elementor-widget-container\">\n\t\t\t\t\t\t\t\t\t\t\t\t\t\t\t<img decoding=\"async\" width=\"576\" height=\"1024\" src=\"https:\/\/www.mio.osupytheas.fr\/wp-content\/uploads\/2024\/11\/IMG_5766-576x1024.jpeg\" class=\"attachment-large size-large wp-image-16919\" alt=\"PLASMA Mayotte\" srcset=\"https:\/\/www.mio.osupytheas.fr\/wp-content\/uploads\/2024\/11\/IMG_5766-576x1024.jpeg 576w, https:\/\/www.mio.osupytheas.fr\/wp-content\/uploads\/2024\/11\/IMG_5766-169x300.jpeg 169w, https:\/\/www.mio.osupytheas.fr\/wp-content\/uploads\/2024\/11\/IMG_5766-7x12.jpeg 7w, https:\/\/www.mio.osupytheas.fr\/wp-content\/uploads\/2024\/11\/IMG_5766.jpeg 720w\" sizes=\"(max-width: 576px) 100vw, 576px\" \/>\t\t\t\t\t\t\t\t\t\t\t\t\t\t\t<\/div>\n\t\t\t\t<\/div>\n\t\t\t\t<\/div>\n\t\t\t\t\t<\/div>\n\t\t\t\t<\/div>\n\t\t<div class=\"elementor-element elementor-element-ec86f8e e-flex e-con-boxed e-con e-parent\" data-id=\"ec86f8e\" data-element_type=\"container\" data-e-type=\"container\" data-settings=\"{&quot;background_background&quot;:&quot;classic&quot;}\">\n\t\t\t\t\t<div class=\"e-con-inner\">\n\t\t\t\t<div class=\"elementor-element elementor-element-d36fc42 elementor-widget elementor-widget-text-editor\" data-id=\"d36fc42\" data-element_type=\"widget\" data-e-type=\"widget\" data-widget_type=\"text-editor.default\">\n\t\t\t\t<div class=\"elementor-widget-container\">\n\t\t\t\t\t\t\t\t\t<h3 style=\"text-align: center;\"><strong>Financ\u00e9 par<\/strong><\/h3><table style=\"width: 100%; height: 68px;\"><tbody><tr style=\"height: 68px;\"><td style=\"width: 70%; height: 68px;\"><pre><img decoding=\"async\" class=\"aligncenter\" src=\"https:\/\/www.mio.osupytheas.fr\/wp-content\/uploads\/2024\/11\/logoofb.png\" alt=\"\" width=\"505\" height=\"193\" \/><\/pre><\/td><td style=\"width: 30%; height: 68px;\"><img loading=\"lazy\" decoding=\"async\" class=\"size-medium aligncenter\" src=\"https:\/\/www.mio.osupytheas.fr\/wp-content\/uploads\/2024\/11\/mayotte-1712653371-300x300.jpg\" alt=\"\" width=\"300\" height=\"300\" \/><\/td><\/tr><\/tbody><\/table><div>\u00a0<\/div>\t\t\t\t\t\t\t\t<\/div>\n\t\t\t\t<\/div>\n\t\t\t\t\t<\/div>\n\t\t\t\t<\/div>\n\t\t\t\t<\/div>\n\t\t","protected":false},"excerpt":{"rendered":"<p>Une collaboration du Parc Naturel Marin de Mayotte &amp; de l&#8217;IRD Le projet PLASMA (Pollution aux microplastiques du lagon de Mayotte) est un projet pluridisciplinaire qui a d\u00e9but\u00e9 en 2022. [&hellip;]<\/p>\n","protected":false},"author":319,"featured_media":4489,"parent":13457,"menu_order":0,"comment_status":"closed","ping_status":"closed","template":"","meta":{"_acf_changed":false,"footnotes":""},"class_list":["post-16916","page","type-page","status-publish","has-post-thumbnail","hentry"],"acf":[],"_links":{"self":[{"href":"https:\/\/www.mio.osupytheas.fr\/fr\/wp-json\/wp\/v2\/pages\/16916","targetHints":{"allow":["GET"]}}],"collection":[{"href":"https:\/\/www.mio.osupytheas.fr\/fr\/wp-json\/wp\/v2\/pages"}],"about":[{"href":"https:\/\/www.mio.osupytheas.fr\/fr\/wp-json\/wp\/v2\/types\/page"}],"author":[{"embeddable":true,"href":"https:\/\/www.mio.osupytheas.fr\/fr\/wp-json\/wp\/v2\/users\/319"}],"replies":[{"embeddable":true,"href":"https:\/\/www.mio.osupytheas.fr\/fr\/wp-json\/wp\/v2\/comments?post=16916"}],"version-history":[{"count":15,"href":"https:\/\/www.mio.osupytheas.fr\/fr\/wp-json\/wp\/v2\/pages\/16916\/revisions"}],"predecessor-version":[{"id":16956,"href":"https:\/\/www.mio.osupytheas.fr\/fr\/wp-json\/wp\/v2\/pages\/16916\/revisions\/16956"}],"up":[{"embeddable":true,"href":"https:\/\/www.mio.osupytheas.fr\/fr\/wp-json\/wp\/v2\/pages\/13457"}],"wp:featuredmedia":[{"embeddable":true,"href":"https:\/\/www.mio.osupytheas.fr\/fr\/wp-json\/wp\/v2\/media\/4489"}],"wp:attachment":[{"href":"https:\/\/www.mio.osupytheas.fr\/fr\/wp-json\/wp\/v2\/media?parent=16916"}],"curies":[{"name":"wp","href":"https:\/\/api.w.org\/{rel}","templated":true}]}}