{"id":18611,"date":"2025-01-20T01:25:42","date_gmt":"2025-01-20T00:25:42","guid":{"rendered":"https:\/\/www.mio.osupytheas.fr\/?page_id=18611"},"modified":"2025-01-20T03:35:31","modified_gmt":"2025-01-20T02:35:31","slug":"infos-pratiques","status":"publish","type":"page","link":"https:\/\/www.mio.osupytheas.fr\/fr\/linstitut-mediterraneen-doceanologie\/infos-pratiques\/","title":{"rendered":"Infos pratiques"},"content":{"rendered":"\t\t<div data-elementor-type=\"wp-page\" data-elementor-id=\"18611\" class=\"elementor elementor-18611\" data-elementor-post-type=\"page\">\n\t\t\t\t<div class=\"elementor-element elementor-element-4f370278 e-flex e-con-boxed e-con e-parent\" data-id=\"4f370278\" data-element_type=\"container\" data-e-type=\"container\" data-settings=\"{&quot;background_background&quot;:&quot;classic&quot;}\">\n\t\t\t\t\t<div class=\"e-con-inner\">\n\t\t<div class=\"elementor-element elementor-element-642fa082 e-flex e-con-boxed e-con e-child\" data-id=\"642fa082\" data-element_type=\"container\" data-e-type=\"container\">\n\t\t\t\t\t<div class=\"e-con-inner\">\n\t\t\t\t<div class=\"elementor-element elementor-element-3ce9fc40 elementor-widget__width-initial elementor-widget elementor-widget-theme-post-title elementor-page-title elementor-widget-heading\" data-id=\"3ce9fc40\" data-element_type=\"widget\" data-e-type=\"widget\" data-widget_type=\"theme-post-title.default\">\n\t\t\t\t<div class=\"elementor-widget-container\">\n\t\t\t\t\t<h1 class=\"elementor-heading-title elementor-size-default\">Infos pratiques<\/h1>\t\t\t\t<\/div>\n\t\t\t\t<\/div>\n\t\t\t\t<div class=\"elementor-element elementor-element-4fe86fb1 elementor-widget__width-initial breadcrumb elementor-widget elementor-widget-shortcode\" data-id=\"4fe86fb1\" data-element_type=\"widget\" data-e-type=\"widget\" data-widget_type=\"shortcode.default\">\n\t\t\t\t<div class=\"elementor-widget-container\">\n\t\t\t\t\t\t\t<div class=\"elementor-shortcode\"><nav aria-label=\"breadcrumbs\">\n            <div class=\"breadcrumb-container theme1\">\n                <ol>\n                                    <\/ol>\n            <\/div>\n        <\/nav>    <script type=\"application\/ld+json\">\n        {\n            \"@context\": \"http:\/\/schema.org\",\n            \"@type\": \"BreadcrumbList\",\n            \"itemListElement\": [\n                            ]\n        }\n    <\/script>\n   \n    <script>\n            <\/script>\n <\/div>\n\t\t\t\t\t\t<\/div>\n\t\t\t\t<\/div>\n\t\t\t\t\t<\/div>\n\t\t\t\t<\/div>\n\t\t\t\t\t<\/div>\n\t\t\t\t<\/div>\n\t\t<div class=\"elementor-element elementor-element-b752d3c e-flex e-con-boxed e-con e-parent\" data-id=\"b752d3c\" data-element_type=\"container\" data-e-type=\"container\" data-settings=\"{&quot;background_background&quot;:&quot;classic&quot;}\">\n\t\t\t\t\t<div class=\"e-con-inner\">\n\t\t\t\t<div class=\"elementor-element elementor-element-6e4c6b4 elementor-widget elementor-widget-heading\" data-id=\"6e4c6b4\" data-element_type=\"widget\" data-e-type=\"widget\" data-widget_type=\"heading.default\">\n\t\t\t\t<div class=\"elementor-widget-container\">\n\t\t\t\t\t<h3 class=\"elementor-heading-title elementor-size-default\">Se rendre au MIO sur le Campus Technologique et Scientifique de Luminy<\/h3>\t\t\t\t<\/div>\n\t\t\t\t<\/div>\n\t\t\t\t\t<\/div>\n\t\t\t\t<\/div>\n\t\t<div class=\"elementor-element elementor-element-4860efc e-flex e-con-boxed e-con e-parent\" data-id=\"4860efc\" data-element_type=\"container\" data-e-type=\"container\">\n\t\t\t\t\t<div class=\"e-con-inner\">\n\t\t\t\t<div class=\"elementor-element elementor-element-67186a9 elementor-widget elementor-widget-text-editor\" data-id=\"67186a9\" data-element_type=\"widget\" data-e-type=\"widget\" data-widget_type=\"text-editor.default\">\n\t\t\t\t<div class=\"elementor-widget-container\">\n\t\t\t\t\t\t\t\t\t<p><strong>Position GPS\u00a0: <\/strong>43\u00b014&#8217;06.4&#8243;N 5\u00b026&#8217;26.8&#8243;E<\/p><p><strong>Adresse postale<\/strong>\u00a0:<\/p><p>M.I.O. Institut M\u00e9diterran\u00e9en d\u2019Oc\u00e9anologie UMR 7294<br \/>Campus de Luminy &#8211; OCEANOMED<br \/>B\u00e2timent M\u00e9diterran\u00e9e<br \/>13288 MARSEILLE cedex 09<\/p><div class=\"video-background\"><iframe style=\"border: 0;\" src=\"https:\/\/www.google.com\/maps\/embed?pb=!1m14!1m8!1m3!1d2906.8617526374096!2d5.4407523!3d43.2333581!3m2!1i1024!2i768!4f13.1!3m3!1m2!1s0x12c9b9abe79308a5%3A0xd145d9d3fafafaf1!2sMIO+-Mediterranean+Institute+of+Oceanography!5e0!3m2!1sfr!2sfr!4v1548624198107\" width=\"600\" height=\"450\" frameborder=\"0\" allowfullscreen=\"allowfullscreen\"> <\/iframe><\/div>\t\t\t\t\t\t\t\t<\/div>\n\t\t\t\t<\/div>\n\t\t\t\t\t<\/div>\n\t\t\t\t<\/div>\n\t\t<div class=\"elementor-element elementor-element-d6da714 e-flex e-con-boxed e-con e-parent\" data-id=\"d6da714\" data-element_type=\"container\" data-e-type=\"container\" data-settings=\"{&quot;background_background&quot;:&quot;classic&quot;}\">\n\t\t\t\t\t<div class=\"e-con-inner\">\n\t\t\t\t<div class=\"elementor-element elementor-element-993fd55 elementor-widget elementor-widget-text-editor\" data-id=\"993fd55\" data-element_type=\"widget\" data-e-type=\"widget\" data-widget_type=\"text-editor.default\">\n\t\t\t\t<div class=\"elementor-widget-container\">\n\t\t\t\t\t\t\t\t\t<p><a href=\"https:\/\/www.autoroutes.fr\/index.htm\" target=\"_blank\" rel=\"noopener\"><strong><em><span style=\"color: #ffffff;\">Par Route<\/span><\/em><\/strong><\/a><\/p><p>Depuis l\u2019est\u00a0: Autoroute A50 et A8<br \/>Depuis l\u2019ouest : Autoroute du Littoral (A55) <br \/>Depuis le nord\u00a0: Autoroute A7<\/p><p><span style=\"color: #ffffff;\"><em><strong>Transports en commun\u00a0: RTM<\/strong><\/em><\/span><\/p><p><span style=\"color: #ffffff;\"><a style=\"color: #ffffff;\" href=\"http:\/\/www.rtm.fr\" target=\"_blank\" rel=\"noopener\">Cliquez ici sur le site de la R\u00e9gie des Transports Marseillais<\/a><\/span><br \/>Informations au 04 91 91 92 10<\/p><p>Ligne B1: :\u00a0 &#8220;Castellane&#8221; vers &#8220;Campus\u00a0 Luminy&#8221;<br \/>Ligne 21Jet :\u00a0 &#8220;Rond Point du Prado&#8221; vers &#8220;Campus\u00a0 Luminy&#8221;<\/p><p>Direction &#8220;Luminy&#8221; &#8211; Descendre au Terminus.<\/p><p><em><strong>Par Air<\/strong><\/em><\/p><p><span style=\"color: #ffffff;\"><a style=\"color: #ffffff;\" href=\"https:\/\/www.marseille.aeroport.fr\/\" target=\"_blank\" rel=\"noopener\">Cliquez ici sur le site de l&#8217;A\u00e9roport International Marseille Provence<\/a><\/span><br \/>A 60 minutes de Luminy par l\u2019Autoroute du Littoral (A55)<\/p><p><em><strong>Par train<\/strong><\/em><\/p><p><a href=\"https:\/\/www.garesetconnexions.sncf\/fr\/gares-services\/marseille-saint-charles\" target=\"_blank\" rel=\"noopener\"><span style=\"color: #ffffff;\">Cliquez ici sur le site de la Gare Saint Charles<\/span><\/a><br \/>A 30 minutes de Luminy en voiture ou transport en commun<\/p>\t\t\t\t\t\t\t\t<\/div>\n\t\t\t\t<\/div>\n\t\t\t\t\t<\/div>\n\t\t\t\t<\/div>\n\t\t<div class=\"elementor-element elementor-element-8497138 e-flex e-con-boxed e-con e-parent\" data-id=\"8497138\" data-element_type=\"container\" data-e-type=\"container\" data-settings=\"{&quot;background_background&quot;:&quot;classic&quot;}\">\n\t\t\t\t\t<div class=\"e-con-inner\">\n\t\t\t\t<div class=\"elementor-element elementor-element-1229589 elementor-widget elementor-widget-heading\" data-id=\"1229589\" data-element_type=\"widget\" data-e-type=\"widget\" data-widget_type=\"heading.default\">\n\t\t\t\t<div class=\"elementor-widget-container\">\n\t\t\t\t\t<h3 class=\"elementor-heading-title elementor-size-default\">Se rendre au MIO sur le site de Toulon-La Garde<\/h3>\t\t\t\t<\/div>\n\t\t\t\t<\/div>\n\t\t\t\t\t<\/div>\n\t\t\t\t<\/div>\n\t\t<div class=\"elementor-element elementor-element-8760bea e-flex e-con-boxed e-con e-parent\" data-id=\"8760bea\" data-element_type=\"container\" data-e-type=\"container\" data-settings=\"{&quot;background_background&quot;:&quot;classic&quot;}\">\n\t\t\t\t\t<div class=\"e-con-inner\">\n\t\t\t\t<div class=\"elementor-element elementor-element-c07c87c elementor-widget elementor-widget-text-editor\" data-id=\"c07c87c\" data-element_type=\"widget\" data-e-type=\"widget\" data-widget_type=\"text-editor.default\">\n\t\t\t\t<div class=\"elementor-widget-container\">\n\t\t\t\t\t\t\t\t\t<p><strong>Position GPS<\/strong>\u00a0: 43\u00b008\u201908.1&#8243;N 6\u00b000\u201936.0&#8243;E<\/p><p><strong>Adresse postale<\/strong>\u00a0:<br \/>MIO &#8211; B\u00e2timents X &amp; R<br \/>Universit\u00e9 de Toulon<br \/>CS 60584<br \/>83041 Toulon cedex 09<\/p>\t\t\t\t\t\t\t\t<\/div>\n\t\t\t\t<\/div>\n\t\t\t\t\t<\/div>\n\t\t\t\t<\/div>\n\t\t<div class=\"elementor-element elementor-element-f5a7d29 e-flex e-con-boxed e-con e-parent\" data-id=\"f5a7d29\" data-element_type=\"container\" data-e-type=\"container\" data-settings=\"{&quot;background_background&quot;:&quot;classic&quot;}\">\n\t\t\t\t\t<div class=\"e-con-inner\">\n\t\t\t\t<div class=\"elementor-element elementor-element-84a2120 elementor-widget elementor-widget-text-editor\" data-id=\"84a2120\" data-element_type=\"widget\" data-e-type=\"widget\" data-widget_type=\"text-editor.default\">\n\t\t\t\t<div class=\"elementor-widget-container\">\n\t\t\t\t\t\t\t\t\t<div class=\"video-background\"><iframe style=\"border: 0;\" src=\"https:\/\/www.google.com\/maps\/embed?pb=!1m18!1m12!1m3!1d2911.5361656155283!2d6.0079264149101785!3d43.13526917914248!2m3!1f0!2f0!3f0!3m2!1i1024!2i768!4f13.1!3m3!1m2!1s0x12c919a72e7e2bd5%3A0x6f627f25b51b4677!2sB%C3%A2timent+X%2C+83160+La+Valette-du-Var!5e0!3m2!1sfr!2sfr!4v1548635263235\" width=\"600\" height=\"450\" frameborder=\"0\" allowfullscreen=\"allowfullscreen\"> <\/iframe><\/div>\t\t\t\t\t\t\t\t<\/div>\n\t\t\t\t<\/div>\n\t\t\t\t\t<\/div>\n\t\t\t\t<\/div>\n\t\t<div class=\"elementor-element elementor-element-12e2de6 e-flex e-con-boxed e-con e-parent\" data-id=\"12e2de6\" data-element_type=\"container\" data-e-type=\"container\" data-settings=\"{&quot;background_background&quot;:&quot;classic&quot;}\">\n\t\t\t\t\t<div class=\"e-con-inner\">\n\t\t\t\t<div class=\"elementor-element elementor-element-ae9e07e elementor-widget elementor-widget-text-editor\" data-id=\"ae9e07e\" data-element_type=\"widget\" data-e-type=\"widget\" data-widget_type=\"text-editor.default\">\n\t\t\t\t<div class=\"elementor-widget-container\">\n\t\t\t\t\t\t\t\t\t<p style=\"text-align: justify;\"><strong><em>Les transports en commun urbains<\/em><\/strong><\/p><p style=\"text-align: justify;\"><strong><span style=\"color: #ffffff;\"><a style=\"color: #ffffff;\" href=\"https:\/\/www.reseaumistral.com\/\" target=\"_blank\" rel=\"noopener\">Cliquez ici sur le site du R\u00e9seau Mistral<\/a> <\/span><\/strong>&#8211; T\u00e9l : 04 94 03 87 00<\/p><p style=\"text-align: justify;\">Le campus de La Garde est desservi par 7 lignes de bus : \u00ab U \u00bb, 55, 191, 129, 103.<\/p><p style=\"text-align: justify;\">Ligne U : Portes d\u2019Ollioules et de Toulon \u2013 Campus La Garde\/La Valette<br \/>Ligne 191 : Observatoire (Toulon centre) \u2013 Campus La Garde\/La Valette<br \/>Ligne 129 : Charles de Gaulle (La Valette) \u2013 Pont de Suve<br \/>Ligne 55 : Le Revest \u2013 Campus La Garde\/La Valette<br \/>Ligne 103 : Saint-Nicolas (Hy\u00e8res) \u2013 Gare routi\u00e8re (Toulon)<\/p><p style=\"text-align: justify;\"><strong><span style=\"color: #ffffff;\"><a style=\"color: #ffffff;\" href=\"https:\/\/zou.maregionsud.fr\/lignes-de-proximite-var\/\" target=\"_blank\" rel=\"noopener\">Cliquez ici sur le site du r\u00e9seau Zou !<\/a><\/span><\/strong><\/p><p style=\"text-align: justify;\">Le campus de La Garde est desservi par 6 lignes de bus : 828, 848, 849, 878, 879 &amp; 881.<\/p><p style=\"text-align: justify;\"><em><strong>Par Route<\/strong><\/em><br \/>Le campus de La Garde compte 3 entr\u00e9es pour les v\u00e9hicules :<br \/>L\u2019entr\u00e9e principale Nord est situ\u00e9e avenue de l\u2019Universit\u00e9 \u00e0 La Garde.<\/p><p style=\"text-align: justify;\"><em>Venant de Toulon<\/em> : prendre la sortie 5B Universit\u00e9 puis suivre les fl\u00e8ches de direction routi\u00e8res Universit\u00e9.<br \/><em>Venant d\u2019Hy\u00e8res<\/em> : prendre la sortie 5 La Bigue \u2013 Universit\u00e9 puis suivre les fl\u00e8ches de direction routi\u00e8res Universit\u00e9.<\/p><p style=\"text-align: justify;\">L\u2019entr\u00e9e secondaire Sud est situ\u00e9e avenue du Premier Bataillon d\u2019Infanterie de Marine et du Pacifique \u00e0 La Garde.<\/p><p style=\"text-align: justify;\"><em>Venant de La Garde<\/em> : Prendre l\u2019avenue du Premier Bataillon d\u2019Infanterie de Marine et du Pacifique.<br \/><em>Venant d\u2019Hy\u00e8res<\/em> : Prendre la route D29, direction La Garde.<\/p><p style=\"text-align: justify;\">L\u2019entr\u00e9e de SeaTech Ouest est situ\u00e9e avenue Georges Pompidou \u00e0 La Valette-du-Var<\/p><p style=\"text-align: justify;\"><em>Venant de Toulon<\/em> : prendre la sortie 5B Universit\u00e9 puis suivre les fl\u00e8ches de direction routi\u00e8res Universit\u00e9 puis SeaTech.<br \/><em>Venant d\u2019Hy\u00e8res<\/em> : prendre la sortie 5 La Bigue \u2013 Universit\u00e9 puis suivre les fl\u00e8ches de direction routi\u00e8res Universit\u00e9 puis SeaTech.<\/p>\t\t\t\t\t\t\t\t<\/div>\n\t\t\t\t<\/div>\n\t\t\t\t\t<\/div>\n\t\t\t\t<\/div>\n\t\t<div class=\"elementor-element elementor-element-f0d854a e-flex e-con-boxed e-con e-parent\" data-id=\"f0d854a\" data-element_type=\"container\" data-e-type=\"container\" data-settings=\"{&quot;background_background&quot;:&quot;classic&quot;}\">\n\t\t\t\t\t<div class=\"e-con-inner\">\n\t\t\t\t<div class=\"elementor-element elementor-element-52cb89c elementor-widget elementor-widget-heading\" data-id=\"52cb89c\" data-element_type=\"widget\" data-e-type=\"widget\" data-widget_type=\"heading.default\">\n\t\t\t\t<div class=\"elementor-widget-container\">\n\t\t\t\t\t<h3 class=\"elementor-heading-title elementor-size-default\">Se rendre \u00e0 la Station marine d'Endoume<\/h3>\t\t\t\t<\/div>\n\t\t\t\t<\/div>\n\t\t\t\t\t<\/div>\n\t\t\t\t<\/div>\n\t\t<div class=\"elementor-element elementor-element-5769e45 e-flex e-con-boxed e-con e-parent\" data-id=\"5769e45\" data-element_type=\"container\" data-e-type=\"container\">\n\t\t\t\t\t<div class=\"e-con-inner\">\n\t\t\t\t<div class=\"elementor-element elementor-element-0a43fa7 elementor-widget elementor-widget-text-editor\" data-id=\"0a43fa7\" data-element_type=\"widget\" data-e-type=\"widget\" data-widget_type=\"text-editor.default\">\n\t\t\t\t<div class=\"elementor-widget-container\">\n\t\t\t\t\t\t\t\t\t<p style=\"text-align: justify;\"><strong>Position GPS<\/strong>\u00a0: 43\u00b016&#8217;51.6&#8243;N 5\u00b020&#8217;58.7&#8243;E<\/p><p style=\"text-align: justify;\"><strong>Adresse postale<\/strong> :<br \/>M.I.O. Institut M\u00e9diterran\u00e9en d\u2019Oc\u00e9anologie<br \/>Chemin de la Batterie des Lions<br \/>13007 Marseille<\/p><p style=\"text-align: justify;\"><strong><em>Transports en commun RTM<\/em><\/strong><br \/><a href=\"https:\/\/www.rtm.fr\/\" target=\"_blank\" rel=\"noopener\">R\u00e9gie des Transports Marseillais<\/a><\/p><p style=\"text-align: justify;\">A partir du Vieux Port, prendre le bus 83 qui longe la corniche. (A pied ou en voiture, longer le vieux port, puis le Pharo et suivre la corniche jusqu\u2019\u00e0 Endoume). Descendre \u00e0 l\u2019arr\u00eat &#8220;ENDOUME&#8221;. Prendre sur la droite, la <em>rue Boudouresque<\/em>, puis tout en bas, prendre sur la gauche le <em>Chemin de la Batterie des Lions<\/em>. L\u2019entr\u00e9e de la Station Marine d\u2019Endoume est sur votre droite, sur une petite esplanade.<\/p>\t\t\t\t\t\t\t\t<\/div>\n\t\t\t\t<\/div>\n\t\t\t\t\t<\/div>\n\t\t\t\t<\/div>\n\t\t<div class=\"elementor-element elementor-element-dc026c5 e-flex e-con-boxed e-con e-parent\" data-id=\"dc026c5\" data-element_type=\"container\" data-e-type=\"container\">\n\t\t\t\t\t<div class=\"e-con-inner\">\n\t\t\t\t<div class=\"elementor-element elementor-element-2a2856b elementor-widget elementor-widget-heading\" data-id=\"2a2856b\" data-element_type=\"widget\" data-e-type=\"widget\" data-widget_type=\"heading.default\">\n\t\t\t\t<div class=\"elementor-widget-container\">\n\t\t\t\t\t<h3 class=\"elementor-heading-title elementor-size-default\">Se rendre \u00e0 la Base Ifremer de la Seyne sur Mer<\/h3>\t\t\t\t<\/div>\n\t\t\t\t<\/div>\n\t\t\t\t\t<\/div>\n\t\t\t\t<\/div>\n\t\t<div class=\"elementor-element elementor-element-ca4459e e-flex e-con-boxed e-con e-parent\" data-id=\"ca4459e\" data-element_type=\"container\" data-e-type=\"container\">\n\t\t\t\t\t<div class=\"e-con-inner\">\n\t\t\t\t<div class=\"elementor-element elementor-element-45016f1 elementor-widget elementor-widget-text-editor\" data-id=\"45016f1\" data-element_type=\"widget\" data-e-type=\"widget\" data-widget_type=\"text-editor.default\">\n\t\t\t\t<div class=\"elementor-widget-container\">\n\t\t\t\t\t\t\t\t\t<p style=\"text-align: justify;\"><strong>Position GPS<\/strong>\u00a0: 43\u00b006\u2019N &#8211; 5\u00b053\u2019E<\/p><p style=\"text-align: justify;\"><strong>Adresse postale<\/strong>\u00a0:<br \/>Zone portuaire de Br\u00e9gaillon<br \/>BP 330<br \/>83507 La Seyne-sur-Mer Cedex<\/p><p style=\"text-align: justify;\">L\u2019\u00e9tablissement de La Seyne, implant\u00e9 sur la zone portuaire de Br\u00e9gaillon, se situe \u00e0 l\u2019ouest de l\u2019agglom\u00e9ration toulonnaise, \u00e0 environ\u00a0:<\/p><ul style=\"text-align: justify;\"><li>15 mn du centre-ville<\/li><li>15 mn de la gare SNCF<\/li><li>50 mn de l\u2019a\u00e9roport de Toulon &#8211; Hy\u00e8res<\/li><li>1h20 de l\u2019a\u00e9roport de Marseille &#8211; Provence (Marignane)<\/li><\/ul><p style=\"text-align: justify;\"><strong><em>Par la route<\/em><\/strong><\/p><p><em>Vous venez de l\u2019ouest<\/em>\u00a0: Arrivez par l\u2019autoroute A50, assurant la liaison entre Marseille et Toulon. Juste avant d\u2019entrer \u00e0 Toulon, empruntez la sortie 15 (Br\u00e9gaillon &#8211; Toulon-Ouest &#8211; Arsenal). Suivez la direction &#8220;Br\u00e9gaillon&#8221;, l\u2019\u00e9tablissement Ifremer de La Seyne est fl\u00e9ch\u00e9 \u00e0 l\u2019entr\u00e9e de la zone industrielle.<\/p><p><em>Vous venez de l\u2019est<\/em> : Arrivez par l\u2019autoroute A57, assurant la liaison entre Nice ou Hy\u00e8res et Toulon. Suivez le tunnel qui vous \u00e9vitera de traverser Toulon. A sa sortie, empruntez la sortie 15A vers La Seyne Centre et Br\u00e9gaillon. Suivez la direction <em>Br\u00e9gaillon<\/em>, l\u2019\u00e9tablissement est fl\u00e9ch\u00e9 \u00e0 l\u2019entr\u00e9e de la zone industrielle.<\/p><p>\u00a0<\/p><h3><span style=\"color: #184772;\">Les sites des gares &amp; a\u00e9roports<\/span><\/h3><ul><li style=\"text-align: justify;\"><a href=\"https:\/\/www.garesetconnexions.sncf\/fr\/gares-services\/toulon\" target=\"_blank\" rel=\"noopener\">Gare de Toulon<\/a><\/li><li style=\"text-align: justify;\"><a href=\"https:\/\/www.toulon-hyeres.aeroport.fr\/\" target=\"_blank\" rel=\"noopener\">A\u00e9roport de Toulon Hy\u00e8res<\/a><\/li><li style=\"text-align: justify;\"><a href=\"https:\/\/www.garesetconnexions.sncf\/fr\/gares-services\/marseille-saint-charles\" target=\"_blank\" rel=\"noopener\">Gare de Marseille<\/a><\/li><li style=\"text-align: justify;\"><a href=\"https:\/\/www.marseille.aeroport.fr\/\" target=\"_blank\" rel=\"noopener\">A\u00e9roport de Marseille<\/a><\/li><\/ul>\t\t\t\t\t\t\t\t<\/div>\n\t\t\t\t<\/div>\n\t\t\t\t\t<\/div>\n\t\t\t\t<\/div>\n\t\t<div class=\"elementor-element elementor-element-34fb1869 e-flex e-con-boxed e-con e-parent\" data-id=\"34fb1869\" data-element_type=\"container\" data-e-type=\"container\">\n\t\t\t\t\t<div class=\"e-con-inner\">\n\t\t\t\t<div class=\"elementor-element elementor-element-777bb191 elementor-widget elementor-widget-heading\" data-id=\"777bb191\" data-element_type=\"widget\" data-e-type=\"widget\" data-widget_type=\"heading.default\">\n\t\t\t\t<div class=\"elementor-widget-container\">\n\t\t\t\t\t<span class=\"elementor-heading-title elementor-size-default\">Partager sur :<\/span>\t\t\t\t<\/div>\n\t\t\t\t<\/div>\n\t\t\t\t<div class=\"elementor-element elementor-element-389dd228 elementor-share-buttons--view-icon elementor-share-buttons--shape-circle elementor-widget__width-auto elementor-share-buttons--skin-gradient elementor-grid-0 elementor-share-buttons--color-official elementor-widget elementor-widget-share-buttons\" data-id=\"389dd228\" data-element_type=\"widget\" data-e-type=\"widget\" data-settings=\"{&quot;share_url&quot;:{&quot;url&quot;:&quot;&quot;,&quot;is_external&quot;:&quot;&quot;,&quot;nofollow&quot;:&quot;&quot;,&quot;custom_attributes&quot;:&quot;&quot;}}\" data-widget_type=\"share-buttons.default\">\n\t\t\t\t<div class=\"elementor-widget-container\">\n\t\t\t\t\t\t\t<div class=\"elementor-grid\" role=\"list\">\n\t\t\t\t\t\t\t\t<div class=\"elementor-grid-item\" role=\"listitem\">\n\t\t\t\t\t\t<div class=\"elementor-share-btn elementor-share-btn_facebook\" role=\"button\" tabindex=\"0\" aria-label=\"Partager sur facebook\">\n\t\t\t\t\t\t\t\t\t\t\t\t\t\t\t<span class=\"elementor-share-btn__icon\">\n\t\t\t\t\t\t\t\t<svg aria-hidden=\"true\" class=\"e-font-icon-svg e-fab-facebook\" viewBox=\"0 0 512 512\" xmlns=\"http:\/\/www.w3.org\/2000\/svg\"><path d=\"M504 256C504 119 393 8 256 8S8 119 8 256c0 123.78 90.69 226.38 209.25 245V327.69h-63V256h63v-54.64c0-62.15 37-96.48 93.67-96.48 27.14 0 55.52 4.84 55.52 4.84v61h-31.28c-30.8 0-40.41 19.12-40.41 38.73V256h68.78l-11 71.69h-57.78V501C413.31 482.38 504 379.78 504 256z\"><\/path><\/svg>\t\t\t\t\t\t\t<\/span>\n\t\t\t\t\t\t\t\t\t\t\t\t\t\t\t\t\t\t\t\t<\/div>\n\t\t\t\t\t<\/div>\n\t\t\t\t\t\t\t\t\t<div class=\"elementor-grid-item\" role=\"listitem\">\n\t\t\t\t\t\t<div class=\"elementor-share-btn elementor-share-btn_twitter\" role=\"button\" tabindex=\"0\" aria-label=\"Partager sur twitter\">\n\t\t\t\t\t\t\t\t\t\t\t\t\t\t\t<span class=\"elementor-share-btn__icon\">\n\t\t\t\t\t\t\t\t<svg aria-hidden=\"true\" class=\"e-font-icon-svg e-fab-twitter\" viewBox=\"0 0 512 512\" xmlns=\"http:\/\/www.w3.org\/2000\/svg\"><path d=\"M459.37 151.716c.325 4.548.325 9.097.325 13.645 0 138.72-105.583 298.558-298.558 298.558-59.452 0-114.68-17.219-161.137-47.106 8.447.974 16.568 1.299 25.34 1.299 49.055 0 94.213-16.568 130.274-44.832-46.132-.975-84.792-31.188-98.112-72.772 6.498.974 12.995 1.624 19.818 1.624 9.421 0 18.843-1.3 27.614-3.573-48.081-9.747-84.143-51.98-84.143-102.985v-1.299c13.969 7.797 30.214 12.67 47.431 13.319-28.264-18.843-46.781-51.005-46.781-87.391 0-19.492 5.197-37.36 14.294-52.954 51.655 63.675 129.3 105.258 216.365 109.807-1.624-7.797-2.599-15.918-2.599-24.04 0-57.828 46.782-104.934 104.934-104.934 30.213 0 57.502 12.67 76.67 33.137 23.715-4.548 46.456-13.32 66.599-25.34-7.798 24.366-24.366 44.833-46.132 57.827 21.117-2.273 41.584-8.122 60.426-16.243-14.292 20.791-32.161 39.308-52.628 54.253z\"><\/path><\/svg>\t\t\t\t\t\t\t<\/span>\n\t\t\t\t\t\t\t\t\t\t\t\t\t\t\t\t\t\t\t\t<\/div>\n\t\t\t\t\t<\/div>\n\t\t\t\t\t\t\t\t\t<div class=\"elementor-grid-item\" role=\"listitem\">\n\t\t\t\t\t\t<div class=\"elementor-share-btn elementor-share-btn_linkedin\" role=\"button\" tabindex=\"0\" aria-label=\"Partager sur linkedin\">\n\t\t\t\t\t\t\t\t\t\t\t\t\t\t\t<span class=\"elementor-share-btn__icon\">\n\t\t\t\t\t\t\t\t<svg aria-hidden=\"true\" class=\"e-font-icon-svg e-fab-linkedin\" viewBox=\"0 0 448 512\" xmlns=\"http:\/\/www.w3.org\/2000\/svg\"><path d=\"M416 32H31.9C14.3 32 0 46.5 0 64.3v383.4C0 465.5 14.3 480 31.9 480H416c17.6 0 32-14.5 32-32.3V64.3c0-17.8-14.4-32.3-32-32.3zM135.4 416H69V202.2h66.5V416zm-33.2-243c-21.3 0-38.5-17.3-38.5-38.5S80.9 96 102.2 96c21.2 0 38.5 17.3 38.5 38.5 0 21.3-17.2 38.5-38.5 38.5zm282.1 243h-66.4V312c0-24.8-.5-56.7-34.5-56.7-34.6 0-39.9 27-39.9 54.9V416h-66.4V202.2h63.7v29.2h.9c8.9-16.8 30.6-34.5 62.9-34.5 67.2 0 79.7 44.3 79.7 101.9V416z\"><\/path><\/svg>\t\t\t\t\t\t\t<\/span>\n\t\t\t\t\t\t\t\t\t\t\t\t\t\t\t\t\t\t\t\t<\/div>\n\t\t\t\t\t<\/div>\n\t\t\t\t\t\t\t\t\t<div class=\"elementor-grid-item\" role=\"listitem\">\n\t\t\t\t\t\t<div class=\"elementor-share-btn elementor-share-btn_whatsapp\" role=\"button\" tabindex=\"0\" aria-label=\"Partager sur whatsapp\">\n\t\t\t\t\t\t\t\t\t\t\t\t\t\t\t<span class=\"elementor-share-btn__icon\">\n\t\t\t\t\t\t\t\t<svg aria-hidden=\"true\" class=\"e-font-icon-svg e-fab-whatsapp\" viewBox=\"0 0 448 512\" xmlns=\"http:\/\/www.w3.org\/2000\/svg\"><path d=\"M380.9 97.1C339 55.1 283.2 32 223.9 32c-122.4 0-222 99.6-222 222 0 39.1 10.2 77.3 29.6 111L0 480l117.7-30.9c32.4 17.7 68.9 27 106.1 27h.1c122.3 0 224.1-99.6 224.1-222 0-59.3-25.2-115-67.1-157zm-157 341.6c-33.2 0-65.7-8.9-94-25.7l-6.7-4-69.8 18.3L72 359.2l-4.4-7c-18.5-29.4-28.2-63.3-28.2-98.2 0-101.7 82.8-184.5 184.6-184.5 49.3 0 95.6 19.2 130.4 54.1 34.8 34.9 56.2 81.2 56.1 130.5 0 101.8-84.9 184.6-186.6 184.6zm101.2-138.2c-5.5-2.8-32.8-16.2-37.9-18-5.1-1.9-8.8-2.8-12.5 2.8-3.7 5.6-14.3 18-17.6 21.8-3.2 3.7-6.5 4.2-12 1.4-32.6-16.3-54-29.1-75.5-66-5.7-9.8 5.7-9.1 16.3-30.3 1.8-3.7.9-6.9-.5-9.7-1.4-2.8-12.5-30.1-17.1-41.2-4.5-10.8-9.1-9.3-12.5-9.5-3.2-.2-6.9-.2-10.6-.2-3.7 0-9.7 1.4-14.8 6.9-5.1 5.6-19.4 19-19.4 46.3 0 27.3 19.9 53.7 22.6 57.4 2.8 3.7 39.1 59.7 94.8 83.8 35.2 15.2 49 16.5 66.6 13.9 10.7-1.6 32.8-13.4 37.4-26.4 4.6-13 4.6-24.1 3.2-26.4-1.3-2.5-5-3.9-10.5-6.6z\"><\/path><\/svg>\t\t\t\t\t\t\t<\/span>\n\t\t\t\t\t\t\t\t\t\t\t\t\t\t\t\t\t\t\t\t<\/div>\n\t\t\t\t\t<\/div>\n\t\t\t\t\t\t<\/div>\n\t\t\t\t\t\t<\/div>\n\t\t\t\t<\/div>\n\t\t\t\t\t<\/div>\n\t\t\t\t<\/div>\n\t\t\t\t<\/div>\n\t\t","protected":false},"excerpt":{"rendered":"<p>Se rendre au MIO sur le Campus Technologique et Scientifique de Luminy Position GPS\u00a0: 43\u00b014&#8217;06.4&#8243;N 5\u00b026&#8217;26.8&#8243;EAdresse postale\u00a0:M.I.O. Institut M\u00e9diterran\u00e9en d\u2019Oc\u00e9anologie UMR 7294Campus de Luminy &#8211; OCEANOMEDB\u00e2timent M\u00e9diterran\u00e9e13288 MARSEILLE cedex 09 [&hellip;]<\/p>\n","protected":false},"author":319,"featured_media":4489,"parent":4681,"menu_order":5,"comment_status":"closed","ping_status":"closed","template":"","meta":{"_acf_changed":false,"footnotes":""},"class_list":["post-18611","page","type-page","status-publish","has-post-thumbnail","hentry"],"acf":[],"_links":{"self":[{"href":"https:\/\/www.mio.osupytheas.fr\/fr\/wp-json\/wp\/v2\/pages\/18611","targetHints":{"allow":["GET"]}}],"collection":[{"href":"https:\/\/www.mio.osupytheas.fr\/fr\/wp-json\/wp\/v2\/pages"}],"about":[{"href":"https:\/\/www.mio.osupytheas.fr\/fr\/wp-json\/wp\/v2\/types\/page"}],"author":[{"embeddable":true,"href":"https:\/\/www.mio.osupytheas.fr\/fr\/wp-json\/wp\/v2\/users\/319"}],"replies":[{"embeddable":true,"href":"https:\/\/www.mio.osupytheas.fr\/fr\/wp-json\/wp\/v2\/comments?post=18611"}],"version-history":[{"count":13,"href":"https:\/\/www.mio.osupytheas.fr\/fr\/wp-json\/wp\/v2\/pages\/18611\/revisions"}],"predecessor-version":[{"id":18630,"href":"https:\/\/www.mio.osupytheas.fr\/fr\/wp-json\/wp\/v2\/pages\/18611\/revisions\/18630"}],"up":[{"embeddable":true,"href":"https:\/\/www.mio.osupytheas.fr\/fr\/wp-json\/wp\/v2\/pages\/4681"}],"wp:featuredmedia":[{"embeddable":true,"href":"https:\/\/www.mio.osupytheas.fr\/fr\/wp-json\/wp\/v2\/media\/4489"}],"wp:attachment":[{"href":"https:\/\/www.mio.osupytheas.fr\/fr\/wp-json\/wp\/v2\/media?parent=18611"}],"curies":[{"name":"wp","href":"https:\/\/api.w.org\/{rel}","templated":true}]}}