{"id":20857,"date":"2025-04-07T21:27:31","date_gmt":"2025-04-07T19:27:31","guid":{"rendered":"https:\/\/www.mio.osupytheas.fr\/?page_id=20857"},"modified":"2025-04-07T21:38:58","modified_gmt":"2025-04-07T19:38:58","slug":"recherche-connexe","status":"publish","type":"page","link":"https:\/\/www.mio.osupytheas.fr\/fr\/recherche\/recherche-connexe\/","title":{"rendered":"Recherche connexe"},"content":{"rendered":"\t\t<div data-elementor-type=\"wp-page\" data-elementor-id=\"20857\" class=\"elementor elementor-20857\" data-elementor-post-type=\"page\">\n\t\t\t\t<div class=\"elementor-element elementor-element-19ded6e2 e-flex e-con-boxed e-con e-parent\" data-id=\"19ded6e2\" data-element_type=\"container\" data-e-type=\"container\" data-settings=\"{&quot;background_background&quot;:&quot;classic&quot;}\">\n\t\t\t\t\t<div class=\"e-con-inner\">\n\t\t<div class=\"elementor-element elementor-element-5025cd5b e-flex e-con-boxed e-con e-child\" data-id=\"5025cd5b\" data-element_type=\"container\" data-e-type=\"container\">\n\t\t\t\t\t<div class=\"e-con-inner\">\n\t\t\t\t<div class=\"elementor-element elementor-element-7ab88ab0 elementor-widget__width-initial elementor-widget elementor-widget-theme-post-title elementor-page-title elementor-widget-heading\" data-id=\"7ab88ab0\" data-element_type=\"widget\" data-e-type=\"widget\" data-widget_type=\"theme-post-title.default\">\n\t\t\t\t<div class=\"elementor-widget-container\">\n\t\t\t\t\t<h1 class=\"elementor-heading-title elementor-size-default\">Recherche connexe<\/h1>\t\t\t\t<\/div>\n\t\t\t\t<\/div>\n\t\t\t\t<div class=\"elementor-element elementor-element-70bc06b4 elementor-widget__width-initial breadcrumb elementor-widget elementor-widget-shortcode\" data-id=\"70bc06b4\" data-element_type=\"widget\" data-e-type=\"widget\" data-widget_type=\"shortcode.default\">\n\t\t\t\t<div class=\"elementor-widget-container\">\n\t\t\t\t\t\t\t<div class=\"elementor-shortcode\"><nav aria-label=\"breadcrumbs\">\n            <div class=\"breadcrumb-container theme1\">\n                <ol>\n                                    <\/ol>\n            <\/div>\n        <\/nav>    <script type=\"application\/ld+json\">\n        {\n            \"@context\": \"http:\/\/schema.org\",\n            \"@type\": \"BreadcrumbList\",\n            \"itemListElement\": [\n                            ]\n        }\n    <\/script>\n   \n    <script>\n            <\/script>\n <\/div>\n\t\t\t\t\t\t<\/div>\n\t\t\t\t<\/div>\n\t\t\t\t\t<\/div>\n\t\t\t\t<\/div>\n\t\t\t\t\t<\/div>\n\t\t\t\t<\/div>\n\t\t<div class=\"elementor-element elementor-element-8918eb5 e-flex e-con-boxed e-con e-parent\" data-id=\"8918eb5\" data-element_type=\"container\" data-e-type=\"container\">\n\t\t\t\t\t<div class=\"e-con-inner\">\n\t\t\t\t<div class=\"elementor-element elementor-element-d47833b elementor-widget elementor-widget-heading\" data-id=\"d47833b\" data-element_type=\"widget\" data-e-type=\"widget\" data-widget_type=\"heading.default\">\n\t\t\t\t<div class=\"elementor-widget-container\">\n\t\t\t\t\t<h3 class=\"elementor-heading-title elementor-size-default\">L\u2019Association Francophone d\u2019Ecologie Microbienne (AFEM)<\/h3>\t\t\t\t<\/div>\n\t\t\t\t<\/div>\n\t\t\t\t\t<\/div>\n\t\t\t\t<\/div>\n\t\t<div class=\"elementor-element elementor-element-06f6d6b e-flex e-con-boxed e-con e-parent\" data-id=\"06f6d6b\" data-element_type=\"container\" data-e-type=\"container\">\n\t\t\t\t\t<div class=\"e-con-inner\">\n\t\t<div class=\"elementor-element elementor-element-12308b6 e-con-full e-flex e-con e-child\" data-id=\"12308b6\" data-element_type=\"container\" data-e-type=\"container\">\n\t\t\t\t<div class=\"elementor-element elementor-element-86d7375 elementor-widget elementor-widget-text-editor\" data-id=\"86d7375\" data-element_type=\"widget\" data-e-type=\"widget\" data-widget_type=\"text-editor.default\">\n\t\t\t\t<div class=\"elementor-widget-container\">\n\t\t\t\t\t\t\t\t\t<div class=\"item texte-wrapper\"><div class=\"paragraph-title\"><p>\u00a0<\/p><p style=\"text-align: justify;\">L\u2019Association Francophone d\u2019Ecologie Microbienne (AFEM) est une association \u00e0 but non lucratif, fond\u00e9e en 2004 et r\u00e9gie par la loi de 1901.<\/p><\/div><div class=\"paragraph-content\"><p class=\"rtejustify\" style=\"text-align: justify;\">L\u2019AFEM vise \u00e0 rassembler les \u00e9cologues microbiens de France et des pays francophones travaillant sur les communaut\u00e9s de bact\u00e9ries, d\u2019arch\u00e9es, de micro-eucaryotes et\/ou de virus, avec pour ambition de favoriser les contacts et les partenariats scientifiques et \u00e0 promouvoir le transfert de connaissances en \u00e9cologie microbienne. Les sujets abord\u00e9s se veulent tr\u00e8s larges et visent \u00e0 mieux d\u00e9crire, comprendre, contr\u00f4ler, et valoriser les communaut\u00e9s microbiennes de la biosph\u00e8re, d\u2019un point de vue fondamental mais \u00e9galement appliqu\u00e9. Une des ambitions fortes de l\u2019AFEM est de promouvoir les jeunes chercheurs via des appels \u00e0 mobilit\u00e9 et en leur allouant un temps de parole significatif lors des colloques de l\u2019AFEM.<\/p><p>\u00a0<\/p><h4 class=\"rtejustify\"><a href=\"https:\/\/premc.org\/afem\/\" target=\"_blank\" rel=\"noopener\"><strong>Le site web<\/strong><\/a><\/h4><\/div><\/div>\t\t\t\t\t\t\t\t<\/div>\n\t\t\t\t<\/div>\n\t\t\t\t<\/div>\n\t\t<div class=\"elementor-element elementor-element-c265bec e-con-full e-flex e-con e-child\" data-id=\"c265bec\" data-element_type=\"container\" data-e-type=\"container\">\n\t\t\t\t<div class=\"elementor-element elementor-element-2208a94 elementor-widget elementor-widget-image\" data-id=\"2208a94\" data-element_type=\"widget\" data-e-type=\"widget\" data-widget_type=\"image.default\">\n\t\t\t\t<div class=\"elementor-widget-container\">\n\t\t\t\t\t\t\t\t\t\t\t\t\t\t\t<img fetchpriority=\"high\" decoding=\"async\" width=\"800\" height=\"600\" src=\"https:\/\/www.mio.osupytheas.fr\/wp-content\/uploads\/2025\/04\/logoafemweb.jpg\" class=\"attachment-1536x1536 size-1536x1536 wp-image-20860\" alt=\"Logo AFEM\" srcset=\"https:\/\/www.mio.osupytheas.fr\/wp-content\/uploads\/2025\/04\/logoafemweb.jpg 800w, https:\/\/www.mio.osupytheas.fr\/wp-content\/uploads\/2025\/04\/logoafemweb-300x225.jpg 300w, https:\/\/www.mio.osupytheas.fr\/wp-content\/uploads\/2025\/04\/logoafemweb-768x576.jpg 768w, https:\/\/www.mio.osupytheas.fr\/wp-content\/uploads\/2025\/04\/logoafemweb-16x12.jpg 16w\" sizes=\"(max-width: 800px) 100vw, 800px\" \/>\t\t\t\t\t\t\t\t\t\t\t\t\t\t\t<\/div>\n\t\t\t\t<\/div>\n\t\t\t\t<\/div>\n\t\t\t\t\t<\/div>\n\t\t\t\t<\/div>\n\t\t\t\t<\/div>\n\t\t","protected":false},"excerpt":{"rendered":"<p>L\u2019Association Francophone d\u2019Ecologie Microbienne (AFEM) \u00a0L\u2019Association Francophone d\u2019Ecologie Microbienne (AFEM) est une association \u00e0 but non lucratif, fond\u00e9e en 2004 et r\u00e9gie par la loi de 1901.L\u2019AFEM vise \u00e0 rassembler [&hellip;]<\/p>\n","protected":false},"author":319,"featured_media":4489,"parent":4673,"menu_order":6,"comment_status":"closed","ping_status":"closed","template":"","meta":{"_acf_changed":false,"footnotes":""},"class_list":["post-20857","page","type-page","status-publish","has-post-thumbnail","hentry"],"acf":[],"_links":{"self":[{"href":"https:\/\/www.mio.osupytheas.fr\/fr\/wp-json\/wp\/v2\/pages\/20857","targetHints":{"allow":["GET"]}}],"collection":[{"href":"https:\/\/www.mio.osupytheas.fr\/fr\/wp-json\/wp\/v2\/pages"}],"about":[{"href":"https:\/\/www.mio.osupytheas.fr\/fr\/wp-json\/wp\/v2\/types\/page"}],"author":[{"embeddable":true,"href":"https:\/\/www.mio.osupytheas.fr\/fr\/wp-json\/wp\/v2\/users\/319"}],"replies":[{"embeddable":true,"href":"https:\/\/www.mio.osupytheas.fr\/fr\/wp-json\/wp\/v2\/comments?post=20857"}],"version-history":[{"count":10,"href":"https:\/\/www.mio.osupytheas.fr\/fr\/wp-json\/wp\/v2\/pages\/20857\/revisions"}],"predecessor-version":[{"id":20869,"href":"https:\/\/www.mio.osupytheas.fr\/fr\/wp-json\/wp\/v2\/pages\/20857\/revisions\/20869"}],"up":[{"embeddable":true,"href":"https:\/\/www.mio.osupytheas.fr\/fr\/wp-json\/wp\/v2\/pages\/4673"}],"wp:featuredmedia":[{"embeddable":true,"href":"https:\/\/www.mio.osupytheas.fr\/fr\/wp-json\/wp\/v2\/media\/4489"}],"wp:attachment":[{"href":"https:\/\/www.mio.osupytheas.fr\/fr\/wp-json\/wp\/v2\/media?parent=20857"}],"curies":[{"name":"wp","href":"https:\/\/api.w.org\/{rel}","templated":true}]}}