{"id":2538,"date":"2024-02-28T17:18:31","date_gmt":"2024-02-28T16:18:31","guid":{"rendered":"https:\/\/www.mio.osupytheas.fr\/?page_id=2538"},"modified":"2024-09-10T09:44:28","modified_gmt":"2024-09-10T07:44:28","slug":"appels-doffres","status":"publish","type":"page","link":"https:\/\/www.mio.osupytheas.fr\/fr\/appels-doffres\/","title":{"rendered":"Appels d&#8217;offres"},"content":{"rendered":"\t\t<div data-elementor-type=\"wp-page\" data-elementor-id=\"2538\" class=\"elementor elementor-2538\" data-elementor-post-type=\"page\">\n\t\t\t\t<div class=\"elementor-element elementor-element-2727052 e-flex e-con-boxed e-con e-parent\" data-id=\"2727052\" data-element_type=\"container\" data-e-type=\"container\" data-settings=\"{&quot;background_background&quot;:&quot;classic&quot;}\">\n\t\t\t\t\t<div class=\"e-con-inner\">\n\t\t<div class=\"elementor-element elementor-element-1ee37e54 e-flex e-con-boxed e-con e-child\" data-id=\"1ee37e54\" data-element_type=\"container\" data-e-type=\"container\">\n\t\t\t\t\t<div class=\"e-con-inner\">\n\t\t\t\t<div class=\"elementor-element elementor-element-3169383e elementor-widget__width-initial elementor-widget elementor-widget-theme-post-title elementor-page-title elementor-widget-heading\" data-id=\"3169383e\" data-element_type=\"widget\" data-e-type=\"widget\" data-widget_type=\"theme-post-title.default\">\n\t\t\t\t<div class=\"elementor-widget-container\">\n\t\t\t\t\t<h1 class=\"elementor-heading-title elementor-size-default\">Appels d&#8217;offres<\/h1>\t\t\t\t<\/div>\n\t\t\t\t<\/div>\n\t\t\t\t<div class=\"elementor-element elementor-element-2d1bd531 elementor-widget__width-initial breadcrumb elementor-widget elementor-widget-shortcode\" data-id=\"2d1bd531\" data-element_type=\"widget\" data-e-type=\"widget\" data-widget_type=\"shortcode.default\">\n\t\t\t\t<div class=\"elementor-widget-container\">\n\t\t\t\t\t\t\t<div class=\"elementor-shortcode\"><nav aria-label=\"breadcrumbs\">\n            <div class=\"breadcrumb-container theme1\">\n                <ol>\n                                    <\/ol>\n            <\/div>\n        <\/nav>    <script type=\"application\/ld+json\">\n        {\n            \"@context\": \"http:\/\/schema.org\",\n            \"@type\": \"BreadcrumbList\",\n            \"itemListElement\": [\n                            ]\n        }\n    <\/script>\n   \n    <script>\n            <\/script>\n <\/div>\n\t\t\t\t\t\t<\/div>\n\t\t\t\t<\/div>\n\t\t\t\t\t<\/div>\n\t\t\t\t<\/div>\n\t\t\t\t\t<\/div>\n\t\t\t\t<\/div>\n\t\t<div class=\"elementor-element elementor-element-1a3a64b e-flex e-con-boxed e-con e-child\" data-id=\"1a3a64b\" data-element_type=\"container\" data-e-type=\"container\">\n\t\t\t\t\t<div class=\"e-con-inner\">\n\t\t\t\t<div class=\"elementor-element elementor-element-67031f0 elementor-widget-tablet__width-auto elementor-grid-laptop-3 elementor-grid-3 elementor-grid-tablet-2 elementor-grid-mobile-1 elementor-posts--thumbnail-top elementor-widget elementor-widget-posts\" data-id=\"67031f0\" data-element_type=\"widget\" data-e-type=\"widget\" id=\"offers-page\" data-settings=\"{&quot;appels_offres_mio_row_gap&quot;:{&quot;unit&quot;:&quot;px&quot;,&quot;size&quot;:30,&quot;sizes&quot;:[]},&quot;pagination_type&quot;:&quot;numbers_and_prev_next&quot;,&quot;appels_offres_mio_columns_laptop&quot;:&quot;3&quot;,&quot;appels_offres_mio_row_gap_mobile&quot;:{&quot;unit&quot;:&quot;px&quot;,&quot;size&quot;:0,&quot;sizes&quot;:[]},&quot;appels_offres_mio_columns&quot;:&quot;3&quot;,&quot;appels_offres_mio_columns_tablet&quot;:&quot;2&quot;,&quot;appels_offres_mio_columns_mobile&quot;:&quot;1&quot;,&quot;appels_offres_mio_row_gap_laptop&quot;:{&quot;unit&quot;:&quot;px&quot;,&quot;size&quot;:&quot;&quot;,&quot;sizes&quot;:[]},&quot;appels_offres_mio_row_gap_tablet&quot;:{&quot;unit&quot;:&quot;px&quot;,&quot;size&quot;:&quot;&quot;,&quot;sizes&quot;:[]}}\" data-widget_type=\"posts.appels-offres-mio\">\n\t\t\t\t<div class=\"elementor-widget-container\">\n\t\t\t\t\t\t\t<div class=\"elementor-posts-container elementor-posts elementor-posts--skin-appels-offres-mio elementor-grid\" role=\"list\">\n\t\t<div class=\"start-offers\">\t\t<article class=\"elementor-post elementor-grid-item post-22860 appel_offre type-appel_offre status-publish hentry\" role=\"listitem\">\n\t\t        <a href=\"https:\/\/www.mio.osupytheas.fr\/fr\/appel_offre\/pre-annonce-appel-a-projets-transnational-conjoint-water4all-2025-eau-et-sante\/\" class=\"elementor-post__text\">\n            <div class=\"date-limite\" > Jusqu'au 13 avril 2026<\/div>        <span class=\"elementor-post__title\">\n            Appel \u00e0 projets Transnational Conjoint Water4All 2025 \u00ab Eau et sant\u00e9 \u00bb        <\/span>\n        \t\t<div class=\"elementor-post__excerpt\">\n\t\t\t<p>Le partenariat europ\u00e9en Water4All \u2013 Water Security for the Planet, cofinanc\u00e9 par l&#8217;Union europ\u00e9enne dans le cadre du programme Horizon Europe, \u00e0 lanc\u00e9 son quatri\u00e8me appel transnational conjoint sur \u00ab<\/p>\n\t\t<\/div>\n\t\t<div class=\"read-more\">\n            <p class=\"elementor-post__read-more\" aria-label=\"En savoir plus sur Appel \u00e0 projets Transnational Conjoint Water4All 2025 \u00ab Eau et sant\u00e9 \u00bb\">\n                Lire la suite             <\/p>\n\n            <i class=\"fa fa-long-arrow-right\" aria-hidden=\"true\"><\/i><\/div>        <\/a>\n        \t\t<\/article>\n\t\t<\/div> <div class=\"start-offers\">\t\t<article class=\"elementor-post elementor-grid-item post-25528 appel_offre type-appel_offre status-publish hentry\" role=\"listitem\">\n\t\t        <a href=\"https:\/\/www.mio.osupytheas.fr\/fr\/appel_offre\/item-appel-a-projets-starter-evenements-2026\/\" class=\"elementor-post__text\">\n            <div class=\"date-limite\" > Jusqu'au 13 avril 2026<\/div>        <span class=\"elementor-post__title\">\n            ITEM &#8211; Appel \u00e0 Projets Starter &#038;  \u00c9v\u00e9nements 2026        <\/span>\n        \t\t<div class=\"elementor-post__excerpt\">\n\t\t\t<p>Renforcer la recherche exploratoire pour la transition environnementale en M\u00e9diterran\u00e9e. Retour des propositions le 13 avril 2026. &nbsp; Les projets devront : \u00catre port\u00e9s par un chercheur ou enseignant-chercheur rattach\u00e9<\/p>\n\t\t<\/div>\n\t\t<div class=\"read-more\">\n            <p class=\"elementor-post__read-more\" aria-label=\"En savoir plus sur ITEM &#8211; Appel \u00e0 Projets Starter &#038;  \u00c9v\u00e9nements 2026\">\n                Lire la suite             <\/p>\n\n            <i class=\"fa fa-long-arrow-right\" aria-hidden=\"true\"><\/i><\/div>        <\/a>\n        \t\t<\/article>\n\t\t<\/div> <div class=\"start-offers\">\t\t<article class=\"elementor-post elementor-grid-item post-22716 appel_offre type-appel_offre status-publish hentry\" role=\"listitem\">\n\t\t        <a href=\"https:\/\/www.mio.osupytheas.fr\/fr\/appel_offre\/2026-biodivconnect-restauration-de-la-fonctionnalite-de-lintegrite-et-de-la-connectivite-des-ecosystemes-biodiversa-2026\/\" class=\"elementor-post__text\">\n            <div class=\"date-limite\" > Jusqu'au 14 avril 2026<\/div>        <span class=\"elementor-post__title\">\n            2026 BiodivConnect &#8211; Restauration de la fonctionnalit\u00e9, de l\u2019int\u00e9grit\u00e9 et de la connectivit\u00e9 des \u00e9cosyst\u00e8mes &#8211; Biodiversa+ 2026        <\/span>\n        \t\t<div class=\"elementor-post__excerpt\">\n\t\t\t<p>Limite de d\u00e9p\u00f4t des propositions d\u00e9taill\u00e9es\u00a0: 14 avril 2026 \u00e0 12:00 CEST. L\u2019appel BiodivConnect est lanc\u00e9 par le partenariat europ\u00e9en pour la biodiversit\u00e9 dans le cadre d\u2019Horizon Europe \u2013 Biodiversa+.<\/p>\n\t\t<\/div>\n\t\t<div class=\"read-more\">\n            <p class=\"elementor-post__read-more\" aria-label=\"En savoir plus sur 2026 BiodivConnect &#8211; Restauration de la fonctionnalit\u00e9, de l\u2019int\u00e9grit\u00e9 et de la connectivit\u00e9 des \u00e9cosyst\u00e8mes &#8211; Biodiversa+ 2026\">\n                Lire la suite             <\/p>\n\n            <i class=\"fa fa-long-arrow-right\" aria-hidden=\"true\"><\/i><\/div>        <\/a>\n        \t\t<\/article>\n\t\t<\/div> <div class=\"start-offers\">\t\t<article class=\"elementor-post elementor-grid-item post-25819 appel_offre type-appel_offre status-publish hentry\" role=\"listitem\">\n\t\t        <a href=\"https:\/\/www.mio.osupytheas.fr\/fr\/appel_offre\/oceans-mondes-sociaux-mondes-vivants-appel-a-projets-2026\/\" class=\"elementor-post__text\">\n            <div class=\"date-limite\" > Jusqu'au 15 avril 2026<\/div>        <span class=\"elementor-post__title\">\n            Oc\u00e9ans &#8211; Mondes sociaux, mondes vivants &#8211; Appel \u00e0 projets 2026        <\/span>\n        \t\t<div class=\"elementor-post__excerpt\">\n\t\t\t<p>Date limite de candidature : 15 avril 202. Dans le cadre de son nouveau programme \u00ab Oc\u00e9ans \u00bb, la Fondation Maison des Sciences de l\u2019Homme (FMSH) lance un deuxi\u00e8me appel<\/p>\n\t\t<\/div>\n\t\t<div class=\"read-more\">\n            <p class=\"elementor-post__read-more\" aria-label=\"En savoir plus sur Oc\u00e9ans &#8211; Mondes sociaux, mondes vivants &#8211; Appel \u00e0 projets 2026\">\n                Lire la suite             <\/p>\n\n            <i class=\"fa fa-long-arrow-right\" aria-hidden=\"true\"><\/i><\/div>        <\/a>\n        \t\t<\/article>\n\t\t<\/div> <div class=\"start-offers\">\t\t<article class=\"elementor-post elementor-grid-item post-25512 appel_offre type-appel_offre status-publish hentry\" role=\"listitem\">\n\t\t        <a href=\"https:\/\/www.mio.osupytheas.fr\/fr\/appel_offre\/item-aap-transition-en-action-2026\/\" class=\"elementor-post__text\">\n            <div class=\"date-limite\" > Jusqu'au 27 avril 2026<\/div>        <span class=\"elementor-post__title\">\n            ITEM : AAP Transition en action 2026        <\/span>\n        \t\t<div class=\"elementor-post__excerpt\">\n\t\t\t<p>&nbsp; Cl\u00f4ture de l&#8217;AAP : 27 avril 2026. L\u2019Institut M\u00e9diterran\u00e9en pour la Transition Environnementale (ITEM) lance la sixi\u00e8me \u00e9dition de son appel \u00e0 propositions phare \u00ab Transition en Action \u00bb.<\/p>\n\t\t<\/div>\n\t\t<div class=\"read-more\">\n            <p class=\"elementor-post__read-more\" aria-label=\"En savoir plus sur ITEM : AAP Transition en action 2026\">\n                Lire la suite             <\/p>\n\n            <i class=\"fa fa-long-arrow-right\" aria-hidden=\"true\"><\/i><\/div>        <\/a>\n        \t\t<\/article>\n\t\t<\/div> <div class=\"start-offers\">\t\t<article class=\"elementor-post elementor-grid-item post-25679 appel_offre type-appel_offre status-publish hentry\" role=\"listitem\">\n\t\t        <a href=\"https:\/\/www.mio.osupytheas.fr\/fr\/appel_offre\/appel-a-initiatives-transition-environnementale-edition-2026\/\" class=\"elementor-post__text\">\n            <div class=\"date-limite\" > Jusqu'au 27 avril 2026<\/div>        <span class=\"elementor-post__title\">\n            Appel \u00e0 initiatives transition environnementale \u00e9dition 2026        <\/span>\n        \t\t<div class=\"elementor-post__excerpt\">\n\t\t\t<p>Cl\u00f4ture de l\u2019appel \u00e0 initiatives : 27 avril 2026. L&#8217;appel \u00e0 initiatives transition environnementale du CNRS a pour objet de permettre \u00e0 des unit\u00e9s de recherche ou d&#8217;appui \u00e0 la<\/p>\n\t\t<\/div>\n\t\t<div class=\"read-more\">\n            <p class=\"elementor-post__read-more\" aria-label=\"En savoir plus sur Appel \u00e0 initiatives transition environnementale \u00e9dition 2026\">\n                Lire la suite             <\/p>\n\n            <i class=\"fa fa-long-arrow-right\" aria-hidden=\"true\"><\/i><\/div>        <\/a>\n        \t\t<\/article>\n\t\t<\/div> <div class=\"start-offers\">\t\t<article class=\"elementor-post elementor-grid-item post-25138 appel_offre type-appel_offre status-publish hentry\" role=\"listitem\">\n\t\t        <a href=\"https:\/\/www.mio.osupytheas.fr\/fr\/appel_offre\/prix-du-college-de-france-2026\/\" class=\"elementor-post__text\">\n            <div class=\"date-limite\" > Jusqu'au 30 avril 2026<\/div>        <span class=\"elementor-post__title\">\n            Prix du Coll\u00e8ge de France 2026        <\/span>\n        \t\t<div class=\"elementor-post__excerpt\">\n\t\t\t<p>Date limite des candidatures : 30 avril 2026. Le prix du Coll\u00e8ge de France pour les jeunes chercheuses et les jeunes chercheurs 2026 sera attribu\u00e9 dans le domaine des math\u00e9matiques<\/p>\n\t\t<\/div>\n\t\t<div class=\"read-more\">\n            <p class=\"elementor-post__read-more\" aria-label=\"En savoir plus sur Prix du Coll\u00e8ge de France 2026\">\n                Lire la suite             <\/p>\n\n            <i class=\"fa fa-long-arrow-right\" aria-hidden=\"true\"><\/i><\/div>        <\/a>\n        \t\t<\/article>\n\t\t<\/div> <div class=\"start-offers\">\t\t<article class=\"elementor-post elementor-grid-item post-25683 appel_offre type-appel_offre status-publish hentry\" role=\"listitem\">\n\t\t        <a href=\"https:\/\/www.mio.osupytheas.fr\/fr\/appel_offre\/appel-a-candidature-directeur-ou-directrice-de-linstitut-national-des-sciences-de-lunivers-du-cnrs\/\" class=\"elementor-post__text\">\n            <div class=\"date-limite\" > Jusqu'au 30 avril 2026<\/div>        <span class=\"elementor-post__title\">\n            Appel \u00e0 candidature Directeur ou directrice de l&#8217;Institut national des sciences de l&#8217;Univers du CNRS        <\/span>\n        \t\t<div class=\"elementor-post__excerpt\">\n\t\t\t<p>Date limite de candidature : 30 avril 2026. Le poste de directeur ou directrice de l&#8217;INSU est \u00e0 pourvoir : entour\u00e9 d&#8217;une \u00e9quipe de direction, le directeur \/ la directrice<\/p>\n\t\t<\/div>\n\t\t<div class=\"read-more\">\n            <p class=\"elementor-post__read-more\" aria-label=\"En savoir plus sur Appel \u00e0 candidature Directeur ou directrice de l&#8217;Institut national des sciences de l&#8217;Univers du CNRS\">\n                Lire la suite             <\/p>\n\n            <i class=\"fa fa-long-arrow-right\" aria-hidden=\"true\"><\/i><\/div>        <\/a>\n        \t\t<\/article>\n\t\t<\/div> <div class=\"start-offers\">\t\t<article class=\"elementor-post elementor-grid-item post-25175 appel_offre type-appel_offre status-publish hentry\" role=\"listitem\">\n\t\t        <a href=\"https:\/\/www.mio.osupytheas.fr\/fr\/appel_offre\/appel-a-projets-2026-ecoconception-cnrs-miti\/\" class=\"elementor-post__text\">\n            <div class=\"date-limite\" > Jusqu'au 5 mai 2026<\/div>        <span class=\"elementor-post__title\">\n            Appel \u00e0 projets 2026 \u00c9coconception CNRS-MITI        <\/span>\n        \t\t<div class=\"elementor-post__excerpt\">\n\t\t\t<p>Date limite de soumission : 5 mai 2026. En 2026, le CNRS lance un appel \u00e0 projet sur la th\u00e9matique de l\u2019\u00e9coconception port\u00e9 conjointement par la Mission pour les initiatives<\/p>\n\t\t<\/div>\n\t\t<div class=\"read-more\">\n            <p class=\"elementor-post__read-more\" aria-label=\"En savoir plus sur Appel \u00e0 projets 2026 \u00c9coconception CNRS-MITI\">\n                Lire la suite             <\/p>\n\n            <i class=\"fa fa-long-arrow-right\" aria-hidden=\"true\"><\/i><\/div>        <\/a>\n        \t\t<\/article>\n\t\t<\/div> <div class=\"start-offers\">\t\t<article class=\"elementor-post elementor-grid-item post-25851 appel_offre type-appel_offre status-publish hentry\" role=\"listitem\">\n\t\t        <a href=\"https:\/\/www.mio.osupytheas.fr\/fr\/appel_offre\/aap-antedon-s02-2026\/\" class=\"elementor-post__text\">\n            <div class=\"date-limite\" > Jusqu'au 10 mai 2026<\/div>        <span class=\"elementor-post__title\">\n            AAP Ant\u00e9don S02 2026        <\/span>\n        \t\t<div class=\"elementor-post__excerpt\">\n\t\t\t<p>D\u00e9p\u00f4t ouvert du 1er avril 2026 au 10 mai 2026. Modifications possibles jusqu&#8217;au 10 mai 2026 Cet appel \u00e0 projet concerne l\u2019activit\u00e9 du second semestre de l\u2019ann\u00e9e 2026 pour l\u2019ensemble<\/p>\n\t\t<\/div>\n\t\t<div class=\"read-more\">\n            <p class=\"elementor-post__read-more\" aria-label=\"En savoir plus sur AAP Ant\u00e9don S02 2026\">\n                Lire la suite             <\/p>\n\n            <i class=\"fa fa-long-arrow-right\" aria-hidden=\"true\"><\/i><\/div>        <\/a>\n        \t\t<\/article>\n\t\t<\/div> <div class=\"start-offers\">\t\t<article class=\"elementor-post elementor-grid-item post-25533 appel_offre type-appel_offre status-publish hentry\" role=\"listitem\">\n\t\t        <a href=\"https:\/\/www.mio.osupytheas.fr\/fr\/appel_offre\/programme-germaine-de-stael-2027\/\" class=\"elementor-post__text\">\n            <div class=\"date-limite\" > Jusqu'au 12 mai 2026<\/div>        <span class=\"elementor-post__title\">\n            Programme Germaine de Sta\u00ebl 2027        <\/span>\n        \t\t<div class=\"elementor-post__excerpt\">\n\t\t\t<p>Date limite de d\u00e9p\u00f4t des dossiers de candidature : 12 mai 2026. Germaine de Sta\u00ebl est le Partenariat Hubert Curien (PHC) franco-suisse. Il est mis en \u0153uvre en Suisse par<\/p>\n\t\t<\/div>\n\t\t<div class=\"read-more\">\n            <p class=\"elementor-post__read-more\" aria-label=\"En savoir plus sur Programme Germaine de Sta\u00ebl 2027\">\n                Lire la suite             <\/p>\n\n            <i class=\"fa fa-long-arrow-right\" aria-hidden=\"true\"><\/i><\/div>        <\/a>\n        \t\t<\/article>\n\t\t<\/div> <div class=\"start-offers\">\t\t<article class=\"elementor-post elementor-grid-item post-24810 appel_offre type-appel_offre status-publish hentry\" role=\"listitem\">\n\t\t        <a href=\"https:\/\/www.mio.osupytheas.fr\/fr\/appel_offre\/launch-of-irp-and-irn-2026-calls-for-proposals\/\" class=\"elementor-post__text\">\n            <div class=\"date-limite\" > Jusqu'au 15 mai 2026<\/div>        <span class=\"elementor-post__title\">\n            Launch of IRP and IRN 2026 calls for proposals        <\/span>\n        \t\t<div class=\"elementor-post__excerpt\">\n\t\t\t<p>May 15, 2026 (4 p.m., Paris time) : Deadline for submitting applications on the dedicated NOA platform. The European and International Affairs Department (DEI) of the CNRS, in close collaboration<\/p>\n\t\t<\/div>\n\t\t<div class=\"read-more\">\n            <p class=\"elementor-post__read-more\" aria-label=\"En savoir plus sur Launch of IRP and IRN 2026 calls for proposals\">\n                Lire la suite             <\/p>\n\n            <i class=\"fa fa-long-arrow-right\" aria-hidden=\"true\"><\/i><\/div>        <\/a>\n        \t\t<\/article>\n\t\t<\/div> \t\t<\/div>\n\t\t\n\t\t\t\t<div class=\"e-load-more-anchor\" data-page=\"1\" data-max-page=\"3\" data-next-page=\"https:\/\/www.mio.osupytheas.fr\/fr\/wp-json\/wp\/v2\/pages\/2538\/page\/2\/\"><\/div>\n\t\t\t\t<nav class=\"elementor-pagination\" aria-label=\"Pagination\">\n\t\t\t<span class=\"page-numbers prev\">< Pr\u00e9c\u00e9dent<\/span>\n<span aria-current=\"page\" class=\"page-numbers current\"><span class=\"elementor-screen-only\">Page<\/span>1<\/span>\n<a class=\"page-numbers\" href=\"https:\/\/www.mio.osupytheas.fr\/fr\/wp-json\/wp\/v2\/pages\/2538\/page\/2\/\"><span class=\"elementor-screen-only\">Page<\/span>2<\/a>\n<a class=\"page-numbers next\" href=\"https:\/\/www.mio.osupytheas.fr\/fr\/wp-json\/wp\/v2\/pages\/2538\/page\/2\/\">Suivant ><\/a>\t\t<\/nav>\n\t\t\t\t\t\t<\/div>\n\t\t\t\t<\/div>\n\t\t\t\t\t<\/div>\n\t\t\t\t<\/div>\n\t\t<div class=\"elementor-element elementor-element-c4491df e-flex e-con-boxed e-con e-parent\" data-id=\"c4491df\" data-element_type=\"container\" data-e-type=\"container\">\n\t\t\t\t\t<div class=\"e-con-inner\">\n\t\t\t\t<div class=\"elementor-element elementor-element-b8f6c5f elementor-widget elementor-widget-heading\" data-id=\"b8f6c5f\" data-element_type=\"widget\" data-e-type=\"widget\" data-widget_type=\"heading.default\">\n\t\t\t\t<div class=\"elementor-widget-container\">\n\t\t\t\t\t<span class=\"elementor-heading-title elementor-size-default\">Partager sur :<\/span>\t\t\t\t<\/div>\n\t\t\t\t<\/div>\n\t\t\t\t<div class=\"elementor-element elementor-element-fa4aeb0 elementor-share-buttons--view-icon elementor-share-buttons--shape-circle elementor-widget__width-auto elementor-share-buttons--skin-gradient elementor-grid-0 elementor-share-buttons--color-official elementor-widget elementor-widget-share-buttons\" data-id=\"fa4aeb0\" data-element_type=\"widget\" data-e-type=\"widget\" data-widget_type=\"share-buttons.default\">\n\t\t\t\t<div class=\"elementor-widget-container\">\n\t\t\t\t\t\t\t<div class=\"elementor-grid\" role=\"list\">\n\t\t\t\t\t\t\t\t<div class=\"elementor-grid-item\" role=\"listitem\">\n\t\t\t\t\t\t<div class=\"elementor-share-btn elementor-share-btn_facebook\" role=\"button\" tabindex=\"0\" aria-label=\"Partager sur facebook\">\n\t\t\t\t\t\t\t\t\t\t\t\t\t\t\t<span class=\"elementor-share-btn__icon\">\n\t\t\t\t\t\t\t\t<svg aria-hidden=\"true\" class=\"e-font-icon-svg e-fab-facebook\" viewBox=\"0 0 512 512\" xmlns=\"http:\/\/www.w3.org\/2000\/svg\"><path d=\"M504 256C504 119 393 8 256 8S8 119 8 256c0 123.78 90.69 226.38 209.25 245V327.69h-63V256h63v-54.64c0-62.15 37-96.48 93.67-96.48 27.14 0 55.52 4.84 55.52 4.84v61h-31.28c-30.8 0-40.41 19.12-40.41 38.73V256h68.78l-11 71.69h-57.78V501C413.31 482.38 504 379.78 504 256z\"><\/path><\/svg>\t\t\t\t\t\t\t<\/span>\n\t\t\t\t\t\t\t\t\t\t\t\t\t\t\t\t\t\t\t\t<\/div>\n\t\t\t\t\t<\/div>\n\t\t\t\t\t\t\t\t\t<div class=\"elementor-grid-item\" role=\"listitem\">\n\t\t\t\t\t\t<div class=\"elementor-share-btn elementor-share-btn_twitter\" role=\"button\" tabindex=\"0\" aria-label=\"Partager sur twitter\">\n\t\t\t\t\t\t\t\t\t\t\t\t\t\t\t<span class=\"elementor-share-btn__icon\">\n\t\t\t\t\t\t\t\t<svg aria-hidden=\"true\" class=\"e-font-icon-svg e-fab-twitter\" viewBox=\"0 0 512 512\" xmlns=\"http:\/\/www.w3.org\/2000\/svg\"><path d=\"M459.37 151.716c.325 4.548.325 9.097.325 13.645 0 138.72-105.583 298.558-298.558 298.558-59.452 0-114.68-17.219-161.137-47.106 8.447.974 16.568 1.299 25.34 1.299 49.055 0 94.213-16.568 130.274-44.832-46.132-.975-84.792-31.188-98.112-72.772 6.498.974 12.995 1.624 19.818 1.624 9.421 0 18.843-1.3 27.614-3.573-48.081-9.747-84.143-51.98-84.143-102.985v-1.299c13.969 7.797 30.214 12.67 47.431 13.319-28.264-18.843-46.781-51.005-46.781-87.391 0-19.492 5.197-37.36 14.294-52.954 51.655 63.675 129.3 105.258 216.365 109.807-1.624-7.797-2.599-15.918-2.599-24.04 0-57.828 46.782-104.934 104.934-104.934 30.213 0 57.502 12.67 76.67 33.137 23.715-4.548 46.456-13.32 66.599-25.34-7.798 24.366-24.366 44.833-46.132 57.827 21.117-2.273 41.584-8.122 60.426-16.243-14.292 20.791-32.161 39.308-52.628 54.253z\"><\/path><\/svg>\t\t\t\t\t\t\t<\/span>\n\t\t\t\t\t\t\t\t\t\t\t\t\t\t\t\t\t\t\t\t<\/div>\n\t\t\t\t\t<\/div>\n\t\t\t\t\t\t\t\t\t<div class=\"elementor-grid-item\" role=\"listitem\">\n\t\t\t\t\t\t<div class=\"elementor-share-btn elementor-share-btn_linkedin\" role=\"button\" tabindex=\"0\" aria-label=\"Partager sur linkedin\">\n\t\t\t\t\t\t\t\t\t\t\t\t\t\t\t<span class=\"elementor-share-btn__icon\">\n\t\t\t\t\t\t\t\t<svg aria-hidden=\"true\" class=\"e-font-icon-svg e-fab-linkedin\" viewBox=\"0 0 448 512\" xmlns=\"http:\/\/www.w3.org\/2000\/svg\"><path d=\"M416 32H31.9C14.3 32 0 46.5 0 64.3v383.4C0 465.5 14.3 480 31.9 480H416c17.6 0 32-14.5 32-32.3V64.3c0-17.8-14.4-32.3-32-32.3zM135.4 416H69V202.2h66.5V416zm-33.2-243c-21.3 0-38.5-17.3-38.5-38.5S80.9 96 102.2 96c21.2 0 38.5 17.3 38.5 38.5 0 21.3-17.2 38.5-38.5 38.5zm282.1 243h-66.4V312c0-24.8-.5-56.7-34.5-56.7-34.6 0-39.9 27-39.9 54.9V416h-66.4V202.2h63.7v29.2h.9c8.9-16.8 30.6-34.5 62.9-34.5 67.2 0 79.7 44.3 79.7 101.9V416z\"><\/path><\/svg>\t\t\t\t\t\t\t<\/span>\n\t\t\t\t\t\t\t\t\t\t\t\t\t\t\t\t\t\t\t\t<\/div>\n\t\t\t\t\t<\/div>\n\t\t\t\t\t\t\t\t\t<div class=\"elementor-grid-item\" role=\"listitem\">\n\t\t\t\t\t\t<div class=\"elementor-share-btn elementor-share-btn_whatsapp\" role=\"button\" tabindex=\"0\" aria-label=\"Partager sur whatsapp\">\n\t\t\t\t\t\t\t\t\t\t\t\t\t\t\t<span class=\"elementor-share-btn__icon\">\n\t\t\t\t\t\t\t\t<svg aria-hidden=\"true\" class=\"e-font-icon-svg e-fab-whatsapp\" viewBox=\"0 0 448 512\" xmlns=\"http:\/\/www.w3.org\/2000\/svg\"><path d=\"M380.9 97.1C339 55.1 283.2 32 223.9 32c-122.4 0-222 99.6-222 222 0 39.1 10.2 77.3 29.6 111L0 480l117.7-30.9c32.4 17.7 68.9 27 106.1 27h.1c122.3 0 224.1-99.6 224.1-222 0-59.3-25.2-115-67.1-157zm-157 341.6c-33.2 0-65.7-8.9-94-25.7l-6.7-4-69.8 18.3L72 359.2l-4.4-7c-18.5-29.4-28.2-63.3-28.2-98.2 0-101.7 82.8-184.5 184.6-184.5 49.3 0 95.6 19.2 130.4 54.1 34.8 34.9 56.2 81.2 56.1 130.5 0 101.8-84.9 184.6-186.6 184.6zm101.2-138.2c-5.5-2.8-32.8-16.2-37.9-18-5.1-1.9-8.8-2.8-12.5 2.8-3.7 5.6-14.3 18-17.6 21.8-3.2 3.7-6.5 4.2-12 1.4-32.6-16.3-54-29.1-75.5-66-5.7-9.8 5.7-9.1 16.3-30.3 1.8-3.7.9-6.9-.5-9.7-1.4-2.8-12.5-30.1-17.1-41.2-4.5-10.8-9.1-9.3-12.5-9.5-3.2-.2-6.9-.2-10.6-.2-3.7 0-9.7 1.4-14.8 6.9-5.1 5.6-19.4 19-19.4 46.3 0 27.3 19.9 53.7 22.6 57.4 2.8 3.7 39.1 59.7 94.8 83.8 35.2 15.2 49 16.5 66.6 13.9 10.7-1.6 32.8-13.4 37.4-26.4 4.6-13 4.6-24.1 3.2-26.4-1.3-2.5-5-3.9-10.5-6.6z\"><\/path><\/svg>\t\t\t\t\t\t\t<\/span>\n\t\t\t\t\t\t\t\t\t\t\t\t\t\t\t\t\t\t\t\t<\/div>\n\t\t\t\t\t<\/div>\n\t\t\t\t\t\t<\/div>\n\t\t\t\t\t\t<\/div>\n\t\t\t\t<\/div>\n\t\t\t\t\t<\/div>\n\t\t\t\t<\/div>\n\t\t\t\t<\/div>\n\t\t","protected":false},"excerpt":{"rendered":"<p>Partager sur :<\/p>\n","protected":false},"author":1,"featured_media":4489,"parent":0,"menu_order":0,"comment_status":"closed","ping_status":"closed","template":"","meta":{"_acf_changed":false,"footnotes":""},"class_list":["post-2538","page","type-page","status-publish","has-post-thumbnail","hentry"],"acf":[],"_links":{"self":[{"href":"https:\/\/www.mio.osupytheas.fr\/fr\/wp-json\/wp\/v2\/pages\/2538","targetHints":{"allow":["GET"]}}],"collection":[{"href":"https:\/\/www.mio.osupytheas.fr\/fr\/wp-json\/wp\/v2\/pages"}],"about":[{"href":"https:\/\/www.mio.osupytheas.fr\/fr\/wp-json\/wp\/v2\/types\/page"}],"author":[{"embeddable":true,"href":"https:\/\/www.mio.osupytheas.fr\/fr\/wp-json\/wp\/v2\/users\/1"}],"replies":[{"embeddable":true,"href":"https:\/\/www.mio.osupytheas.fr\/fr\/wp-json\/wp\/v2\/comments?post=2538"}],"version-history":[{"count":86,"href":"https:\/\/www.mio.osupytheas.fr\/fr\/wp-json\/wp\/v2\/pages\/2538\/revisions"}],"predecessor-version":[{"id":23032,"href":"https:\/\/www.mio.osupytheas.fr\/fr\/wp-json\/wp\/v2\/pages\/2538\/revisions\/23032"}],"wp:featuredmedia":[{"embeddable":true,"href":"https:\/\/www.mio.osupytheas.fr\/fr\/wp-json\/wp\/v2\/media\/4489"}],"wp:attachment":[{"href":"https:\/\/www.mio.osupytheas.fr\/fr\/wp-json\/wp\/v2\/media?parent=2538"}],"curies":[{"name":"wp","href":"https:\/\/api.w.org\/{rel}","templated":true}]}}