{"id":2550,"date":"2024-02-28T17:41:25","date_gmt":"2024-02-28T16:41:25","guid":{"rendered":"https:\/\/www.mio.osupytheas.fr\/?page_id=2550"},"modified":"2024-04-16T17:55:35","modified_gmt":"2024-04-16T15:55:35","slug":"colloques-seminaires","status":"publish","type":"page","link":"https:\/\/www.mio.osupytheas.fr\/fr\/colloques-seminaires\/","title":{"rendered":"Colloques &#038; S\u00e9minaires"},"content":{"rendered":"\t\t<div data-elementor-type=\"wp-page\" data-elementor-id=\"2550\" class=\"elementor elementor-2550\" data-elementor-post-type=\"page\">\n\t\t\t\t<div class=\"elementor-element elementor-element-58099bc e-flex e-con-boxed e-con e-parent\" data-id=\"58099bc\" data-element_type=\"container\" data-e-type=\"container\" data-settings=\"{&quot;background_background&quot;:&quot;classic&quot;}\">\n\t\t\t\t\t<div class=\"e-con-inner\">\n\t\t<div class=\"elementor-element elementor-element-73588e9 e-flex e-con-boxed e-con e-child\" data-id=\"73588e9\" data-element_type=\"container\" data-e-type=\"container\">\n\t\t\t\t\t<div class=\"e-con-inner\">\n\t\t\t\t<div class=\"elementor-element elementor-element-f9e5f1a elementor-widget__width-initial elementor-widget elementor-widget-theme-post-title elementor-page-title elementor-widget-heading\" data-id=\"f9e5f1a\" data-element_type=\"widget\" data-e-type=\"widget\" data-widget_type=\"theme-post-title.default\">\n\t\t\t\t<div class=\"elementor-widget-container\">\n\t\t\t\t\t<h1 class=\"elementor-heading-title elementor-size-default\">Colloques &#038; S\u00e9minaires<\/h1>\t\t\t\t<\/div>\n\t\t\t\t<\/div>\n\t\t\t\t<div class=\"elementor-element elementor-element-cf155c8 elementor-widget__width-initial breadcrumb elementor-widget elementor-widget-shortcode\" data-id=\"cf155c8\" data-element_type=\"widget\" data-e-type=\"widget\" data-widget_type=\"shortcode.default\">\n\t\t\t\t<div class=\"elementor-widget-container\">\n\t\t\t\t\t\t\t<div class=\"elementor-shortcode\"><nav aria-label=\"breadcrumbs\">\n            <div class=\"breadcrumb-container theme1\">\n                <ol>\n                                    <\/ol>\n            <\/div>\n        <\/nav>    <script type=\"application\/ld+json\">\n        {\n            \"@context\": \"http:\/\/schema.org\",\n            \"@type\": \"BreadcrumbList\",\n            \"itemListElement\": [\n                            ]\n        }\n    <\/script>\n   \n    <script>\n            <\/script>\n <\/div>\n\t\t\t\t\t\t<\/div>\n\t\t\t\t<\/div>\n\t\t\t\t\t<\/div>\n\t\t\t\t<\/div>\n\t\t\t\t\t<\/div>\n\t\t\t\t<\/div>\n\t\t<div class=\"elementor-element elementor-element-d11e5fa e-flex e-con-boxed e-con e-parent\" data-id=\"d11e5fa\" data-element_type=\"container\" data-e-type=\"container\" data-settings=\"{&quot;background_background&quot;:&quot;classic&quot;}\">\n\t\t\t\t\t<div class=\"e-con-inner\">\n\t\t<div class=\"elementor-element elementor-element-03f9d6c e-con-full e-flex e-con e-child\" data-id=\"03f9d6c\" data-element_type=\"container\" data-e-type=\"container\">\n\t\t\t\t<div class=\"elementor-element elementor-element-f923010 elementor-grid-1 elementor-widget__width-initial elementor-posts--thumbnail-left elementor-posts--align-left animation-hover colloques_accueil elementor-grid-tablet-1 elementor-grid-mobile-1 elementor-widget elementor-widget-posts\" data-id=\"f923010\" data-element_type=\"widget\" data-e-type=\"widget\" data-settings=\"{&quot;event_mio_columns&quot;:&quot;1&quot;,&quot;event_mio_row_gap&quot;:{&quot;unit&quot;:&quot;px&quot;,&quot;size&quot;:20,&quot;sizes&quot;:[]},&quot;event_mio_columns_tablet&quot;:&quot;1&quot;,&quot;pagination_type&quot;:&quot;numbers&quot;,&quot;event_mio_columns_mobile&quot;:&quot;1&quot;,&quot;event_mio_row_gap_laptop&quot;:{&quot;unit&quot;:&quot;px&quot;,&quot;size&quot;:&quot;&quot;,&quot;sizes&quot;:[]},&quot;event_mio_row_gap_tablet&quot;:{&quot;unit&quot;:&quot;px&quot;,&quot;size&quot;:&quot;&quot;,&quot;sizes&quot;:[]},&quot;event_mio_row_gap_mobile&quot;:{&quot;unit&quot;:&quot;px&quot;,&quot;size&quot;:&quot;&quot;,&quot;sizes&quot;:[]}}\" data-widget_type=\"posts.event-mio\">\n\t\t\t\t<div class=\"elementor-widget-container\">\n\t\t\t\t\t\t\t<div class=\"elementor-posts-container elementor-posts elementor-posts--skin-event-mio elementor-grid\" role=\"list\">\n\t\t<div class=\"start-event\">\t\t<article class=\"elementor-post elementor-grid-item post-26406 tribe_events type-tribe_events status-publish has-post-thumbnail hentry tribe_events_cat-colloques tribe_events_cat-evenement cat_colloques cat_evenement\" role=\"listitem\">\n\t\t\t\t<a class=\"elementor-post__thumbnail__link\" href=\"https:\/\/www.mio.osupytheas.fr\/fr\/agenda\/cytometry-2026\/\" tabindex=\"-1\">\n\t\t\t<div class=\"elementor-post__thumbnail\"><img fetchpriority=\"high\" decoding=\"async\" width=\"768\" height=\"372\" src=\"https:\/\/www.mio.osupytheas.fr\/wp-content\/uploads\/2026\/05\/header-768x372.jpg\" class=\"attachment-medium_large size-medium_large wp-image-26407\" alt=\"\" srcset=\"https:\/\/www.mio.osupytheas.fr\/wp-content\/uploads\/2026\/05\/header-768x372.jpg 768w, https:\/\/www.mio.osupytheas.fr\/wp-content\/uploads\/2026\/05\/header-300x145.jpg 300w, https:\/\/www.mio.osupytheas.fr\/wp-content\/uploads\/2026\/05\/header-1024x496.jpg 1024w, https:\/\/www.mio.osupytheas.fr\/wp-content\/uploads\/2026\/05\/header-18x9.jpg 18w, https:\/\/www.mio.osupytheas.fr\/wp-content\/uploads\/2026\/05\/header-1320x639.jpg 1320w, https:\/\/www.mio.osupytheas.fr\/wp-content\/uploads\/2026\/05\/header.jpg 1500w\" sizes=\"(max-width: 768px) 100vw, 768px\" \/><\/div>\n\t\t<\/a>\n\t\t        <a href=\"https:\/\/www.mio.osupytheas.fr\/fr\/agenda\/cytometry-2026\/\" class=\"elementor-post__text\">        <span class=\"elementor-post__title\">Cytometry 2026<\/span>\n        <div class=\"date-start\" > 25 novembre 2026 - 27 janvier 2027 <\/div>\t\t<div class=\"elementor-post__excerpt\">\n\t\t\t<p>Early registration deadline : 11 September 2026.\u00a0Abstract submission until : 29 May 2026. On behalf of the Iberian Society of Cytometry (SIC) and the French<\/p>\n\t\t<\/div>\n\t\t        <\/a>\n        \t\t<\/article>\n\t\t<\/div> <div class=\"start-event\">\t\t<article class=\"elementor-post elementor-grid-item post-26248 tribe_events type-tribe_events status-publish has-post-thumbnail hentry tribe_events_cat-evenement tribe_events_cat-mediation-scientifique cat_evenement cat_mediation-scientifique\" role=\"listitem\">\n\t\t\t\t<a class=\"elementor-post__thumbnail__link\" href=\"https:\/\/www.mio.osupytheas.fr\/fr\/agenda\/festival-explore-2026\/\" tabindex=\"-1\">\n\t\t\t<div class=\"elementor-post__thumbnail\"><img decoding=\"async\" width=\"534\" height=\"798\" src=\"https:\/\/www.mio.osupytheas.fr\/wp-content\/uploads\/2026\/05\/affexplore2026.png\" class=\"attachment-medium_large size-medium_large wp-image-26249\" alt=\"\" srcset=\"https:\/\/www.mio.osupytheas.fr\/wp-content\/uploads\/2026\/05\/affexplore2026.png 534w, https:\/\/www.mio.osupytheas.fr\/wp-content\/uploads\/2026\/05\/affexplore2026-201x300.png 201w, https:\/\/www.mio.osupytheas.fr\/wp-content\/uploads\/2026\/05\/affexplore2026-8x12.png 8w\" sizes=\"(max-width: 534px) 100vw, 534px\" \/><\/div>\n\t\t<\/a>\n\t\t        <a href=\"https:\/\/www.mio.osupytheas.fr\/fr\/agenda\/festival-explore-2026\/\" class=\"elementor-post__text\">        <span class=\"elementor-post__title\">Festival Explore 2026<\/span>\n        <div class=\"date-start\" > 29 mai 2026 - 31 mai 2026 <\/div>\t\t<div class=\"elementor-post__excerpt\">\n\t\t\t<p>Le Festival Explore revient pour une troisi\u00e8me \u00e9dition du 29 au 31 mai 2026, \u00e9changez avec plus de 40 chercheurs et chercheuses, et plongez au<\/p>\n\t\t<\/div>\n\t\t        <\/a>\n        \t\t<\/article>\n\t\t<\/div> <div class=\"start-event\">\t\t<article class=\"elementor-post elementor-grid-item post-26232 tribe_events type-tribe_events status-publish has-post-thumbnail hentry tribe_events_cat-evenement tribe_events_cat-expositions cat_evenement cat_expositions\" role=\"listitem\">\n\t\t\t\t<a class=\"elementor-post__thumbnail__link\" href=\"https:\/\/www.mio.osupytheas.fr\/fr\/agenda\/nous-la-mer-presences-sous-marines-en-baie-de-marseille\/\" tabindex=\"-1\">\n\t\t\t<div class=\"elementor-post__thumbnail\"><img decoding=\"async\" width=\"768\" height=\"384\" src=\"https:\/\/www.mio.osupytheas.fr\/wp-content\/uploads\/2026\/05\/Nous-la-mer-avril-26-OSUPytheas-768x384.jpg\" class=\"attachment-medium_large size-medium_large wp-image-26234\" alt=\"\" srcset=\"https:\/\/www.mio.osupytheas.fr\/wp-content\/uploads\/2026\/05\/Nous-la-mer-avril-26-OSUPytheas-768x384.jpg 768w, https:\/\/www.mio.osupytheas.fr\/wp-content\/uploads\/2026\/05\/Nous-la-mer-avril-26-OSUPytheas-300x150.jpg 300w, https:\/\/www.mio.osupytheas.fr\/wp-content\/uploads\/2026\/05\/Nous-la-mer-avril-26-OSUPytheas-1024x512.jpg 1024w, https:\/\/www.mio.osupytheas.fr\/wp-content\/uploads\/2026\/05\/Nous-la-mer-avril-26-OSUPytheas-1536x768.jpg 1536w, https:\/\/www.mio.osupytheas.fr\/wp-content\/uploads\/2026\/05\/Nous-la-mer-avril-26-OSUPytheas-18x9.jpg 18w, https:\/\/www.mio.osupytheas.fr\/wp-content\/uploads\/2026\/05\/Nous-la-mer-avril-26-OSUPytheas-1320x660.jpg 1320w, https:\/\/www.mio.osupytheas.fr\/wp-content\/uploads\/2026\/05\/Nous-la-mer-avril-26-OSUPytheas.jpg 1600w\" sizes=\"(max-width: 768px) 100vw, 768px\" \/><\/div>\n\t\t<\/a>\n\t\t        <a href=\"https:\/\/www.mio.osupytheas.fr\/fr\/agenda\/nous-la-mer-presences-sous-marines-en-baie-de-marseille\/\" class=\"elementor-post__text\">        <span class=\"elementor-post__title\">Nous la mer, pr\u00e9sences sous-marines en baie de Marseille<\/span>\n        <div class=\"date-start\" > 24 mai 2026 - 30 ao\u00fbt 2026 <\/div>\t\t<div class=\"elementor-post__excerpt\">\n\t\t\t<p>\u00c0 partir du 23 mai, le Centre de la Vieille Charit\u00e9 accueille Ce que la mer garde, une exposition pens\u00e9e comme une travers\u00e9e collective des<\/p>\n\t\t<\/div>\n\t\t        <\/a>\n        \t\t<\/article>\n\t\t<\/div> <div class=\"start-event\">\t\t<article class=\"elementor-post elementor-grid-item post-26221 tribe_events type-tribe_events status-publish has-post-thumbnail hentry tribe_events_cat-evenement tribe_events_cat-webinaires cat_evenement cat_webinaires\" role=\"listitem\">\n\t\t\t\t<a class=\"elementor-post__thumbnail__link\" href=\"https:\/\/www.mio.osupytheas.fr\/fr\/agenda\/webinaires-scientifiques-cosavez-vous-2\/\" tabindex=\"-1\">\n\t\t\t<div class=\"elementor-post__thumbnail\"><img loading=\"lazy\" decoding=\"async\" width=\"596\" height=\"155\" src=\"https:\/\/www.mio.osupytheas.fr\/wp-content\/uploads\/2026\/05\/Bandeau-MAIL-COSAV.png\" class=\"attachment-medium_large size-medium_large wp-image-26222\" alt=\"\" srcset=\"https:\/\/www.mio.osupytheas.fr\/wp-content\/uploads\/2026\/05\/Bandeau-MAIL-COSAV.png 596w, https:\/\/www.mio.osupytheas.fr\/wp-content\/uploads\/2026\/05\/Bandeau-MAIL-COSAV-300x78.png 300w, https:\/\/www.mio.osupytheas.fr\/wp-content\/uploads\/2026\/05\/Bandeau-MAIL-COSAV-18x5.png 18w\" sizes=\"(max-width: 596px) 100vw, 596px\" \/><\/div>\n\t\t<\/a>\n\t\t        <a href=\"https:\/\/www.mio.osupytheas.fr\/fr\/agenda\/webinaires-scientifiques-cosavez-vous-2\/\" class=\"elementor-post__text\">        <span class=\"elementor-post__title\">Webinaires scientifiques CoSavez-vous ?<\/span>\n        <div class=\"date-start\" > 26 mai 2026 - 27 mai 2026 <\/div>\t\t<div class=\"elementor-post__excerpt\">\n\t\t\t<p>En mai, les Communaut\u00e9s de savoirs\u00a0vous proposent 2 webinaires scientifiques : Communaut\u00e9s de savoirs Villes durables, le mardi 26 mai 2026, \u00e0 14h00 : Pollutions<\/p>\n\t\t<\/div>\n\t\t        <\/a>\n        \t\t<\/article>\n\t\t<\/div> <div class=\"start-event\">\t\t<article class=\"elementor-post elementor-grid-item post-26213 tribe_events type-tribe_events status-publish has-post-thumbnail hentry tribe_events_cat-conferences tribe_events_cat-hors-mio-hebdo tribe_events_cat-table-ronde cat_conferences cat_hors-mio-hebdo cat_table-ronde\" role=\"listitem\">\n\t\t\t\t<a class=\"elementor-post__thumbnail__link\" href=\"https:\/\/www.mio.osupytheas.fr\/fr\/agenda\/conference-table-ronde-gardiens-de-la-mediterranee-celles-et-ceux-qui-protegent-la-mer\/\" tabindex=\"-1\">\n\t\t\t<div class=\"elementor-post__thumbnail\"><img loading=\"lazy\" decoding=\"async\" width=\"768\" height=\"960\" src=\"https:\/\/www.mio.osupytheas.fr\/wp-content\/uploads\/2026\/05\/1777474422738-768x960.jpg\" class=\"attachment-medium_large size-medium_large wp-image-26240\" alt=\"\" srcset=\"https:\/\/www.mio.osupytheas.fr\/wp-content\/uploads\/2026\/05\/1777474422738-768x960.jpg 768w, https:\/\/www.mio.osupytheas.fr\/wp-content\/uploads\/2026\/05\/1777474422738-240x300.jpg 240w, https:\/\/www.mio.osupytheas.fr\/wp-content\/uploads\/2026\/05\/1777474422738-10x12.jpg 10w, https:\/\/www.mio.osupytheas.fr\/wp-content\/uploads\/2026\/05\/1777474422738.jpg 800w\" sizes=\"(max-width: 768px) 100vw, 768px\" \/><\/div>\n\t\t<\/a>\n\t\t        <a href=\"https:\/\/www.mio.osupytheas.fr\/fr\/agenda\/conference-table-ronde-gardiens-de-la-mediterranee-celles-et-ceux-qui-protegent-la-mer\/\" class=\"elementor-post__text\">        <span class=\"elementor-post__title\">Conf\u00e9rence-Table ronde &#8211; Gardiens de la M\u00e9diterran\u00e9e : celles et ceux qui prot\u00e8gent la mer<\/span>\n        <div class=\"date-start\" > 07 mai 2026 <\/div>\t\t<div class=\"elementor-post__excerpt\">\n\t\t\t<p>Sandrine Ruitton, MCF AMU MIO, participera \u00e0 une conf\u00e9rence &#8211; table ronde sur les Aires marines prot\u00e9g\u00e9es \u00e0 la Salle de conf\u00e9rence de la biblioth\u00e8que<\/p>\n\t\t<\/div>\n\t\t        <\/a>\n        \t\t<\/article>\n\t\t<\/div> <div class=\"start-event\">\t\t<article class=\"elementor-post elementor-grid-item post-26175 tribe_events type-tribe_events status-publish has-post-thumbnail hentry tribe_events_cat-colloques tribe_events_cat-evenement cat_colloques cat_evenement\" role=\"listitem\">\n\t\t\t\t<a class=\"elementor-post__thumbnail__link\" href=\"https:\/\/www.mio.osupytheas.fr\/fr\/agenda\/embl-conference-a-new-view-of-plankton-in-the-global-ocean-celebrating-10-years-of-tara-oceans\/\" tabindex=\"-1\">\n\t\t\t<div class=\"elementor-post__thumbnail\"><img loading=\"lazy\" decoding=\"async\" width=\"768\" height=\"134\" src=\"https:\/\/www.mio.osupytheas.fr\/wp-content\/uploads\/2026\/05\/Capture-768x134.png\" class=\"attachment-medium_large size-medium_large wp-image-26176\" alt=\"\" srcset=\"https:\/\/www.mio.osupytheas.fr\/wp-content\/uploads\/2026\/05\/Capture-768x134.png 768w, https:\/\/www.mio.osupytheas.fr\/wp-content\/uploads\/2026\/05\/Capture-300x52.png 300w, https:\/\/www.mio.osupytheas.fr\/wp-content\/uploads\/2026\/05\/Capture-1024x179.png 1024w, https:\/\/www.mio.osupytheas.fr\/wp-content\/uploads\/2026\/05\/Capture-1536x268.png 1536w, https:\/\/www.mio.osupytheas.fr\/wp-content\/uploads\/2026\/05\/Capture-18x3.png 18w, https:\/\/www.mio.osupytheas.fr\/wp-content\/uploads\/2026\/05\/Capture-1320x230.png 1320w, https:\/\/www.mio.osupytheas.fr\/wp-content\/uploads\/2026\/05\/Capture.png 1810w\" sizes=\"(max-width: 768px) 100vw, 768px\" \/><\/div>\n\t\t<\/a>\n\t\t        <a href=\"https:\/\/www.mio.osupytheas.fr\/fr\/agenda\/embl-conference-a-new-view-of-plankton-in-the-global-ocean-celebrating-10-years-of-tara-oceans\/\" class=\"elementor-post__text\">        <span class=\"elementor-post__title\">EMBL Conference \u2013 A new view of plankton in the global ocean: celebrating 10 years of Tara Oceans<\/span>\n        <div class=\"date-start\" > 01 septembre 2026 - 04 septembre 2026 <\/div>\t\t<div class=\"elementor-post__excerpt\">\n\t\t\t<p>Deadline(s) Abstract submission: 26 May 2026. Registration (On-site): 21 Jul 2026. Registration (Virtual): 25 Aug 2026. Additional travel grants and registration fee waivers are now<\/p>\n\t\t<\/div>\n\t\t        <\/a>\n        \t\t<\/article>\n\t\t<\/div> <div class=\"start-event\">\t\t<article class=\"elementor-post elementor-grid-item post-26267 tribe_events type-tribe_events status-publish has-post-thumbnail hentry tribe_events_cat-evenement tribe_events_cat-expositions tribe_events_cat-mediation-scientifique cat_evenement cat_expositions cat_mediation-scientifique\" role=\"listitem\">\n\t\t\t\t<a class=\"elementor-post__thumbnail__link\" href=\"https:\/\/www.mio.osupytheas.fr\/fr\/agenda\/exposition-austral-les-engages-pour-locean-2\/\" tabindex=\"-1\">\n\t\t\t<div class=\"elementor-post__thumbnail\"><img loading=\"lazy\" decoding=\"async\" width=\"768\" height=\"272\" src=\"https:\/\/www.mio.osupytheas.fr\/wp-content\/uploads\/2026\/05\/\u00a9Franckdesplanques-Austral1-1-1600x567-1-768x272.jpg\" class=\"attachment-medium_large size-medium_large wp-image-26268\" alt=\"\" srcset=\"https:\/\/www.mio.osupytheas.fr\/wp-content\/uploads\/2026\/05\/\u00a9Franckdesplanques-Austral1-1-1600x567-1-768x272.jpg 768w, https:\/\/www.mio.osupytheas.fr\/wp-content\/uploads\/2026\/05\/\u00a9Franckdesplanques-Austral1-1-1600x567-1-300x106.jpg 300w, https:\/\/www.mio.osupytheas.fr\/wp-content\/uploads\/2026\/05\/\u00a9Franckdesplanques-Austral1-1-1600x567-1-1024x363.jpg 1024w, https:\/\/www.mio.osupytheas.fr\/wp-content\/uploads\/2026\/05\/\u00a9Franckdesplanques-Austral1-1-1600x567-1-1536x544.jpg 1536w, https:\/\/www.mio.osupytheas.fr\/wp-content\/uploads\/2026\/05\/\u00a9Franckdesplanques-Austral1-1-1600x567-1-18x6.jpg 18w, https:\/\/www.mio.osupytheas.fr\/wp-content\/uploads\/2026\/05\/\u00a9Franckdesplanques-Austral1-1-1600x567-1-1320x468.jpg 1320w, https:\/\/www.mio.osupytheas.fr\/wp-content\/uploads\/2026\/05\/\u00a9Franckdesplanques-Austral1-1-1600x567-1.jpg 1600w\" sizes=\"(max-width: 768px) 100vw, 768px\" \/><\/div>\n\t\t<\/a>\n\t\t        <a href=\"https:\/\/www.mio.osupytheas.fr\/fr\/agenda\/exposition-austral-les-engages-pour-locean-2\/\" class=\"elementor-post__text\">        <span class=\"elementor-post__title\">Expositions \u00ab Austral, les engag\u00e9s pour l\u2019Oc\u00e9an \u00bb<\/span>\n        <div class=\"date-start\" > 29 mai 2026 - 13 septembre 2026 <\/div>\t\t<div class=\"elementor-post__excerpt\">\n\t\t\t<p>Plongez au c\u0153ur d\u2019une mission scientifique dans l\u2019Oc\u00e9an Austral \u00e0 bord du navire Marion Dufresne. \u00c0 travers plus d\u2019une centaine de photographies, les auteurs de<\/p>\n\t\t<\/div>\n\t\t        <\/a>\n        \t\t<\/article>\n\t\t<\/div> <div class=\"start-event\">\t\t<article class=\"elementor-post elementor-grid-item post-26123 tribe_events type-tribe_events status-publish has-post-thumbnail hentry tribe_events_cat-evenement tribe_events_cat-mediation-scientifique cat_evenement cat_mediation-scientifique\" role=\"listitem\">\n\t\t\t\t<a class=\"elementor-post__thumbnail__link\" href=\"https:\/\/www.mio.osupytheas.fr\/fr\/agenda\/film-mare-sapiens\/\" tabindex=\"-1\">\n\t\t\t<div class=\"elementor-post__thumbnail\"><img loading=\"lazy\" decoding=\"async\" width=\"768\" height=\"540\" src=\"https:\/\/www.mio.osupytheas.fr\/wp-content\/uploads\/2026\/04\/maresapiens-768x540.png\" class=\"attachment-medium_large size-medium_large wp-image-26156\" alt=\"\" srcset=\"https:\/\/www.mio.osupytheas.fr\/wp-content\/uploads\/2026\/04\/maresapiens-768x540.png 768w, https:\/\/www.mio.osupytheas.fr\/wp-content\/uploads\/2026\/04\/maresapiens-300x211.png 300w, https:\/\/www.mio.osupytheas.fr\/wp-content\/uploads\/2026\/04\/maresapiens-1024x720.png 1024w, https:\/\/www.mio.osupytheas.fr\/wp-content\/uploads\/2026\/04\/maresapiens-18x12.png 18w, https:\/\/www.mio.osupytheas.fr\/wp-content\/uploads\/2026\/04\/maresapiens.png 1199w\" sizes=\"(max-width: 768px) 100vw, 768px\" \/><\/div>\n\t\t<\/a>\n\t\t        <a href=\"https:\/\/www.mio.osupytheas.fr\/fr\/agenda\/film-mare-sapiens\/\" class=\"elementor-post__text\">        <span class=\"elementor-post__title\">Film &#8211; Mare Sapiens<\/span>\n        <div class=\"date-start\" > 08 mai 2026 <\/div>\t\t<div class=\"elementor-post__excerpt\">\n\t\t\t<p>Mare Sapiens sera diffus\u00e9 au Festival international Jean Rouch, au Mus\u00e9e du Quai Branly &#8211; Jacques-Chirac, \u00e0 Paris, le 8 mai 2026 \u00e0 11h00. Un<\/p>\n\t\t<\/div>\n\t\t        <\/a>\n        \t\t<\/article>\n\t\t<\/div> <div class=\"start-event\">\t\t<article class=\"elementor-post elementor-grid-item post-26138 tribe_events type-tribe_events status-publish has-post-thumbnail hentry tribe_events_cat-ateliers tribe_events_cat-hors-mio-hebdo cat_ateliers cat_hors-mio-hebdo\" role=\"listitem\">\n\t\t\t\t<a class=\"elementor-post__thumbnail__link\" href=\"https:\/\/www.mio.osupytheas.fr\/fr\/agenda\/curathon-amu-atelier-de-presentation-de-lespace-dentrepot-institutionnel-datamu\/\" tabindex=\"-1\">\n\t\t\t<div class=\"elementor-post__thumbnail\"><img loading=\"lazy\" decoding=\"async\" width=\"768\" height=\"404\" src=\"https:\/\/www.mio.osupytheas.fr\/wp-content\/uploads\/2026\/04\/curathon-768x404.png\" class=\"attachment-medium_large size-medium_large wp-image-26139\" alt=\"\" srcset=\"https:\/\/www.mio.osupytheas.fr\/wp-content\/uploads\/2026\/04\/curathon-768x404.png 768w, https:\/\/www.mio.osupytheas.fr\/wp-content\/uploads\/2026\/04\/curathon-300x158.png 300w, https:\/\/www.mio.osupytheas.fr\/wp-content\/uploads\/2026\/04\/curathon-18x9.png 18w, https:\/\/www.mio.osupytheas.fr\/wp-content\/uploads\/2026\/04\/curathon.png 782w\" sizes=\"(max-width: 768px) 100vw, 768px\" \/><\/div>\n\t\t<\/a>\n\t\t        <a href=\"https:\/\/www.mio.osupytheas.fr\/fr\/agenda\/curathon-amu-atelier-de-presentation-de-lespace-dentrepot-institutionnel-datamu\/\" class=\"elementor-post__text\">        <span class=\"elementor-post__title\">CURATHON AMU &#8211; Atelier de pr\u00e9sentation de l&#8217;espace d&#8217;entrep\u00f4t institutionnel DAT&#8217;AMU<\/span>\n        <div class=\"date-start\" > 05 mai 2026 <\/div>\t\t<div class=\"elementor-post__excerpt\">\n\t\t\t<p>Un atelier de pr\u00e9sentation de l&#8217;espace d&#8217;entrep\u00f4t institutionnel DAT&#8217;AMU et de l&#8217;entrep\u00f4t Recherche Data Gouv aura lieu le mardi 5 mai 2026 de 9h30 \u00e0<\/p>\n\t\t<\/div>\n\t\t        <\/a>\n        \t\t<\/article>\n\t\t<\/div> <div class=\"start-event\">\t\t<article class=\"elementor-post elementor-grid-item post-26012 tribe_events type-tribe_events status-publish has-post-thumbnail hentry tribe_events_cat-ateliers tribe_events_cat-evenement tribe_events_cat-hors-mio-hebdo cat_ateliers cat_evenement cat_hors-mio-hebdo\" role=\"listitem\">\n\t\t\t\t<a class=\"elementor-post__thumbnail__link\" href=\"https:\/\/www.mio.osupytheas.fr\/fr\/agenda\/session-dechange-planification-de-lespace-maritime-sur-le-littoral-daix-marseille-provence\/\" tabindex=\"-1\">\n\t\t\t<div class=\"elementor-post__thumbnail\"><img loading=\"lazy\" decoding=\"async\" width=\"682\" height=\"155\" src=\"https:\/\/www.mio.osupytheas.fr\/wp-content\/uploads\/2026\/04\/OHMLOGO.png\" class=\"attachment-medium_large size-medium_large wp-image-26013\" alt=\"\" srcset=\"https:\/\/www.mio.osupytheas.fr\/wp-content\/uploads\/2026\/04\/OHMLOGO.png 682w, https:\/\/www.mio.osupytheas.fr\/wp-content\/uploads\/2026\/04\/OHMLOGO-300x68.png 300w, https:\/\/www.mio.osupytheas.fr\/wp-content\/uploads\/2026\/04\/OHMLOGO-18x4.png 18w\" sizes=\"(max-width: 682px) 100vw, 682px\" \/><\/div>\n\t\t<\/a>\n\t\t        <a href=\"https:\/\/www.mio.osupytheas.fr\/fr\/agenda\/session-dechange-planification-de-lespace-maritime-sur-le-littoral-daix-marseille-provence\/\" class=\"elementor-post__text\">        <span class=\"elementor-post__title\">Session d&#8217;\u00e9change : Planification de l&#8217;espace maritime sur le littoral d&#8217;Aix-Marseille Provence<\/span>\n        <div class=\"date-start\" > 29 avril 2026 <\/div>\t\t<div class=\"elementor-post__excerpt\">\n\t\t\t<p>Dans la continuit\u00e9 des travaux de recherche men\u00e9s dans le cadre de la th\u00e8se de Federico Fabbri, l&#8217;Observatoire Hommes-Milieux Littoral m\u00e9diterran\u00e9en organise une session d&#8217;\u00e9change<\/p>\n\t\t<\/div>\n\t\t        <\/a>\n        \t\t<\/article>\n\t\t<\/div> \t\t<\/div>\n\t\t\n\t\t\t\t<div class=\"e-load-more-anchor\" data-page=\"1\" data-max-page=\"19\" data-next-page=\"https:\/\/www.mio.osupytheas.fr\/fr\/wp-json\/wp\/v2\/pages\/2550\/page\/2\/\"><\/div>\n\t\t\t\t<nav class=\"elementor-pagination\" aria-label=\"Pagination\">\n\t\t\t<span aria-current=\"page\" class=\"page-numbers current\"><span class=\"elementor-screen-only\">Page<\/span>1<\/span>\n<a class=\"page-numbers\" href=\"https:\/\/www.mio.osupytheas.fr\/fr\/wp-json\/wp\/v2\/pages\/2550\/page\/2\/\"><span class=\"elementor-screen-only\">Page<\/span>2<\/a>\n<a class=\"page-numbers\" href=\"https:\/\/www.mio.osupytheas.fr\/fr\/wp-json\/wp\/v2\/pages\/2550\/page\/3\/\"><span class=\"elementor-screen-only\">Page<\/span>3<\/a>\n<a class=\"page-numbers\" href=\"https:\/\/www.mio.osupytheas.fr\/fr\/wp-json\/wp\/v2\/pages\/2550\/page\/4\/\"><span class=\"elementor-screen-only\">Page<\/span>4<\/a>\n<a class=\"page-numbers\" href=\"https:\/\/www.mio.osupytheas.fr\/fr\/wp-json\/wp\/v2\/pages\/2550\/page\/5\/\"><span class=\"elementor-screen-only\">Page<\/span>5<\/a>\t\t<\/nav>\n\t\t\t\t\t\t<\/div>\n\t\t\t\t<\/div>\n\t\t\t\t<\/div>\n\t\t\t\t\t<\/div>\n\t\t\t\t<\/div>\n\t\t\t\t<\/div>\n\t\t","protected":false},"excerpt":{"rendered":"","protected":false},"author":1,"featured_media":4489,"parent":0,"menu_order":0,"comment_status":"closed","ping_status":"closed","template":"","meta":{"_acf_changed":false,"footnotes":""},"class_list":["post-2550","page","type-page","status-publish","has-post-thumbnail","hentry","cat_ateliers","cat_evenement","cat_hors-mio-hebdo"],"acf":[],"_links":{"self":[{"href":"https:\/\/www.mio.osupytheas.fr\/fr\/wp-json\/wp\/v2\/pages\/2550","targetHints":{"allow":["GET"]}}],"collection":[{"href":"https:\/\/www.mio.osupytheas.fr\/fr\/wp-json\/wp\/v2\/pages"}],"about":[{"href":"https:\/\/www.mio.osupytheas.fr\/fr\/wp-json\/wp\/v2\/types\/page"}],"author":[{"embeddable":true,"href":"https:\/\/www.mio.osupytheas.fr\/fr\/wp-json\/wp\/v2\/users\/1"}],"replies":[{"embeddable":true,"href":"https:\/\/www.mio.osupytheas.fr\/fr\/wp-json\/wp\/v2\/comments?post=2550"}],"version-history":[{"count":127,"href":"https:\/\/www.mio.osupytheas.fr\/fr\/wp-json\/wp\/v2\/pages\/2550\/revisions"}],"predecessor-version":[{"id":7679,"href":"https:\/\/www.mio.osupytheas.fr\/fr\/wp-json\/wp\/v2\/pages\/2550\/revisions\/7679"}],"wp:featuredmedia":[{"embeddable":true,"href":"https:\/\/www.mio.osupytheas.fr\/fr\/wp-json\/wp\/v2\/media\/4489"}],"wp:attachment":[{"href":"https:\/\/www.mio.osupytheas.fr\/fr\/wp-json\/wp\/v2\/media?parent=2550"}],"curies":[{"name":"wp","href":"https:\/\/api.w.org\/{rel}","templated":true}]}}