{"id":4436,"date":"2024-03-07T09:50:47","date_gmt":"2024-03-07T08:50:47","guid":{"rendered":"https:\/\/www.mio.osupytheas.fr\/?page_id=4436"},"modified":"2024-03-08T15:23:40","modified_gmt":"2024-03-08T14:23:40","slug":"mentions-legales","status":"publish","type":"page","link":"https:\/\/www.mio.osupytheas.fr\/fr\/mentions-legales\/","title":{"rendered":"Mentions l\u00e9gales"},"content":{"rendered":"\t\t<div data-elementor-type=\"wp-page\" data-elementor-id=\"4436\" class=\"elementor elementor-4436\" data-elementor-post-type=\"page\">\n\t\t\t\t<div class=\"elementor-element elementor-element-835f666 e-flex e-con-boxed e-con e-parent\" data-id=\"835f666\" data-element_type=\"container\" data-e-type=\"container\" data-settings=\"{&quot;background_background&quot;:&quot;classic&quot;}\">\n\t\t\t\t\t<div class=\"e-con-inner\">\n\t\t<div class=\"elementor-element elementor-element-4d46fb7 e-flex e-con-boxed e-con e-child\" data-id=\"4d46fb7\" data-element_type=\"container\" data-e-type=\"container\">\n\t\t\t\t\t<div class=\"e-con-inner\">\n\t\t\t\t<div class=\"elementor-element elementor-element-8b12968 elementor-widget__width-initial elementor-widget elementor-widget-theme-post-title elementor-page-title elementor-widget-heading\" data-id=\"8b12968\" data-element_type=\"widget\" data-e-type=\"widget\" data-widget_type=\"theme-post-title.default\">\n\t\t\t\t<div class=\"elementor-widget-container\">\n\t\t\t\t\t<h1 class=\"elementor-heading-title elementor-size-default\">Mentions l\u00e9gales<\/h1>\t\t\t\t<\/div>\n\t\t\t\t<\/div>\n\t\t\t\t<div class=\"elementor-element elementor-element-22eef5c elementor-widget__width-initial breadcrumb elementor-widget elementor-widget-shortcode\" data-id=\"22eef5c\" data-element_type=\"widget\" data-e-type=\"widget\" data-widget_type=\"shortcode.default\">\n\t\t\t\t<div class=\"elementor-widget-container\">\n\t\t\t\t\t\t\t<div class=\"elementor-shortcode\"><nav aria-label=\"breadcrumbs\">\n            <div class=\"breadcrumb-container theme1\">\n                <ol>\n                                    <\/ol>\n            <\/div>\n        <\/nav>    <script type=\"application\/ld+json\">\n        {\n            \"@context\": \"http:\/\/schema.org\",\n            \"@type\": \"BreadcrumbList\",\n            \"itemListElement\": [\n                            ]\n        }\n    <\/script>\n   \n    <script>\n            <\/script>\n <\/div>\n\t\t\t\t\t\t<\/div>\n\t\t\t\t<\/div>\n\t\t\t\t\t<\/div>\n\t\t\t\t<\/div>\n\t\t\t\t\t<\/div>\n\t\t\t\t<\/div>\n\t\t<div class=\"elementor-element elementor-element-6344fdf e-flex e-con-boxed e-con e-parent\" data-id=\"6344fdf\" data-element_type=\"container\" data-e-type=\"container\">\n\t\t\t\t\t<div class=\"e-con-inner\">\n\t\t<div class=\"elementor-element elementor-element-789c33b e-flex e-con-boxed e-con e-child\" data-id=\"789c33b\" data-element_type=\"container\" data-e-type=\"container\">\n\t\t\t\t\t<div class=\"e-con-inner\">\n\t\t\t\t<div class=\"elementor-element elementor-element-5597b38 elementor-widget elementor-widget-text-editor\" data-id=\"5597b38\" data-element_type=\"widget\" data-e-type=\"widget\" data-widget_type=\"text-editor.default\">\n\t\t\t\t<div class=\"elementor-widget-container\">\n\t\t\t\t\t\t\t\t\t<p class=\"rtejustify\"><span style=\"color: #184772;\"><strong>Institut M\u00e9diterran\u00e9en d\u2019Oc\u00e9anologie &#8211; MIO<\/strong>\u00a0<\/span><br \/>Campus\u00a0Technologique\u00a0et\u00a0Scientifique\u00a0de\u00a0Luminy<br \/>163\u00a0avenue\u00a0de\u00a0Luminy\u00a0&#8211;\u00a0B\u00e2timent\u00a0M\u00e9diterran\u00e9e<br \/>13288\u00a0Marseille Cedex\u00a009<\/p><p class=\"rtejustify\"><strong><span style=\"color: #184772;\">T\u00e9l\u00e9phone\u00a0:<\/span>\u00a0<\/strong>+33\u00a04 86 09 05 91<\/p><p class=\"rtejustify\"><strong><span style=\"color: #184772;\">Directeur\u00a0de\u00a0la\u00a0publication<\/span>\u00a0:\u00a0<\/strong>Val\u00e9rie MICHOTEY<br \/><strong><span style=\"color: #184772;\">Directeur\u00a0de\u00a0la\u00a0r\u00e9daction\u00a0:<\/span>\u00a0<\/strong>Val\u00e9rie MICHOTEY<br \/><strong><span style=\"color: #184772;\">H\u00e9bergeur\u00a0<\/span>:\u00a0<\/strong>AIX-MARSEILLE\u00a0UNIVERSITE\u00a0&#8211;\u00a0OSUPYTHEAS<\/p>\t\t\t\t\t\t\t\t<\/div>\n\t\t\t\t<\/div>\n\t\t\t\t\t<\/div>\n\t\t\t\t<\/div>\n\t\t<div class=\"elementor-element elementor-element-447bb1b e-flex e-con-boxed e-con e-child\" data-id=\"447bb1b\" data-element_type=\"container\" data-e-type=\"container\">\n\t\t\t\t\t<div class=\"e-con-inner\">\n\t\t\t\t<div class=\"elementor-element elementor-element-f7e1dcd elementor-widget elementor-widget-heading\" data-id=\"f7e1dcd\" data-element_type=\"widget\" data-e-type=\"widget\" data-widget_type=\"heading.default\">\n\t\t\t\t<div class=\"elementor-widget-container\">\n\t\t\t\t\t<h4 class=\"elementor-heading-title elementor-size-default\">Protection des informations nominatives<\/h4>\t\t\t\t<\/div>\n\t\t\t\t<\/div>\n\t\t\t\t<div class=\"elementor-element elementor-element-9dff1d1 elementor-widget elementor-widget-text-editor\" data-id=\"9dff1d1\" data-element_type=\"widget\" data-e-type=\"widget\" data-widget_type=\"text-editor.default\">\n\t\t\t\t<div class=\"elementor-widget-container\">\n\t\t\t\t\t\t\t\t\t<p>Ce site Web, qui comporte des informations nominatives concernant notamment les personnels des tutelles du M.I.O, a fait l\u2019objet d\u2019une d\u00e9claration aupr\u00e8s de la CNIL. Conform\u00e9ment \u00e0 la loi n\u00b0 78-17 du 6 janvier 1978, relative \u00e0 l\u2019Informatique, aux fichiers et aux Libert\u00e9s (articles 38, 39, 40), vous disposez d\u2019un droit d\u2019acc\u00e8s, de rectification et de suppression des donn\u00e9es vous concernant, en ligne sur ce site. Pour exercer ce droit, vous pouvez vous adresser au webmaster.<\/p><div>\u00a0<\/div>\t\t\t\t\t\t\t\t<\/div>\n\t\t\t\t<\/div>\n\t\t\t\t\t<\/div>\n\t\t\t\t<\/div>\n\t\t<div class=\"elementor-element elementor-element-71b5d70 e-flex e-con-boxed e-con e-child\" data-id=\"71b5d70\" data-element_type=\"container\" data-e-type=\"container\">\n\t\t\t\t\t<div class=\"e-con-inner\">\n\t\t\t\t<div class=\"elementor-element elementor-element-d6df297 elementor-widget elementor-widget-heading\" data-id=\"d6df297\" data-element_type=\"widget\" data-e-type=\"widget\" data-widget_type=\"heading.default\">\n\t\t\t\t<div class=\"elementor-widget-container\">\n\t\t\t\t\t<h4 class=\"elementor-heading-title elementor-size-default\">Conditions d\u2019utilisation, Clause de non-responsabilit\u00e9\n<\/h4>\t\t\t\t<\/div>\n\t\t\t\t<\/div>\n\t\t\t\t<div class=\"elementor-element elementor-element-ea9b049 elementor-widget elementor-widget-text-editor\" data-id=\"ea9b049\" data-element_type=\"widget\" data-e-type=\"widget\" data-widget_type=\"text-editor.default\">\n\t\t\t\t<div class=\"elementor-widget-container\">\n\t\t\t\t\t\t\t\t\tLa responsabilit\u00e9 du M.I.O et\/ou de ses tutelles ne peut, en aucune mani\u00e8re, \u00eatre engag\u00e9e quant au contenu des informations figurant sur ce site ou aux cons\u00e9quences pouvant r\u00e9sulter de leur utilisation ou interpr\u00e9tation.\n\n\t\t\t\t\t\t\t\t<\/div>\n\t\t\t\t<\/div>\n\t\t\t\t\t<\/div>\n\t\t\t\t<\/div>\n\t\t<div class=\"elementor-element elementor-element-3766abf e-flex e-con-boxed e-con e-child\" data-id=\"3766abf\" data-element_type=\"container\" data-e-type=\"container\">\n\t\t\t\t\t<div class=\"e-con-inner\">\n\t\t\t\t<div class=\"elementor-element elementor-element-0aa02e3 elementor-widget elementor-widget-heading\" data-id=\"0aa02e3\" data-element_type=\"widget\" data-e-type=\"widget\" data-widget_type=\"heading.default\">\n\t\t\t\t<div class=\"elementor-widget-container\">\n\t\t\t\t\t<h4 class=\"elementor-heading-title elementor-size-default\">Propri\u00e9t\u00e9 intellectuelle\n<\/h4>\t\t\t\t<\/div>\n\t\t\t\t<\/div>\n\t\t\t\t<div class=\"elementor-element elementor-element-50b292d elementor-widget elementor-widget-text-editor\" data-id=\"50b292d\" data-element_type=\"widget\" data-e-type=\"widget\" data-widget_type=\"text-editor.default\">\n\t\t\t\t<div class=\"elementor-widget-container\">\n\t\t\t\t\t\t\t\t\tLe site du M.I.O est une \u0153uvre de cr\u00e9ation, propri\u00e9t\u00e9 exclusive du M.I.O, prot\u00e9g\u00e9 par la l\u00e9gislation fran\u00e7aise et internationale sur le droit de la propri\u00e9t\u00e9 intellectuelle. Aucune reproduction ou repr\u00e9sentation ne peut \u00eatre r\u00e9alis\u00e9e en contravention avec les droits du M.I.O issus de la l\u00e9gislation susvis\u00e9e.\n\n\t\t\t\t\t\t\t\t<\/div>\n\t\t\t\t<\/div>\n\t\t\t\t\t<\/div>\n\t\t\t\t<\/div>\n\t\t<div class=\"elementor-element elementor-element-2018bfe e-flex e-con-boxed e-con e-child\" data-id=\"2018bfe\" data-element_type=\"container\" data-e-type=\"container\">\n\t\t\t\t\t<div class=\"e-con-inner\">\n\t\t\t\t<div class=\"elementor-element elementor-element-203c709 elementor-widget elementor-widget-heading\" data-id=\"203c709\" data-element_type=\"widget\" data-e-type=\"widget\" data-widget_type=\"heading.default\">\n\t\t\t\t<div class=\"elementor-widget-container\">\n\t\t\t\t\t<h4 class=\"elementor-heading-title elementor-size-default\">Liens hypertextes\n<\/h4>\t\t\t\t<\/div>\n\t\t\t\t<\/div>\n\t\t\t\t<div class=\"elementor-element elementor-element-75dd90e elementor-widget elementor-widget-text-editor\" data-id=\"75dd90e\" data-element_type=\"widget\" data-e-type=\"widget\" data-widget_type=\"text-editor.default\">\n\t\t\t\t<div class=\"elementor-widget-container\">\n\t\t\t\t\t\t\t\t\tLa mise en place de liens hypertextes par des tiers vers des pages ou des documents diffus\u00e9s sur le site du M.I.O, est autoris\u00e9e sous r\u00e9serve que les liens ne contreviennent pas aux int\u00e9r\u00eats du M.I.O, et, qu\u2019ils garantissent la possibilit\u00e9 pour l\u2019utilisateur d\u2019identifier l\u2019origine et l\u2019auteur du document.\n\n\t\t\t\t\t\t\t\t<\/div>\n\t\t\t\t<\/div>\n\t\t\t\t\t<\/div>\n\t\t\t\t<\/div>\n\t\t<div class=\"elementor-element elementor-element-3287ef4 e-flex e-con-boxed e-con e-child\" data-id=\"3287ef4\" data-element_type=\"container\" data-e-type=\"container\">\n\t\t\t\t\t<div class=\"e-con-inner\">\n\t\t\t\t<div class=\"elementor-element elementor-element-836c40a elementor-widget elementor-widget-text-editor\" data-id=\"836c40a\" data-element_type=\"widget\" data-e-type=\"widget\" data-widget_type=\"text-editor.default\">\n\t\t\t\t<div class=\"elementor-widget-container\">\n\t\t\t\t\t\t\t\t\t<p><span style=\"color: #184772;\"><strong>Cr\u00e9dits Photographiques\/Vid\u00e9os :<\/strong><\/span> Personnels du M.I.O<\/p>\t\t\t\t\t\t\t\t<\/div>\n\t\t\t\t<\/div>\n\t\t\t\t\t<\/div>\n\t\t\t\t<\/div>\n\t\t\t\t\t<\/div>\n\t\t\t\t<\/div>\n\t\t\t\t<\/div>\n\t\t","protected":false},"excerpt":{"rendered":"<p>Institut M\u00e9diterran\u00e9en d\u2019Oc\u00e9anologie &#8211; MIO\u00a0Campus\u00a0Technologique\u00a0et\u00a0Scientifique\u00a0de\u00a0Luminy163\u00a0avenue\u00a0de\u00a0Luminy\u00a0&#8211;\u00a0B\u00e2timent\u00a0M\u00e9diterran\u00e9e13288\u00a0Marseille Cedex\u00a009T\u00e9l\u00e9phone\u00a0:\u00a0+33\u00a04 86 09 05 91Directeur\u00a0de\u00a0la\u00a0publication\u00a0:\u00a0Val\u00e9rie MICHOTEYDirecteur\u00a0de\u00a0la\u00a0r\u00e9daction\u00a0:\u00a0Val\u00e9rie MICHOTEYH\u00e9bergeur\u00a0:\u00a0AIX-MARSEILLE\u00a0UNIVERSITE\u00a0&#8211;\u00a0OSUPYTHEAS Protection des informations nominatives Ce site Web, qui comporte des informations nominatives concernant notamment les personnels des tutelles [&hellip;]<\/p>\n","protected":false},"author":1,"featured_media":4489,"parent":0,"menu_order":0,"comment_status":"closed","ping_status":"closed","template":"","meta":{"_acf_changed":false,"footnotes":""},"class_list":["post-4436","page","type-page","status-publish","has-post-thumbnail","hentry"],"acf":[],"_links":{"self":[{"href":"https:\/\/www.mio.osupytheas.fr\/fr\/wp-json\/wp\/v2\/pages\/4436","targetHints":{"allow":["GET"]}}],"collection":[{"href":"https:\/\/www.mio.osupytheas.fr\/fr\/wp-json\/wp\/v2\/pages"}],"about":[{"href":"https:\/\/www.mio.osupytheas.fr\/fr\/wp-json\/wp\/v2\/types\/page"}],"author":[{"embeddable":true,"href":"https:\/\/www.mio.osupytheas.fr\/fr\/wp-json\/wp\/v2\/users\/1"}],"replies":[{"embeddable":true,"href":"https:\/\/www.mio.osupytheas.fr\/fr\/wp-json\/wp\/v2\/comments?post=4436"}],"version-history":[{"count":49,"href":"https:\/\/www.mio.osupytheas.fr\/fr\/wp-json\/wp\/v2\/pages\/4436\/revisions"}],"predecessor-version":[{"id":5023,"href":"https:\/\/www.mio.osupytheas.fr\/fr\/wp-json\/wp\/v2\/pages\/4436\/revisions\/5023"}],"wp:featuredmedia":[{"embeddable":true,"href":"https:\/\/www.mio.osupytheas.fr\/fr\/wp-json\/wp\/v2\/media\/4489"}],"wp:attachment":[{"href":"https:\/\/www.mio.osupytheas.fr\/fr\/wp-json\/wp\/v2\/media?parent=4436"}],"curies":[{"name":"wp","href":"https:\/\/api.w.org\/{rel}","templated":true}]}}