{"id":8331,"date":"2024-07-31T17:22:14","date_gmt":"2024-07-31T15:22:14","guid":{"rendered":"https:\/\/www.mio.osupytheas.fr\/?page_id=8331"},"modified":"2024-10-16T14:33:37","modified_gmt":"2024-10-16T12:33:37","slug":"trombinoscope-de-lequipe-oplc","status":"publish","type":"page","link":"https:\/\/www.mio.osupytheas.fr\/fr\/trombinoscope-de-lequipe-oplc\/","title":{"rendered":"Trombinoscope de l&#8217;\u00e9quipe OPLC"},"content":{"rendered":"\t\t<div data-elementor-type=\"wp-page\" data-elementor-id=\"8331\" class=\"elementor elementor-8331\" data-elementor-post-type=\"page\">\n\t\t\t\t<div class=\"elementor-element elementor-element-3fcdb168 e-flex e-con-boxed e-con e-parent\" data-id=\"3fcdb168\" data-element_type=\"container\" data-e-type=\"container\" data-settings=\"{&quot;background_background&quot;:&quot;classic&quot;}\">\n\t\t\t\t\t<div class=\"e-con-inner\">\n\t\t<div class=\"elementor-element elementor-element-36a2f655 e-flex e-con-boxed e-con e-child\" data-id=\"36a2f655\" data-element_type=\"container\" data-e-type=\"container\">\n\t\t\t\t\t<div class=\"e-con-inner\">\n\t\t\t\t<div class=\"elementor-element elementor-element-7cf02c12 elementor-widget__width-initial elementor-widget elementor-widget-theme-post-title elementor-page-title elementor-widget-heading\" data-id=\"7cf02c12\" data-element_type=\"widget\" data-e-type=\"widget\" data-widget_type=\"theme-post-title.default\">\n\t\t\t\t<div class=\"elementor-widget-container\">\n\t\t\t\t\t<h1 class=\"elementor-heading-title elementor-size-default\">Trombinoscope de l&#8217;\u00e9quipe OPLC<\/h1>\t\t\t\t<\/div>\n\t\t\t\t<\/div>\n\t\t\t\t<div class=\"elementor-element elementor-element-34bbcce3 elementor-widget__width-initial breadcrumb elementor-widget elementor-widget-shortcode\" data-id=\"34bbcce3\" data-element_type=\"widget\" data-e-type=\"widget\" data-widget_type=\"shortcode.default\">\n\t\t\t\t<div class=\"elementor-widget-container\">\n\t\t\t\t\t\t\t<div class=\"elementor-shortcode\"><nav aria-label=\"breadcrumbs\">\n            <div class=\"breadcrumb-container theme1\">\n                <ol>\n                                    <\/ol>\n            <\/div>\n        <\/nav>    <script type=\"application\/ld+json\">\n        {\n            \"@context\": \"http:\/\/schema.org\",\n            \"@type\": \"BreadcrumbList\",\n            \"itemListElement\": [\n                            ]\n        }\n    <\/script>\n   \n    <script>\n            <\/script>\n <\/div>\n\t\t\t\t\t\t<\/div>\n\t\t\t\t<\/div>\n\t\t\t\t\t<\/div>\n\t\t\t\t<\/div>\n\t\t\t\t\t<\/div>\n\t\t\t\t<\/div>\n\t\t<div class=\"elementor-element elementor-element-9e9388d e-flex e-con-boxed e-con e-parent\" data-id=\"9e9388d\" data-element_type=\"container\" data-e-type=\"container\">\n\t\t\t\t\t<div class=\"e-con-inner\">\n\t\t\t\t<div class=\"elementor-element elementor-element-347d77a elementor-widget__width-auto elementor-widget elementor-widget-pymac-userslist\" data-id=\"347d77a\" data-element_type=\"widget\" data-e-type=\"widget\" data-widget_type=\"pymac-userslist.default\">\n\t\t\t\t<div class=\"elementor-widget-container\">\n\t\t\t\t\t<div class=\"mio-filters\"><div class=\"mio-filters_header\"><div class=\"mio-filters_header_title\">Rechercher un membre du mio<\/div><\/div><div class=\"mio-filters_content\"><div class=\"mio_filter mio-filters_nom\"><input name=\"mio_users_nom\" type=\"text\" placeholder=\"Nom ou pr\u00e9nom...\" id=\"mio_users_nom\"><\/div><div class=\"mio_filter mio-filters_title\"><select name=\"mio_users_title\" id=\"mio_users_title\"><option value=\"\">Choisissez un titre<\/option><\/select><\/div><\/div><\/div><div class=\"mio-users\"><div class=\"mio-user\" data-title=\"DC\" data-business-category=\"OPLC\" data-nom=\"maxime arnaud\"><div class=\"mio-user_photo\"><a href=\"https:\/\/www.mio.osupytheas.fr\/fr\/annuaire\/maxime-arnaud\/\"><img decoding=\"async\" src=\"https:\/\/www.mio.osupytheas.fr\/wp-content\/themes\/pymac\/assets\/img\/default-user.png\" alt=\"Maxime Arnaud\"><\/a><\/div><div class=\"mio-user_content\"><div class=\"mio-user_name\"><a href=\"https:\/\/www.mio.osupytheas.fr\/fr\/annuaire\/maxime-arnaud\/\">Maxime Arnaud<\/a><\/div><div class=\"mio-user_title\">DC-Doctorant<\/div><div class=\"mio-user_business_category\">OPLC-Oc\u00e9anographie Physique Littorale et C\u00f4ti\u00e8re<\/div><\/div><\/div><div class=\"mio-user\" data-title=\"CR\" data-business-category=\"OPLC\" data-nom=\"stephanie barrillon\"><div class=\"mio-user_photo\"><a href=\"https:\/\/www.mio.osupytheas.fr\/fr\/annuaire\/stephanie-barrillon\/\"><img decoding=\"async\" src=\"https:\/\/www.mio.osupytheas.fr\/wp-content\/uploads\/annuaire\/2684.jpg\" alt=\"Stephanie Barrillon\"><\/a><\/div><div class=\"mio-user_content\"><div class=\"mio-user_name\"><a href=\"https:\/\/www.mio.osupytheas.fr\/fr\/annuaire\/stephanie-barrillon\/\">Stephanie Barrillon<\/a><\/div><div class=\"mio-user_title\">CR-Charge de Recherche<\/div><div class=\"mio-user_business_category\">OPLC-Oc\u00e9anographie Physique Littorale et C\u00f4ti\u00e8re<\/div><\/div><\/div><div class=\"mio-user\" data-title=\"ASAD\" data-business-category=\"OPLC\" data-nom=\"anthony bosse\"><div class=\"mio-user_photo\"><a href=\"https:\/\/www.mio.osupytheas.fr\/fr\/annuaire\/anthony-bosse\/\"><img decoding=\"async\" src=\"https:\/\/www.mio.osupytheas.fr\/wp-content\/uploads\/annuaire\/2006.jpg\" alt=\"Anthony Bosse\"><\/a><\/div><div class=\"mio-user_content\"><div class=\"mio-user_name\"><a href=\"https:\/\/www.mio.osupytheas.fr\/fr\/annuaire\/anthony-bosse\/\">Anthony Bosse<\/a><\/div><div class=\"mio-user_title\">ASAD-Astronome ou Physicien Adjoint<\/div><div class=\"mio-user_business_category\">OPLC-Oc\u00e9anographie Physique Littorale et C\u00f4ti\u00e8re<\/div><\/div><\/div><div class=\"mio-user\" data-title=\"CR\" data-business-category=\"OPLC\" data-nom=\"denis bourras\"><div class=\"mio-user_photo\"><a href=\"https:\/\/www.mio.osupytheas.fr\/fr\/annuaire\/denis-bourras\/\"><img decoding=\"async\" src=\"https:\/\/www.mio.osupytheas.fr\/wp-content\/uploads\/annuaire\/4447.jpg\" alt=\"Denis Bourras\"><\/a><\/div><div class=\"mio-user_content\"><div class=\"mio-user_name\"><a href=\"https:\/\/www.mio.osupytheas.fr\/fr\/annuaire\/denis-bourras\/\">Denis Bourras<\/a><\/div><div class=\"mio-user_title\">CR-Charge de Recherche<\/div><div class=\"mio-user_business_category\">OPLC-Oc\u00e9anographie Physique Littorale et C\u00f4ti\u00e8re<\/div><\/div><\/div><div class=\"mio-user\" data-title=\"MCF\" data-business-category=\"OPLC\" data-nom=\"alejandro caceres euse\"><div class=\"mio-user_photo\"><a href=\"https:\/\/www.mio.osupytheas.fr\/fr\/annuaire\/alejandro-caceres-euse\/\"><img decoding=\"async\" src=\"https:\/\/www.mio.osupytheas.fr\/wp-content\/uploads\/annuaire\/9267.jpg\" alt=\"Alejandro Caceres Euse\"><\/a><\/div><div class=\"mio-user_content\"><div class=\"mio-user_name\"><a href=\"https:\/\/www.mio.osupytheas.fr\/fr\/annuaire\/alejandro-caceres-euse\/\">Alejandro Caceres Euse<\/a><\/div><div class=\"mio-user_title\">MCF-Maitre de Conferences<\/div><div class=\"mio-user_business_category\">OPLC-Oc\u00e9anographie Physique Littorale et C\u00f4ti\u00e8re<\/div><\/div><\/div><div class=\"mio-user\" data-title=\"DC\" data-business-category=\"OPLC\" data-nom=\"lucie chauche\"><div class=\"mio-user_photo\"><a href=\"https:\/\/www.mio.osupytheas.fr\/fr\/annuaire\/lucie-chauche\/\"><img decoding=\"async\" src=\"https:\/\/www.mio.osupytheas.fr\/wp-content\/themes\/pymac\/assets\/img\/default-user.png\" alt=\"Lucie Chauche\"><\/a><\/div><div class=\"mio-user_content\"><div class=\"mio-user_name\"><a href=\"https:\/\/www.mio.osupytheas.fr\/fr\/annuaire\/lucie-chauche\/\">Lucie Chauche<\/a><\/div><div class=\"mio-user_title\">DC-Doctorant<\/div><div class=\"mio-user_business_category\">OPLC-Oc\u00e9anographie Physique Littorale et C\u00f4ti\u00e8re<\/div><\/div><\/div><div class=\"mio-user\" data-title=\"ITA\" data-business-category=\"OPLC\" data-nom=\"remi chemin\"><div class=\"mio-user_photo\"><a href=\"https:\/\/www.mio.osupytheas.fr\/fr\/annuaire\/remi-chemin\/\"><img decoding=\"async\" src=\"https:\/\/www.mio.osupytheas.fr\/wp-content\/uploads\/annuaire\/8721.jpg\" alt=\"Remi Chemin\"><\/a><\/div><div class=\"mio-user_content\"><div class=\"mio-user_name\"><a href=\"https:\/\/www.mio.osupytheas.fr\/fr\/annuaire\/remi-chemin\/\">Remi Chemin<\/a><\/div><div class=\"mio-user_title\">ITA-Ingenieur Technicien Administratif<\/div><div class=\"mio-user_business_category\">OPLC-Oc\u00e9anographie Physique Littorale et C\u00f4ti\u00e8re<\/div><\/div><\/div><div class=\"mio-user\" data-title=\"DC\" data-business-category=\"OPLC\" data-nom=\"elisabeth chevillon\"><div class=\"mio-user_photo\"><a href=\"https:\/\/www.mio.osupytheas.fr\/fr\/annuaire\/elisabeth-chevillon\/\"><img decoding=\"async\" src=\"https:\/\/www.mio.osupytheas.fr\/wp-content\/uploads\/annuaire\/9853.jpg\" alt=\"Elisabeth Chevillon\"><\/a><\/div><div class=\"mio-user_content\"><div class=\"mio-user_name\"><a href=\"https:\/\/www.mio.osupytheas.fr\/fr\/annuaire\/elisabeth-chevillon\/\">Elisabeth Chevillon<\/a><\/div><div class=\"mio-user_title\">DC-Doctorant<\/div><div class=\"mio-user_business_category\">OPLC-Oc\u00e9anographie Physique Littorale et C\u00f4ti\u00e8re<\/div><\/div><\/div><div class=\"mio-user\" data-title=\"DC\" data-business-category=\"OPLC\" data-nom=\"charlotte cunci\"><div class=\"mio-user_photo\"><a href=\"https:\/\/www.mio.osupytheas.fr\/fr\/annuaire\/charlotte-cunci\/\"><img decoding=\"async\" src=\"https:\/\/www.mio.osupytheas.fr\/wp-content\/themes\/pymac\/assets\/img\/default-user.png\" alt=\"Charlotte Cunci\"><\/a><\/div><div class=\"mio-user_content\"><div class=\"mio-user_name\"><a href=\"https:\/\/www.mio.osupytheas.fr\/fr\/annuaire\/charlotte-cunci\/\">Charlotte Cunci<\/a><\/div><div class=\"mio-user_title\">DC-Doctorant<\/div><div class=\"mio-user_business_category\">OPLC-Oc\u00e9anographie Physique Littorale et C\u00f4ti\u00e8re<\/div><\/div><\/div><div class=\"mio-user\" data-title=\"PR\" data-business-category=\"OPLC\" data-nom=\"jean-luc devenon\"><div class=\"mio-user_photo\"><a href=\"https:\/\/www.mio.osupytheas.fr\/fr\/annuaire\/jean-luc-devenon\/\"><img decoding=\"async\" src=\"https:\/\/www.mio.osupytheas.fr\/wp-content\/uploads\/annuaire\/4207.jpg\" alt=\"Jean-Luc Devenon\"><\/a><\/div><div class=\"mio-user_content\"><div class=\"mio-user_name\"><a href=\"https:\/\/www.mio.osupytheas.fr\/fr\/annuaire\/jean-luc-devenon\/\">Jean-Luc Devenon<\/a><\/div><div class=\"mio-user_title\">PR-Professeur<\/div><div class=\"mio-user_business_category\">OPLC-Oc\u00e9anographie Physique Littorale et C\u00f4ti\u00e8re<\/div><\/div><\/div><div class=\"mio-user\" data-title=\"ITA\" data-business-category=\"OPLC\" data-nom=\"flavie dubost\"><div class=\"mio-user_photo\"><a href=\"https:\/\/www.mio.osupytheas.fr\/fr\/annuaire\/flavie-dubost\/\"><img decoding=\"async\" src=\"https:\/\/www.mio.osupytheas.fr\/wp-content\/themes\/pymac\/assets\/img\/default-user.png\" alt=\"Flavie Dubost\"><\/a><\/div><div class=\"mio-user_content\"><div class=\"mio-user_name\"><a href=\"https:\/\/www.mio.osupytheas.fr\/fr\/annuaire\/flavie-dubost\/\">Flavie Dubost<\/a><\/div><div class=\"mio-user_title\">ITA-Ingenieur Technicien Administratif<\/div><div class=\"mio-user_business_category\">OPLC-Oc\u00e9anographie Physique Littorale et C\u00f4ti\u00e8re<\/div><\/div><\/div><div class=\"mio-user\" data-title=\"ITA\" data-business-category=\"OPLC\" data-nom=\"dylan dumas\"><div class=\"mio-user_photo\"><a href=\"https:\/\/www.mio.osupytheas.fr\/fr\/annuaire\/dylan-dumas\/\"><img decoding=\"async\" src=\"https:\/\/www.mio.osupytheas.fr\/wp-content\/uploads\/annuaire\/2316.jpg\" alt=\"Dylan Dumas\"><\/a><\/div><div class=\"mio-user_content\"><div class=\"mio-user_name\"><a href=\"https:\/\/www.mio.osupytheas.fr\/fr\/annuaire\/dylan-dumas\/\">Dylan Dumas<\/a><\/div><div class=\"mio-user_title\">ITA-Ingenieur Technicien Administratif<\/div><div class=\"mio-user_business_category\">OPLC-Oc\u00e9anographie Physique Littorale et C\u00f4ti\u00e8re<\/div><\/div><\/div><div class=\"mio-user\" data-title=\"MCF\" data-business-category=\"OPLC\" data-nom=\"marc francius\"><div class=\"mio-user_photo\"><a href=\"https:\/\/www.mio.osupytheas.fr\/fr\/annuaire\/marc-francius\/\"><img decoding=\"async\" src=\"https:\/\/www.mio.osupytheas.fr\/wp-content\/uploads\/annuaire\/4288.jpg\" alt=\"Marc Francius\"><\/a><\/div><div class=\"mio-user_content\"><div class=\"mio-user_name\"><a href=\"https:\/\/www.mio.osupytheas.fr\/fr\/annuaire\/marc-francius\/\">Marc Francius<\/a><\/div><div class=\"mio-user_title\">MCF-Maitre de Conferences<\/div><div class=\"mio-user_business_category\">OPLC-Oc\u00e9anographie Physique Littorale et C\u00f4ti\u00e8re<\/div><\/div><\/div><div class=\"mio-user\" data-title=\"PR\" data-business-category=\"OPLC\" data-nom=\"philippe fraunie\"><div class=\"mio-user_photo\"><a href=\"https:\/\/www.mio.osupytheas.fr\/fr\/annuaire\/philippe-fraunie\/\"><img decoding=\"async\" src=\"https:\/\/www.mio.osupytheas.fr\/wp-content\/uploads\/annuaire\/4289.jpg\" alt=\"Philippe Fraunie\"><\/a><\/div><div class=\"mio-user_content\"><div class=\"mio-user_name\"><a href=\"https:\/\/www.mio.osupytheas.fr\/fr\/annuaire\/philippe-fraunie\/\">Philippe Fraunie<\/a><\/div><div class=\"mio-user_title\">PR-Professeur<\/div><div class=\"mio-user_business_category\">OPLC-Oc\u00e9anographie Physique Littorale et C\u00f4ti\u00e8re<\/div><\/div><\/div><div class=\"mio-user\" data-title=\"ITA\" data-business-category=\"OPLC\" data-nom=\"jean-luc fuda\"><div class=\"mio-user_photo\"><a href=\"https:\/\/www.mio.osupytheas.fr\/fr\/annuaire\/jean-luc-fuda\/\"><img decoding=\"async\" src=\"https:\/\/www.mio.osupytheas.fr\/wp-content\/uploads\/annuaire\/2665.jpg\" alt=\"Jean-luc Fuda\"><\/a><\/div><div class=\"mio-user_content\"><div class=\"mio-user_name\"><a href=\"https:\/\/www.mio.osupytheas.fr\/fr\/annuaire\/jean-luc-fuda\/\">Jean-luc Fuda<\/a><\/div><div class=\"mio-user_title\">ITA-Ingenieur Technicien Administratif<\/div><div class=\"mio-user_business_category\">OPLC-Oc\u00e9anographie Physique Littorale et C\u00f4ti\u00e8re<\/div><\/div><\/div><div class=\"mio-user\" data-title=\"PR\" data-business-category=\"OPLC\" data-nom=\"charles-antoine guerin\"><div class=\"mio-user_photo\"><a href=\"https:\/\/www.mio.osupytheas.fr\/fr\/annuaire\/charles-antoine-guerin\/\"><img decoding=\"async\" src=\"https:\/\/www.mio.osupytheas.fr\/wp-content\/uploads\/annuaire\/4403.jpg\" alt=\"Charles-antoine Guerin\"><\/a><\/div><div class=\"mio-user_content\"><div class=\"mio-user_name\"><a href=\"https:\/\/www.mio.osupytheas.fr\/fr\/annuaire\/charles-antoine-guerin\/\">Charles-antoine Guerin<\/a><\/div><div class=\"mio-user_title\">PR-Professeur<\/div><div class=\"mio-user_business_category\">OPLC-Oc\u00e9anographie Physique Littorale et C\u00f4ti\u00e8re<\/div><\/div><\/div><div class=\"mio-user\" data-title=\"MCF\" data-business-category=\"OPLC\" data-nom=\"olivier le calve\"><div class=\"mio-user_photo\"><a href=\"https:\/\/www.mio.osupytheas.fr\/fr\/annuaire\/olivier-le-calve\/\"><img decoding=\"async\" src=\"https:\/\/www.mio.osupytheas.fr\/wp-content\/uploads\/annuaire\/4292.jpg\" alt=\"Olivier Le Calve\"><\/a><\/div><div class=\"mio-user_content\"><div class=\"mio-user_name\"><a href=\"https:\/\/www.mio.osupytheas.fr\/fr\/annuaire\/olivier-le-calve\/\">Olivier Le Calve<\/a><\/div><div class=\"mio-user_title\">MCF-Maitre de Conferences<\/div><div class=\"mio-user_business_category\">OPLC-Oc\u00e9anographie Physique Littorale et C\u00f4ti\u00e8re<\/div><\/div><\/div><div class=\"mio-user\" data-title=\"ITA\" data-business-category=\"OPLC\" data-nom=\"tathy missamou\"><div class=\"mio-user_photo\"><a href=\"https:\/\/www.mio.osupytheas.fr\/fr\/annuaire\/tathy-missamou\/\"><img decoding=\"async\" src=\"https:\/\/www.mio.osupytheas.fr\/wp-content\/uploads\/annuaire\/4294.jpg\" alt=\"Tathy Missamou\"><\/a><\/div><div class=\"mio-user_content\"><div class=\"mio-user_name\"><a href=\"https:\/\/www.mio.osupytheas.fr\/fr\/annuaire\/tathy-missamou\/\">Tathy Missamou<\/a><\/div><div class=\"mio-user_title\">ITA-Ingenieur Technicien Administratif<\/div><div class=\"mio-user_business_category\">OPLC-Oc\u00e9anographie Physique Littorale et C\u00f4ti\u00e8re<\/div><\/div><\/div><div class=\"mio-user\" data-title=\"PR\" data-business-category=\"OPLC\" data-nom=\"anne molcard\"><div class=\"mio-user_photo\"><a href=\"https:\/\/www.mio.osupytheas.fr\/fr\/annuaire\/anne-molcard\/\"><img decoding=\"async\" src=\"https:\/\/www.mio.osupytheas.fr\/wp-content\/uploads\/annuaire\/4295.jpg\" alt=\"Anne Molcard\"><\/a><\/div><div class=\"mio-user_content\"><div class=\"mio-user_name\"><a href=\"https:\/\/www.mio.osupytheas.fr\/fr\/annuaire\/anne-molcard\/\">Anne Molcard<\/a><\/div><div class=\"mio-user_title\">PR-Professeur<\/div><div class=\"mio-user_business_category\">OPLC-Oc\u00e9anographie Physique Littorale et C\u00f4ti\u00e8re<\/div><\/div><\/div><div class=\"mio-user\" data-title=\"MCF\" data-business-category=\"OPLC\" data-nom=\"baptiste n\u00e9el\"><div class=\"mio-user_photo\"><a href=\"https:\/\/www.mio.osupytheas.fr\/fr\/annuaire\/baptiste-neel\/\"><img decoding=\"async\" src=\"https:\/\/www.mio.osupytheas.fr\/wp-content\/uploads\/annuaire\/12924.jpg\" alt=\"Baptiste N\u00e9el\"><\/a><\/div><div class=\"mio-user_content\"><div class=\"mio-user_name\"><a href=\"https:\/\/www.mio.osupytheas.fr\/fr\/annuaire\/baptiste-neel\/\">Baptiste N\u00e9el<\/a><\/div><div class=\"mio-user_title\">MCF-Maitre de Conferences<\/div><div class=\"mio-user_business_category\">OPLC-Oc\u00e9anographie Physique Littorale et C\u00f4ti\u00e8re<\/div><\/div><\/div><div class=\"mio-user\" data-title=\"MCF\" data-business-category=\"OPLC\" data-nom=\"yann ourmieres\"><div class=\"mio-user_photo\"><a href=\"https:\/\/www.mio.osupytheas.fr\/fr\/annuaire\/yann-ourmieres\/\"><img decoding=\"async\" src=\"https:\/\/www.mio.osupytheas.fr\/wp-content\/uploads\/annuaire\/4296.jpg\" alt=\"Yann Ourmieres\"><\/a><\/div><div class=\"mio-user_content\"><div class=\"mio-user_name\"><a href=\"https:\/\/www.mio.osupytheas.fr\/fr\/annuaire\/yann-ourmieres\/\">Yann Ourmieres<\/a><\/div><div class=\"mio-user_title\">MCF-Maitre de Conferences<\/div><div class=\"mio-user_business_category\">OPLC-Oc\u00e9anographie Physique Littorale et C\u00f4ti\u00e8re<\/div><\/div><\/div><div class=\"mio-user\" data-title=\"MCF\" data-business-category=\"OPLC\" data-nom=\"anne petrenko\"><div class=\"mio-user_photo\"><a href=\"https:\/\/www.mio.osupytheas.fr\/fr\/annuaire\/anne-petrenko\/\"><img decoding=\"async\" src=\"https:\/\/www.mio.osupytheas.fr\/wp-content\/uploads\/annuaire\/4088.jpg\" alt=\"Anne Petrenko\"><\/a><\/div><div class=\"mio-user_content\"><div class=\"mio-user_name\"><a href=\"https:\/\/www.mio.osupytheas.fr\/fr\/annuaire\/anne-petrenko\/\">Anne Petrenko<\/a><\/div><div class=\"mio-user_title\">MCF-Maitre de Conferences<\/div><div class=\"mio-user_business_category\">OPLC-Oc\u00e9anographie Physique Littorale et C\u00f4ti\u00e8re<\/div><\/div><\/div><div class=\"mio-user\" data-title=\"PR\" data-business-category=\"OPLC\" data-nom=\"jacques piazzola\"><div class=\"mio-user_photo\"><a href=\"https:\/\/www.mio.osupytheas.fr\/fr\/annuaire\/jacques-piazzola\/\"><img decoding=\"async\" src=\"https:\/\/www.mio.osupytheas.fr\/wp-content\/uploads\/annuaire\/4297.jpg\" alt=\"Jacques Piazzola\"><\/a><\/div><div class=\"mio-user_content\"><div class=\"mio-user_name\"><a href=\"https:\/\/www.mio.osupytheas.fr\/fr\/annuaire\/jacques-piazzola\/\">Jacques Piazzola<\/a><\/div><div class=\"mio-user_title\">PR-Professeur<\/div><div class=\"mio-user_business_category\">OPLC-Oc\u00e9anographie Physique Littorale et C\u00f4ti\u00e8re<\/div><\/div><\/div><div class=\"mio-user\" data-title=\"ITA\" data-business-category=\"OPLC\" data-nom=\"celine quentin\"><div class=\"mio-user_photo\"><a href=\"https:\/\/www.mio.osupytheas.fr\/fr\/annuaire\/celine-quentin\/\"><img decoding=\"async\" src=\"https:\/\/www.mio.osupytheas.fr\/wp-content\/uploads\/annuaire\/4299.jpg\" alt=\"Celine Quentin\"><\/a><\/div><div class=\"mio-user_content\"><div class=\"mio-user_name\"><a href=\"https:\/\/www.mio.osupytheas.fr\/fr\/annuaire\/celine-quentin\/\">Celine Quentin<\/a><\/div><div class=\"mio-user_title\">ITA-Ingenieur Technicien Administratif<\/div><div class=\"mio-user_business_category\">OPLC-Oc\u00e9anographie Physique Littorale et C\u00f4ti\u00e8re<\/div><\/div><\/div><div class=\"mio-user\" data-title=\"PR\" data-business-category=\"OPLC\" data-nom=\"vincent rey\"><div class=\"mio-user_photo\"><a href=\"https:\/\/www.mio.osupytheas.fr\/fr\/annuaire\/vincent-rey\/\"><img decoding=\"async\" src=\"https:\/\/www.mio.osupytheas.fr\/wp-content\/uploads\/annuaire\/4301.jpg\" alt=\"Vincent Rey\"><\/a><\/div><div class=\"mio-user_content\"><div class=\"mio-user_name\"><a href=\"https:\/\/www.mio.osupytheas.fr\/fr\/annuaire\/vincent-rey\/\">Vincent Rey<\/a><\/div><div class=\"mio-user_title\">PR-Professeur<\/div><div class=\"mio-user_business_category\">OPLC-Oc\u00e9anographie Physique Littorale et C\u00f4ti\u00e8re<\/div><\/div><\/div><div class=\"mio-user\" data-title=\"PD\" data-business-category=\"OPLC\" data-nom=\"kevin robache\"><div class=\"mio-user_photo\"><a href=\"https:\/\/www.mio.osupytheas.fr\/fr\/annuaire\/kevin-robache\/\"><img decoding=\"async\" src=\"https:\/\/www.mio.osupytheas.fr\/wp-content\/themes\/pymac\/assets\/img\/default-user.png\" alt=\"Kevin Robache\"><\/a><\/div><div class=\"mio-user_content\"><div class=\"mio-user_name\"><a href=\"https:\/\/www.mio.osupytheas.fr\/fr\/annuaire\/kevin-robache\/\">Kevin Robache<\/a><\/div><div class=\"mio-user_title\">PD-Post Doctorant<\/div><div class=\"mio-user_business_category\">OPLC-Oc\u00e9anographie Physique Littorale et C\u00f4ti\u00e8re<\/div><\/div><\/div><div class=\"mio-user\" data-title=\"PR\" data-business-category=\"OPLC\" data-nom=\"marc saillard\"><div class=\"mio-user_photo\"><a href=\"https:\/\/www.mio.osupytheas.fr\/fr\/annuaire\/marc-saillard\/\"><img decoding=\"async\" src=\"https:\/\/www.mio.osupytheas.fr\/wp-content\/uploads\/annuaire\/4302.jpg\" alt=\"Marc Saillard\"><\/a><\/div><div class=\"mio-user_content\"><div class=\"mio-user_name\"><a href=\"https:\/\/www.mio.osupytheas.fr\/fr\/annuaire\/marc-saillard\/\">Marc Saillard<\/a><\/div><div class=\"mio-user_title\">PR-Professeur<\/div><div class=\"mio-user_business_category\">OPLC-Oc\u00e9anographie Physique Littorale et C\u00f4ti\u00e8re<\/div><\/div><\/div><div class=\"mio-user\" data-title=\"MCF\" data-business-category=\"OPLC\" data-nom=\"damien sous\"><div class=\"mio-user_photo\"><a href=\"https:\/\/www.mio.osupytheas.fr\/fr\/annuaire\/damien-sous\/\"><img decoding=\"async\" src=\"https:\/\/www.mio.osupytheas.fr\/wp-content\/uploads\/annuaire\/4303.jpg\" alt=\"Damien Sous\"><\/a><\/div><div class=\"mio-user_content\"><div class=\"mio-user_name\"><a href=\"https:\/\/www.mio.osupytheas.fr\/fr\/annuaire\/damien-sous\/\">Damien Sous<\/a><\/div><div class=\"mio-user_title\">MCF-Maitre de Conferences<\/div><div class=\"mio-user_business_category\">OPLC-Oc\u00e9anographie Physique Littorale et C\u00f4ti\u00e8re<\/div><\/div><\/div><div class=\"mio-user\" data-title=\"CR\" data-business-category=\"OPLC\" data-nom=\"isabelle taupier-letage\"><div class=\"mio-user_photo\"><a href=\"https:\/\/www.mio.osupytheas.fr\/fr\/annuaire\/isabelle-taupier-letage\/\"><img decoding=\"async\" src=\"https:\/\/www.mio.osupytheas.fr\/wp-content\/uploads\/annuaire\/4125.jpg\" alt=\"Isabelle Taupier-Letage\"><\/a><\/div><div class=\"mio-user_content\"><div class=\"mio-user_name\"><a href=\"https:\/\/www.mio.osupytheas.fr\/fr\/annuaire\/isabelle-taupier-letage\/\">Isabelle Taupier-Letage<\/a><\/div><div class=\"mio-user_title\">CR-Charge de Recherche<\/div><div class=\"mio-user_business_category\">OPLC-Oc\u00e9anographie Physique Littorale et C\u00f4ti\u00e8re<\/div><\/div><\/div><div class=\"mio-user\" data-title=\"MCF\" data-business-category=\"OPLC\" data-nom=\"gilles tedeschi\"><div class=\"mio-user_photo\"><a href=\"https:\/\/www.mio.osupytheas.fr\/fr\/annuaire\/gilles-tedeschi\/\"><img decoding=\"async\" src=\"https:\/\/www.mio.osupytheas.fr\/wp-content\/uploads\/annuaire\/4304.jpg\" alt=\"Gilles Tedeschi\"><\/a><\/div><div class=\"mio-user_content\"><div class=\"mio-user_name\"><a href=\"https:\/\/www.mio.osupytheas.fr\/fr\/annuaire\/gilles-tedeschi\/\">Gilles Tedeschi<\/a><\/div><div class=\"mio-user_title\">MCF-Maitre de Conferences<\/div><div class=\"mio-user_business_category\">OPLC-Oc\u00e9anographie Physique Littorale et C\u00f4ti\u00e8re<\/div><\/div><\/div><div class=\"mio-user\" data-title=\"PR\" data-business-category=\"OPLC\" data-nom=\"bruno zakardjian\"><div class=\"mio-user_photo\"><a href=\"https:\/\/www.mio.osupytheas.fr\/fr\/annuaire\/bruno-zakardjian\/\"><img decoding=\"async\" src=\"https:\/\/www.mio.osupytheas.fr\/wp-content\/uploads\/annuaire\/4306.jpg\" alt=\"Bruno Zakardjian\"><\/a><\/div><div class=\"mio-user_content\"><div class=\"mio-user_name\"><a href=\"https:\/\/www.mio.osupytheas.fr\/fr\/annuaire\/bruno-zakardjian\/\">Bruno Zakardjian<\/a><\/div><div class=\"mio-user_title\">PR-Professeur<\/div><div class=\"mio-user_business_category\">OPLC-Oc\u00e9anographie Physique Littorale et C\u00f4ti\u00e8re<\/div><\/div><\/div><\/div><\/div>\t\t\t\t<\/div>\n\t\t\t\t<\/div>\n\t\t\t\t\t<\/div>\n\t\t\t\t<\/div>\n\t\t\t\t<\/div>\n\t\t","protected":false},"excerpt":{"rendered":"<p>Rechercher un membre du mio Choisissez un titre Maxime ArnaudDC-DoctorantOPLC-Oc\u00e9anographie Physique Littorale et C\u00f4ti\u00e8reCristhian AstoDC-DoctorantOPLC-Oc\u00e9anographie Physique Littorale et C\u00f4ti\u00e8reStephanie BarrillonCR-Charge de RechercheOPLC-Oc\u00e9anographie Physique Littorale et C\u00f4ti\u00e8reSa\u00efd BenjeddouATER-Attache Temporaire Enseignement RechercheOPLC-Oc\u00e9anographie [&hellip;]<\/p>\n","protected":false},"author":1,"featured_media":4489,"parent":0,"menu_order":0,"comment_status":"closed","ping_status":"closed","template":"","meta":{"_acf_changed":false,"footnotes":""},"class_list":["post-8331","page","type-page","status-publish","has-post-thumbnail","hentry"],"acf":[],"_links":{"self":[{"href":"https:\/\/www.mio.osupytheas.fr\/fr\/wp-json\/wp\/v2\/pages\/8331","targetHints":{"allow":["GET"]}}],"collection":[{"href":"https:\/\/www.mio.osupytheas.fr\/fr\/wp-json\/wp\/v2\/pages"}],"about":[{"href":"https:\/\/www.mio.osupytheas.fr\/fr\/wp-json\/wp\/v2\/types\/page"}],"author":[{"embeddable":true,"href":"https:\/\/www.mio.osupytheas.fr\/fr\/wp-json\/wp\/v2\/users\/1"}],"replies":[{"embeddable":true,"href":"https:\/\/www.mio.osupytheas.fr\/fr\/wp-json\/wp\/v2\/comments?post=8331"}],"version-history":[{"count":21,"href":"https:\/\/www.mio.osupytheas.fr\/fr\/wp-json\/wp\/v2\/pages\/8331\/revisions"}],"predecessor-version":[{"id":14774,"href":"https:\/\/www.mio.osupytheas.fr\/fr\/wp-json\/wp\/v2\/pages\/8331\/revisions\/14774"}],"wp:featuredmedia":[{"embeddable":true,"href":"https:\/\/www.mio.osupytheas.fr\/fr\/wp-json\/wp\/v2\/media\/4489"}],"wp:attachment":[{"href":"https:\/\/www.mio.osupytheas.fr\/fr\/wp-json\/wp\/v2\/media?parent=8331"}],"curies":[{"name":"wp","href":"https:\/\/api.w.org\/{rel}","templated":true}]}}