{"id":8734,"date":"2024-08-05T17:22:43","date_gmt":"2024-08-05T15:22:43","guid":{"rendered":"https:\/\/www.mio.osupytheas.fr\/?page_id=8734"},"modified":"2025-02-06T12:06:20","modified_gmt":"2025-02-06T11:06:20","slug":"ecologie-theorique-modelisation-analyse-de-donnees-ecomad","status":"publish","type":"page","link":"https:\/\/www.mio.osupytheas.fr\/fr\/recherche\/les-equipes-de-recherche\/ecologie-theorique-modelisation-analyse-de-donnees-ecomad\/","title":{"rendered":"ECOlogie Th\u00e9orique, Mod\u00e9lisation &#038; Analyse de Donn\u00e9es (ECOMAD)"},"content":{"rendered":"\t\t<div data-elementor-type=\"wp-page\" data-elementor-id=\"8734\" class=\"elementor elementor-8734\" data-elementor-post-type=\"page\">\n\t\t\t\t<div class=\"elementor-element elementor-element-2ce2260 e-flex e-con-boxed e-con e-parent\" data-id=\"2ce2260\" data-element_type=\"container\" data-e-type=\"container\" data-settings=\"{&quot;background_background&quot;:&quot;classic&quot;}\">\n\t\t\t\t\t<div class=\"e-con-inner\">\n\t\t<div class=\"elementor-element elementor-element-478385a e-flex e-con-boxed e-con e-child\" data-id=\"478385a\" data-element_type=\"container\" data-e-type=\"container\">\n\t\t\t\t\t<div class=\"e-con-inner\">\n\t\t\t\t<div class=\"elementor-element elementor-element-b3ad13b elementor-widget__width-initial elementor-widget elementor-widget-theme-post-title elementor-page-title elementor-widget-heading\" data-id=\"b3ad13b\" data-element_type=\"widget\" data-e-type=\"widget\" data-widget_type=\"theme-post-title.default\">\n\t\t\t\t<div class=\"elementor-widget-container\">\n\t\t\t\t\t<h1 class=\"elementor-heading-title elementor-size-default\">ECOlogie Th\u00e9orique, Mod\u00e9lisation &#038; Analyse de Donn\u00e9es (ECOMAD)<\/h1>\t\t\t\t<\/div>\n\t\t\t\t<\/div>\n\t\t\t\t<div class=\"elementor-element elementor-element-1a6cbdd elementor-widget__width-initial breadcrumb elementor-widget elementor-widget-shortcode\" data-id=\"1a6cbdd\" data-element_type=\"widget\" data-e-type=\"widget\" data-widget_type=\"shortcode.default\">\n\t\t\t\t<div class=\"elementor-widget-container\">\n\t\t\t\t\t\t\t<div class=\"elementor-shortcode\"><nav aria-label=\"breadcrumbs\">\n            <div class=\"breadcrumb-container theme1\">\n                <ol>\n                                    <\/ol>\n            <\/div>\n        <\/nav>    <script type=\"application\/ld+json\">\n        {\n            \"@context\": \"http:\/\/schema.org\",\n            \"@type\": \"BreadcrumbList\",\n            \"itemListElement\": [\n                            ]\n        }\n    <\/script>\n   \n    <script>\n            <\/script>\n <\/div>\n\t\t\t\t\t\t<\/div>\n\t\t\t\t<\/div>\n\t\t\t\t\t<\/div>\n\t\t\t\t<\/div>\n\t\t\t\t\t<\/div>\n\t\t\t\t<\/div>\n\t\t<div class=\"elementor-element elementor-element-28e80e2 e-flex e-con-boxed e-con e-parent\" data-id=\"28e80e2\" data-element_type=\"container\" data-e-type=\"container\">\n\t\t\t\t\t<div class=\"e-con-inner\">\n\t\t\t\t<div class=\"elementor-element elementor-element-30f3e3a elementor-widget elementor-widget-text-editor\" data-id=\"30f3e3a\" data-element_type=\"widget\" data-e-type=\"widget\" data-widget_type=\"text-editor.default\">\n\t\t\t\t<div class=\"elementor-widget-container\">\n\t\t\t\t\t\t\t\t\t<p>\u00a0<\/p><p class=\"rtejustify\" style=\"text-align: justify;\"><em><strong>Responsables<\/strong> : <a href=\"mailto:david.nerini@mio.osupytheas.fr\" target=\"_blank\" rel=\"noopener\">David Nerini<\/a> et <a href=\"mailto:severine.martini@mio.osupytheas.fr\" target=\"_blank\" rel=\"noopener\">S\u00e9verine Martini<\/a><\/em><\/p><p>\u00a0<\/p><p style=\"text-align: justify;\">L\u2019\u00e9quipe ECOMAD (ECOlogie Th\u00e9orique, Mod\u00e9lisation &amp; Analyse de Donn\u00e9es) a \u00e9merg\u00e9 de la volont\u00e9 de se focaliser sur l\u2019\u00e9tude interdisciplinaire des syst\u00e8mes oc\u00e9aniques, de l\u2019\u00e9chelle r\u00e9gionale \u00e0 celle globale, croisant les outils de l\u2019\u00e9cologie th\u00e9orique, l\u2019\u00e9cologie quantitative et ceux de la physique.<\/p><p class=\"rtejustify\" style=\"text-align: justify;\">Le projet de cette \u00e9quipe est articul\u00e9 autour de 3 ambitions :<\/p><ol style=\"text-align: justify;\"><li class=\"rtejustify\">Identification claire des activit\u00e9s de mod\u00e9lisation et d\u2019analyse de donn\u00e9es multi-\u00e9chelles en \u00e9cologie marine et oc\u00e9anographie au sein du MIO via le d\u00e9veloppement d\u2019outils, de m\u00e9thodes pouvant \u00eatre mis \u00e0 disposition de la communaut\u00e9 scientifique.<\/li><li class=\"rtejustify\">Compr\u00e9hension du fonctionnement des \u00e9cosyst\u00e8mes marins consid\u00e9r\u00e9s comme des syst\u00e8mes complexes et \u00e9tude de leur r\u00e9ponse structurelle et de leur fonctionnement face \u00e0 des perturbations endog\u00e8nes (variabilit\u00e9 naturelle) ou exog\u00e8nes (impacts anthropiques).<\/li><li class=\"rtejustify\">Augmentation de l\u2019attractivit\u00e9 nationale et internationale du MIO sur ces th\u00e9matiques de mod\u00e9lisation en \u00e9cologie tant du point de vue de l\u2019accueil de coll\u00e8gues, de futurs recrutements (ing\u00e9nieur, chercheur) que pour la formation en master et doctorat.<\/li><\/ol><p>\u00a0<\/p><p class=\"rtejustify\" style=\"text-align: justify;\">Dans un contexte national, un effort est mis sur la valorisation et l\u2019utilisation de donn\u00e9es historiques, ainsi que sur l\u2019acquisition de nouvelles donn\u00e9es assorties au d\u00e9veloppement de nouveaux capteurs, parfois automatis\u00e9s. L\u2019objectif est la n\u00e9cessit\u00e9 actuelle de tenter une orientation op\u00e9rationnelle des mod\u00e8les (calibration, validation), comme par exemple, dans le cadre du GIEC, l\u2019utilisation de mod\u00e8les de r\u00e9seaux trophiques pour pr\u00e9voir la dynamique d\u2019esp\u00e8ces cibles. La complexit\u00e9 et la richesse croissante des donn\u00e9es implique une adaptation des m\u00e9thodes de traitement de ces donn\u00e9es.<\/p><p class=\"rtejustify\" style=\"text-align: justify;\">Nos outils sont construits \u00e0 partir d\u2019approches de mod\u00e9lisation holistes int\u00e9gratives et sur une d\u00e9marche hypoth\u00e9tico-d\u00e9ductive fond\u00e9e sur le triptyque \u00ab Th\u00e9orie\/Exp\u00e9rimentations\/ Observations \u00bb permettant de coupler th\u00e9orie et exp\u00e9riences. Les chercheurs impliqu\u00e9s dans l\u2019\u00e9quipe interviennent \u00e0 diff\u00e9rents niveaux de ce triptyque, depuis le d\u00e9veloppement de mod\u00e8les en \u00e9cologie, par des approches de mod\u00e9lisation d\u00e9terministe ou stochastique, le d\u00e9veloppement de m\u00e9thodes d\u2019analyse de donn\u00e9es, jusqu\u2019\u00e0 l\u2019utilisation conjointe de diff\u00e9rentes donn\u00e9es issues d\u2019exp\u00e9rimentations, d\u2019observations ou de mod\u00e8les permettant de r\u00e9pondre \u00e0 des probl\u00e9matiques en biologie marine.<\/p>\t\t\t\t\t\t\t\t<\/div>\n\t\t\t\t<\/div>\n\t\t\t\t\t<\/div>\n\t\t\t\t<\/div>\n\t\t<div class=\"elementor-element elementor-element-38648b8 e-flex e-con-boxed e-con e-parent\" data-id=\"38648b8\" data-element_type=\"container\" data-e-type=\"container\">\n\t\t\t\t\t<div class=\"e-con-inner\">\n\t\t<div class=\"elementor-element elementor-element-b25dd79 e-con-full e-flex e-con e-child\" data-id=\"b25dd79\" data-element_type=\"container\" data-e-type=\"container\">\n\t\t\t\t<div class=\"elementor-element elementor-element-c1ab0d8 elementor-widget elementor-widget-text-editor\" data-id=\"c1ab0d8\" data-element_type=\"widget\" data-e-type=\"widget\" data-widget_type=\"text-editor.default\">\n\t\t\t\t<div class=\"elementor-widget-container\">\n\t\t\t\t\t\t\t\t\t<h4><a href=\"https:\/\/hal.science\/MIO-ECOMAD\/\" target=\"_blank\" rel=\"noopener\"><img decoding=\"async\" class=\"size-full wp-image-8114 aligncenter\" src=\"https:\/\/www.mio.osupytheas.fr\/wp-content\/uploads\/2024\/07\/large_logo_hal_tampon_rvb-bspline.png\" alt=\"HAL\" width=\"180\" height=\"180\" srcset=\"https:\/\/www.mio.osupytheas.fr\/wp-content\/uploads\/2024\/07\/large_logo_hal_tampon_rvb-bspline.png 180w, https:\/\/www.mio.osupytheas.fr\/wp-content\/uploads\/2024\/07\/large_logo_hal_tampon_rvb-bspline-150x150.png 150w, https:\/\/www.mio.osupytheas.fr\/wp-content\/uploads\/2024\/07\/large_logo_hal_tampon_rvb-bspline-12x12.png 12w\" sizes=\"(max-width: 180px) 100vw, 180px\" \/><\/a><\/h4><h4 style=\"text-align: center;\"><a href=\"https:\/\/hal.science\/MIO-ECOMAD\/\" target=\"_blank\" rel=\"noopener\">Voir les publications de l\u2019\u00e9quipe<\/a><\/h4>\t\t\t\t\t\t\t\t<\/div>\n\t\t\t\t<\/div>\n\t\t\t\t<\/div>\n\t\t<div class=\"elementor-element elementor-element-30030f6 e-con-full e-flex e-con e-child\" data-id=\"30030f6\" data-element_type=\"container\" data-e-type=\"container\">\n\t\t\t\t<div class=\"elementor-element elementor-element-8a3d0bc elementor-widget elementor-widget-image\" data-id=\"8a3d0bc\" data-element_type=\"widget\" data-e-type=\"widget\" data-widget_type=\"image.default\">\n\t\t\t\t<div class=\"elementor-widget-container\">\n\t\t\t\t\t\t\t\t\t\t\t\t\t\t\t\t<a href=\"https:\/\/www.mio.osupytheas.fr\/fr\/trombinoscope-de-lequipe-ecomad\/\" target=\"_blank\">\n\t\t\t\t\t\t\t<img fetchpriority=\"high\" decoding=\"async\" width=\"250\" height=\"250\" src=\"https:\/\/www.mio.osupytheas.fr\/wp-content\/uploads\/2024\/07\/logoannuaireequipesfr-250x250-1.jpg\" class=\"attachment-large size-large wp-image-8113\" alt=\"\" srcset=\"https:\/\/www.mio.osupytheas.fr\/wp-content\/uploads\/2024\/07\/logoannuaireequipesfr-250x250-1.jpg 250w, https:\/\/www.mio.osupytheas.fr\/wp-content\/uploads\/2024\/07\/logoannuaireequipesfr-250x250-1-150x150.jpg 150w, https:\/\/www.mio.osupytheas.fr\/wp-content\/uploads\/2024\/07\/logoannuaireequipesfr-250x250-1-12x12.jpg 12w\" sizes=\"(max-width: 250px) 100vw, 250px\" \/>\t\t\t\t\t\t\t\t<\/a>\n\t\t\t\t\t\t\t\t\t\t\t\t\t\t\t<\/div>\n\t\t\t\t<\/div>\n\t\t\t\t<\/div>\n\t\t\t\t\t<\/div>\n\t\t\t\t<\/div>\n\t\t<div class=\"elementor-element elementor-element-7606738 e-con-full e-flex e-con e-parent\" data-id=\"7606738\" data-element_type=\"container\" data-e-type=\"container\" data-settings=\"{&quot;background_background&quot;:&quot;classic&quot;}\">\n\t\t<div class=\"elementor-element elementor-element-c6f7fb4 e-flex e-con-boxed e-con e-child\" data-id=\"c6f7fb4\" data-element_type=\"container\" data-e-type=\"container\">\n\t\t\t\t\t<div class=\"e-con-inner\">\n\t\t<div class=\"elementor-element elementor-element-63fda9a e-con-full e-flex e-con e-child\" data-id=\"63fda9a\" data-element_type=\"container\" data-e-type=\"container\">\n\t\t\t\t<div class=\"elementor-element elementor-element-862e9f9 elementor-widget elementor-widget-image\" data-id=\"862e9f9\" data-element_type=\"widget\" data-e-type=\"widget\" data-widget_type=\"image.default\">\n\t\t\t\t<div class=\"elementor-widget-container\">\n\t\t\t\t\t\t\t\t\t\t\t\t\t\t\t<img decoding=\"async\" width=\"800\" height=\"572\" src=\"https:\/\/www.mio.osupytheas.fr\/wp-content\/uploads\/2024\/08\/ecomad.png\" class=\"attachment-large size-large wp-image-8739\" alt=\"\" srcset=\"https:\/\/www.mio.osupytheas.fr\/wp-content\/uploads\/2024\/08\/ecomad.png 918w, https:\/\/www.mio.osupytheas.fr\/wp-content\/uploads\/2024\/08\/ecomad-300x214.png 300w, https:\/\/www.mio.osupytheas.fr\/wp-content\/uploads\/2024\/08\/ecomad-768x549.png 768w, https:\/\/www.mio.osupytheas.fr\/wp-content\/uploads\/2024\/08\/ecomad-18x12.png 18w\" sizes=\"(max-width: 800px) 100vw, 800px\" \/>\t\t\t\t\t\t\t\t\t\t\t\t\t\t\t<\/div>\n\t\t\t\t<\/div>\n\t\t\t\t<\/div>\n\t\t\t\t\t<\/div>\n\t\t\t\t<\/div>\n\t\t\t\t<\/div>\n\t\t<div class=\"elementor-element elementor-element-58587fc e-con-full e-flex e-con e-parent\" data-id=\"58587fc\" data-element_type=\"container\" data-e-type=\"container\" data-settings=\"{&quot;background_background&quot;:&quot;classic&quot;}\">\n\t\t<div class=\"elementor-element elementor-element-c275a62 e-flex e-con-boxed e-con e-child\" data-id=\"c275a62\" data-element_type=\"container\" data-e-type=\"container\">\n\t\t\t\t\t<div class=\"e-con-inner\">\n\t\t<div class=\"elementor-element elementor-element-a88b6c6 e-con-full e-flex e-con e-child\" data-id=\"a88b6c6\" data-element_type=\"container\" data-e-type=\"container\">\n\t\t\t\t<div class=\"elementor-element elementor-element-9851cfe elementor-widget-mobile__width-initial elementor-widget elementor-widget-text-editor\" data-id=\"9851cfe\" data-element_type=\"widget\" data-e-type=\"widget\" data-widget_type=\"text-editor.default\">\n\t\t\t\t<div class=\"elementor-widget-container\">\n\t\t\t\t\t\t\t\t\t<h3 class=\"rtejustify\"><span style=\"color: #003366;\"><strong>Orientations scientifiques<\/strong><\/span><\/h3><h4 class=\"rtejustify\"><strong>Strat\u00e9gie partenariale<\/strong><\/h4><p class=\"rtejustify\"><strong>Acad\u00e9mique (\u00e9chelle locale, nationale, europ\u00e9enne, internationale)<\/strong><\/p><p class=\"rtejustify\">ECOMAD est pleinement int\u00e9gr\u00e9e dans des partenariats acad\u00e9miques \u00e0 l\u2019\u00e9chelle nationale via des financements ANR actuels (MANA, FORESEA) et de nouveaux projets ANR soumis, des financements LEFE, OFB, EC2CO, Instrumentation innovante transverse (CNRS-IIT), mission pour l\u2019interdisciplinarit\u00e9 (CNRS-MITI), PIA3- DeepSea\u2019nnovation ainsi qu\u2019\u00e0 l\u2019\u00e9chelle internationale (financements Copernicus, CNES, ESA, interreg), campagne oc\u00e9anographique (BIOSWOT, APERO).<\/p><p class=\"rtejustify\"><strong>Partenariats socio-\u00e9conomiques<\/strong><\/p><p class=\"rtejustify\">L\u2019\u00e9quipe est impliqu\u00e9e dans des partenariats avec des acteurs publics tels que l\u2019Agence de l\u2019eau (\u00e9tablir les impacts de la m\u00e9tropole Aix-Marseille sur la baie de Marseille par mod\u00e9lisation), le GIPREB (impacts \u00e9cosyst\u00e9miques sur l\u2019\u00e9tang de Berre), le parc national de Port-Cros (\u00e9tude de la dispersion larvaire d\u2019esp\u00e8ces phares). Ces membres sont experts dans des comit\u00e9s scientifiques (GIS Posidonie, \u2026) et membres de soci\u00e9t\u00e9s savantes (SFDS, SFBT,SMF, GDR,\u2026).<\/p>\t\t\t\t\t\t\t\t<\/div>\n\t\t\t\t<\/div>\n\t\t\t\t<\/div>\n\t\t\t\t\t<\/div>\n\t\t\t\t<\/div>\n\t\t\t\t<\/div>\n\t\t<div class=\"elementor-element elementor-element-ffe7ebe e-flex e-con-boxed e-con e-parent\" data-id=\"ffe7ebe\" data-element_type=\"container\" data-e-type=\"container\">\n\t\t\t\t\t<div class=\"e-con-inner\">\n\t\t\t\t<div class=\"elementor-element elementor-element-a83c7e0 elementor-widget elementor-widget-heading\" data-id=\"a83c7e0\" data-element_type=\"widget\" data-e-type=\"widget\" data-widget_type=\"heading.default\">\n\t\t\t\t<div class=\"elementor-widget-container\">\n\t\t\t\t\t<span class=\"elementor-heading-title elementor-size-default\">Partager sur :<\/span>\t\t\t\t<\/div>\n\t\t\t\t<\/div>\n\t\t\t\t<div class=\"elementor-element elementor-element-b644dfc elementor-share-buttons--view-icon elementor-share-buttons--shape-circle elementor-widget__width-auto elementor-share-buttons--skin-gradient elementor-grid-0 elementor-share-buttons--color-official elementor-widget elementor-widget-share-buttons\" data-id=\"b644dfc\" data-element_type=\"widget\" data-e-type=\"widget\" data-settings=\"{&quot;share_url&quot;:{&quot;url&quot;:&quot;&quot;,&quot;is_external&quot;:&quot;&quot;,&quot;nofollow&quot;:&quot;&quot;,&quot;custom_attributes&quot;:&quot;&quot;}}\" data-widget_type=\"share-buttons.default\">\n\t\t\t\t<div class=\"elementor-widget-container\">\n\t\t\t\t\t\t\t<div class=\"elementor-grid\" role=\"list\">\n\t\t\t\t\t\t\t\t<div class=\"elementor-grid-item\" role=\"listitem\">\n\t\t\t\t\t\t<div class=\"elementor-share-btn elementor-share-btn_facebook\" role=\"button\" tabindex=\"0\" aria-label=\"Partager sur facebook\">\n\t\t\t\t\t\t\t\t\t\t\t\t\t\t\t<span class=\"elementor-share-btn__icon\">\n\t\t\t\t\t\t\t\t<svg aria-hidden=\"true\" class=\"e-font-icon-svg e-fab-facebook\" viewBox=\"0 0 512 512\" xmlns=\"http:\/\/www.w3.org\/2000\/svg\"><path d=\"M504 256C504 119 393 8 256 8S8 119 8 256c0 123.78 90.69 226.38 209.25 245V327.69h-63V256h63v-54.64c0-62.15 37-96.48 93.67-96.48 27.14 0 55.52 4.84 55.52 4.84v61h-31.28c-30.8 0-40.41 19.12-40.41 38.73V256h68.78l-11 71.69h-57.78V501C413.31 482.38 504 379.78 504 256z\"><\/path><\/svg>\t\t\t\t\t\t\t<\/span>\n\t\t\t\t\t\t\t\t\t\t\t\t\t\t\t\t\t\t\t\t<\/div>\n\t\t\t\t\t<\/div>\n\t\t\t\t\t\t\t\t\t<div class=\"elementor-grid-item\" role=\"listitem\">\n\t\t\t\t\t\t<div class=\"elementor-share-btn elementor-share-btn_twitter\" role=\"button\" tabindex=\"0\" aria-label=\"Partager sur twitter\">\n\t\t\t\t\t\t\t\t\t\t\t\t\t\t\t<span class=\"elementor-share-btn__icon\">\n\t\t\t\t\t\t\t\t<svg aria-hidden=\"true\" class=\"e-font-icon-svg e-fab-twitter\" viewBox=\"0 0 512 512\" xmlns=\"http:\/\/www.w3.org\/2000\/svg\"><path d=\"M459.37 151.716c.325 4.548.325 9.097.325 13.645 0 138.72-105.583 298.558-298.558 298.558-59.452 0-114.68-17.219-161.137-47.106 8.447.974 16.568 1.299 25.34 1.299 49.055 0 94.213-16.568 130.274-44.832-46.132-.975-84.792-31.188-98.112-72.772 6.498.974 12.995 1.624 19.818 1.624 9.421 0 18.843-1.3 27.614-3.573-48.081-9.747-84.143-51.98-84.143-102.985v-1.299c13.969 7.797 30.214 12.67 47.431 13.319-28.264-18.843-46.781-51.005-46.781-87.391 0-19.492 5.197-37.36 14.294-52.954 51.655 63.675 129.3 105.258 216.365 109.807-1.624-7.797-2.599-15.918-2.599-24.04 0-57.828 46.782-104.934 104.934-104.934 30.213 0 57.502 12.67 76.67 33.137 23.715-4.548 46.456-13.32 66.599-25.34-7.798 24.366-24.366 44.833-46.132 57.827 21.117-2.273 41.584-8.122 60.426-16.243-14.292 20.791-32.161 39.308-52.628 54.253z\"><\/path><\/svg>\t\t\t\t\t\t\t<\/span>\n\t\t\t\t\t\t\t\t\t\t\t\t\t\t\t\t\t\t\t\t<\/div>\n\t\t\t\t\t<\/div>\n\t\t\t\t\t\t\t\t\t<div class=\"elementor-grid-item\" role=\"listitem\">\n\t\t\t\t\t\t<div class=\"elementor-share-btn elementor-share-btn_linkedin\" role=\"button\" tabindex=\"0\" aria-label=\"Partager sur linkedin\">\n\t\t\t\t\t\t\t\t\t\t\t\t\t\t\t<span class=\"elementor-share-btn__icon\">\n\t\t\t\t\t\t\t\t<svg aria-hidden=\"true\" class=\"e-font-icon-svg e-fab-linkedin\" viewBox=\"0 0 448 512\" xmlns=\"http:\/\/www.w3.org\/2000\/svg\"><path d=\"M416 32H31.9C14.3 32 0 46.5 0 64.3v383.4C0 465.5 14.3 480 31.9 480H416c17.6 0 32-14.5 32-32.3V64.3c0-17.8-14.4-32.3-32-32.3zM135.4 416H69V202.2h66.5V416zm-33.2-243c-21.3 0-38.5-17.3-38.5-38.5S80.9 96 102.2 96c21.2 0 38.5 17.3 38.5 38.5 0 21.3-17.2 38.5-38.5 38.5zm282.1 243h-66.4V312c0-24.8-.5-56.7-34.5-56.7-34.6 0-39.9 27-39.9 54.9V416h-66.4V202.2h63.7v29.2h.9c8.9-16.8 30.6-34.5 62.9-34.5 67.2 0 79.7 44.3 79.7 101.9V416z\"><\/path><\/svg>\t\t\t\t\t\t\t<\/span>\n\t\t\t\t\t\t\t\t\t\t\t\t\t\t\t\t\t\t\t\t<\/div>\n\t\t\t\t\t<\/div>\n\t\t\t\t\t\t\t\t\t<div class=\"elementor-grid-item\" role=\"listitem\">\n\t\t\t\t\t\t<div class=\"elementor-share-btn elementor-share-btn_whatsapp\" role=\"button\" tabindex=\"0\" aria-label=\"Partager sur whatsapp\">\n\t\t\t\t\t\t\t\t\t\t\t\t\t\t\t<span class=\"elementor-share-btn__icon\">\n\t\t\t\t\t\t\t\t<svg aria-hidden=\"true\" class=\"e-font-icon-svg e-fab-whatsapp\" viewBox=\"0 0 448 512\" xmlns=\"http:\/\/www.w3.org\/2000\/svg\"><path d=\"M380.9 97.1C339 55.1 283.2 32 223.9 32c-122.4 0-222 99.6-222 222 0 39.1 10.2 77.3 29.6 111L0 480l117.7-30.9c32.4 17.7 68.9 27 106.1 27h.1c122.3 0 224.1-99.6 224.1-222 0-59.3-25.2-115-67.1-157zm-157 341.6c-33.2 0-65.7-8.9-94-25.7l-6.7-4-69.8 18.3L72 359.2l-4.4-7c-18.5-29.4-28.2-63.3-28.2-98.2 0-101.7 82.8-184.5 184.6-184.5 49.3 0 95.6 19.2 130.4 54.1 34.8 34.9 56.2 81.2 56.1 130.5 0 101.8-84.9 184.6-186.6 184.6zm101.2-138.2c-5.5-2.8-32.8-16.2-37.9-18-5.1-1.9-8.8-2.8-12.5 2.8-3.7 5.6-14.3 18-17.6 21.8-3.2 3.7-6.5 4.2-12 1.4-32.6-16.3-54-29.1-75.5-66-5.7-9.8 5.7-9.1 16.3-30.3 1.8-3.7.9-6.9-.5-9.7-1.4-2.8-12.5-30.1-17.1-41.2-4.5-10.8-9.1-9.3-12.5-9.5-3.2-.2-6.9-.2-10.6-.2-3.7 0-9.7 1.4-14.8 6.9-5.1 5.6-19.4 19-19.4 46.3 0 27.3 19.9 53.7 22.6 57.4 2.8 3.7 39.1 59.7 94.8 83.8 35.2 15.2 49 16.5 66.6 13.9 10.7-1.6 32.8-13.4 37.4-26.4 4.6-13 4.6-24.1 3.2-26.4-1.3-2.5-5-3.9-10.5-6.6z\"><\/path><\/svg>\t\t\t\t\t\t\t<\/span>\n\t\t\t\t\t\t\t\t\t\t\t\t\t\t\t\t\t\t\t\t<\/div>\n\t\t\t\t\t<\/div>\n\t\t\t\t\t\t<\/div>\n\t\t\t\t\t\t<\/div>\n\t\t\t\t<\/div>\n\t\t\t\t\t<\/div>\n\t\t\t\t<\/div>\n\t\t\t\t<\/div>\n\t\t","protected":false},"excerpt":{"rendered":"<p>\u00a0Responsables : David Nerini et S\u00e9verine Martini\u00a0L\u2019\u00e9quipe ECOMAD (ECOlogie Th\u00e9orique, Mod\u00e9lisation &amp; Analyse de Donn\u00e9es) a \u00e9merg\u00e9 de la volont\u00e9 de se focaliser sur l\u2019\u00e9tude interdisciplinaire des syst\u00e8mes oc\u00e9aniques, de [&hellip;]<\/p>\n","protected":false},"author":1,"featured_media":4489,"parent":8239,"menu_order":4,"comment_status":"closed","ping_status":"closed","template":"","meta":{"_acf_changed":false,"footnotes":""},"class_list":["post-8734","page","type-page","status-publish","has-post-thumbnail","hentry"],"acf":[],"_links":{"self":[{"href":"https:\/\/www.mio.osupytheas.fr\/fr\/wp-json\/wp\/v2\/pages\/8734","targetHints":{"allow":["GET"]}}],"collection":[{"href":"https:\/\/www.mio.osupytheas.fr\/fr\/wp-json\/wp\/v2\/pages"}],"about":[{"href":"https:\/\/www.mio.osupytheas.fr\/fr\/wp-json\/wp\/v2\/types\/page"}],"author":[{"embeddable":true,"href":"https:\/\/www.mio.osupytheas.fr\/fr\/wp-json\/wp\/v2\/users\/1"}],"replies":[{"embeddable":true,"href":"https:\/\/www.mio.osupytheas.fr\/fr\/wp-json\/wp\/v2\/comments?post=8734"}],"version-history":[{"count":22,"href":"https:\/\/www.mio.osupytheas.fr\/fr\/wp-json\/wp\/v2\/pages\/8734\/revisions"}],"predecessor-version":[{"id":19248,"href":"https:\/\/www.mio.osupytheas.fr\/fr\/wp-json\/wp\/v2\/pages\/8734\/revisions\/19248"}],"up":[{"embeddable":true,"href":"https:\/\/www.mio.osupytheas.fr\/fr\/wp-json\/wp\/v2\/pages\/8239"}],"wp:featuredmedia":[{"embeddable":true,"href":"https:\/\/www.mio.osupytheas.fr\/fr\/wp-json\/wp\/v2\/media\/4489"}],"wp:attachment":[{"href":"https:\/\/www.mio.osupytheas.fr\/fr\/wp-json\/wp\/v2\/media?parent=8734"}],"curies":[{"name":"wp","href":"https:\/\/api.w.org\/{rel}","templated":true}]}}